{"id":10439,"date":"2024-11-11T08:53:25","date_gmt":"2024-11-11T08:53:25","guid":{"rendered":"https:\/\/ruumistruumi.ee\/?page_id=10439"},"modified":"2025-09-19T10:29:13","modified_gmt":"2025-09-19T10:29:13","slug":"koogimoobli-valmistamine-eritellimusel","status":"publish","type":"page","link":"https:\/\/blankpage.ee\/_ruumist-ruumi\/koogimoobli-valmistamine-eritellimusel\/","title":{"rendered":"K\u00f6\u00f6gim\u00f6\u00f6bli valmistamine eritellimusel"},"content":{"rendered":"","protected":false},"excerpt":{"rendered":"","protected":false},"author":1,"featured_media":0,"parent":0,"menu_order":0,"comment_status":"closed","ping_status":"closed","template":"templates\/page-static.php","meta":{"footnotes":""},"class_list":["post-10439","page","type-page","status-publish","hentry"],"_links":{"self":[{"href":"https:\/\/blankpage.ee\/_ruumist-ruumi\/wp-json\/wp\/v2\/pages\/10439","targetHints":{"allow":["GET"]}}],"collection":[{"href":"https:\/\/blankpage.ee\/_ruumist-ruumi\/wp-json\/wp\/v2\/pages"}],"about":[{"href":"https:\/\/blankpage.ee\/_ruumist-ruumi\/wp-json\/wp\/v2\/types\/page"}],"author":[{"embeddable":true,"href":"https:\/\/blankpage.ee\/_ruumist-ruumi\/wp-json\/wp\/v2\/users\/1"}],"replies":[{"embeddable":true,"href":"https:\/\/blankpage.ee\/_ruumist-ruumi\/wp-json\/wp\/v2\/comments?post=10439"}],"version-history":[{"count":48,"href":"https:\/\/blankpage.ee\/_ruumist-ruumi\/wp-json\/wp\/v2\/pages\/10439\/revisions"}],"predecessor-version":[{"id":12016,"href":"https:\/\/blankpage.ee\/_ruumist-ruumi\/wp-json\/wp\/v2\/pages\/10439\/revisions\/12016"}],"wp:attachment":[{"href":"https:\/\/blankpage.ee\/_ruumist-ruumi\/wp-json\/wp\/v2\/media?parent=10439"}],"curies":[{"name":"wp","href":"https:\/\/api.w.org\/{rel}","templated":true}]}}