{"id":105623,"date":"2025-01-01T00:00:00","date_gmt":"2025-01-01T00:00:00","guid":{"rendered":"https:\/\/ruumistruumi.ee\/?post_type=product&#038;p=105623"},"modified":"2025-08-21T08:21:46","modified_gmt":"2025-08-21T08:21:46","slug":"kuumaohufrituur-morphy-richards-480007-4l","status":"publish","type":"product","link":"https:\/\/blankpage.ee\/_ruumist-ruumi\/pood\/kuumaohufrituur-morphy-richards-480007-4l\/","title":{"rendered":"Kuuma\u00f5hufrit\u00fc\u00fcr Morphy Richards 480007, 4L"},"content":{"rendered":"<h3>Kuuma\u00f5hufrit\u00fc\u00fcr Morphy Richards 480007, 4L<\/h3>\n<p>Kr\u00f5bedad pealt ja pehmed seest friikartulid, maitsvad mahlased lihad ja k\u00f5ik ilma liigsete kaloriteta? Pole probleemi! Morphy Richardsi rasvavaba frit\u00fc\u00fcr, hoolimata oma kompaktsest suurusest, pakub suurt mahutavust ja k\u00fcpsetamise mitmek\u00fclgsust. Vaateaken ja k\u00e4sitsi reguleeritavad temperatuuri- ja ajaseaded teevad seadme mitmek\u00fclgseks t\u00f6\u00f6riistaks teie k\u00f6\u00f6gis. Morphy Richardsiga saate nautida oma lemmiktoite tervislikumas versioonis, kasutamata palju rasva.<\/p>\n<p><img loading=\"lazy\" decoding=\"async\" class=\"alignnone size-medium_large wp-image-111804\" src=\"https:\/\/blankpage.ee\/_ruumist-ruumi\/wp-content\/uploads\/2025\/01\/Morphy-Richards-480007-1-768x489.webp\" alt=\"Morphy Richards 480007\" width=\"768\" height=\"489\" srcset=\"https:\/\/blankpage.ee\/_ruumist-ruumi\/wp-content\/uploads\/2025\/01\/Morphy-Richards-480007-1-768x489.webp 768w, https:\/\/blankpage.ee\/_ruumist-ruumi\/wp-content\/uploads\/2025\/01\/Morphy-Richards-480007-1-300x191.webp 300w, https:\/\/blankpage.ee\/_ruumist-ruumi\/wp-content\/uploads\/2025\/01\/Morphy-Richards-480007-1-400x255.webp 400w, https:\/\/blankpage.ee\/_ruumist-ruumi\/wp-content\/uploads\/2025\/01\/Morphy-Richards-480007-1-922x587.webp 922w, https:\/\/blankpage.ee\/_ruumist-ruumi\/wp-content\/uploads\/2025\/01\/Morphy-Richards-480007-1-64x41.webp 64w, https:\/\/blankpage.ee\/_ruumist-ruumi\/wp-content\/uploads\/2025\/01\/Morphy-Richards-480007-1.webp 1000w\" sizes=\"auto, (max-width: 768px) 100vw, 768px\" \/><\/p>\n<h3>Kompaktne disain, suur mahutavus<\/h3>\n<p>See mudel on loodud v\u00f5tma k\u00f6\u00f6gitasapinnal v\u00e4hem ruumi, pakkudes samas suurt k\u00fcpsetusmahtu. Nii saate valmistada tervele perele t\u00e4isv\u00e4\u00e4rtuslikke toite, muretsemata piiratud k\u00f6\u00f6giruumi p\u00e4rast.<\/p>\n<p><img loading=\"lazy\" decoding=\"async\" class=\"alignnone size-medium_large wp-image-111805\" src=\"https:\/\/blankpage.ee\/_ruumist-ruumi\/wp-content\/uploads\/2025\/01\/Morphy-Richards-480007-2-768x489.webp\" alt=\"Morphy Richards 480007\" width=\"768\" height=\"489\" srcset=\"https:\/\/blankpage.ee\/_ruumist-ruumi\/wp-content\/uploads\/2025\/01\/Morphy-Richards-480007-2-768x489.webp 768w, https:\/\/blankpage.ee\/_ruumist-ruumi\/wp-content\/uploads\/2025\/01\/Morphy-Richards-480007-2-300x191.webp 300w, https:\/\/blankpage.ee\/_ruumist-ruumi\/wp-content\/uploads\/2025\/01\/Morphy-Richards-480007-2-400x255.webp 400w, https:\/\/blankpage.ee\/_ruumist-ruumi\/wp-content\/uploads\/2025\/01\/Morphy-Richards-480007-2-922x587.webp 922w, https:\/\/blankpage.ee\/_ruumist-ruumi\/wp-content\/uploads\/2025\/01\/Morphy-Richards-480007-2-64x41.webp 64w, https:\/\/blankpage.ee\/_ruumist-ruumi\/wp-content\/uploads\/2025\/01\/Morphy-Richards-480007-2.webp 1000w\" sizes=\"auto, (max-width: 768px) 100vw, 768px\" \/><\/p>\n<h3>K\u00fcpsetusprotsessi j\u00e4lgimine<\/h3>\n<p>Frit\u00fc\u00fcr on varustatud vaateaknaga, mis v\u00f5imaldab teil kontrollida k\u00fcpsetusprotsessi ilma seadet avamata. See praktiline lahendus v\u00f5imaldab teil saada t\u00e4iuslikult kr\u00f5bedaid friikartuleid ja muid toite, v\u00e4listades nende k\u00f5rvetamise riski. Piisab vaid pilgust, et n\u00e4ha, kas teie roog on pruunistunud just nii, nagu teile meeldib!<\/p>\n<p><img loading=\"lazy\" decoding=\"async\" class=\"alignnone size-medium_large wp-image-111803\" src=\"https:\/\/blankpage.ee\/_ruumist-ruumi\/wp-content\/uploads\/2025\/01\/Morphy-Richards-480007-8-768x489.webp\" alt=\"Morphy Richards 480007\" width=\"768\" height=\"489\" srcset=\"https:\/\/blankpage.ee\/_ruumist-ruumi\/wp-content\/uploads\/2025\/01\/Morphy-Richards-480007-8-768x489.webp 768w, https:\/\/blankpage.ee\/_ruumist-ruumi\/wp-content\/uploads\/2025\/01\/Morphy-Richards-480007-8-300x191.webp 300w, https:\/\/blankpage.ee\/_ruumist-ruumi\/wp-content\/uploads\/2025\/01\/Morphy-Richards-480007-8-400x255.webp 400w, https:\/\/blankpage.ee\/_ruumist-ruumi\/wp-content\/uploads\/2025\/01\/Morphy-Richards-480007-8-922x587.webp 922w, https:\/\/blankpage.ee\/_ruumist-ruumi\/wp-content\/uploads\/2025\/01\/Morphy-Richards-480007-8-64x41.webp 64w, https:\/\/blankpage.ee\/_ruumist-ruumi\/wp-content\/uploads\/2025\/01\/Morphy-Richards-480007-8.webp 1000w\" sizes=\"auto, (max-width: 768px) 100vw, 768px\" \/><\/p>\n<h3>K\u00e4sitsi seaded t\u00e4ielikuks kontrolliks<\/h3>\n<p>480007 pakub k\u00e4sitsi temperatuuri ja k\u00fcpsetusaja seadeid, mis v\u00f5imaldavad teil kohandada parameetreid vastavalt konkreetsele roale. Kas soovite praadida friikartuleid, grillida liha, k\u00fcpsetada kooke v\u00f5i valmistada k\u00f6\u00f6givilju, saate k\u00fcpsetusprotsessi t\u00e4pselt kontrollida, et saada soovitud tulemused.<\/p>\n<p><img loading=\"lazy\" decoding=\"async\" class=\"alignnone size-medium_large wp-image-111806\" src=\"https:\/\/blankpage.ee\/_ruumist-ruumi\/wp-content\/uploads\/2025\/01\/Morphy-Richards-480007-4-768x489.webp\" alt=\"Morphy Richards 480007\" width=\"768\" height=\"489\" srcset=\"https:\/\/blankpage.ee\/_ruumist-ruumi\/wp-content\/uploads\/2025\/01\/Morphy-Richards-480007-4-768x489.webp 768w, https:\/\/blankpage.ee\/_ruumist-ruumi\/wp-content\/uploads\/2025\/01\/Morphy-Richards-480007-4-300x191.webp 300w, https:\/\/blankpage.ee\/_ruumist-ruumi\/wp-content\/uploads\/2025\/01\/Morphy-Richards-480007-4-400x255.webp 400w, https:\/\/blankpage.ee\/_ruumist-ruumi\/wp-content\/uploads\/2025\/01\/Morphy-Richards-480007-4-922x587.webp 922w, https:\/\/blankpage.ee\/_ruumist-ruumi\/wp-content\/uploads\/2025\/01\/Morphy-Richards-480007-4-64x41.webp 64w, https:\/\/blankpage.ee\/_ruumist-ruumi\/wp-content\/uploads\/2025\/01\/Morphy-Richards-480007-4.webp 1000w\" sizes=\"auto, (max-width: 768px) 100vw, 768px\" \/><\/p>\n<div class=\"table-wrapper\">\n<h3><\/h3>\n<table>\n<tbody>\n<tr>\n<th>Tootja<\/th>\n<td>Morphy Richards<\/td>\n<\/tr>\n<tr>\n<th>Mudel:<\/th>\n<td>480007<\/td>\n<\/tr>\n<tr>\n<th>Vaateaken:<\/th>\n<td>Jah<\/td>\n<\/tr>\n<tr>\n<th>Seaded:<\/th>\n<td>K\u00e4sitsi temperatuuri ja aja seaded<\/td>\n<\/tr>\n<tr>\n<th>Funktsioonid:<\/th>\n<td>Prae-, grilli-, k\u00fcpsetus-, k\u00f6\u00f6giviljade k\u00fcpsetamine.<\/td>\n<\/tr>\n<\/tbody>\n<\/table>\n<\/div>\n","protected":false},"excerpt":{"rendered":"<p>Kuuma\u00f5hufrit\u00fc\u00fcr Morphy Richards 480007, 4L Kr\u00f5bedad pealt ja pehmed seest friikartulid, maitsvad mahlased lihad ja k\u00f5ik ilma liigsete kaloriteta? Pole probleemi! Morphy Richardsi rasvavaba frit\u00fc\u00fcr, hoolimata oma kompaktsest suurusest, pakub suurt mahutavust ja k\u00fcpsetamise mitmek\u00fclgsust. Vaateaken ja k\u00e4sitsi reguleeritavad temperatuuri- ja ajaseaded teevad seadme mitmek\u00fclgseks t\u00f6\u00f6riistaks teie k\u00f6\u00f6gis. Morphy Richardsiga saate nautida oma lemmiktoite tervislikumas [&hellip;]<\/p>\n","protected":false},"featured_media":105624,"comment_status":"open","ping_status":"closed","template":"","meta":[],"product_brand":[],"product_cat":[814],"product_tag":[],"class_list":{"0":"post-105623","1":"product","2":"type-product","3":"status-publish","4":"has-post-thumbnail","6":"product_cat-kuumaohufrituurid","7":"product_shipping_class-innpro","9":"first","10":"instock","11":"sale","12":"taxable","13":"shipping-taxable","14":"purchasable","15":"product-type-simple"},"_links":{"self":[{"href":"https:\/\/blankpage.ee\/_ruumist-ruumi\/wp-json\/wp\/v2\/product\/105623","targetHints":{"allow":["GET"]}}],"collection":[{"href":"https:\/\/blankpage.ee\/_ruumist-ruumi\/wp-json\/wp\/v2\/product"}],"about":[{"href":"https:\/\/blankpage.ee\/_ruumist-ruumi\/wp-json\/wp\/v2\/types\/product"}],"replies":[{"embeddable":true,"href":"https:\/\/blankpage.ee\/_ruumist-ruumi\/wp-json\/wp\/v2\/comments?post=105623"}],"wp:featuredmedia":[{"embeddable":true,"href":"https:\/\/blankpage.ee\/_ruumist-ruumi\/wp-json\/wp\/v2\/media\/105624"}],"wp:attachment":[{"href":"https:\/\/blankpage.ee\/_ruumist-ruumi\/wp-json\/wp\/v2\/media?parent=105623"}],"wp:term":[{"taxonomy":"product_brand","embeddable":true,"href":"https:\/\/blankpage.ee\/_ruumist-ruumi\/wp-json\/wp\/v2\/product_brand?post=105623"},{"taxonomy":"product_cat","embeddable":true,"href":"https:\/\/blankpage.ee\/_ruumist-ruumi\/wp-json\/wp\/v2\/product_cat?post=105623"},{"taxonomy":"product_tag","embeddable":true,"href":"https:\/\/blankpage.ee\/_ruumist-ruumi\/wp-json\/wp\/v2\/product_tag?post=105623"}],"curies":[{"name":"wp","href":"https:\/\/api.w.org\/{rel}","templated":true}]}}