{"id":11041,"date":"2024-11-26T10:40:37","date_gmt":"2024-11-26T10:40:37","guid":{"rendered":"https:\/\/ruumistruumi.ee\/?post_type=product&#038;p=11041"},"modified":"2024-11-26T11:25:26","modified_gmt":"2024-11-26T11:25:26","slug":"roosa-ummargune-lastetoa-vaip-hobuse-pildiga","status":"publish","type":"product","link":"https:\/\/blankpage.ee\/_ruumist-ruumi\/pood\/roosa-ummargune-lastetoa-vaip-hobuse-pildiga\/","title":{"rendered":"Roosa \u00fcmmargune lastetoa vaip hobuse pildiga"},"content":{"rendered":"<h3>Roosa \u00fcmmargune lastetoa vaip hobuse pildiga<\/h3>\n<p>Roosa \u00fcmmargune vaip toob igasse lastetuppa soojust ja m\u00e4ngulusti. Vaipa kaunistab armas hobusekujundus, mida t\u00e4iendavad lipurivi, t\u00e4hekesed ja r\u00f5\u00f5msameelsed toonid. Selline disain teeb vaiba omap\u00e4raseks ning loob ruumi s\u00f5braliku ja loova \u00f5hkkonna. Lastetoa vaip on masinvalmistatud 100% pol\u00fcprop\u00fcleenist \/ Frize\u00e9-st, pakkudes vastupidavust ja pehmust.<\/p>\n<p>Vaiba karva k\u00f5rgus on umbes 11 mm, mis teeb selle pehmeks puudutusele ja mist\u00f5ttu sobib see ideaalselt lastetuppa p\u00f5randal istumiseks ja m\u00e4ngimiseks. Kogukaal on umbes 2,15 kg\/m\u00b2, mis teeb vaiba tugevaks, kuid samas lihtsasti k\u00e4sitletavaks. P\u00f5hi on valmistatud d\u017euudist, tagades stabiilsuse ja pikendades kasutusiga. Servad on viimistletud \u00e4\u00e4ristusega, mis kaitseb vaipa hargnemise eest.<\/p>\n<p>See \u00fcmmargune lastetoa vaip sobib p\u00f5randak\u00fcttega ruumidesse, pakkudes mugavust ja soojust. T\u00e4nu \u00d6ko-Tex Standard 100 sertifikaadile on see testitud ja ohutu kasutada ka k\u00f5ige v\u00e4iksematele pereliikmetele. Vaiba tootmisel kasutatakse peegelpildis tootmisprotsessi, kus korraga valmistatakse kaks vaipa, mille mustrid on suunatud vastassuundadesse. Seet\u00f5ttu v\u00f5ib kujundus olla peegelpildis, millega tuleks tellimisel arvestada.<\/p>\n<p><strong>Toote omadused:<\/strong><\/p>\n<ul>\n<li>Vaip on masinvalmistatud 100% pol\u00fcprop\u00fcleenist \/ Frize\u00e9-st.<\/li>\n<li>Kogukaal on umbes 2,15 kg\/m\u00b2.<\/li>\n<li>Vaiba karva k\u00f5rgus on umbes 11 mm.<\/li>\n<li>P\u00f5hi on valmistatud d\u017euudist, mis tagab vastupidavuse.<\/li>\n<li>Servad viimistletud \u00e4\u00e4ristusega, mis kaitseb vaipa hargnemise eest.<\/li>\n<li>Vaip sobib p\u00f5randak\u00fcttega ruumidesse.<\/li>\n<li>Vaip on v\u00e4ga pehme puudutusele.<\/li>\n<li>Lihtne hooldada ja vastupidav igap\u00e4evasele kasutusele.<\/li>\n<li>Testitud kahjulike ainete suhtes ja sertifitseeritud \u00d6ko-Tex Standard 100 alusel.<\/li>\n<li>Toodetud kahes suunas (peegelpildis).<\/li>\n<li>M\u00f5\u00f5dud v\u00f5ivad erineda +\/- 2 cm.<\/li>\n<\/ul>\n","protected":false},"excerpt":{"rendered":"<p>Roosa \u00fcmmargune lastetoa vaip hobuse pildiga Roosa \u00fcmmargune vaip toob igasse lastetuppa soojust ja m\u00e4ngulusti. Vaipa kaunistab armas hobusekujundus, mida t\u00e4iendavad lipurivi, t\u00e4hekesed ja r\u00f5\u00f5msameelsed toonid. Selline disain teeb vaiba omap\u00e4raseks ning loob ruumi s\u00f5braliku ja loova \u00f5hkkonna. Lastetoa vaip on masinvalmistatud 100% pol\u00fcprop\u00fcleenist \/ Frize\u00e9-st, pakkudes vastupidavust ja pehmust. Vaiba karva k\u00f5rgus on umbes [&hellip;]<\/p>\n","protected":false},"featured_media":11043,"comment_status":"open","ping_status":"closed","template":"","meta":[],"product_brand":[],"product_cat":[797],"product_tag":[],"class_list":{"0":"post-11041","1":"product","2":"type-product","3":"status-publish","4":"has-post-thumbnail","6":"product_cat-lastetoa-vaibad","7":"product_shipping_class-innpro","8":"pa_kollektsioon-anime","9":"pa_materjal-100-polupropuleen","10":"pa_vaiba-suurus--120-cm","11":"pa_vaiba-suurus--160-cm","12":"pa_varv-roosa","14":"first","15":"instock","16":"taxable","17":"shipping-taxable","18":"purchasable","19":"product-type-variable"},"_links":{"self":[{"href":"https:\/\/blankpage.ee\/_ruumist-ruumi\/wp-json\/wp\/v2\/product\/11041","targetHints":{"allow":["GET"]}}],"collection":[{"href":"https:\/\/blankpage.ee\/_ruumist-ruumi\/wp-json\/wp\/v2\/product"}],"about":[{"href":"https:\/\/blankpage.ee\/_ruumist-ruumi\/wp-json\/wp\/v2\/types\/product"}],"replies":[{"embeddable":true,"href":"https:\/\/blankpage.ee\/_ruumist-ruumi\/wp-json\/wp\/v2\/comments?post=11041"}],"wp:featuredmedia":[{"embeddable":true,"href":"https:\/\/blankpage.ee\/_ruumist-ruumi\/wp-json\/wp\/v2\/media\/11043"}],"wp:attachment":[{"href":"https:\/\/blankpage.ee\/_ruumist-ruumi\/wp-json\/wp\/v2\/media?parent=11041"}],"wp:term":[{"taxonomy":"product_brand","embeddable":true,"href":"https:\/\/blankpage.ee\/_ruumist-ruumi\/wp-json\/wp\/v2\/product_brand?post=11041"},{"taxonomy":"product_cat","embeddable":true,"href":"https:\/\/blankpage.ee\/_ruumist-ruumi\/wp-json\/wp\/v2\/product_cat?post=11041"},{"taxonomy":"product_tag","embeddable":true,"href":"https:\/\/blankpage.ee\/_ruumist-ruumi\/wp-json\/wp\/v2\/product_tag?post=11041"}],"curies":[{"name":"wp","href":"https:\/\/api.w.org\/{rel}","templated":true}]}}