{"id":11054,"date":"2024-11-26T11:28:50","date_gmt":"2024-11-26T11:28:50","guid":{"rendered":"https:\/\/ruumistruumi.ee\/?post_type=product&#038;p=11054"},"modified":"2024-11-26T11:41:32","modified_gmt":"2024-11-26T11:41:32","slug":"roosa-lastetoa-vaip-hobuse-pildiga","status":"publish","type":"product","link":"https:\/\/blankpage.ee\/_ruumist-ruumi\/pood\/roosa-lastetoa-vaip-hobuse-pildiga\/","title":{"rendered":"Roosa lastetoa vaip hobuse pildiga"},"content":{"rendered":"<h3>Roosa lastetoa vaip hobuse pildiga<\/h3>\n<p>See armas roosa lastevaip toob igasse lastetuppa m\u00e4ngulise ja hubase atmosf\u00e4\u00e4ri. Vaipa kaunistab r\u00f5\u00f5msameelne hobusekujundus koos t\u00e4htede ja lipuriviga, mis loovad s\u00f5braliku ning loomingulise \u00f5hkkonna. Vaip on masinvalmistatud 100% pol\u00fcprop\u00fcleenist \/ Frize\u00e9-st, pakkudes vastupidavust ja praktilisust.<\/p>\n<p>Vaiba karva k\u00f5rgus on umbes 11 mm, mis teeb selle pehmeks puudutusele ja mist\u00f5ttu sobib see ideaalselt lastetuppa p\u00f5randal istumiseks ja m\u00e4ngimiseks. Kogukaal on umbes 2,15 kg\/m\u00b2, andes vaibale piisava tugevuse, et see p\u00fcsiks paigal. Roosa lastetoa vaiba p\u00f5hi on valmistatud d\u017euudist, mis tagab stabiilsuse ja pikendab kasutusiga. Servad on viimistletud \u00e4\u00e4ristusega, mis hoiab \u00e4ra hargnemise ja annab vaibale puhta viimistluse.<\/p>\n<p>Vaip sobib suurep\u00e4raselt p\u00f5randak\u00fcttega ruumidesse, pakkudes soojust ja mugavust igal aastaajal. T\u00e4nu \u00d6ko-Tex Standard 100 sertifikaadile on vaip testitud kahjulike ainete suhtes, olles ohutu ja turvaline ka pere pisimatele. Vaiba tootmisel kasutatakse peegelpildis valmistamise protsessi, mille k\u00e4igus valmistatakse kaks vaipa, mille mustrid on vastassuunalised \u2013 see on tootmisprotsessi erip\u00e4ra, millega tuleks tellimisel arvestada.<\/p>\n<p><strong>Toote omadused:<\/strong><\/p>\n<ul>\n<li>Vaip on masinvalmistatud 100% pol\u00fcprop\u00fcleenist \/ Frize\u00e9-st.<\/li>\n<li>Kogukaal on umbes 2,15 kg\/m\u00b2.<\/li>\n<li>Vaiba karva k\u00f5rgus on umbes 11 mm.<\/li>\n<li>P\u00f5hi on valmistatud d\u017euudist, mis tagab vastupidavuse.<\/li>\n<li>Servad viimistletud \u00e4\u00e4ristusega, mis kaitseb vaipa hargnemise eest.<\/li>\n<li>Vaip sobib p\u00f5randak\u00fcttega ruumidesse.<\/li>\n<li>Vaip on v\u00e4ga pehme puudutusele.<\/li>\n<li>Lihtne hooldada ja vastupidav igap\u00e4evasele kasutusele.<\/li>\n<li>Testitud kahjulike ainete suhtes ja sertifitseeritud \u00d6ko-Tex Standard 100 alusel.<\/li>\n<li>Toodetud kahes suunas (kujundus v\u00f5ib olla peegelpildis).<\/li>\n<li>M\u00f5\u00f5dud v\u00f5ivad erineda +\/- 2 cm.<\/li>\n<\/ul>\n","protected":false},"excerpt":{"rendered":"<p>Roosa lastetoa vaip hobuse pildiga See armas roosa lastevaip toob igasse lastetuppa m\u00e4ngulise ja hubase atmosf\u00e4\u00e4ri. Vaipa kaunistab r\u00f5\u00f5msameelne hobusekujundus koos t\u00e4htede ja lipuriviga, mis loovad s\u00f5braliku ning loomingulise \u00f5hkkonna. Vaip on masinvalmistatud 100% pol\u00fcprop\u00fcleenist \/ Frize\u00e9-st, pakkudes vastupidavust ja praktilisust. Vaiba karva k\u00f5rgus on umbes 11 mm, mis teeb selle pehmeks puudutusele ja mist\u00f5ttu [&hellip;]<\/p>\n","protected":false},"featured_media":11057,"comment_status":"open","ping_status":"closed","template":"","meta":[],"product_brand":[],"product_cat":[797],"product_tag":[],"class_list":{"0":"post-11054","1":"product","2":"type-product","3":"status-publish","4":"has-post-thumbnail","6":"product_cat-lastetoa-vaibad","7":"product_shipping_class-innpro","8":"pa_kollektsioon-anime","9":"pa_materjal-100-polupropuleen","10":"pa_vaiba-suurus-80-x-150-cm","11":"pa_vaiba-suurus-120-x-160-cm","12":"pa_vaiba-suurus-140-x-200-cm","13":"pa_vaiba-suurus-160-x-230-cm","14":"pa_vaiba-suurus-190-x-280-cm","15":"pa_varv-roosa","17":"first","18":"instock","19":"taxable","20":"shipping-taxable","21":"purchasable","22":"product-type-variable"},"_links":{"self":[{"href":"https:\/\/blankpage.ee\/_ruumist-ruumi\/wp-json\/wp\/v2\/product\/11054","targetHints":{"allow":["GET"]}}],"collection":[{"href":"https:\/\/blankpage.ee\/_ruumist-ruumi\/wp-json\/wp\/v2\/product"}],"about":[{"href":"https:\/\/blankpage.ee\/_ruumist-ruumi\/wp-json\/wp\/v2\/types\/product"}],"replies":[{"embeddable":true,"href":"https:\/\/blankpage.ee\/_ruumist-ruumi\/wp-json\/wp\/v2\/comments?post=11054"}],"wp:featuredmedia":[{"embeddable":true,"href":"https:\/\/blankpage.ee\/_ruumist-ruumi\/wp-json\/wp\/v2\/media\/11057"}],"wp:attachment":[{"href":"https:\/\/blankpage.ee\/_ruumist-ruumi\/wp-json\/wp\/v2\/media?parent=11054"}],"wp:term":[{"taxonomy":"product_brand","embeddable":true,"href":"https:\/\/blankpage.ee\/_ruumist-ruumi\/wp-json\/wp\/v2\/product_brand?post=11054"},{"taxonomy":"product_cat","embeddable":true,"href":"https:\/\/blankpage.ee\/_ruumist-ruumi\/wp-json\/wp\/v2\/product_cat?post=11054"},{"taxonomy":"product_tag","embeddable":true,"href":"https:\/\/blankpage.ee\/_ruumist-ruumi\/wp-json\/wp\/v2\/product_tag?post=11054"}],"curies":[{"name":"wp","href":"https:\/\/api.w.org\/{rel}","templated":true}]}}