{"id":11067,"date":"2024-11-26T11:44:40","date_gmt":"2024-11-26T11:44:40","guid":{"rendered":"https:\/\/ruumistruumi.ee\/?post_type=product&#038;p=11067"},"modified":"2024-11-26T11:56:33","modified_gmt":"2024-11-26T11:56:33","slug":"hall-ummargune-printsessi-vaip-lastetuppa","status":"publish","type":"product","link":"https:\/\/blankpage.ee\/_ruumist-ruumi\/pood\/hall-ummargune-printsessi-vaip-lastetuppa\/","title":{"rendered":"Hall \u00fcmmargune printsessi vaip lastetuppa"},"content":{"rendered":"<h3>Hall \u00fcmmargune printsessi vaip lastetuppa<\/h3>\n<p>\u00dcmmargune printsessi vaip lastetuppa toob hubasust ja r\u00f5\u00f5mu. Vaipa kaunistab detailne printsessimotiiv koos t\u00e4htede ja lumememme disainiga, mis teeb vaiba omap\u00e4raseks ja sobivaks igale v\u00e4ikesele fantaasialembesele lapsele. Vaip on masinvalmistatud 100% pol\u00fcprop\u00fcleenist \/ Frize\u00e9-st, pakkudes vastupidavust ja praktilisust.<\/p>\n<p>Vaiba karva k\u00f5rgus on umbes 11 mm, mis teeb selle pehmeks puudutusele ja mugavaks p\u00f5randal istumiseks ning m\u00e4ngimiseks. Kogukaal on umbes 2,15 kg\/m\u00b2, mis annab vaibale piisava tugevuse, et see p\u00fcsiks kindlalt paigal. Printsessi vaiba p\u00f5hi on valmistatud d\u017euudist, mis tagab stabiilsuse ja pikendab kasutusiga. \u00dcmmarguse vaiba servad on viimistletud \u00e4\u00e4ristusega, mis kaitseb vaipa hargnemise eest ja lisab sellele esteetilise viimistluse.<\/p>\n<p>Vaip sobib suurep\u00e4raselt p\u00f5randak\u00fcttega ruumidesse, pakkudes soojust ja mugavust igal aastaajal. T\u00e4nu \u00d6ko-Tex Standard 100 sertifikaadile on vaip testitud kahjulike ainete suhtes, olles turvaline ja ohutu ka pere pisimatele. Vaiba tootmisel kasutatakse peegelpildis valmistamise protsessi, kus korraga valmistatakse kaks vaipa, mille mustrid on vastassuunalised \u2013 see on tootmisprotsessi erip\u00e4ra, millega tuleks tellimisel arvestada.<\/p>\n<p>M\u00f5\u00f5tude puhul tasub t\u00e4hele panna, et need v\u00f5ivad erineda +\/- 2 cm.<\/p>\n<p><strong>Toote omadused:<\/strong><\/p>\n<ul>\n<li>Vaip on masinvalmistatud 100% pol\u00fcprop\u00fcleenist \/ Frize\u00e9-st.<\/li>\n<li>Kogukaal on umbes 2,15 kg\/m\u00b2.<\/li>\n<li>Vaiba karva k\u00f5rgus on umbes 11 mm.<\/li>\n<li>P\u00f5hi on valmistatud d\u017euudist, mis tagab vastupidavuse.<\/li>\n<li>Servad viimistletud \u00e4\u00e4ristusega, mis kaitseb vaipa hargnemise eest.<\/li>\n<li>Vaip sobib p\u00f5randak\u00fcttega ruumidesse.<\/li>\n<li>Vaip on v\u00e4ga pehme puudutusele.<\/li>\n<li>Lihtne hooldada ja vastupidav igap\u00e4evasele kasutusele.<\/li>\n<li>Testitud kahjulike ainete suhtes ja sertifitseeritud \u00d6ko-Tex Standard 100 alusel.<\/li>\n<li>Toodetud kahes suunas (kujundus v\u00f5ib olla peegelpildis).<\/li>\n<li>M\u00f5\u00f5dud v\u00f5ivad erineda +\/- 2 cm.<\/li>\n<\/ul>\n","protected":false},"excerpt":{"rendered":"<p>Hall \u00fcmmargune printsessi vaip lastetuppa \u00dcmmargune printsessi vaip lastetuppa toob hubasust ja r\u00f5\u00f5mu. Vaipa kaunistab detailne printsessimotiiv koos t\u00e4htede ja lumememme disainiga, mis teeb vaiba omap\u00e4raseks ja sobivaks igale v\u00e4ikesele fantaasialembesele lapsele. Vaip on masinvalmistatud 100% pol\u00fcprop\u00fcleenist \/ Frize\u00e9-st, pakkudes vastupidavust ja praktilisust. Vaiba karva k\u00f5rgus on umbes 11 mm, mis teeb selle pehmeks puudutusele [&hellip;]<\/p>\n","protected":false},"featured_media":11070,"comment_status":"open","ping_status":"closed","template":"","meta":[],"product_brand":[],"product_cat":[797],"product_tag":[],"class_list":{"0":"post-11067","1":"product","2":"type-product","3":"status-publish","4":"has-post-thumbnail","6":"product_cat-lastetoa-vaibad","7":"product_shipping_class-innpro","8":"pa_kollektsioon-anime","9":"pa_materjal-100-polupropuleen","10":"pa_vaiba-suurus--120-cm","11":"pa_vaiba-suurus--160-cm","12":"pa_varv-hall","14":"first","15":"instock","16":"taxable","17":"shipping-taxable","18":"purchasable","19":"product-type-variable"},"_links":{"self":[{"href":"https:\/\/blankpage.ee\/_ruumist-ruumi\/wp-json\/wp\/v2\/product\/11067","targetHints":{"allow":["GET"]}}],"collection":[{"href":"https:\/\/blankpage.ee\/_ruumist-ruumi\/wp-json\/wp\/v2\/product"}],"about":[{"href":"https:\/\/blankpage.ee\/_ruumist-ruumi\/wp-json\/wp\/v2\/types\/product"}],"replies":[{"embeddable":true,"href":"https:\/\/blankpage.ee\/_ruumist-ruumi\/wp-json\/wp\/v2\/comments?post=11067"}],"wp:featuredmedia":[{"embeddable":true,"href":"https:\/\/blankpage.ee\/_ruumist-ruumi\/wp-json\/wp\/v2\/media\/11070"}],"wp:attachment":[{"href":"https:\/\/blankpage.ee\/_ruumist-ruumi\/wp-json\/wp\/v2\/media?parent=11067"}],"wp:term":[{"taxonomy":"product_brand","embeddable":true,"href":"https:\/\/blankpage.ee\/_ruumist-ruumi\/wp-json\/wp\/v2\/product_brand?post=11067"},{"taxonomy":"product_cat","embeddable":true,"href":"https:\/\/blankpage.ee\/_ruumist-ruumi\/wp-json\/wp\/v2\/product_cat?post=11067"},{"taxonomy":"product_tag","embeddable":true,"href":"https:\/\/blankpage.ee\/_ruumist-ruumi\/wp-json\/wp\/v2\/product_tag?post=11067"}],"curies":[{"name":"wp","href":"https:\/\/api.w.org\/{rel}","templated":true}]}}