{"id":110811,"date":"2025-02-17T09:46:38","date_gmt":"2025-02-17T09:46:38","guid":{"rendered":"https:\/\/ruumistruumi.ee\/pood\/jesse-nagi-naturaalne-kummipuu\/"},"modified":"2025-08-20T21:46:20","modified_gmt":"2025-08-20T21:46:20","slug":"jesse-nagi-naturaalne-kummipuu","status":"publish","type":"product","link":"https:\/\/blankpage.ee\/_ruumist-ruumi\/pood\/jesse-nagi-naturaalne-kummipuu\/","title":{"rendered":"Jesse nagi, naturaalne kummipuu"},"content":{"rendered":"<h2>Jesse nagi, naturaalne kummipuu<\/h2>\n<p><strong>Jesse nagi<\/strong> on stiilne ja praktiline valik igasse esikusse, aidates hoida korras mantlid, joped ja muud riideesemed. Minimalistlik disain ja naturaalne kummipuu viimistlus lisavad ruumile soojust ning elegantsi, muutes selle m\u00f6\u00f6blieseme mitte ainult funktsionaalseks, vaid ka visuaalselt silmapaistvaks.<\/p>\n<h3>Minimalistlik ning vastupidav disain<\/h3>\n<p>Valmistatud kvaliteetsest kummipuust, on see nagi stabiilne ja vastupidav. Pealispind on kaetud lakiga, mis annab sellele kauni viimistluse ning h\u00f5lbustab puhastamist. T\u00e4nu oma kompaktsetele m\u00f5\u00f5tmetele (<strong>51 cm lai, 45 cm s\u00fcgav ja 176 cm k\u00f5rge<\/strong>) sobitub see suurep\u00e4raselt ka v\u00e4iksematesse ruumidesse, pakkudes samas piisavalt hoiustamisruumi.<\/p>\n<h3>Stiilne aktsent igas interj\u00f6\u00f6ris<\/h3>\n<p>Naturaalse puidu viimistlus ja ajatu disain teevad <strong>Jesse nagist<\/strong> suurep\u00e4rase t\u00e4ienduse nii modernsetele kui ka klassikalistele kodudele. Selle neutraalne v\u00e4limus sulandub harmooniliselt igasse interj\u00f6\u00f6ri, pakkudes elegantset ja praktilist hoiulahendust.<\/p>\n<h3>Lihtne hooldus ja kokkupanek<\/h3>\n<p>Jesse nagi on loodud mugavust silmas pidades \u2013 lakitud pind ei kogu liigselt mustust ning seda on lihtne puhastada. T\u00e4nu <strong>lihtsale kokkupandavale konstruktsioonile<\/strong> saab selle m\u00f5ne hetkega kasutusvalmis seada. Toode on kaetud kaheaastase garantiiga, mis tagab kindlustunde selle vastupidavuses.<\/p>\n<h4>Toote omadused:<\/h4>\n<ul>\n<li>Minimalistlik ja elegantne nagi<\/li>\n<li>Valmistatud kummipuust, lakitud viimistlus<\/li>\n<li>M\u00f5\u00f5dud: 51 cm x 45 cm x 176 cm<\/li>\n<li>Lihtne puhastada ja hooldada<\/li>\n<li>Mugav kokkupandav konstruktsioon<\/li>\n<li>Kandev\u00f5ime: 1,5 kg<\/li>\n<li>2-aastane garantii<\/li>\n<\/ul>\n<p>Kaunista oma esikut v\u00f5i garderoobi <strong>Jesse nagiga<\/strong> ning loo stiilne ja korrastatud ruum!<\/p>\n<div class=\"desc-attributes\"><strong>Laius<\/strong>: 51 cm<br \/>\n<strong>K\u00f5rgus<\/strong>: 176 cm<br \/>\n<strong>S\u00fcgavus<\/strong>: 45 cm<br \/>\n<strong>Kandev\u00f5ime<\/strong>: 1.5 kg<br \/>\n<strong>Tootet\u00fc\u00fcp<\/strong>: Riidenagi ja -hoidik<br \/>\n<strong>Valik<\/strong>: Jesse<br \/>\n<strong>V\u00e4rvus<\/strong>: Naturaalne<br \/>\n<strong>Jalgade v\u00e4rvus<\/strong>: Kummipuu<br \/>\n<strong>Materjal<\/strong>: Puit<br \/>\n<strong>Raami materjal<\/strong>: Kummipuu<br \/>\n<strong>Kokkupanek<\/strong>: Osadena tarnitav, vajab kokkupanekut<br \/>\n<strong>Garantii<\/strong>: 2 aastat<\/div>\n","protected":false},"excerpt":{"rendered":"<p>Jesse nagi, naturaalne kummipuu Jesse nagi on stiilne ja praktiline valik igasse esikusse, aidates hoida korras mantlid, joped ja muud riideesemed. Minimalistlik disain ja naturaalne kummipuu viimistlus lisavad ruumile soojust ning elegantsi, muutes selle m\u00f6\u00f6blieseme mitte ainult funktsionaalseks, vaid ka visuaalselt silmapaistvaks. Minimalistlik ning vastupidav disain Valmistatud kvaliteetsest kummipuust, on see nagi stabiilne ja vastupidav. [&hellip;]<\/p>\n","protected":false},"featured_media":110812,"comment_status":"open","ping_status":"open","template":"","meta":[],"product_brand":[],"product_cat":[267],"product_tag":[],"class_list":{"0":"post-110811","1":"product","2":"type-product","3":"status-publish","4":"has-post-thumbnail","6":"product_cat-riidenagid","7":"product_shipping_class-furnicher","8":"pa_kollektsioon-jesse","9":"pa_peamine-materjal-puit","10":"pa_varv-naturaalne","12":"first","13":"outofstock","14":"sale","15":"taxable","16":"shipping-taxable","17":"purchasable","18":"product-type-simple"},"_links":{"self":[{"href":"https:\/\/blankpage.ee\/_ruumist-ruumi\/wp-json\/wp\/v2\/product\/110811","targetHints":{"allow":["GET"]}}],"collection":[{"href":"https:\/\/blankpage.ee\/_ruumist-ruumi\/wp-json\/wp\/v2\/product"}],"about":[{"href":"https:\/\/blankpage.ee\/_ruumist-ruumi\/wp-json\/wp\/v2\/types\/product"}],"replies":[{"embeddable":true,"href":"https:\/\/blankpage.ee\/_ruumist-ruumi\/wp-json\/wp\/v2\/comments?post=110811"}],"wp:featuredmedia":[{"embeddable":true,"href":"https:\/\/blankpage.ee\/_ruumist-ruumi\/wp-json\/wp\/v2\/media\/110812"}],"wp:attachment":[{"href":"https:\/\/blankpage.ee\/_ruumist-ruumi\/wp-json\/wp\/v2\/media?parent=110811"}],"wp:term":[{"taxonomy":"product_brand","embeddable":true,"href":"https:\/\/blankpage.ee\/_ruumist-ruumi\/wp-json\/wp\/v2\/product_brand?post=110811"},{"taxonomy":"product_cat","embeddable":true,"href":"https:\/\/blankpage.ee\/_ruumist-ruumi\/wp-json\/wp\/v2\/product_cat?post=110811"},{"taxonomy":"product_tag","embeddable":true,"href":"https:\/\/blankpage.ee\/_ruumist-ruumi\/wp-json\/wp\/v2\/product_tag?post=110811"}],"curies":[{"name":"wp","href":"https:\/\/api.w.org\/{rel}","templated":true}]}}