{"id":111321,"date":"2025-02-17T09:47:35","date_gmt":"2025-02-17T09:47:35","guid":{"rendered":"https:\/\/ruumistruumi.ee\/pood\/indra-2-osaline-hoiukorvide-komplekt-pruun-mererohi\/"},"modified":"2025-08-20T21:44:12","modified_gmt":"2025-08-20T21:44:12","slug":"indra-2-osaline-hoiukorvide-komplekt-pruun-mererohi","status":"publish","type":"product","link":"https:\/\/blankpage.ee\/_ruumist-ruumi\/pood\/indra-2-osaline-hoiukorvide-komplekt-pruun-mererohi\/","title":{"rendered":"Indra 2-osaline hoiukorvide komplekt, pruun mererohi"},"content":{"rendered":"<h2>Indra 2-osaline hoiukorvide komplekt, pruun mererohi<\/h2>\n<p><strong>Indra hoiukorvide komplekt<\/strong> on ideaalne lahendus, kui soovid oma kodu korras hoida ja samal ajal stiilset sisekujundusdetaili lisada. Need kaunid ja praktilised hoiukorvid on valmistatud vastupidavast mererohust, mis annab neile naturaalse ja maal\u00e4hedase ilme. T\u00e4nu neutraalsele pruuni toonile sobivad need suurep\u00e4raselt igasse interj\u00f6\u00f6ri.<\/p>\n<h3>Funktsionaalne ja stiilne disain<\/h3>\n<p>Korvide nutikas disain \u00fchendab endas nii ilu kui ka praktilisuse. T\u00e4nu tugevale ehitusele s\u00e4ilitavad need oma kuju isegi siis, kui neid igap\u00e4evaselt kasutad. Kasutajas\u00f5bralikud sangad muudavad vajaduse korral nende teisaldamise lihtsaks. Hoia k\u00f5ik vajaminevad asjad k\u00e4eulatuses ja organiseeritult \u2013 olgu selleks pleedid, riided, m\u00e4nguasjad v\u00f5i ajakirjad.<\/p>\n<h3>Mitmek\u00fclgne kasutusv\u00f5imalus<\/h3>\n<p>Selle kaheosalise komplekti abil saad oma kodus targalt ruumi planeerida. Kasuta neid elutoas ajakirjade hoidmiseks, vannitoas r\u00e4tikute jaoks v\u00f5i k\u00f6\u00f6gis kuivaineid organiseerides. Samuti sobivad need suurep\u00e4raselt lastetoas m\u00e4nguasjade hoiustamiseks, aidates samal ajal korrastada ka kiiret igap\u00e4evaelu. T\u00e4nu oma kompaktsusele mahuvad need h\u00f5lpsasti ka v\u00e4iksematesse ruumidesse.<\/p>\n<h3>Peamised omadused<\/h3>\n<ul>\n<li><strong>Kvaliteetne ja vastupidav mererohi<\/strong> \u2013 loodusl\u00e4hedane ning kauakestev materjal<\/li>\n<li><strong>Ergonoomilised sangad<\/strong> \u2013 lihtne transportida \u00fchest ruumist teise<\/li>\n<li><strong>Kaasaegne, neutraalne disain<\/strong> \u2013 sobib igasse koju<\/li>\n<li><strong>Ruumikas ja praktiline<\/strong> \u2013 ideaalne hoiustamislahendus erinevatele esemetele<\/li>\n<li><strong>Kasutusvalmis<\/strong> \u2013 toode ei vaja kokkupanekut<\/li>\n<\/ul>\n<p>Indra hoiukorvide komplekt \u00fchendab endas naturaalse ilu ja praktilisuse, pakkudes mugavat ning stiilset lahendust kodus asjade organiseerimiseks.<\/p>\n<div class=\"desc-attributes\"><strong>S\u00fcgavus<\/strong>: &#8217;20-24 cm&#8217; in Estonian is: 20\u201324 cm<br \/>\n<strong>Tootet\u00fc\u00fcp<\/strong>: Panipaigakorv<br \/>\n<strong>Valik<\/strong>: Indra<br \/>\n<strong>V\u00e4rvus<\/strong>: Pruun<br \/>\n<strong>Materjal<\/strong>: Cane<br \/>\n<strong>Kokkupanek<\/strong>: Tarnitakse kokkupanduna<\/div>\n","protected":false},"excerpt":{"rendered":"<p>Indra 2-osaline hoiukorvide komplekt, pruun mererohi Indra hoiukorvide komplekt on ideaalne lahendus, kui soovid oma kodu korras hoida ja samal ajal stiilset sisekujundusdetaili lisada. Need kaunid ja praktilised hoiukorvid on valmistatud vastupidavast mererohust, mis annab neile naturaalse ja maal\u00e4hedase ilme. T\u00e4nu neutraalsele pruuni toonile sobivad need suurep\u00e4raselt igasse interj\u00f6\u00f6ri. Funktsionaalne ja stiilne disain Korvide nutikas [&hellip;]<\/p>\n","protected":false},"featured_media":111322,"comment_status":"open","ping_status":"open","template":"","meta":[],"product_brand":[],"product_cat":[1543],"product_tag":[],"class_list":{"0":"post-111321","1":"product","2":"type-product","3":"status-publish","4":"has-post-thumbnail","6":"product_cat-hoiukastid-ja-hoiukorvid","7":"product_shipping_class-furnicher","8":"pa_kollektsioon-indra","9":"pa_peamine-materjal-cane","10":"pa_varv-pruun","12":"first","13":"onbackorder","14":"sale","15":"taxable","16":"shipping-taxable","17":"purchasable","18":"product-type-simple"},"_links":{"self":[{"href":"https:\/\/blankpage.ee\/_ruumist-ruumi\/wp-json\/wp\/v2\/product\/111321","targetHints":{"allow":["GET"]}}],"collection":[{"href":"https:\/\/blankpage.ee\/_ruumist-ruumi\/wp-json\/wp\/v2\/product"}],"about":[{"href":"https:\/\/blankpage.ee\/_ruumist-ruumi\/wp-json\/wp\/v2\/types\/product"}],"replies":[{"embeddable":true,"href":"https:\/\/blankpage.ee\/_ruumist-ruumi\/wp-json\/wp\/v2\/comments?post=111321"}],"wp:featuredmedia":[{"embeddable":true,"href":"https:\/\/blankpage.ee\/_ruumist-ruumi\/wp-json\/wp\/v2\/media\/111322"}],"wp:attachment":[{"href":"https:\/\/blankpage.ee\/_ruumist-ruumi\/wp-json\/wp\/v2\/media?parent=111321"}],"wp:term":[{"taxonomy":"product_brand","embeddable":true,"href":"https:\/\/blankpage.ee\/_ruumist-ruumi\/wp-json\/wp\/v2\/product_brand?post=111321"},{"taxonomy":"product_cat","embeddable":true,"href":"https:\/\/blankpage.ee\/_ruumist-ruumi\/wp-json\/wp\/v2\/product_cat?post=111321"},{"taxonomy":"product_tag","embeddable":true,"href":"https:\/\/blankpage.ee\/_ruumist-ruumi\/wp-json\/wp\/v2\/product_tag?post=111321"}],"curies":[{"name":"wp","href":"https:\/\/api.w.org\/{rel}","templated":true}]}}