{"id":111326,"date":"2025-02-17T09:47:35","date_gmt":"2025-02-17T09:47:35","guid":{"rendered":"https:\/\/ruumistruumi.ee\/pood\/valentina-korvide-komplekt-2-tk-veehuatsindist\/"},"modified":"2025-08-20T21:44:14","modified_gmt":"2025-08-20T21:44:14","slug":"valentina-korvide-komplekt-2-tk-veehuatsindist","status":"publish","type":"product","link":"https:\/\/blankpage.ee\/_ruumist-ruumi\/pood\/valentina-korvide-komplekt-2-tk-veehuatsindist\/","title":{"rendered":"Valentina korvide komplekt, 2 tk, veeh\u00fcatsindist"},"content":{"rendered":"<h2>Valentina korvide komplekt \u2013 stiilne ja praktiline hoiustamislahendus<\/h2>\n<p><strong>Valentina korvide komplekt<\/strong> on suurep\u00e4rane lisandus iga kodu sisustusse, pakkudes nii silmapaistvat disaini kui ka praktilisust. Korvide looduslik toon sobib ideaalselt igasse ruumi, muutes need mitmek\u00fclgseks ja ajatuks hoiustamislahenduseks.<\/p>\n<h3>Funktsionaalne ja kvaliteetne disain<\/h3>\n<p>Need vastupidavad ja ruumikad hoiukorvid on valmistatud kvaliteetsest veeh\u00fcatsindist, tagades kerge, kuid tugeva konstruktsiooni. T\u00e4nu nende praktilisele kujundusele saab neid h\u00f5lpsalt \u00fchest toast teise liigutada, v\u00f5imaldades lihtsat ja organiseeritud hoiustamist.<\/p>\n<h3>Paljude kasutusv\u00f5imalustega korvid<\/h3>\n<p><strong>Valentina korvide komplekt<\/strong> sobib t\u00e4iuslikult magamistuppa, elutuppa, vannituppa v\u00f5i k\u00f6\u00f6ki. Need on suurep\u00e4rased tekide, riiete, m\u00e4nguasjade ja muude esemete hoiustamiseks, aidates hoida kodu korras ja stiilsena.<\/p>\n<h3>Peamised omadused<\/h3>\n<ul>\n<li><strong>Vastupidav ja avar disain<\/strong> \u2013 ideaalne igap\u00e4evaseks hoiustamiseks<\/li>\n<li><strong>Looduslik, neutraalne v\u00e4rv<\/strong> \u2013 sobib suurep\u00e4raselt igasse interj\u00f6\u00f6ri<\/li>\n<li><strong>Kerge ja mugav liigutada<\/strong> \u2013 praktiline lahendus igap\u00e4evaseks kasutamiseks<\/li>\n<li><strong>Ideaalne erinevate esemete hoiustamiseks<\/strong> \u2013 tekid, riided, m\u00e4nguasjad ja palju muud<\/li>\n<li><strong>Mitmek\u00fclgne kasutusv\u00f5imalus<\/strong> \u2013 ideaalne magamistuppa, elutuppa, vannituppa v\u00f5i k\u00f6\u00f6ki<\/li>\n<\/ul>\n<p>Kui otsid stiilset ja praktilist viisi kodu korrastamiseks, on <strong>Valentina korvide komplekt<\/strong> suurep\u00e4rane valik. Hoia oma kodu organiseerituna ja lisa sellele loodusl\u00e4hedast ilu!<\/p>\n<div class=\"desc-attributes\"><strong>S\u00fcgavus<\/strong>: &#8217;20-24 cm&#8217; in Estonian is: 20\u201324 cm<br \/>\n<strong>Tootet\u00fc\u00fcp<\/strong>: Panipaigakorv<br \/>\n<strong>Valik<\/strong>: Valentina<br \/>\n<strong>V\u00e4rvus<\/strong>: Naturaalne<br \/>\n<strong>Materjal<\/strong>: Cane<br \/>\n<strong>Kokkupanek<\/strong>: Tarnitakse kokkupanduna<br \/>\n<strong>Garantii<\/strong>: 2 aastat<\/div>\n","protected":false},"excerpt":{"rendered":"<p>Valentina korvide komplekt \u2013 stiilne ja praktiline hoiustamislahendus Valentina korvide komplekt on suurep\u00e4rane lisandus iga kodu sisustusse, pakkudes nii silmapaistvat disaini kui ka praktilisust. Korvide looduslik toon sobib ideaalselt igasse ruumi, muutes need mitmek\u00fclgseks ja ajatuks hoiustamislahenduseks. Funktsionaalne ja kvaliteetne disain Need vastupidavad ja ruumikad hoiukorvid on valmistatud kvaliteetsest veeh\u00fcatsindist, tagades kerge, kuid tugeva konstruktsiooni. [&hellip;]<\/p>\n","protected":false},"featured_media":111327,"comment_status":"open","ping_status":"open","template":"","meta":[],"product_brand":[],"product_cat":[1543],"product_tag":[],"class_list":{"0":"post-111326","1":"product","2":"type-product","3":"status-publish","4":"has-post-thumbnail","6":"product_cat-hoiukastid-ja-hoiukorvid","7":"product_shipping_class-furnicher","8":"pa_kollektsioon-valentina","9":"pa_peamine-materjal-cane","10":"pa_varv-naturaalne","12":"first","13":"instock","14":"sale","15":"taxable","16":"shipping-taxable","17":"purchasable","18":"product-type-simple"},"_links":{"self":[{"href":"https:\/\/blankpage.ee\/_ruumist-ruumi\/wp-json\/wp\/v2\/product\/111326","targetHints":{"allow":["GET"]}}],"collection":[{"href":"https:\/\/blankpage.ee\/_ruumist-ruumi\/wp-json\/wp\/v2\/product"}],"about":[{"href":"https:\/\/blankpage.ee\/_ruumist-ruumi\/wp-json\/wp\/v2\/types\/product"}],"replies":[{"embeddable":true,"href":"https:\/\/blankpage.ee\/_ruumist-ruumi\/wp-json\/wp\/v2\/comments?post=111326"}],"wp:featuredmedia":[{"embeddable":true,"href":"https:\/\/blankpage.ee\/_ruumist-ruumi\/wp-json\/wp\/v2\/media\/111327"}],"wp:attachment":[{"href":"https:\/\/blankpage.ee\/_ruumist-ruumi\/wp-json\/wp\/v2\/media?parent=111326"}],"wp:term":[{"taxonomy":"product_brand","embeddable":true,"href":"https:\/\/blankpage.ee\/_ruumist-ruumi\/wp-json\/wp\/v2\/product_brand?post=111326"},{"taxonomy":"product_cat","embeddable":true,"href":"https:\/\/blankpage.ee\/_ruumist-ruumi\/wp-json\/wp\/v2\/product_cat?post=111326"},{"taxonomy":"product_tag","embeddable":true,"href":"https:\/\/blankpage.ee\/_ruumist-ruumi\/wp-json\/wp\/v2\/product_tag?post=111326"}],"curies":[{"name":"wp","href":"https:\/\/api.w.org\/{rel}","templated":true}]}}