{"id":111391,"date":"2025-04-19T21:00:54","date_gmt":"2025-04-19T21:00:54","guid":{"rendered":"https:\/\/ruumistruumi.ee\/?post_type=product&#038;p=111391"},"modified":"2025-08-21T08:18:26","modified_gmt":"2025-08-21T08:18:26","slug":"nutikas-lemmiklooma-toidudosaator-kaameraga-petoneer-nutrivue-pf008-26-l-roostevabast-terasest-kauss-wi-fi","status":"publish","type":"product","link":"https:\/\/blankpage.ee\/_ruumist-ruumi\/pood\/nutikas-lemmiklooma-toidudosaator-kaameraga-petoneer-nutrivue-pf008-26-l-roostevabast-terasest-kauss-wi-fi\/","title":{"rendered":"Nutikas lemmiklooma toidudosaator kaameraga Petoneer NutriVue PF008 (2,6 l, roostevabast terasest kauss, Wi-Fi)"},"content":{"rendered":"<h3>Nutikas lemmiklooma toidudosaator kaameraga Petoneer NutriVue PF008 (2,6 l, roostevabast terasest kauss, Wi-Fi)<\/h3>\n<p>Nutikas lemmiklooma toidudosaator Petoneer NutriVue on innovaatiline ja mugav lahendus kasside ning v\u00e4ikeste koerte toitmiseks. 2,6-liitrine mahuti tagab kuiva toidu s\u00e4ilimise ja k\u00e4ttesaadavuse kuni 10\u201315 p\u00e4evaks, v\u00f5imaldades rahulikult tegeleda igap\u00e4evaste toimetustega v\u00f5i minna l\u00fchiajaliselt kodust \u00e4ra, ilma et peaksid lemmiku p\u00e4rast muretsema.<\/p>\n<p><img decoding=\"async\" src=\"https:\/\/blankpage.ee\/_ruumist-ruumi\/wp-content\/uploads\/2025\/04\/1-631.webp\" alt=\"Petoneer NutriVue nutikas lemmiklooma toidudosaator, t\u00e4idetud kauss, vaade eest\"\/><\/p>\n<h3>T\u00e4pne portsjonite jagamine ja toitumisharjumuste j\u00e4lgimine<\/h3>\n<p>Petoneeri mobiilirakenduse kaudu saad m\u00e4\u00e4rata toiduportsjonite suuruse ning jagada kindlad s\u00f6\u00f6tmisajad. App v\u00f5imaldab j\u00e4lgida s\u00f6\u00f6tmiste ajalugu ning kujundada tervislikke toitumisharjumusi, mis toetavad lemmiku heaolu.<\/p>\n<p><img decoding=\"async\" src=\"https:\/\/blankpage.ee\/_ruumist-ruumi\/wp-content\/uploads\/2025\/04\/9-148.webp\" alt=\"Toiduportsjoni seadistamine Petoneeri mobiilirakenduses\"\/><\/p>\n<h3>H\u00fcgieeniline ja turvaline toidu s\u00e4ilitamine<\/h3>\n<p>Dosaatoril on 360\u00b0 silikoonr\u00f5ngas ja kuivatusaine hoidik, mis hoiavad toidu alati v\u00e4rskena ning kaitsevad seda niiskuse ja \u00f5hu eest. L\u00e4bipaistev mahuti v\u00f5imaldab alati kiiresti hinnata toidukogust ning nutikad sensorid annavad rakenduses teada, kui nutikas lemmiklooma toidudosaator vajab t\u00e4itmist.<\/p>\n<p><img decoding=\"async\" src=\"https:\/\/blankpage.ee\/_ruumist-ruumi\/wp-content\/uploads\/2025\/04\/3-583.webp\" alt=\"Kuiva lemmikloomatoidu v\u00e4rske s\u00e4ilitamine Petoneer NutriVue mahutis\"\/><\/p>\n<h3>1080p kaamera ja kaugj\u00e4lgimine \u2013 hoia silm peal ka eemalt<\/h3>\n<p>Sisseehitatud k\u00f5rglahutusega kaamera lubab j\u00e4lgida ja salvestada lemmiklooma k\u00e4itumist reaalajas \u2013 kvaliteetne pilt on tagatud ka pimedas, t\u00e4nu \u00f6\u00f6re\u017eiimile. Lai objektiivinurk katab kogu s\u00f6\u00f6gikoha. Petoneeri rakenduses saad salvestada ning jagada videosid, kasutada kahesuunalist heli ja m\u00e4ngida ette isiklikke kutsungihelisid, mis kutsuvad lemmiku s\u00f6\u00f6ma.<\/p>\n<p><img decoding=\"async\" src=\"https:\/\/blankpage.ee\/_ruumist-ruumi\/wp-content\/uploads\/2025\/04\/7-379.webp\" alt=\"Nutika toidudosaatori kaamera otsevaade lemmiku s\u00f6\u00f6gikohale\"\/><\/p>\n<h3>Salvesta hetked ning jaga s\u00f5pradega<\/h3>\n<p>Toetab microSD kaarte kuni 256 GB \u2013 salvestatud pildid ja videod on rakenduses mugavalt k\u00e4ttesaadavad ja jagatavad. Sisseehitatud videot\u00f6\u00f6tlus teeb armsamad hetked lihtsalt jagatavaks.<\/p>\n<p><img decoding=\"async\" src=\"https:\/\/blankpage.ee\/_ruumist-ruumi\/wp-content\/uploads\/2025\/04\/8-204.webp\" alt=\"Lemmiklooma fotod ja videod Petoneeri rakenduses\"\/><\/p>\n<h3>Lihtne hooldada ja vastupidav konstruktsioon<\/h3>\n<p>Dosaator on h\u00f5lpsasti lahtiv\u00f5etav ja puhastatav. Vastupidav ABS-plastikust korpus ning roostevabast terasest kauss, mis sobib ka n\u00f5udepesumasinasse, tagavad pikaajalise ja h\u00fcgieenilise kasutuse. Libisemiskindlad jalad hoiavad seadet kindlalt paigal, tihedalt suletav v\u00e4ljund kaitseb toitu putukate ja liigse \u00f5hu eest.<\/p>\n<p><img decoding=\"async\" src=\"https:\/\/blankpage.ee\/_ruumist-ruumi\/wp-content\/uploads\/2025\/04\/4-554.webp\" alt=\"Roostevabast terasest kauss ja eemaldatav kaas Petoneer NutriVue toidudosaatoril\"\/><\/p>\n<h3>Turvalisus ja t\u00f6\u00f6kindlus igap\u00e4evasel kasutusel<\/h3>\n<p>P\u00f5hjalikult l\u00e4bim\u00f5eldud disain tagab kindla kasutuse: libisemiskindlad padjad hoiavad dosaatori paigal, v\u00e4ljundit kaitseb tihe sulgur, mootor p\u00f6\u00f6rab ummistuse korral automaatselt tagasi \u2013 tagades, et nutikas lemmiklooma toidudosaator t\u00f6\u00f6tab alati laitmatult.<\/p>\n<p><img decoding=\"async\" src=\"https:\/\/blankpage.ee\/_ruumist-ruumi\/wp-content\/uploads\/2025\/04\/10-53.webp\" alt=\"Petoneer NutriVue dosaatori libisemisvastased jalad ja turvaline v\u00e4ljund\"\/><\/p>\n<h3>Stiilne ja lihtsalt teisaldatav<\/h3>\n<p>Petoneer NutriVue on kerge (1,65 kg), kompaktse kujuga ja minimalistliku disainiga, sobitudes igasse ruumi ning olles kergesti teisaldatav. Nutikas lemmiklooma toidudosaator aitab sinu lemmikul p\u00fcsida h\u00e4sti toidetud ka siis, kui oled eemal.<\/p>\n<p><img decoding=\"async\" src=\"https:\/\/blankpage.ee\/_ruumist-ruumi\/wp-content\/uploads\/2025\/04\/5-485.webp\" alt=\"Kompaktne nutikas toidudosaator Petoneer NutriVue interj\u00f6\u00f6ris\"\/><\/p>\n<h3>Komplekti kuulub<\/h3>\n<ul>\n<li>Nutikas lemmiklooma toidudosaator Petoneer NutriVue<\/li>\n<li>Roostevabast terasest kauss<\/li>\n<li>USB-C kaabel (1,2 m)<\/li>\n<li>Kuivatusaine<\/li>\n<li>Kasutusjuhend<\/li>\n<\/ul>\n<h3>Tehnilised andmed<\/h3>\n<table>\n<tbody>\n<tr>\n<th>Tootja<\/th>\n<td>Petoneer<\/td>\n<\/tr>\n<tr>\n<th>Mudel<\/th>\n<td>PF008<\/td>\n<\/tr>\n<tr>\n<th>M\u00f5\u00f5tmed<\/th>\n<td>191 \u00d7 191 \u00d7 312 mm<\/td>\n<\/tr>\n<tr>\n<th>Kaal<\/th>\n<td>1,65 kg<\/td>\n<\/tr>\n<tr>\n<th>Mahutavus<\/th>\n<td>2,6 l<\/td>\n<\/tr>\n<tr>\n<th>Materjal<\/th>\n<td>ABS, roostevaba teras<\/td>\n<\/tr>\n<tr>\n<th>Minimaalne portsjon<\/th>\n<td>5 g<\/td>\n<\/tr>\n<tr>\n<th>SD m\u00e4lukaardi tugi<\/th>\n<td>kuni 256 GB<\/td>\n<\/tr>\n<tr>\n<th>Video resolutsioon<\/th>\n<td>1080p<\/td>\n<\/tr>\n<tr>\n<th>Heli<\/th>\n<td>Kahesuunaline<\/td>\n<\/tr>\n<tr>\n<th>Toitepinge<\/th>\n<td>DC 5V 2A<\/td>\n<\/tr>\n<tr>\n<th>\u00dchendust\u00fc\u00fcp<\/th>\n<td>USB-C<\/td>\n<\/tr>\n<tr>\n<th>Patareid<\/th>\n<td>C\/LR14 (4 tk)<\/td>\n<\/tr>\n<tr>\n<th>Nimiv\u00f5imsus<\/th>\n<td>\u2264 5 W<\/td>\n<\/tr>\n<tr>\n<th>\u00dchendus<\/th>\n<td>Wi-Fi (kuni 30 m)<\/td>\n<\/tr>\n<tr>\n<th>Rakendus<\/th>\n<td>Petoneer (iOS, Android)<\/td>\n<\/tr>\n<\/tbody>\n<\/table>\n","protected":false},"excerpt":{"rendered":"<p>Nutikas lemmiklooma toidudosaator kaameraga Petoneer NutriVue PF008 (2,6 l, roostevabast terasest kauss, Wi-Fi) Nutikas lemmiklooma toidudosaator Petoneer NutriVue on innovaatiline ja mugav lahendus kasside ning v\u00e4ikeste koerte toitmiseks. 2,6-liitrine mahuti tagab kuiva toidu s\u00e4ilimise ja k\u00e4ttesaadavuse kuni 10\u201315 p\u00e4evaks, v\u00f5imaldades rahulikult tegeleda igap\u00e4evaste toimetustega v\u00f5i minna l\u00fchiajaliselt kodust \u00e4ra, ilma et peaksid lemmiku p\u00e4rast muretsema. [&hellip;]<\/p>\n","protected":false},"featured_media":175126,"comment_status":"open","ping_status":"open","template":"","meta":[],"product_brand":[3059],"product_cat":[820],"product_tag":[],"class_list":{"0":"post-111391","1":"product","2":"type-product","3":"status-publish","4":"has-post-thumbnail","6":"product_brand-petoneer","7":"product_cat-automaatsed-toidudosaatorid-koduloomadele","8":"product_shipping_class-innpro","10":"first","11":"outofstock","12":"sale","13":"taxable","14":"shipping-taxable","15":"purchasable","16":"product-type-simple"},"_links":{"self":[{"href":"https:\/\/blankpage.ee\/_ruumist-ruumi\/wp-json\/wp\/v2\/product\/111391","targetHints":{"allow":["GET"]}}],"collection":[{"href":"https:\/\/blankpage.ee\/_ruumist-ruumi\/wp-json\/wp\/v2\/product"}],"about":[{"href":"https:\/\/blankpage.ee\/_ruumist-ruumi\/wp-json\/wp\/v2\/types\/product"}],"replies":[{"embeddable":true,"href":"https:\/\/blankpage.ee\/_ruumist-ruumi\/wp-json\/wp\/v2\/comments?post=111391"}],"wp:featuredmedia":[{"embeddable":true,"href":"https:\/\/blankpage.ee\/_ruumist-ruumi\/wp-json\/wp\/v2\/media\/175126"}],"wp:attachment":[{"href":"https:\/\/blankpage.ee\/_ruumist-ruumi\/wp-json\/wp\/v2\/media?parent=111391"}],"wp:term":[{"taxonomy":"product_brand","embeddable":true,"href":"https:\/\/blankpage.ee\/_ruumist-ruumi\/wp-json\/wp\/v2\/product_brand?post=111391"},{"taxonomy":"product_cat","embeddable":true,"href":"https:\/\/blankpage.ee\/_ruumist-ruumi\/wp-json\/wp\/v2\/product_cat?post=111391"},{"taxonomy":"product_tag","embeddable":true,"href":"https:\/\/blankpage.ee\/_ruumist-ruumi\/wp-json\/wp\/v2\/product_tag?post=111391"}],"curies":[{"name":"wp","href":"https:\/\/api.w.org\/{rel}","templated":true}]}}