{"id":11149,"date":"2024-11-27T10:50:23","date_gmt":"2024-11-27T10:50:23","guid":{"rendered":"https:\/\/ruumistruumi.ee\/?post_type=product&#038;p=11149"},"modified":"2025-08-21T08:21:50","modified_gmt":"2025-08-21T08:21:50","slug":"robottolmuimeja-robot-roidmi-eva-2023","status":"publish","type":"product","link":"https:\/\/blankpage.ee\/_ruumist-ruumi\/pood\/robottolmuimeja-robot-roidmi-eva-2023\/","title":{"rendered":"Robottolmuimeja robot Roidmi EVA 2023"},"content":{"rendered":"<h3>Roidmi EVA 2023 koristusrobot<\/h3>\n<p>Roidmi EVA 2023 koristusrobot hoolitseb puhtuse eest, kui sa p\u00e4rast rasket p\u00e4eva l\u00f5\u00f5gastud. Seade imeb tolmu, p\u00fchib ja mopib, lisaks naaseb see ise baasi, kus see automaatselt t\u00fchjendab tolmupaagi ja puhastab mopipadjad. Imemisv\u00f5imsusega 3200 Pa kogub seade kogu mustuse, samal ajal kui mopipadjad t\u00f6\u00f6tavad kiirusel 180 p\/min ja 12 N survega, puhastades t\u00f5husalt ka k\u00f5ige kangekaelsemad plekid. Mahukas kott kogub tolmu kuni 75 p\u00e4eva ja lisafiltrid takistavad mustuse sattumist veepumpa. Mugavat kasutamist v\u00f5imaldab spetsiaalne rakendus ja Google Assistant&#8217;i \u00fchilduvus.<\/p>\n<p>&nbsp;<\/p>\n<p><img loading=\"lazy\" decoding=\"async\" class=\"alignnone wp-image-11259 size-medium_large\" src=\"https:\/\/blankpage.ee\/_ruumist-ruumi\/wp-content\/uploads\/2024\/11\/Robot-tolmuimeja-robot-Roidmi-EVA-2023-5-768x489.jpg\" alt=\"Robot tolmuimeja robot Roidmi EVA 2023\" width=\"768\" height=\"489\" srcset=\"https:\/\/blankpage.ee\/_ruumist-ruumi\/wp-content\/uploads\/2024\/11\/Robot-tolmuimeja-robot-Roidmi-EVA-2023-5-768x489.jpg 768w, https:\/\/blankpage.ee\/_ruumist-ruumi\/wp-content\/uploads\/2024\/11\/Robot-tolmuimeja-robot-Roidmi-EVA-2023-5-300x191.jpg 300w, https:\/\/blankpage.ee\/_ruumist-ruumi\/wp-content\/uploads\/2024\/11\/Robot-tolmuimeja-robot-Roidmi-EVA-2023-5-400x255.jpg 400w, https:\/\/blankpage.ee\/_ruumist-ruumi\/wp-content\/uploads\/2024\/11\/Robot-tolmuimeja-robot-Roidmi-EVA-2023-5-922x587.jpg 922w, https:\/\/blankpage.ee\/_ruumist-ruumi\/wp-content\/uploads\/2024\/11\/Robot-tolmuimeja-robot-Roidmi-EVA-2023-5.jpg 1000w\" sizes=\"auto, (max-width: 768px) 100vw, 768px\" \/><\/p>\n<h3>Imeb tolmu, p\u00fchib, mopib<\/h3>\n<p>Vali \u00fcks seade, mis v\u00f5imaldab t\u00f5husalt tolmu imeda, p\u00fchkida ja mopiga puhastada. Roidmi EVA 2023 kasutab 3,200 Pa imemisv\u00f5imsust, et koguda tolmu, puru ja muid j\u00e4\u00e4ke p\u00f5randapindadelt ja kitsastest pragudest. Seadmel on ka mopipadjad, mis t\u00f6\u00f6tavad kiirusel 180 p\/min ja 12 N survega, v\u00f5imaldades eemaldada isegi kangekaelsed, kuivanud plekid. Koristusrobot t\u00f6\u00f6tab \u00e4\u00e4rmiselt vaikselt &#8211; selle m\u00fcratase ei \u00fcleta 77 dB, nii et saad nautida puhast kodu ilma kodurahu h\u00e4irimata.<\/p>\n<p><img loading=\"lazy\" decoding=\"async\" class=\"alignnone size-medium_large wp-image-11257\" src=\"https:\/\/blankpage.ee\/_ruumist-ruumi\/wp-content\/uploads\/2024\/11\/Robot-tolmuimeja-robot-Roidmi-EVA-2023-3-768x489.jpg\" alt=\"Robot tolmuimeja robot Roidmi EVA 2023\" width=\"768\" height=\"489\" srcset=\"https:\/\/blankpage.ee\/_ruumist-ruumi\/wp-content\/uploads\/2024\/11\/Robot-tolmuimeja-robot-Roidmi-EVA-2023-3-768x489.jpg 768w, https:\/\/blankpage.ee\/_ruumist-ruumi\/wp-content\/uploads\/2024\/11\/Robot-tolmuimeja-robot-Roidmi-EVA-2023-3-300x191.jpg 300w, https:\/\/blankpage.ee\/_ruumist-ruumi\/wp-content\/uploads\/2024\/11\/Robot-tolmuimeja-robot-Roidmi-EVA-2023-3-400x255.jpg 400w, https:\/\/blankpage.ee\/_ruumist-ruumi\/wp-content\/uploads\/2024\/11\/Robot-tolmuimeja-robot-Roidmi-EVA-2023-3-922x587.jpg 922w, https:\/\/blankpage.ee\/_ruumist-ruumi\/wp-content\/uploads\/2024\/11\/Robot-tolmuimeja-robot-Roidmi-EVA-2023-3.jpg 1000w\" sizes=\"auto, (max-width: 768px) 100vw, 768px\" \/><\/p>\n<h3>Intelligentne p\u00f5randapuhastus<\/h3>\n<p>Parandatud mopipadjad, mis on valmistatud paksust froteeriidest, sobivad ideaalselt p\u00f5randale, eemaldades t\u00f5husalt isegi tugeva mustuse &#8211; v\u00f5rreldes eelmise mudeliga suudavad padjad puhastada kuni 10% rohkem pindu! Need on antibakteriaalsed ja hallituskindlad ning kui nad tuvastavad vaiba, t\u00f5usevad nad automaatselt \u00fcles, et v\u00e4ltida m\u00e4rgumist. Veelgi enam, padjad saavad liikuda kahes suunas, v\u00e4hendades h\u00e4ireid ratastega. T\u00e4helepanuv\u00e4\u00e4rne on ka suur veepaak, mis eraldab puhta ja musta vee, hoides mopitud pinna laitmatult puhtana.<\/p>\n<p><img loading=\"lazy\" decoding=\"async\" class=\"alignnone size-medium_large wp-image-11261\" src=\"https:\/\/blankpage.ee\/_ruumist-ruumi\/wp-content\/uploads\/2024\/11\/Robot-tolmuimeja-robot-Roidmi-EVA-2023-11-768x490.jpg\" alt=\"Robottolmuimeja robot Roidmi EVA 2023\" width=\"768\" height=\"490\" srcset=\"https:\/\/blankpage.ee\/_ruumist-ruumi\/wp-content\/uploads\/2024\/11\/Robot-tolmuimeja-robot-Roidmi-EVA-2023-11-768x490.jpg 768w, https:\/\/blankpage.ee\/_ruumist-ruumi\/wp-content\/uploads\/2024\/11\/Robot-tolmuimeja-robot-Roidmi-EVA-2023-11-300x191.jpg 300w, https:\/\/blankpage.ee\/_ruumist-ruumi\/wp-content\/uploads\/2024\/11\/Robot-tolmuimeja-robot-Roidmi-EVA-2023-11-400x255.jpg 400w, https:\/\/blankpage.ee\/_ruumist-ruumi\/wp-content\/uploads\/2024\/11\/Robot-tolmuimeja-robot-Roidmi-EVA-2023-11-922x588.jpg 922w, https:\/\/blankpage.ee\/_ruumist-ruumi\/wp-content\/uploads\/2024\/11\/Robot-tolmuimeja-robot-Roidmi-EVA-2023-11.jpg 1000w\" sizes=\"auto, (max-width: 768px) 100vw, 768px\" \/><\/p>\n<h3>Puudub kontakt mustusega<\/h3>\n<p>Sa ei pea enam ise mopipatju puhastama &#8211; t\u00fchjendusjaam teeb seda sinu eest. Jaam puhastab padjad automaatselt t\u00f5husalt ja kuivatab need seej\u00e4rel kuuma \u00f5huga, nii et need on alati kasutusvalmis. Majaliikmete turvalisuse tagamiseks on jaamal ka laste kaitse, mis v\u00e4listab v\u00f5imaliku ohu seadme juhuslikuks k\u00e4ivitamiseks v\u00f5i puhastatud esemetega kokkupuutumiseks. Lisaks on see varustatud spetsiaalse rampiga koristusrobotile, mille saad igal ajal eemaldada.<\/p>\n<p><img loading=\"lazy\" decoding=\"async\" class=\"alignnone size-medium_large wp-image-11256\" src=\"https:\/\/blankpage.ee\/_ruumist-ruumi\/wp-content\/uploads\/2024\/11\/Robot-tolmuimeja-robot-Roidmi-EVA-2023-2-768x489.jpg\" alt=\"Robot tolmuimeja robot Roidmi EVA 2023\" width=\"768\" height=\"489\" srcset=\"https:\/\/blankpage.ee\/_ruumist-ruumi\/wp-content\/uploads\/2024\/11\/Robot-tolmuimeja-robot-Roidmi-EVA-2023-2-768x489.jpg 768w, https:\/\/blankpage.ee\/_ruumist-ruumi\/wp-content\/uploads\/2024\/11\/Robot-tolmuimeja-robot-Roidmi-EVA-2023-2-300x191.jpg 300w, https:\/\/blankpage.ee\/_ruumist-ruumi\/wp-content\/uploads\/2024\/11\/Robot-tolmuimeja-robot-Roidmi-EVA-2023-2-400x255.jpg 400w, https:\/\/blankpage.ee\/_ruumist-ruumi\/wp-content\/uploads\/2024\/11\/Robot-tolmuimeja-robot-Roidmi-EVA-2023-2-922x587.jpg 922w, https:\/\/blankpage.ee\/_ruumist-ruumi\/wp-content\/uploads\/2024\/11\/Robot-tolmuimeja-robot-Roidmi-EVA-2023-2.jpg 1000w\" sizes=\"auto, (max-width: 768px) 100vw, 768px\" \/><\/p>\n<h3>Mahukas tolmukott<\/h3>\n<p>Roidmi EVA 2023 koristusrobot mitte ainult ei mopita, vaid kogub t\u00f5husalt tolmu, v\u00e4ikseid j\u00e4\u00e4ke, juukseid v\u00f5i karvu. Jaamas olev 3 L kott v\u00f5imaldab j\u00e4\u00e4tmeid koguda kuni 75 p\u00e4eva, nii et sa ei pea seda liiga tihti vahetama. Antibakteriaalse koostisega kott h\u00e4vitab 99,9% bakteritest ja ei j\u00e4ta l\u00f5hna. Robotil endal on 220 ml tolmupaak.<\/p>\n<p><img loading=\"lazy\" decoding=\"async\" class=\"alignnone size-medium_large wp-image-11264\" src=\"https:\/\/blankpage.ee\/_ruumist-ruumi\/wp-content\/uploads\/2024\/11\/Robot-tolmuimeja-robot-Roidmi-EVA-2023-768x489.jpg\" alt=\"Robottolmuimeja robot Roidmi EVA 2023\" width=\"768\" height=\"489\" srcset=\"https:\/\/blankpage.ee\/_ruumist-ruumi\/wp-content\/uploads\/2024\/11\/Robot-tolmuimeja-robot-Roidmi-EVA-2023-768x489.jpg 768w, https:\/\/blankpage.ee\/_ruumist-ruumi\/wp-content\/uploads\/2024\/11\/Robot-tolmuimeja-robot-Roidmi-EVA-2023-300x191.jpg 300w, https:\/\/blankpage.ee\/_ruumist-ruumi\/wp-content\/uploads\/2024\/11\/Robot-tolmuimeja-robot-Roidmi-EVA-2023-400x255.jpg 400w, https:\/\/blankpage.ee\/_ruumist-ruumi\/wp-content\/uploads\/2024\/11\/Robot-tolmuimeja-robot-Roidmi-EVA-2023-922x587.jpg 922w, https:\/\/blankpage.ee\/_ruumist-ruumi\/wp-content\/uploads\/2024\/11\/Robot-tolmuimeja-robot-Roidmi-EVA-2023.jpg 1000w\" sizes=\"auto, (max-width: 768px) 100vw, 768px\" \/><\/p>\n<h3>Praktiline ekraan<\/h3>\n<p>Seade on varustatud v\u00e4rvilise LED-ekraaniga, mis annab sulle kiire ja mugava juurdep\u00e4\u00e4su teabele roboti t\u00f6\u00f6 kohta. Vilkuv indikaator annab m\u00e4rku, kui tolmukott on t\u00e4is, musta vee paak on t\u00e4is v\u00f5i puhta vee paak on t\u00fchi. Ekraanilt saad kontrollida ka aku laetuse taset, muu hulgas.<\/p>\n<p><img loading=\"lazy\" decoding=\"async\" class=\"alignnone size-medium_large wp-image-11260\" src=\"https:\/\/blankpage.ee\/_ruumist-ruumi\/wp-content\/uploads\/2024\/11\/Robot-tolmuimeja-robot-Roidmi-EVA-2023-6-768x489.jpg\" alt=\"Robottolmuimeja robot Roidmi EVA 2023\" width=\"768\" height=\"489\" srcset=\"https:\/\/blankpage.ee\/_ruumist-ruumi\/wp-content\/uploads\/2024\/11\/Robot-tolmuimeja-robot-Roidmi-EVA-2023-6-768x489.jpg 768w, https:\/\/blankpage.ee\/_ruumist-ruumi\/wp-content\/uploads\/2024\/11\/Robot-tolmuimeja-robot-Roidmi-EVA-2023-6-300x191.jpg 300w, https:\/\/blankpage.ee\/_ruumist-ruumi\/wp-content\/uploads\/2024\/11\/Robot-tolmuimeja-robot-Roidmi-EVA-2023-6-400x255.jpg 400w, https:\/\/blankpage.ee\/_ruumist-ruumi\/wp-content\/uploads\/2024\/11\/Robot-tolmuimeja-robot-Roidmi-EVA-2023-6-922x587.jpg 922w, https:\/\/blankpage.ee\/_ruumist-ruumi\/wp-content\/uploads\/2024\/11\/Robot-tolmuimeja-robot-Roidmi-EVA-2023-6.jpg 1000w\" sizes=\"auto, (max-width: 768px) 100vw, 768px\" \/><\/p>\n<h3>Lihtne kasutamine<\/h3>\n<p>Juhi robotit diivanilt t\u00f5usmata. Seade on \u00fchilduv Google Assistant&#8217;iga, nii et lihtsad h\u00e4\u00e4lk\u00e4sklused on k\u00f5ik, mida vajad seadme k\u00e4ivitamiseks, peatamiseks v\u00f5i dokkimisjaama suunamiseks. Sinu k\u00e4sutuses on ka spetsiaalne ROIDMI rakendus, mis v\u00f5imaldab muu hulgas luua t\u00f6\u00f6plaane, m\u00e4\u00e4rata keelatud alasid v\u00f5i kohandada puhastusre\u017eiimi iga ruumi jaoks.<\/p>\n<p><img loading=\"lazy\" decoding=\"async\" class=\"alignnone size-medium_large wp-image-11258\" src=\"https:\/\/blankpage.ee\/_ruumist-ruumi\/wp-content\/uploads\/2024\/11\/Robot-tolmuimeja-robot-Roidmi-EVA-2023-4-768x489.jpg\" alt=\"Robot tolmuimeja robot Roidmi EVA 2023\" width=\"768\" height=\"489\" srcset=\"https:\/\/blankpage.ee\/_ruumist-ruumi\/wp-content\/uploads\/2024\/11\/Robot-tolmuimeja-robot-Roidmi-EVA-2023-4-768x489.jpg 768w, https:\/\/blankpage.ee\/_ruumist-ruumi\/wp-content\/uploads\/2024\/11\/Robot-tolmuimeja-robot-Roidmi-EVA-2023-4-300x191.jpg 300w, https:\/\/blankpage.ee\/_ruumist-ruumi\/wp-content\/uploads\/2024\/11\/Robot-tolmuimeja-robot-Roidmi-EVA-2023-4-400x255.jpg 400w, https:\/\/blankpage.ee\/_ruumist-ruumi\/wp-content\/uploads\/2024\/11\/Robot-tolmuimeja-robot-Roidmi-EVA-2023-4-922x587.jpg 922w, https:\/\/blankpage.ee\/_ruumist-ruumi\/wp-content\/uploads\/2024\/11\/Robot-tolmuimeja-robot-Roidmi-EVA-2023-4.jpg 1000w\" sizes=\"auto, (max-width: 768px) 100vw, 768px\" \/><\/p>\n<h3>\u00dcletab k\u00f5ik takistused<\/h3>\n<p>AI-LDS 6.0 intelligentse takistuste v\u00e4ltimise s\u00fcsteemiga tuvastab Roidmi EVA 2023 koristusrobot automaatselt takistused, mis on tema teel, nii et see suudab neid t\u00f5husalt v\u00e4ltida ja v\u00e4ltida kokkup\u00f5rkeid teiste objektidega. EVA 2023 kasutab ka LDS-laserit, mis aitab v\u00e4ltida selle kinni j\u00e4\u00e4mist voodite, kappide ja muude madalate kohtade alla. Robot \u00fcletab h\u00f5lpsasti ka l\u00e4vepakud ja muud takistused kuni 20 mm k\u00f5rgused ning puhastab t\u00e4iuslikult seinte \u00e4\u00e4res asuvaid alasid. Plusspunktid ka OTA v\u00e4rskenduste eest.<\/p>\n<p><img loading=\"lazy\" decoding=\"async\" class=\"alignnone size-medium_large wp-image-11263\" src=\"https:\/\/blankpage.ee\/_ruumist-ruumi\/wp-content\/uploads\/2024\/11\/Robot-tolmuimeja-robot-Roidmi-EVA-2023-13-768x489.jpg\" alt=\"Robottolmuimeja robot Roidmi EVA 2023\" width=\"768\" height=\"489\" srcset=\"https:\/\/blankpage.ee\/_ruumist-ruumi\/wp-content\/uploads\/2024\/11\/Robot-tolmuimeja-robot-Roidmi-EVA-2023-13-768x489.jpg 768w, https:\/\/blankpage.ee\/_ruumist-ruumi\/wp-content\/uploads\/2024\/11\/Robot-tolmuimeja-robot-Roidmi-EVA-2023-13-300x191.jpg 300w, https:\/\/blankpage.ee\/_ruumist-ruumi\/wp-content\/uploads\/2024\/11\/Robot-tolmuimeja-robot-Roidmi-EVA-2023-13-400x255.jpg 400w, https:\/\/blankpage.ee\/_ruumist-ruumi\/wp-content\/uploads\/2024\/11\/Robot-tolmuimeja-robot-Roidmi-EVA-2023-13-922x587.jpg 922w, https:\/\/blankpage.ee\/_ruumist-ruumi\/wp-content\/uploads\/2024\/11\/Robot-tolmuimeja-robot-Roidmi-EVA-2023-13.jpg 1000w\" sizes=\"auto, (max-width: 768px) 100vw, 768px\" \/><\/p>\n<h3>V\u00f5imas aku<\/h3>\n<p>EVA 2023 on varustatud v\u00f5imsa 5200 mAh akuga, nii et see tagab pika t\u00f6\u00f6aja &#8211; see v\u00f5ib t\u00f6\u00f6tada \u00fche laadimisega kuni 74 &#8211; 228 minutit, mis v\u00f5imaldab puhastada suurt ala ilma probleemideta. Energiat taastamiseks kulub umbes 250 minutit ja p\u00e4rast seda aega saad taas nautida selle v\u00f5imeid.<\/p>\n<p><img loading=\"lazy\" decoding=\"async\" class=\"alignnone size-medium_large wp-image-11262\" src=\"https:\/\/blankpage.ee\/_ruumist-ruumi\/wp-content\/uploads\/2024\/11\/Robot-tolmuimeja-robot-Roidmi-EVA-2023-12-768x489.jpg\" alt=\"Robottolmuimeja robot Roidmi EVA 2023\" width=\"768\" height=\"489\" srcset=\"https:\/\/blankpage.ee\/_ruumist-ruumi\/wp-content\/uploads\/2024\/11\/Robot-tolmuimeja-robot-Roidmi-EVA-2023-12-768x489.jpg 768w, https:\/\/blankpage.ee\/_ruumist-ruumi\/wp-content\/uploads\/2024\/11\/Robot-tolmuimeja-robot-Roidmi-EVA-2023-12-300x191.jpg 300w, https:\/\/blankpage.ee\/_ruumist-ruumi\/wp-content\/uploads\/2024\/11\/Robot-tolmuimeja-robot-Roidmi-EVA-2023-12-400x255.jpg 400w, https:\/\/blankpage.ee\/_ruumist-ruumi\/wp-content\/uploads\/2024\/11\/Robot-tolmuimeja-robot-Roidmi-EVA-2023-12-922x587.jpg 922w, https:\/\/blankpage.ee\/_ruumist-ruumi\/wp-content\/uploads\/2024\/11\/Robot-tolmuimeja-robot-Roidmi-EVA-2023-12.jpg 1000w\" sizes=\"auto, (max-width: 768px) 100vw, 768px\" \/><\/p>\n<h3>Komplektis<\/h3>\n<ul>\n<li>Koristusrobot 2 mopipadjaga<\/li>\n<li>Automaatne t\u00fchjendusjaam x1<\/li>\n<li>Tolmukott x5<\/li>\n<li>Puhastushari x1<\/li>\n<li>Mopipadjad x2<\/li>\n<li>K\u00fclghari x1<\/li>\n<li>Filter x1<\/li>\n<li>Toitejuhe x1<\/li>\n<\/ul>\n<p>&nbsp;<\/p>\n<table>\n<tbody>\n<tr>\n<th>Tootja<\/th>\n<td>Roidmi<\/td>\n<\/tr>\n<tr>\n<th>Nimi<\/th>\n<td>Roidmi EVA 2023 koristusrobot<\/td>\n<\/tr>\n<tr>\n<th>Mudel<\/th>\n<td>EVA 2023<\/td>\n<\/tr>\n<tr>\n<th>V\u00e4rv<\/th>\n<td>Valge<\/td>\n<\/tr>\n<tr>\n<th>Aku<\/th>\n<td>Liitium<\/td>\n<\/tr>\n<tr>\n<th>Akumaht<\/th>\n<td>5200 mAh<\/td>\n<\/tr>\n<tr>\n<th>Akut\u00f6\u00f6aeg<\/th>\n<td>74 &#8211; 228 minutit<\/td>\n<\/tr>\n<\/tbody>\n<\/table>\n","protected":false},"excerpt":{"rendered":"<p>Roidmi EVA 2023 koristusrobot Roidmi EVA 2023 koristusrobot hoolitseb puhtuse eest, kui sa p\u00e4rast rasket p\u00e4eva l\u00f5\u00f5gastud. Seade imeb tolmu, p\u00fchib ja mopib, lisaks naaseb see ise baasi, kus see automaatselt t\u00fchjendab tolmupaagi ja puhastab mopipadjad. Imemisv\u00f5imsusega 3200 Pa kogub seade kogu mustuse, samal ajal kui mopipadjad t\u00f6\u00f6tavad kiirusel 180 p\/min ja 12 N survega, [&hellip;]<\/p>\n","protected":false},"featured_media":11150,"comment_status":"closed","ping_status":"closed","template":"","meta":[],"product_brand":[],"product_cat":[812],"product_tag":[],"class_list":{"0":"post-11149","1":"product","2":"type-product","3":"status-publish","4":"has-post-thumbnail","6":"product_cat-robottolmuimejad","7":"product_shipping_class-innpro","9":"first","10":"instock","11":"sale","12":"taxable","13":"shipping-taxable","14":"purchasable","15":"product-type-simple"},"_links":{"self":[{"href":"https:\/\/blankpage.ee\/_ruumist-ruumi\/wp-json\/wp\/v2\/product\/11149","targetHints":{"allow":["GET"]}}],"collection":[{"href":"https:\/\/blankpage.ee\/_ruumist-ruumi\/wp-json\/wp\/v2\/product"}],"about":[{"href":"https:\/\/blankpage.ee\/_ruumist-ruumi\/wp-json\/wp\/v2\/types\/product"}],"replies":[{"embeddable":true,"href":"https:\/\/blankpage.ee\/_ruumist-ruumi\/wp-json\/wp\/v2\/comments?post=11149"}],"wp:featuredmedia":[{"embeddable":true,"href":"https:\/\/blankpage.ee\/_ruumist-ruumi\/wp-json\/wp\/v2\/media\/11150"}],"wp:attachment":[{"href":"https:\/\/blankpage.ee\/_ruumist-ruumi\/wp-json\/wp\/v2\/media?parent=11149"}],"wp:term":[{"taxonomy":"product_brand","embeddable":true,"href":"https:\/\/blankpage.ee\/_ruumist-ruumi\/wp-json\/wp\/v2\/product_brand?post=11149"},{"taxonomy":"product_cat","embeddable":true,"href":"https:\/\/blankpage.ee\/_ruumist-ruumi\/wp-json\/wp\/v2\/product_cat?post=11149"},{"taxonomy":"product_tag","embeddable":true,"href":"https:\/\/blankpage.ee\/_ruumist-ruumi\/wp-json\/wp\/v2\/product_tag?post=11149"}],"curies":[{"name":"wp","href":"https:\/\/api.w.org\/{rel}","templated":true}]}}