{"id":11160,"date":"2024-11-27T10:50:23","date_gmt":"2024-11-27T10:50:23","guid":{"rendered":"https:\/\/ruumistruumi.ee\/?post_type=product&#038;p=11160"},"modified":"2025-08-21T08:21:50","modified_gmt":"2025-08-21T08:21:50","slug":"robottolmuimeja-midea-m6","status":"publish","type":"product","link":"https:\/\/blankpage.ee\/_ruumist-ruumi\/pood\/robottolmuimeja-midea-m6\/","title":{"rendered":"Robottolmuimeja Midea M6"},"content":{"rendered":"<h3>Midea M6 puhastusrobot<\/h3>\n<p>Tegele millegi meeldivaga ja lase Midea M6 robotil puhastada sinu kodu p\u00f5randaid! Seade paistab silma 2000Pa imemisv\u00f5imsusega ning on varustatud V-kujulise harja ja kahe k\u00fclgharjaga, et see saaks mustusega suurep\u00e4raselt hakkama. See kasutab t\u00e4iustatud LDS-navigeerimist ja tagab t\u00f6\u00f6aja kuni 180 minutit. Samuti on sellel spetsiaalselt disainitud 2-\u00fches vee- ja tolmumahuti, mis v\u00f5imaldab mitte ainult tolmu imeda, vaid ka p\u00f5randaid mopiga puhastada. Robot on \u00fchilduv Google Assistanti ja Amazon Alexa h\u00e4\u00e4lassistentidega ning seda saab juhtida ka rakenduse kaudu.<\/p>\n<p><img loading=\"lazy\" decoding=\"async\" class=\"alignnone size-medium_large wp-image-11277\" src=\"https:\/\/blankpage.ee\/_ruumist-ruumi\/wp-content\/uploads\/2024\/11\/Midea-M6-2-768x489.jpg\" alt=\"Robottolmuimeja Midea M6\" width=\"768\" height=\"489\" srcset=\"https:\/\/blankpage.ee\/_ruumist-ruumi\/wp-content\/uploads\/2024\/11\/Midea-M6-2-768x489.jpg 768w, https:\/\/blankpage.ee\/_ruumist-ruumi\/wp-content\/uploads\/2024\/11\/Midea-M6-2-300x191.jpg 300w, https:\/\/blankpage.ee\/_ruumist-ruumi\/wp-content\/uploads\/2024\/11\/Midea-M6-2-400x255.jpg 400w, https:\/\/blankpage.ee\/_ruumist-ruumi\/wp-content\/uploads\/2024\/11\/Midea-M6-2-922x587.jpg 922w, https:\/\/blankpage.ee\/_ruumist-ruumi\/wp-content\/uploads\/2024\/11\/Midea-M6-2.jpg 1000w\" sizes=\"auto, (max-width: 768px) 100vw, 768px\" \/><\/p>\n<h3>T\u00e4iustatud navigeerimiss\u00fcsteem<\/h3>\n<p>Midea M6 puhastusrobot leiab sinu kodus ideaalselt tee. See toetab t\u00e4iustatud LDS-navigeerimiss\u00fcsteemi, mille abil skaneerib see ruume intelligentselt, loob neist t\u00e4psed kaardid ja planeerib puhastusteekonnad, et puhastada k\u00f5ik pinnad v\u00f5imalikult l\u00fchikese ajaga p\u00f5hjalikult. Lisaks tuvastab seade takistusi ja v\u00e4ldib neid h\u00f5lpsasti. \u00c4ra karda, et see millegagi kokku p\u00f5rkaks! Robot suudab meelde j\u00e4tta ka mitu korruse kaarti.<\/p>\n<p><img loading=\"lazy\" decoding=\"async\" class=\"alignnone size-medium_large wp-image-11272\" src=\"https:\/\/blankpage.ee\/_ruumist-ruumi\/wp-content\/uploads\/2024\/11\/Midea-M6-9-768x489.jpg\" alt=\"Robottolmuimeja Midea M6\" width=\"768\" height=\"489\" srcset=\"https:\/\/blankpage.ee\/_ruumist-ruumi\/wp-content\/uploads\/2024\/11\/Midea-M6-9-768x489.jpg 768w, https:\/\/blankpage.ee\/_ruumist-ruumi\/wp-content\/uploads\/2024\/11\/Midea-M6-9-300x191.jpg 300w, https:\/\/blankpage.ee\/_ruumist-ruumi\/wp-content\/uploads\/2024\/11\/Midea-M6-9-400x255.jpg 400w, https:\/\/blankpage.ee\/_ruumist-ruumi\/wp-content\/uploads\/2024\/11\/Midea-M6-9-922x587.jpg 922w, https:\/\/blankpage.ee\/_ruumist-ruumi\/wp-content\/uploads\/2024\/11\/Midea-M6-9.jpg 1000w\" sizes=\"auto, (max-width: 768px) 100vw, 768px\" \/><\/p>\n<h3>T\u00f5hus puhastus<\/h3>\n<p>Ole kindel, et sinu p\u00f5rand s\u00e4rab puhtusest. M6 robot liigub edasi-tagasi siksakikujulisel teekonnal, et puhastada kogu pind p\u00f5hjalikult &#8211; \u00e4ra muretse, et midagi vahele j\u00e4\u00e4b! Seade on varustatud ka spetsiaalselt disainitud 2-\u00fches mahutiga, mis sisaldab 600 ml tolmumahutit ja 250 ml veemahutit. Sellel on ka sisseehitatud HEPA E10 filter. K\u00f5ik see t\u00e4hendab, et robot suudab samaaegselt t\u00f5husalt tolmu imeda ja p\u00f5randat mopiga puhastada!<\/p>\n<p><img loading=\"lazy\" decoding=\"async\" class=\"alignnone size-medium_large wp-image-11278\" src=\"https:\/\/blankpage.ee\/_ruumist-ruumi\/wp-content\/uploads\/2024\/11\/Midea-M6-4-768x489.jpg\" alt=\"Robottolmuimeja Midea M6\" width=\"768\" height=\"489\" srcset=\"https:\/\/blankpage.ee\/_ruumist-ruumi\/wp-content\/uploads\/2024\/11\/Midea-M6-4-768x489.jpg 768w, https:\/\/blankpage.ee\/_ruumist-ruumi\/wp-content\/uploads\/2024\/11\/Midea-M6-4-300x191.jpg 300w, https:\/\/blankpage.ee\/_ruumist-ruumi\/wp-content\/uploads\/2024\/11\/Midea-M6-4-400x255.jpg 400w, https:\/\/blankpage.ee\/_ruumist-ruumi\/wp-content\/uploads\/2024\/11\/Midea-M6-4-922x587.jpg 922w, https:\/\/blankpage.ee\/_ruumist-ruumi\/wp-content\/uploads\/2024\/11\/Midea-M6-4.jpg 1000w\" sizes=\"auto, (max-width: 768px) 100vw, 768px\" \/><\/p>\n<h3>Sinu abiline mustuse vastu v\u00f5itlemisel<\/h3>\n<p>V\u00f5ida lahing mustuse vastu. M6 puhastusrobot on varustatud v\u00f5imsa BLDC mootoriga ja pakub imemisj\u00f5udu kuni 2000Pa. See on saanud ka kaks k\u00fclgharja ja spetsiaalselt disainitud V-kujulise p\u00f5hiharja. Selle tulemusena eemaldab see h\u00f5lpsasti tolmu, puru ja isegi juukseid! See suudab hakkama saada ka karvadega, mis t\u00e4hendab, et see on kasulik lemmikloomade omanikele. Lisaks on sinu k\u00e4sutuses mitu tolmuimemisre\u017eiimi. Robot suudab ka automaatselt suurendada imemisv\u00f5imsust vaipadel, et veelgi paremini eemaldada nende kiududesse peitunud mustust.<\/p>\n<p><img loading=\"lazy\" decoding=\"async\" class=\"alignnone size-medium_large wp-image-11276\" src=\"https:\/\/blankpage.ee\/_ruumist-ruumi\/wp-content\/uploads\/2024\/11\/Midea-M6-1-768x489.jpg\" alt=\"Robottolmuimeja Midea M6\" width=\"768\" height=\"489\" srcset=\"https:\/\/blankpage.ee\/_ruumist-ruumi\/wp-content\/uploads\/2024\/11\/Midea-M6-1-768x489.jpg 768w, https:\/\/blankpage.ee\/_ruumist-ruumi\/wp-content\/uploads\/2024\/11\/Midea-M6-1-300x191.jpg 300w, https:\/\/blankpage.ee\/_ruumist-ruumi\/wp-content\/uploads\/2024\/11\/Midea-M6-1-400x255.jpg 400w, https:\/\/blankpage.ee\/_ruumist-ruumi\/wp-content\/uploads\/2024\/11\/Midea-M6-1-922x587.jpg 922w, https:\/\/blankpage.ee\/_ruumist-ruumi\/wp-content\/uploads\/2024\/11\/Midea-M6-1.jpg 1000w\" sizes=\"auto, (max-width: 768px) 100vw, 768px\" \/><\/p>\n<h3>Toimetab plekid<\/h3>\n<p>Naudi puhtaid ja l\u00e4ikivaid p\u00f5randaid. Midea M6 puhastusrobot pakub mopifunktsiooni ja v\u00f5imaldab valida nelja veetaseme vahel, et saaksid selle t\u00f6\u00f6d kohandada vastavalt oma vajadustele ja pinna m\u00e4\u00e4rdumisastmele. See saab h\u00f5lpsasti hakkama isegi \u00e4\u00e4rmiselt kangekaelsete plekkidega! Seade t\u00f6\u00f6tab suurep\u00e4raselt erinevat t\u00fc\u00fcpi p\u00f5randatel &#8211; alates plaatidest kuni paneelideni. Avasta, et koristamine ei pea \u00fcldse palju pingutust n\u00f5udma!<\/p>\n<p><img loading=\"lazy\" decoding=\"async\" class=\"alignnone size-medium_large wp-image-11271\" src=\"https:\/\/blankpage.ee\/_ruumist-ruumi\/wp-content\/uploads\/2024\/11\/Midea-M6-7-768x489.jpg\" alt=\"Robottolmuimeja Midea M6\" width=\"768\" height=\"489\" srcset=\"https:\/\/blankpage.ee\/_ruumist-ruumi\/wp-content\/uploads\/2024\/11\/Midea-M6-7-768x489.jpg 768w, https:\/\/blankpage.ee\/_ruumist-ruumi\/wp-content\/uploads\/2024\/11\/Midea-M6-7-300x191.jpg 300w, https:\/\/blankpage.ee\/_ruumist-ruumi\/wp-content\/uploads\/2024\/11\/Midea-M6-7-400x255.jpg 400w, https:\/\/blankpage.ee\/_ruumist-ruumi\/wp-content\/uploads\/2024\/11\/Midea-M6-7-922x587.jpg 922w, https:\/\/blankpage.ee\/_ruumist-ruumi\/wp-content\/uploads\/2024\/11\/Midea-M6-7.jpg 1000w\" sizes=\"auto, (max-width: 768px) 100vw, 768px\" \/><\/p>\n<h3>T\u00f5hus aku<\/h3>\n<p>Midea M6 \u00fcllatab sind ka pika t\u00f6\u00f6ajaga. Robot on varustatud vastupidava akuga, mille maht on 3350mAh. T\u00e4nu sellele suudab see pidevalt puhastada kuni 180 minutit! See t\u00e4hendab, et see toimib fantastiliselt nii v\u00e4iksemates korterites kui ka suurtes majades. Veelgi enam, kui aku hakkab t\u00fchjaks saama, naaseb seade automaatselt laadimisjaama, et end laadida.<\/p>\n<p><img loading=\"lazy\" decoding=\"async\" class=\"alignnone size-medium_large wp-image-11273\" src=\"https:\/\/blankpage.ee\/_ruumist-ruumi\/wp-content\/uploads\/2024\/11\/Midea-M6-11-768x489.jpg\" alt=\"Robottolmuimeja Midea M6\" width=\"768\" height=\"489\" srcset=\"https:\/\/blankpage.ee\/_ruumist-ruumi\/wp-content\/uploads\/2024\/11\/Midea-M6-11-768x489.jpg 768w, https:\/\/blankpage.ee\/_ruumist-ruumi\/wp-content\/uploads\/2024\/11\/Midea-M6-11-300x191.jpg 300w, https:\/\/blankpage.ee\/_ruumist-ruumi\/wp-content\/uploads\/2024\/11\/Midea-M6-11-400x255.jpg 400w, https:\/\/blankpage.ee\/_ruumist-ruumi\/wp-content\/uploads\/2024\/11\/Midea-M6-11-922x587.jpg 922w, https:\/\/blankpage.ee\/_ruumist-ruumi\/wp-content\/uploads\/2024\/11\/Midea-M6-11.jpg 1000w\" sizes=\"auto, (max-width: 768px) 100vw, 768px\" \/><\/p>\n<h3>Miski ei seisa selle teel<\/h3>\n<p>Mida veel teeb M6 roboti v\u00f5imeliseks vabalt ja turvaliselt ruumides liikuma? Seade on varustatud mitmete nutikate anduritega, nii et see ei satu ohtu kokku p\u00f5rkuda m\u00f6\u00f6bliga v\u00f5i alla kukkuda trepist. See suudab ka p\u00f5hjalikult puhastada nurkades ja \u00e4\u00e4rte \u00e4\u00e4res. Lisaks \u00fcletab see h\u00f5lpsasti kuni 2 cm k\u00f5rguseid takistusi &#8211; see saab h\u00f5lpsasti hakkama l\u00e4vepakkude ja vaipadega. Sa ei pea pidevalt selle j\u00e4rel k\u00f5ndima ja seda j\u00e4lgima!<\/p>\n<p><img loading=\"lazy\" decoding=\"async\" class=\"alignnone size-medium_large wp-image-11274\" src=\"https:\/\/blankpage.ee\/_ruumist-ruumi\/wp-content\/uploads\/2024\/11\/Midea-M6-14-768x489.jpg\" alt=\"Robottolmuimeja Midea M6\" width=\"768\" height=\"489\" srcset=\"https:\/\/blankpage.ee\/_ruumist-ruumi\/wp-content\/uploads\/2024\/11\/Midea-M6-14-768x489.jpg 768w, https:\/\/blankpage.ee\/_ruumist-ruumi\/wp-content\/uploads\/2024\/11\/Midea-M6-14-300x191.jpg 300w, https:\/\/blankpage.ee\/_ruumist-ruumi\/wp-content\/uploads\/2024\/11\/Midea-M6-14-400x255.jpg 400w, https:\/\/blankpage.ee\/_ruumist-ruumi\/wp-content\/uploads\/2024\/11\/Midea-M6-14-922x587.jpg 922w, https:\/\/blankpage.ee\/_ruumist-ruumi\/wp-content\/uploads\/2024\/11\/Midea-M6-14.jpg 1000w\" sizes=\"auto, (max-width: 768px) 100vw, 768px\" \/><\/p>\n<h3>Veelgi mugavam kasutamine<\/h3>\n<p>Kas hoolid lisav\u00f5imalustest? Proovi tasuta MSmartHome rakendust! Selle abil saad muu hulgas reguleerida veetaset ja imemisv\u00f5imsust, seada t\u00f6\u00f6aega v\u00f5i valida ala, mida robot peaks puhastama. Ei taha, et seade p\u00e4\u00e4seks teatud ruumi, n\u00e4iteks lapse tuppa? Loo virtuaalne sein v\u00f5i keelatud tsoon! Robot on \u00fchilduv ka Google Assistanti ja Amazon Alexaga, v\u00f5imaldades seda juhtida h\u00e4\u00e4lk\u00e4sklustega &#8211; sa ei pea isegi oma kohalt liikuma!<\/p>\n<p><img loading=\"lazy\" decoding=\"async\" class=\"alignnone size-medium_large wp-image-11275\" src=\"https:\/\/blankpage.ee\/_ruumist-ruumi\/wp-content\/uploads\/2024\/11\/Midea-M6-15-768x489.jpg\" alt=\"Robottolmuimeja Midea M6\" width=\"768\" height=\"489\" srcset=\"https:\/\/blankpage.ee\/_ruumist-ruumi\/wp-content\/uploads\/2024\/11\/Midea-M6-15-768x489.jpg 768w, https:\/\/blankpage.ee\/_ruumist-ruumi\/wp-content\/uploads\/2024\/11\/Midea-M6-15-300x191.jpg 300w, https:\/\/blankpage.ee\/_ruumist-ruumi\/wp-content\/uploads\/2024\/11\/Midea-M6-15-400x255.jpg 400w, https:\/\/blankpage.ee\/_ruumist-ruumi\/wp-content\/uploads\/2024\/11\/Midea-M6-15-922x587.jpg 922w, https:\/\/blankpage.ee\/_ruumist-ruumi\/wp-content\/uploads\/2024\/11\/Midea-M6-15.jpg 1000w\" sizes=\"auto, (max-width: 768px) 100vw, 768px\" \/><\/p>\n<h3>Karbi sisu<\/h3>\n<ul>\n<li>Puhastusrobot<\/li>\n<li>Laadimisjaam<\/li>\n<li>Toitejuhe<\/li>\n<li>Mopipadi<\/li>\n<li>Mopipadja hoidik<\/li>\n<li>Filter<\/li>\n<li>K\u00fclghari x2<\/li>\n<li>P\u00f5hihari<\/li>\n<li>2-\u00fches vee- ja tolmumahuti<\/li>\n<li>Puhastushari<\/li>\n<li>Kasutusjuhend<\/li>\n<\/ul>\n<table>\n<tbody>\n<tr>\n<th>Br\u00e4nd<\/th>\n<td>Midea<\/td>\n<\/tr>\n<tr>\n<th>Mudel<\/th>\n<td>M6<\/td>\n<\/tr>\n<tr>\n<th>V\u00e4rv<\/th>\n<td>Valge<\/td>\n<\/tr>\n<tr>\n<th>Imemisv\u00f5imsus<\/th>\n<td>Kuni 2000Pa<\/td>\n<\/tr>\n<tr>\n<th>Filter<\/th>\n<td>HEPA<\/td>\n<\/tr>\n<tr>\n<th>Mootor<\/th>\n<td>BLDC<\/td>\n<\/tr>\n<tr>\n<th>M\u00fcratase<\/th>\n<td>U. 69dB<\/td>\n<\/tr>\n<tr>\n<th>Nimiv\u00f5imsus<\/th>\n<td>55W<\/td>\n<\/tr>\n<tr>\n<th>Nimipinge<\/th>\n<td>4.4V<\/td>\n<\/tr>\n<tr>\n<th>Akumaht<\/th>\n<td>3350mAh<\/td>\n<\/tr>\n<tr>\n<th>T\u00f6\u00f6aeg<\/th>\n<td>Kuni 180min<\/td>\n<\/tr>\n<tr>\n<th>Laadimisaeg<\/th>\n<td>U. 3-4h<\/td>\n<\/tr>\n<tr>\n<th>Navigeerimiss\u00fcsteem<\/th>\n<td>LDS<\/td>\n<\/tr>\n<tr>\n<th>Veepaagi t\u00fc\u00fcp<\/th>\n<td>Elektrooniliselt juhitav<\/td>\n<\/tr>\n<tr>\n<th>Tolmumahuti maht<\/th>\n<td>600ml<\/td>\n<\/tr>\n<tr>\n<th>Veepaagi maht<\/th>\n<td>250ml<\/td>\n<\/tr>\n<tr>\n<th>Takistuste \u00fcletamine<\/th>\n<td>Kuni 2cm<\/td>\n<\/tr>\n<tr>\n<th>Materjal<\/th>\n<td>ABS<\/td>\n<\/tr>\n<tr>\n<th>M\u00f5\u00f5tmed<\/th>\n<td>340&#215;340<\/td>\n<\/tr>\n<\/tbody>\n<\/table>\n","protected":false},"excerpt":{"rendered":"<p>Midea M6 puhastusrobot Tegele millegi meeldivaga ja lase Midea M6 robotil puhastada sinu kodu p\u00f5randaid! Seade paistab silma 2000Pa imemisv\u00f5imsusega ning on varustatud V-kujulise harja ja kahe k\u00fclgharjaga, et see saaks mustusega suurep\u00e4raselt hakkama. See kasutab t\u00e4iustatud LDS-navigeerimist ja tagab t\u00f6\u00f6aja kuni 180 minutit. Samuti on sellel spetsiaalselt disainitud 2-\u00fches vee- ja tolmumahuti, mis v\u00f5imaldab [&hellip;]<\/p>\n","protected":false},"featured_media":11161,"comment_status":"closed","ping_status":"closed","template":"","meta":[],"product_brand":[],"product_cat":[812],"product_tag":[],"class_list":{"0":"post-11160","1":"product","2":"type-product","3":"status-publish","4":"has-post-thumbnail","6":"product_cat-robottolmuimejad","7":"product_shipping_class-innpro","9":"first","10":"instock","11":"sale","12":"taxable","13":"shipping-taxable","14":"purchasable","15":"product-type-simple"},"_links":{"self":[{"href":"https:\/\/blankpage.ee\/_ruumist-ruumi\/wp-json\/wp\/v2\/product\/11160","targetHints":{"allow":["GET"]}}],"collection":[{"href":"https:\/\/blankpage.ee\/_ruumist-ruumi\/wp-json\/wp\/v2\/product"}],"about":[{"href":"https:\/\/blankpage.ee\/_ruumist-ruumi\/wp-json\/wp\/v2\/types\/product"}],"replies":[{"embeddable":true,"href":"https:\/\/blankpage.ee\/_ruumist-ruumi\/wp-json\/wp\/v2\/comments?post=11160"}],"wp:featuredmedia":[{"embeddable":true,"href":"https:\/\/blankpage.ee\/_ruumist-ruumi\/wp-json\/wp\/v2\/media\/11161"}],"wp:attachment":[{"href":"https:\/\/blankpage.ee\/_ruumist-ruumi\/wp-json\/wp\/v2\/media?parent=11160"}],"wp:term":[{"taxonomy":"product_brand","embeddable":true,"href":"https:\/\/blankpage.ee\/_ruumist-ruumi\/wp-json\/wp\/v2\/product_brand?post=11160"},{"taxonomy":"product_cat","embeddable":true,"href":"https:\/\/blankpage.ee\/_ruumist-ruumi\/wp-json\/wp\/v2\/product_cat?post=11160"},{"taxonomy":"product_tag","embeddable":true,"href":"https:\/\/blankpage.ee\/_ruumist-ruumi\/wp-json\/wp\/v2\/product_tag?post=11160"}],"curies":[{"name":"wp","href":"https:\/\/api.w.org\/{rel}","templated":true}]}}