{"id":11181,"date":"2024-11-27T10:53:33","date_gmt":"2024-11-27T10:53:33","guid":{"rendered":"https:\/\/ruumistruumi.ee\/?post_type=product&#038;p=11181"},"modified":"2025-08-21T08:21:50","modified_gmt":"2025-08-21T08:21:50","slug":"robottolmuimeja-switchbot-mini-robot-k10","status":"publish","type":"product","link":"https:\/\/blankpage.ee\/_ruumist-ruumi\/pood\/robottolmuimeja-switchbot-mini-robot-k10\/","title":{"rendered":"Robottolmuimeja SwitchBot Mini Robot K10+"},"content":{"rendered":"<h3>SwitchBot Mini Robot K10+ robottolmuimeja .<\/h3>\n<p>Avasta puhastamise uus ajastu SwitchBotiga! SwitchBot Mini Robot Tolmuimeja K10+ on t\u00e4iuslik kombinatsioon uuenduslikust tehnoloogiast ja j\u00f5udlusest, mida vajate oma kodu korras hoidmiseks. See mitte ainult ei ime tolmu, vaid peseb ka p\u00f5randaid, j\u00e4ttes need t\u00e4iuslikult puhtaks ja v\u00e4rskeks. Nutikas navigeerimine, pikk t\u00f6\u00f6aeg ja \u00e4\u00e4rmiselt vaikne t\u00f6\u00f6 on vaid m\u00f5ned selle eelised, k\u00f5ik \u00e4\u00e4rmiselt kompaktses disainis.<\/p>\n<p><img loading=\"lazy\" decoding=\"async\" class=\"alignnone size-medium_large wp-image-11510\" src=\"https:\/\/blankpage.ee\/_ruumist-ruumi\/wp-content\/uploads\/2024\/11\/Robottolmuimeja-SwitchBot-Mini-Robot-K10-9-768x489.jpg\" alt=\"Robottolmuimeja SwitchBot Mini Robot K10+\" width=\"768\" height=\"489\" srcset=\"https:\/\/blankpage.ee\/_ruumist-ruumi\/wp-content\/uploads\/2024\/11\/Robottolmuimeja-SwitchBot-Mini-Robot-K10-9-768x489.jpg 768w, https:\/\/blankpage.ee\/_ruumist-ruumi\/wp-content\/uploads\/2024\/11\/Robottolmuimeja-SwitchBot-Mini-Robot-K10-9-300x191.jpg 300w, https:\/\/blankpage.ee\/_ruumist-ruumi\/wp-content\/uploads\/2024\/11\/Robottolmuimeja-SwitchBot-Mini-Robot-K10-9-400x255.jpg 400w, https:\/\/blankpage.ee\/_ruumist-ruumi\/wp-content\/uploads\/2024\/11\/Robottolmuimeja-SwitchBot-Mini-Robot-K10-9-922x587.jpg 922w, https:\/\/blankpage.ee\/_ruumist-ruumi\/wp-content\/uploads\/2024\/11\/Robottolmuimeja-SwitchBot-Mini-Robot-K10-9.jpg 1000w\" sizes=\"auto, (max-width: 768px) 100vw, 768px\" \/><\/p>\n<h3>Maksimaalne j\u00f5udlus kompaktses vormis<\/h3>\n<p>Mini Robot Tolmuimeja K10+ pakub muljetavaldavat 2,500 Pa imemisv\u00f5imsust, et hoida teie p\u00f5randad laitmatult puhtad &#8211; see saab kergesti hakkama tolmu, karvade v\u00f5i purudega! See tunneb vaibad nutikalt \u00e4ra ja suurendab automaatselt imemisv\u00f5imsust, et mustusega veelgi t\u00f5husamalt toime tulla. Pealegi, t\u00e4nu 4-tasemelisele imemisv\u00f5imsuse reguleerimisele, saate roboti j\u00f5udlust kohandada peaaegu igat t\u00fc\u00fcpi pindadele ning selle kompaktne disain v\u00f5imaldab j\u00f5uda k\u00f5ikidesse nurkadesse, puhastades p\u00f5hjalikult iga pinna tolli.<\/p>\n<p><img loading=\"lazy\" decoding=\"async\" class=\"alignnone size-medium_large wp-image-11513\" src=\"https:\/\/blankpage.ee\/_ruumist-ruumi\/wp-content\/uploads\/2024\/11\/Robottolmuimeja-SwitchBot-Mini-Robot-K10-4-768x489.jpg\" alt=\"Robottolmuimeja SwitchBot Mini Robot K10+\" width=\"768\" height=\"489\" srcset=\"https:\/\/blankpage.ee\/_ruumist-ruumi\/wp-content\/uploads\/2024\/11\/Robottolmuimeja-SwitchBot-Mini-Robot-K10-4-768x489.jpg 768w, https:\/\/blankpage.ee\/_ruumist-ruumi\/wp-content\/uploads\/2024\/11\/Robottolmuimeja-SwitchBot-Mini-Robot-K10-4-300x191.jpg 300w, https:\/\/blankpage.ee\/_ruumist-ruumi\/wp-content\/uploads\/2024\/11\/Robottolmuimeja-SwitchBot-Mini-Robot-K10-4-400x255.jpg 400w, https:\/\/blankpage.ee\/_ruumist-ruumi\/wp-content\/uploads\/2024\/11\/Robottolmuimeja-SwitchBot-Mini-Robot-K10-4-922x587.jpg 922w, https:\/\/blankpage.ee\/_ruumist-ruumi\/wp-content\/uploads\/2024\/11\/Robottolmuimeja-SwitchBot-Mini-Robot-K10-4.jpg 1000w\" sizes=\"auto, (max-width: 768px) 100vw, 768px\" \/><\/p>\n<h3>Veelgi rohkem aega puhastamiseks<\/h3>\n<p>T\u00e4islaetud puhastusrobot tagab kuni 120 minutit t\u00f6\u00f6tamist, nii et see saab p\u00f5hjalikult puhastada kuni 120 m\u00b2 ala! See t\u00e4hendab, et K10+ robot sobib suurep\u00e4raselt nii v\u00e4iksemate kui ka suuremate korterite jaoks. Te ei pea ka muretsema selle laadimise p\u00e4rast. Kui laetase on liiga madal, peatab robot automaatselt puhastamise, et energiat taastada, ja seej\u00e4rel naaseb sinna, kus pooleli j\u00e4i, et puhastamist j\u00e4tkata.<\/p>\n<p><img loading=\"lazy\" decoding=\"async\" class=\"alignnone size-medium_large wp-image-11509\" src=\"https:\/\/blankpage.ee\/_ruumist-ruumi\/wp-content\/uploads\/2024\/11\/Robottolmuimeja-SwitchBot-Mini-Robot-K10-7-768x489.jpg\" alt=\"Robottolmuimeja SwitchBot Mini Robot K10+\" width=\"768\" height=\"489\" srcset=\"https:\/\/blankpage.ee\/_ruumist-ruumi\/wp-content\/uploads\/2024\/11\/Robottolmuimeja-SwitchBot-Mini-Robot-K10-7-768x489.jpg 768w, https:\/\/blankpage.ee\/_ruumist-ruumi\/wp-content\/uploads\/2024\/11\/Robottolmuimeja-SwitchBot-Mini-Robot-K10-7-300x191.jpg 300w, https:\/\/blankpage.ee\/_ruumist-ruumi\/wp-content\/uploads\/2024\/11\/Robottolmuimeja-SwitchBot-Mini-Robot-K10-7-400x255.jpg 400w, https:\/\/blankpage.ee\/_ruumist-ruumi\/wp-content\/uploads\/2024\/11\/Robottolmuimeja-SwitchBot-Mini-Robot-K10-7-922x587.jpg 922w, https:\/\/blankpage.ee\/_ruumist-ruumi\/wp-content\/uploads\/2024\/11\/Robottolmuimeja-SwitchBot-Mini-Robot-K10-7.jpg 1000w\" sizes=\"auto, (max-width: 768px) 100vw, 768px\" \/><\/p>\n<h3>Nutikas navigeerimiss\u00fcsteem<\/h3>\n<p>SwitchBoti puhastusrobot leiab teie kodus ideaalselt tee &#8211; k\u00f5ik t\u00e4nu LDS nutikale navigeerimiss\u00fcsteemile. See skaneerib t\u00e4pselt oma \u00fcmbrust, luues t\u00e4pse kaardi teie kodust, mis v\u00f5imaldab planeerida k\u00f5ige t\u00f5husama puhastusteekonna. Samuti tuvastab see nutikalt takistusi ja v\u00e4ldib neid ning selle v\u00f5ime \u00fcletada kuni 2 cm k\u00f5rguseid takistusi v\u00f5imaldab h\u00f5lpsasti toime tulla l\u00e4vede v\u00f5i vaipadega oma teel. Isegi pimedad ruumid ei ole probleemiks!<\/p>\n<p><img loading=\"lazy\" decoding=\"async\" class=\"alignnone size-medium_large wp-image-11511\" src=\"https:\/\/blankpage.ee\/_ruumist-ruumi\/wp-content\/uploads\/2024\/11\/Robottolmuimeja-SwitchBot-Mini-Robot-K10-2-768x489.jpg\" alt=\"Robottolmuimeja SwitchBot Mini Robot K10+\" width=\"768\" height=\"489\" srcset=\"https:\/\/blankpage.ee\/_ruumist-ruumi\/wp-content\/uploads\/2024\/11\/Robottolmuimeja-SwitchBot-Mini-Robot-K10-2-768x489.jpg 768w, https:\/\/blankpage.ee\/_ruumist-ruumi\/wp-content\/uploads\/2024\/11\/Robottolmuimeja-SwitchBot-Mini-Robot-K10-2-300x191.jpg 300w, https:\/\/blankpage.ee\/_ruumist-ruumi\/wp-content\/uploads\/2024\/11\/Robottolmuimeja-SwitchBot-Mini-Robot-K10-2-400x255.jpg 400w, https:\/\/blankpage.ee\/_ruumist-ruumi\/wp-content\/uploads\/2024\/11\/Robottolmuimeja-SwitchBot-Mini-Robot-K10-2-922x587.jpg 922w, https:\/\/blankpage.ee\/_ruumist-ruumi\/wp-content\/uploads\/2024\/11\/Robottolmuimeja-SwitchBot-Mini-Robot-K10-2.jpg 1000w\" sizes=\"auto, (max-width: 768px) 100vw, 768px\" \/><\/p>\n<h3>Ei mingit kontakti mustusega<\/h3>\n<p>Lase robotil t\u00f6\u00f6 enda eest \u00e4ra teha, andes sulle rohkem aega asjadele, mida t\u00f5eliselt naudid. Mini Robot Tolmuimeja K10+ naaseb automaatselt oma baasjaama, kus see t\u00fchjendab mustusepaagi iseseisvalt. Jaam pakub mahutavust koguni 4 liitrit, mis t\u00e4hendab kuni 70 p\u00e4eva ilma t\u00fchjendamiseta.<\/p>\n<p><img loading=\"lazy\" decoding=\"async\" class=\"alignnone size-medium_large wp-image-11507\" src=\"https:\/\/blankpage.ee\/_ruumist-ruumi\/wp-content\/uploads\/2024\/11\/Robottolmuimeja-SwitchBot-Mini-Robot-K10-5-768x489.jpg\" alt=\"Robottolmuimeja SwitchBot Mini Robot K10+\" width=\"768\" height=\"489\" srcset=\"https:\/\/blankpage.ee\/_ruumist-ruumi\/wp-content\/uploads\/2024\/11\/Robottolmuimeja-SwitchBot-Mini-Robot-K10-5-768x489.jpg 768w, https:\/\/blankpage.ee\/_ruumist-ruumi\/wp-content\/uploads\/2024\/11\/Robottolmuimeja-SwitchBot-Mini-Robot-K10-5-300x191.jpg 300w, https:\/\/blankpage.ee\/_ruumist-ruumi\/wp-content\/uploads\/2024\/11\/Robottolmuimeja-SwitchBot-Mini-Robot-K10-5-400x255.jpg 400w, https:\/\/blankpage.ee\/_ruumist-ruumi\/wp-content\/uploads\/2024\/11\/Robottolmuimeja-SwitchBot-Mini-Robot-K10-5-922x587.jpg 922w, https:\/\/blankpage.ee\/_ruumist-ruumi\/wp-content\/uploads\/2024\/11\/Robottolmuimeja-SwitchBot-Mini-Robot-K10-5.jpg 1000w\" sizes=\"auto, (max-width: 768px) 100vw, 768px\" \/><\/p>\n<h3>Juhi seda kaugelt<\/h3>\n<p>Puhastusroboti juhtimine on lihtsam, kui arvate! P\u00fchendatud rakendus v\u00f5imaldab teil mitte ainult seadet kaugjuhtimise teel sisse ja v\u00e4lja l\u00fclitada, vaid ka puhastamise ajakavasid planeerida ja isegi selle edenemist j\u00e4lgida. Sellega saate luua virtuaalseid seinu ja keelatud tsoone, mis v\u00f5imaldavad teil kontrollida, kuhu robot v\u00f5ib ja ei tohi minna. K10+ on samuti \u00fchilduv populaarsete h\u00e4\u00e4lassistentidega (Google Assistant, Amazon Alexa, Siri ja IFTTT). N\u00fc\u00fcd saate seda juhtida lihtsate h\u00e4\u00e4lk\u00e4sklustega ilma nutitelefoni j\u00e4rele haaramata!<\/p>\n<p><img loading=\"lazy\" decoding=\"async\" class=\"alignnone size-medium_large wp-image-11508\" src=\"https:\/\/blankpage.ee\/_ruumist-ruumi\/wp-content\/uploads\/2024\/11\/Robottolmuimeja-SwitchBot-Mini-Robot-K10-6-768x489.jpg\" alt=\"Robottolmuimeja SwitchBot Mini Robot K10+\" width=\"768\" height=\"489\" srcset=\"https:\/\/blankpage.ee\/_ruumist-ruumi\/wp-content\/uploads\/2024\/11\/Robottolmuimeja-SwitchBot-Mini-Robot-K10-6-768x489.jpg 768w, https:\/\/blankpage.ee\/_ruumist-ruumi\/wp-content\/uploads\/2024\/11\/Robottolmuimeja-SwitchBot-Mini-Robot-K10-6-300x191.jpg 300w, https:\/\/blankpage.ee\/_ruumist-ruumi\/wp-content\/uploads\/2024\/11\/Robottolmuimeja-SwitchBot-Mini-Robot-K10-6-400x255.jpg 400w, https:\/\/blankpage.ee\/_ruumist-ruumi\/wp-content\/uploads\/2024\/11\/Robottolmuimeja-SwitchBot-Mini-Robot-K10-6-922x587.jpg 922w, https:\/\/blankpage.ee\/_ruumist-ruumi\/wp-content\/uploads\/2024\/11\/Robottolmuimeja-SwitchBot-Mini-Robot-K10-6.jpg 1000w\" sizes=\"auto, (max-width: 768px) 100vw, 768px\" \/><\/p>\n<h3>Puhasta vaikselt<\/h3>\n<p>Unusta t\u00fc\u00fctu m\u00fcra! Oma uuendusliku m\u00fcrav\u00e4henduss\u00fcsteemiga ei \u00fcleta SwitchBoti puhastusroboti helitugevus 45 dB. See v\u00f5imaldab Mini Robot Tolmuimejal K10+ t\u00f6\u00f6tada igal ajal p\u00e4eval v\u00f5i \u00f6\u00f6sel! N\u00fc\u00fcd saate nautida laitmatut puhtust, h\u00e4irimata teiste pereliikmete rahu ja vaikust.<\/p>\n<p><img loading=\"lazy\" decoding=\"async\" class=\"alignnone size-medium_large wp-image-11512\" src=\"https:\/\/blankpage.ee\/_ruumist-ruumi\/wp-content\/uploads\/2024\/11\/Robottolmuimeja-SwitchBot-Mini-Robot-K10-3-768x489.jpg\" alt=\"Robottolmuimeja SwitchBot Mini Robot K10+\" width=\"768\" height=\"489\" srcset=\"https:\/\/blankpage.ee\/_ruumist-ruumi\/wp-content\/uploads\/2024\/11\/Robottolmuimeja-SwitchBot-Mini-Robot-K10-3-768x489.jpg 768w, https:\/\/blankpage.ee\/_ruumist-ruumi\/wp-content\/uploads\/2024\/11\/Robottolmuimeja-SwitchBot-Mini-Robot-K10-3-300x191.jpg 300w, https:\/\/blankpage.ee\/_ruumist-ruumi\/wp-content\/uploads\/2024\/11\/Robottolmuimeja-SwitchBot-Mini-Robot-K10-3-400x255.jpg 400w, https:\/\/blankpage.ee\/_ruumist-ruumi\/wp-content\/uploads\/2024\/11\/Robottolmuimeja-SwitchBot-Mini-Robot-K10-3-922x587.jpg 922w, https:\/\/blankpage.ee\/_ruumist-ruumi\/wp-content\/uploads\/2024\/11\/Robottolmuimeja-SwitchBot-Mini-Robot-K10-3.jpg 1000w\" sizes=\"auto, (max-width: 768px) 100vw, 768px\" \/><\/p>\n<h3>Komplekti kuulub<\/h3>\n<ul>\n<li>puhastusrobot<\/li>\n<li>t\u00fchjendusjaam<\/li>\n<li>mopihoidja<\/li>\n<li>k\u00fclgharja x2<\/li>\n<li>hooldust\u00f6\u00f6riist<\/li>\n<li>tolmukott x2<\/li>\n<li>filter x2<\/li>\n<li>\u00fchekordsed mopiriided x20<\/li>\n<li>toitejuhe<\/li>\n<li>kasutusjuhend<\/li>\n<\/ul>\n<div class=\"table-wrapper\">\n<table>\n<tbody>\n<tr>\n<th>Tootja<\/th>\n<td>SwitchBot<\/td>\n<\/tr>\n<tr>\n<th>Mudel<\/th>\n<td>K10+<\/td>\n<\/tr>\n<tr>\n<th>Imemisv\u00f5imsus<\/th>\n<td>2500 Pa<\/td>\n<\/tr>\n<tr>\n<th>Puhastusfunktsioon<\/th>\n<td>Jah<\/td>\n<\/tr>\n<tr>\n<th>Maksimaalne t\u00f6\u00f6aeg<\/th>\n<td>120 minutit<\/td>\n<\/tr>\n<tr>\n<th>Maksimaalne puhastamisala<\/th>\n<td>120 m2<\/td>\n<\/tr>\n<tr>\n<th>Helitase<\/th>\n<td>45 dB<\/td>\n<\/tr>\n<tr>\n<th>Navigeerimiss\u00fcsteem<\/th>\n<td>LDS<\/td>\n<\/tr>\n<tr>\n<th>Puhastusroboti paagi mahutavus<\/th>\n<td>150 ml<\/td>\n<\/tr>\n<tr>\n<th>T\u00fchjendusjaama paagi mahutavus<\/th>\n<td>4 l<\/td>\n<\/tr>\n<tr>\n<th>Puhastusroboti m\u00f5\u00f5tmed<\/th>\n<td>248 x 248 x 92 mm<\/td>\n<\/tr>\n<tr>\n<th>T\u00fchjendusjaama m\u00f5\u00f5tmed<\/th>\n<td>261 x 210 x 323 mm<\/td>\n<\/tr>\n<tr>\n<th>Puhastusroboti kaal<\/th>\n<td>Ligikaudu 2.3 kg<\/td>\n<\/tr>\n<tr>\n<th>T\u00fchjendusjaama kaal<\/th>\n<td>Ligikaudu 3.6 kg<\/td>\n<\/tr>\n<tr>\n<th>\u00dchilduvus h\u00e4\u00e4lassistentidega<\/th>\n<td>Google Assistant \/ Amazon Alexa \/ Siri \/ IFTTT.<\/td>\n<\/tr>\n<tr>\n<th>Rakendus<\/th>\n<td>SwitchBot<\/td>\n<\/tr>\n<tr>\n<th>S\u00fcsteemin\u00f5uded<\/th>\n<td>iOS 12.0 v\u00f5i uuem, Android OS 5.0 v\u00f5i uuem<\/td>\n<\/tr>\n<\/tbody>\n<\/table>\n<\/div>\n","protected":false},"excerpt":{"rendered":"<p>SwitchBot Mini Robot K10+ robottolmuimeja . Avasta puhastamise uus ajastu SwitchBotiga! SwitchBot Mini Robot Tolmuimeja K10+ on t\u00e4iuslik kombinatsioon uuenduslikust tehnoloogiast ja j\u00f5udlusest, mida vajate oma kodu korras hoidmiseks. See mitte ainult ei ime tolmu, vaid peseb ka p\u00f5randaid, j\u00e4ttes need t\u00e4iuslikult puhtaks ja v\u00e4rskeks. Nutikas navigeerimine, pikk t\u00f6\u00f6aeg ja \u00e4\u00e4rmiselt vaikne t\u00f6\u00f6 on vaid [&hellip;]<\/p>\n","protected":false},"featured_media":11182,"comment_status":"closed","ping_status":"closed","template":"","meta":[],"product_brand":[],"product_cat":[812],"product_tag":[],"class_list":{"0":"post-11181","1":"product","2":"type-product","3":"status-publish","4":"has-post-thumbnail","6":"product_cat-robottolmuimejad","7":"product_shipping_class-innpro","9":"first","10":"instock","11":"sale","12":"taxable","13":"shipping-taxable","14":"purchasable","15":"product-type-simple"},"_links":{"self":[{"href":"https:\/\/blankpage.ee\/_ruumist-ruumi\/wp-json\/wp\/v2\/product\/11181","targetHints":{"allow":["GET"]}}],"collection":[{"href":"https:\/\/blankpage.ee\/_ruumist-ruumi\/wp-json\/wp\/v2\/product"}],"about":[{"href":"https:\/\/blankpage.ee\/_ruumist-ruumi\/wp-json\/wp\/v2\/types\/product"}],"replies":[{"embeddable":true,"href":"https:\/\/blankpage.ee\/_ruumist-ruumi\/wp-json\/wp\/v2\/comments?post=11181"}],"wp:featuredmedia":[{"embeddable":true,"href":"https:\/\/blankpage.ee\/_ruumist-ruumi\/wp-json\/wp\/v2\/media\/11182"}],"wp:attachment":[{"href":"https:\/\/blankpage.ee\/_ruumist-ruumi\/wp-json\/wp\/v2\/media?parent=11181"}],"wp:term":[{"taxonomy":"product_brand","embeddable":true,"href":"https:\/\/blankpage.ee\/_ruumist-ruumi\/wp-json\/wp\/v2\/product_brand?post=11181"},{"taxonomy":"product_cat","embeddable":true,"href":"https:\/\/blankpage.ee\/_ruumist-ruumi\/wp-json\/wp\/v2\/product_cat?post=11181"},{"taxonomy":"product_tag","embeddable":true,"href":"https:\/\/blankpage.ee\/_ruumist-ruumi\/wp-json\/wp\/v2\/product_tag?post=11181"}],"curies":[{"name":"wp","href":"https:\/\/api.w.org\/{rel}","templated":true}]}}