{"id":11208,"date":"2024-11-27T10:56:39","date_gmt":"2024-11-27T10:56:39","guid":{"rendered":"https:\/\/ruumistruumi.ee\/?post_type=product&#038;p=11208"},"modified":"2025-07-02T21:27:23","modified_gmt":"2025-07-02T21:27:23","slug":"robottolmuimeja-lubluelu-sl60-plus-must","status":"publish","type":"product","link":"https:\/\/blankpage.ee\/_ruumist-ruumi\/pood\/robottolmuimeja-lubluelu-sl60-plus-must\/","title":{"rendered":"Robottolmuimeja Lubluelu SL60 Plus (must)"},"content":{"rendered":"<h3>Lubluelu SL60 Plus puhastusrobot (Must).<\/h3>\n<p>Varusta end seadmega, mis vabastab sind kodut\u00f6\u00f6dest. Lubluelu SL60 Plus puhastusrobot tolmuimeb ja mopib p\u00f5randaid p\u00f5hjalikult ning t\u00e4nu kaasasolevale jaamale t\u00fchjendab automaatselt oma j\u00e4\u00e4tmemahuti. See paistab silma 4 000 Pa imemisv\u00f5imsuse poolest ning t\u00f6\u00f6aeg ulatub 120 minutini. Seade kasutab ka t\u00e4iustatud LiDAR navigatsioonis\u00fcsteemi ja on \u00fchilduv Smartlife \/ Tuya rakendusega.<\/p>\n<p><img loading=\"lazy\" decoding=\"async\" class=\"alignnone size-medium_large wp-image-11539\" src=\"https:\/\/blankpage.ee\/_ruumist-ruumi\/wp-content\/uploads\/2024\/11\/Robottolmuimeja-Lubluelu-SL60-Plus-6-768x489.webp\" alt=\"Robottolmuimeja Lubluelu SL60 Plus\" width=\"768\" height=\"489\" srcset=\"https:\/\/blankpage.ee\/_ruumist-ruumi\/wp-content\/uploads\/2024\/11\/Robottolmuimeja-Lubluelu-SL60-Plus-6-768x489.webp 768w, https:\/\/blankpage.ee\/_ruumist-ruumi\/wp-content\/uploads\/2024\/11\/Robottolmuimeja-Lubluelu-SL60-Plus-6-300x191.webp 300w, https:\/\/blankpage.ee\/_ruumist-ruumi\/wp-content\/uploads\/2024\/11\/Robottolmuimeja-Lubluelu-SL60-Plus-6-400x255.webp 400w, https:\/\/blankpage.ee\/_ruumist-ruumi\/wp-content\/uploads\/2024\/11\/Robottolmuimeja-Lubluelu-SL60-Plus-6-922x587.webp 922w, https:\/\/blankpage.ee\/_ruumist-ruumi\/wp-content\/uploads\/2024\/11\/Robottolmuimeja-Lubluelu-SL60-Plus-6.webp 1000w\" sizes=\"auto, (max-width: 768px) 100vw, 768px\" \/><\/p>\n<h3>Automaatne tolmumahuti t\u00fchjendamine<\/h3>\n<p>Sa ei pea enam oma k\u00e4si m\u00e4\u00e4rima ega aega raiskama roboti tolmumahuti k\u00e4sitsi t\u00fchjendamisele. SL60 Plus teeb seda sinu eest! See sisaldab spetsiaalset t\u00fchjendusjaama, mille imemisv\u00f5imsus on 30 000 Pa, nii et see imeb mustuse kiiresti \u00e4ra. Selle pr\u00fcgikoti mahutavus on koguni 2,5 liitrit &#8211; piisavalt suur, et seda vahetada ainult iga 60 p\u00e4eva tagant.<\/p>\n<p><img loading=\"lazy\" decoding=\"async\" class=\"alignnone size-medium_large wp-image-11543\" src=\"https:\/\/blankpage.ee\/_ruumist-ruumi\/wp-content\/uploads\/2024\/11\/Robottolmuimeja-Lubluelu-SL60-Plus-1-768x490.jpg\" alt=\"Robottolmuimeja Lubluelu SL60 Plus\" width=\"768\" height=\"490\" srcset=\"https:\/\/blankpage.ee\/_ruumist-ruumi\/wp-content\/uploads\/2024\/11\/Robottolmuimeja-Lubluelu-SL60-Plus-1-768x490.jpg 768w, https:\/\/blankpage.ee\/_ruumist-ruumi\/wp-content\/uploads\/2024\/11\/Robottolmuimeja-Lubluelu-SL60-Plus-1-300x191.jpg 300w, https:\/\/blankpage.ee\/_ruumist-ruumi\/wp-content\/uploads\/2024\/11\/Robottolmuimeja-Lubluelu-SL60-Plus-1-400x255.jpg 400w, https:\/\/blankpage.ee\/_ruumist-ruumi\/wp-content\/uploads\/2024\/11\/Robottolmuimeja-Lubluelu-SL60-Plus-1-922x588.jpg 922w, https:\/\/blankpage.ee\/_ruumist-ruumi\/wp-content\/uploads\/2024\/11\/Robottolmuimeja-Lubluelu-SL60-Plus-1.jpg 1000w\" sizes=\"auto, (max-width: 768px) 100vw, 768px\" \/><\/p>\n<h3>Saab kiiresti mustusega hakkama<\/h3>\n<p>\u00dctle h\u00fcvasti k\u00f5ikjal leviva mustusega. SL60 Plus robot on varustatud v\u00f5imsa harjadeta mootoriga ja pakub kuni 4 000 Pa imemisv\u00f5imsust. See v\u00f5imaldab kiiresti ja t\u00f5husalt eemaldada tolmu, puru ja karvu! Seade v\u00f5imaldab valida 3 imemistaseme vahel, et saaksid kohandada selle t\u00f6\u00f6d oma ootustele vastavaks. Kuid v\u00f5imalused ei l\u00f5pe siin &#8211; robot on v\u00f5imeline vaipadel automaatselt oma v\u00f5imsust suurendama veelgi p\u00f5hjalikumaks puhastamiseks.<\/p>\n<p><img loading=\"lazy\" decoding=\"async\" class=\"alignnone size-medium_large wp-image-11544\" src=\"https:\/\/blankpage.ee\/_ruumist-ruumi\/wp-content\/uploads\/2024\/11\/Robottolmuimeja-Lubluelu-SL60-Plus-3-768x490.jpg\" alt=\"Robottolmuimeja Lubluelu SL60 Plus\" width=\"768\" height=\"490\" srcset=\"https:\/\/blankpage.ee\/_ruumist-ruumi\/wp-content\/uploads\/2024\/11\/Robottolmuimeja-Lubluelu-SL60-Plus-3-768x490.jpg 768w, https:\/\/blankpage.ee\/_ruumist-ruumi\/wp-content\/uploads\/2024\/11\/Robottolmuimeja-Lubluelu-SL60-Plus-3-300x191.jpg 300w, https:\/\/blankpage.ee\/_ruumist-ruumi\/wp-content\/uploads\/2024\/11\/Robottolmuimeja-Lubluelu-SL60-Plus-3-400x255.jpg 400w, https:\/\/blankpage.ee\/_ruumist-ruumi\/wp-content\/uploads\/2024\/11\/Robottolmuimeja-Lubluelu-SL60-Plus-3-922x588.jpg 922w, https:\/\/blankpage.ee\/_ruumist-ruumi\/wp-content\/uploads\/2024\/11\/Robottolmuimeja-Lubluelu-SL60-Plus-3.jpg 1000w\" sizes=\"auto, (max-width: 768px) 100vw, 768px\" \/><\/p>\n<h3>Puhas ja l\u00e4ikiv p\u00f5rand<\/h3>\n<p>SL60 Plus robot hoolitseb ka m\u00e4rgpuhastuse eest. Seade v\u00f5imaldab valida 3 veevoolu taseme vahel ja suudab j\u00e4ljendada k\u00e4sitsi moppimist, nii et eemaldab kergesti ka kangekaelsed plekid. Unusta koera porij\u00e4ljed ja mahavoolanud joogid! Veelgi enam, robot kasutab tipptasemel elektroonilist pumpa, et kontrollida oma t\u00f6\u00f6d ja v\u00e4ltida lekkeid.<\/p>\n<p><img loading=\"lazy\" decoding=\"async\" class=\"alignnone size-medium_large wp-image-11540\" src=\"https:\/\/blankpage.ee\/_ruumist-ruumi\/wp-content\/uploads\/2024\/11\/Robottolmuimeja-Lubluelu-SL60-Plus-8-768x489.webp\" alt=\"Robottolmuimeja Lubluelu SL60 Plus\" width=\"768\" height=\"489\" srcset=\"https:\/\/blankpage.ee\/_ruumist-ruumi\/wp-content\/uploads\/2024\/11\/Robottolmuimeja-Lubluelu-SL60-Plus-8-768x489.webp 768w, https:\/\/blankpage.ee\/_ruumist-ruumi\/wp-content\/uploads\/2024\/11\/Robottolmuimeja-Lubluelu-SL60-Plus-8-300x191.webp 300w, https:\/\/blankpage.ee\/_ruumist-ruumi\/wp-content\/uploads\/2024\/11\/Robottolmuimeja-Lubluelu-SL60-Plus-8-400x255.webp 400w, https:\/\/blankpage.ee\/_ruumist-ruumi\/wp-content\/uploads\/2024\/11\/Robottolmuimeja-Lubluelu-SL60-Plus-8-922x587.webp 922w, https:\/\/blankpage.ee\/_ruumist-ruumi\/wp-content\/uploads\/2024\/11\/Robottolmuimeja-Lubluelu-SL60-Plus-8.webp 1000w\" sizes=\"auto, (max-width: 768px) 100vw, 768px\" \/><\/p>\n<h3>Toimib h\u00e4sti igas kodus<\/h3>\n<p>T\u00e4nu t\u00e4iustatud anduritele ei pea sa muretsema, et robot kuskile kinni j\u00e4\u00e4b, trepist alla kukub v\u00f5i m\u00f6\u00f6bliga kokku p\u00f5rkab. Veelgi enam, seade kasutab t\u00e4iustatud LiDAR navigatsioonis\u00fcsteemi, mille ulatus on kuni 8 meetrit ja k\u00f5rge t\u00e4psus. See v\u00f5imaldab kiiresti ruume skaneerida ja t\u00e4pseid kaarte luua. SL60 Plus j\u00e4rgib siksak-kujulist rada ja suudab topeltpuhastada (edasi-tagasi) kuni 10 m2 suurustes ruumides. K\u00f5ik see muudab k\u00f5ige kangekaelsema mustuse, nagu tolmu ja karvad, k\u00f5rvaldamise lihtsaks.<\/p>\n<p><img loading=\"lazy\" decoding=\"async\" class=\"alignnone size-medium_large wp-image-11538\" src=\"https:\/\/blankpage.ee\/_ruumist-ruumi\/wp-content\/uploads\/2024\/11\/Robottolmuimeja-Lubluelu-SL60-Plus-4-768x489.jpg\" alt=\"Robottolmuimeja Lubluelu SL60 Plus\" width=\"768\" height=\"489\" srcset=\"https:\/\/blankpage.ee\/_ruumist-ruumi\/wp-content\/uploads\/2024\/11\/Robottolmuimeja-Lubluelu-SL60-Plus-4-768x489.jpg 768w, https:\/\/blankpage.ee\/_ruumist-ruumi\/wp-content\/uploads\/2024\/11\/Robottolmuimeja-Lubluelu-SL60-Plus-4-300x191.jpg 300w, https:\/\/blankpage.ee\/_ruumist-ruumi\/wp-content\/uploads\/2024\/11\/Robottolmuimeja-Lubluelu-SL60-Plus-4-400x255.jpg 400w, https:\/\/blankpage.ee\/_ruumist-ruumi\/wp-content\/uploads\/2024\/11\/Robottolmuimeja-Lubluelu-SL60-Plus-4-922x587.jpg 922w, https:\/\/blankpage.ee\/_ruumist-ruumi\/wp-content\/uploads\/2024\/11\/Robottolmuimeja-Lubluelu-SL60-Plus-4.jpg 1000w\" sizes=\"auto, (max-width: 768px) 100vw, 768px\" \/><\/p>\n<h3>Juhtimine rakendusega ja rohkem<\/h3>\n<p>T\u00e4nu \u00fchilduvusele Smartlife \/ Tuya rakendusega on roboti kasutamine \u00e4\u00e4rmiselt lihtne ja mugav. Kasuta seda n\u00e4iteks t\u00f6\u00f6plaani koostamiseks, kohapealseks v\u00f5i servade puhastamiseks, seadete muutmiseks, konkreetse ala puhastamise kohandamiseks, keelutsooni loomiseks ja palju muud. Seade on \u00fchilduv ka Amazon Alexa assistendiga, nii et saad seda h\u00e4\u00e4lega juhtida. N\u00fc\u00fcd, vaid m\u00f5ne s\u00f5naga, hakkab robot koristama &#8211; sul pole isegi vaja telefoni kaasas kanda.<\/p>\n<p><img loading=\"lazy\" decoding=\"async\" class=\"alignnone size-medium_large wp-image-11541\" src=\"https:\/\/blankpage.ee\/_ruumist-ruumi\/wp-content\/uploads\/2024\/11\/Robottolmuimeja-Lubluelu-SL60-Plus-9-768x489.webp\" alt=\"Robottolmuimeja Lubluelu SL60 Plus\" width=\"768\" height=\"489\" srcset=\"https:\/\/blankpage.ee\/_ruumist-ruumi\/wp-content\/uploads\/2024\/11\/Robottolmuimeja-Lubluelu-SL60-Plus-9-768x489.webp 768w, https:\/\/blankpage.ee\/_ruumist-ruumi\/wp-content\/uploads\/2024\/11\/Robottolmuimeja-Lubluelu-SL60-Plus-9-300x191.webp 300w, https:\/\/blankpage.ee\/_ruumist-ruumi\/wp-content\/uploads\/2024\/11\/Robottolmuimeja-Lubluelu-SL60-Plus-9-400x255.webp 400w, https:\/\/blankpage.ee\/_ruumist-ruumi\/wp-content\/uploads\/2024\/11\/Robottolmuimeja-Lubluelu-SL60-Plus-9-922x587.webp 922w, https:\/\/blankpage.ee\/_ruumist-ruumi\/wp-content\/uploads\/2024\/11\/Robottolmuimeja-Lubluelu-SL60-Plus-9.webp 1000w\" sizes=\"auto, (max-width: 768px) 100vw, 768px\" \/><\/p>\n<h3>Pikk t\u00f6\u00f6aeg, automaatne laadimine<\/h3>\n<p>V\u00f5imas 2600 mAh aku tagab kuni 120 minutit katkematut roboti t\u00f6\u00f6d. See teeb SL60 Plus&#8217;ist ideaalse valiku nii v\u00e4ikestele kui suurtele kodudele! Sa ei pea ka meeles pidama selle laadimist. Kui aku laetuse tase langeb 15%-ni, naaseb seade automaatselt oma jaama ning kui see on energiat taastanud, j\u00e4tkab see lihtsalt puhastamist sealt, kus pooleli j\u00e4i.<\/p>\n<p><img loading=\"lazy\" decoding=\"async\" class=\"alignnone size-medium_large wp-image-11542\" src=\"https:\/\/blankpage.ee\/_ruumist-ruumi\/wp-content\/uploads\/2024\/11\/Robottolmuimeja-Lubluelu-SL60-Plus-5-768x488.webp\" alt=\"Robottolmuimeja Lubluelu SL60 Plus\" width=\"768\" height=\"488\" srcset=\"https:\/\/blankpage.ee\/_ruumist-ruumi\/wp-content\/uploads\/2024\/11\/Robottolmuimeja-Lubluelu-SL60-Plus-5-768x488.webp 768w, https:\/\/blankpage.ee\/_ruumist-ruumi\/wp-content\/uploads\/2024\/11\/Robottolmuimeja-Lubluelu-SL60-Plus-5-300x191.webp 300w, https:\/\/blankpage.ee\/_ruumist-ruumi\/wp-content\/uploads\/2024\/11\/Robottolmuimeja-Lubluelu-SL60-Plus-5-400x254.webp 400w, https:\/\/blankpage.ee\/_ruumist-ruumi\/wp-content\/uploads\/2024\/11\/Robottolmuimeja-Lubluelu-SL60-Plus-5-922x586.webp 922w, https:\/\/blankpage.ee\/_ruumist-ruumi\/wp-content\/uploads\/2024\/11\/Robottolmuimeja-Lubluelu-SL60-Plus-5.webp 1000w\" sizes=\"auto, (max-width: 768px) 100vw, 768px\" \/><\/p>\n<h3>Komplektis<\/h3>\n<ul class=\"list-disc\">\n<li>Puhastusrobot<\/li>\n<li>2-\u00fches tolmu ja vee mahuti<\/li>\n<li>Laadimisjaam<\/li>\n<li>Pr\u00fcgikott<\/li>\n<li>Moppimispadi<\/li>\n<li>Toiteadapter<\/li>\n<li>K\u00fclgharja<\/li>\n<li>Lisavarustus HEPA filter<\/li>\n<li>Puhastust\u00f6\u00f6riist<\/li>\n<li>Kasutusjuhend<\/li>\n<\/ul>\n<div class=\"table-wrapper\">\n<h3><\/h3>\n<table>\n<tbody>\n<tr>\n<th>Tootja<\/th>\n<td>Lubluelu<\/td>\n<\/tr>\n<tr>\n<th>Mudel<\/th>\n<td>SL60 Plus<\/td>\n<\/tr>\n<tr>\n<th>Imemisv\u00f5imsus<\/th>\n<td>4000 Pa<\/td>\n<\/tr>\n<tr>\n<th>V\u00f5imsus<\/th>\n<td>42 W<\/td>\n<\/tr>\n<tr>\n<th>Veevoolu tasemete arv<\/th>\n<td>3<\/td>\n<\/tr>\n<tr>\n<th>Imemistasemete arv<\/th>\n<td>3<\/td>\n<\/tr>\n<tr>\n<th>T\u00f6\u00f6aeg<\/th>\n<td>Kuni 120 min<\/td>\n<\/tr>\n<tr>\n<th>Tolmumahuti mahutavus<\/th>\n<td>200 ml<\/td>\n<\/tr>\n<tr>\n<th>Veepaagi mahutavus<\/th>\n<td>250 ml<\/td>\n<\/tr>\n<tr>\n<th>Moppimine<\/th>\n<td>Jah<\/td>\n<\/tr>\n<tr>\n<th>Isepuhastuse funktsioon<\/th>\n<td>Ei<\/td>\n<\/tr>\n<tr>\n<th>Navigatsioonis\u00fcsteem<\/th>\n<td>LiDAR<\/td>\n<\/tr>\n<tr>\n<th>Akumahutavus<\/th>\n<td>2600 mAh<\/td>\n<\/tr>\n<tr>\n<th>Laadimisaeg<\/th>\n<td>Ligikaudu 4-5 h<\/td>\n<\/tr>\n<tr>\n<th>M\u00fcratase<\/th>\n<td>Ligikaudu 55 dB<\/td>\n<\/tr>\n<tr>\n<th>Filtrit\u00fc\u00fcp<\/th>\n<td>HEPA H11<\/td>\n<\/tr>\n<tr>\n<th>Kaal<\/th>\n<td>7,9 kg<\/td>\n<\/tr>\n<tr>\n<th>Rakendus<\/th>\n<td>Smartlife \/ Tuya<\/td>\n<\/tr>\n<\/tbody>\n<\/table>\n<\/div>\n","protected":false},"excerpt":{"rendered":"<p>Lubluelu SL60 Plus puhastusrobot (Must). Varusta end seadmega, mis vabastab sind kodut\u00f6\u00f6dest. Lubluelu SL60 Plus puhastusrobot tolmuimeb ja mopib p\u00f5randaid p\u00f5hjalikult ning t\u00e4nu kaasasolevale jaamale t\u00fchjendab automaatselt oma j\u00e4\u00e4tmemahuti. See paistab silma 4 000 Pa imemisv\u00f5imsuse poolest ning t\u00f6\u00f6aeg ulatub 120 minutini. Seade kasutab ka t\u00e4iustatud LiDAR navigatsioonis\u00fcsteemi ja on \u00fchilduv Smartlife \/ Tuya rakendusega. [&hellip;]<\/p>\n","protected":false},"featured_media":11209,"comment_status":"closed","ping_status":"closed","template":"","meta":[],"product_brand":[],"product_cat":[812],"product_tag":[],"class_list":{"0":"post-11208","1":"product","2":"type-product","3":"status-publish","4":"has-post-thumbnail","6":"product_cat-robottolmuimejad","7":"product_shipping_class-innpro","9":"first","10":"instock","11":"sale","12":"taxable","13":"shipping-taxable","14":"purchasable","15":"product-type-simple"},"_links":{"self":[{"href":"https:\/\/blankpage.ee\/_ruumist-ruumi\/wp-json\/wp\/v2\/product\/11208","targetHints":{"allow":["GET"]}}],"collection":[{"href":"https:\/\/blankpage.ee\/_ruumist-ruumi\/wp-json\/wp\/v2\/product"}],"about":[{"href":"https:\/\/blankpage.ee\/_ruumist-ruumi\/wp-json\/wp\/v2\/types\/product"}],"replies":[{"embeddable":true,"href":"https:\/\/blankpage.ee\/_ruumist-ruumi\/wp-json\/wp\/v2\/comments?post=11208"}],"wp:featuredmedia":[{"embeddable":true,"href":"https:\/\/blankpage.ee\/_ruumist-ruumi\/wp-json\/wp\/v2\/media\/11209"}],"wp:attachment":[{"href":"https:\/\/blankpage.ee\/_ruumist-ruumi\/wp-json\/wp\/v2\/media?parent=11208"}],"wp:term":[{"taxonomy":"product_brand","embeddable":true,"href":"https:\/\/blankpage.ee\/_ruumist-ruumi\/wp-json\/wp\/v2\/product_brand?post=11208"},{"taxonomy":"product_cat","embeddable":true,"href":"https:\/\/blankpage.ee\/_ruumist-ruumi\/wp-json\/wp\/v2\/product_cat?post=11208"},{"taxonomy":"product_tag","embeddable":true,"href":"https:\/\/blankpage.ee\/_ruumist-ruumi\/wp-json\/wp\/v2\/product_tag?post=11208"}],"curies":[{"name":"wp","href":"https:\/\/api.w.org\/{rel}","templated":true}]}}