{"id":112099,"date":"2025-02-18T08:38:33","date_gmt":"2025-02-18T08:38:33","guid":{"rendered":"https:\/\/ruumistruumi.ee\/pood\/hood-lauavalgusti-roheline-metall\/"},"modified":"2025-08-20T21:39:24","modified_gmt":"2025-08-20T21:39:24","slug":"hood-lauavalgusti-roheline-metall","status":"publish","type":"product","link":"https:\/\/blankpage.ee\/_ruumist-ruumi\/pood\/hood-lauavalgusti-roheline-metall\/","title":{"rendered":"Hood lauavalgusti, roheline metall"},"content":{"rendered":"<h2>Hood lauavalgusti, roheline metall \u2013 ajatu disain ja vastupidavus<\/h2>\n<p><strong>Hood lauavalgusti<\/strong> on elegantne ja funktsionaalne valgusti, mis \u00fchendab endas ajatut disaini ja kvaliteetseid materjale. Rootsi disainitraditsioonidele tuginev lamp lisab igale ruumile stiili ning loob hubase valgustuse. Selle minimalistlik ning samas silmapaistev vorm teeb sellest suurep\u00e4rase t\u00e4iustuse igasse interj\u00f6\u00f6ri.<\/p>\n<h3>Kvaliteetne materjal ja vastupidav konstruktsioon<\/h3>\n<p>Lamp on valmistatud tugevast <strong>raudmetallist<\/strong>, mis tagab pikaealisuse ja stabiilsuse. Selle <strong>mattroheline kuppel<\/strong> lisab ruumile v\u00e4rskust ja modernsust, sobitudes h\u00f5lpsasti erinevate sisustusstiilidega. metallist konstruktsioon muudab lambi vastupidavaks, samas kui hoolikalt valitud v\u00e4rv annab sellele stiilse ja elegantse viimistluse.<\/p>\n<h3>Mitmek\u00fclgne ja praktiline lauavalgusti<\/h3>\n<p>Oma <strong>kompaktsete m\u00f5\u00f5tmete<\/strong> ja tugeva jalaga sobib Hood lauavalgusti ideaalselt nii t\u00f6\u00f6- kui ka \u00f6\u00f6kapile, pakkudes meeldivat ja suunatud valgust. Lambi <strong>175 cm pikkune juhe<\/strong> annab paindlikkust selle paigutamisel ning v\u00f5imaldab mugavat kasutamist erinevates kohtades.<\/p>\n<h3>Olulised omadused<\/h3>\n<ul>\n<li><strong>Materjal:<\/strong> tugev metallist konstruktsioon<\/li>\n<li><strong>V\u00e4rvus:<\/strong> mattroheline<\/li>\n<li><strong>M\u00f5\u00f5dud:<\/strong> k\u00f5rgus 38 cm, l\u00e4bim\u00f5\u00f5t 26 cm<\/li>\n<li><strong>Juhtme pikkus:<\/strong> 175 cm<\/li>\n<li><strong>Pirnipesa:<\/strong> 1x E14 (pirn ei kuulu komplekti)<\/li>\n<li><strong>Maksimaalne v\u00f5imsus:<\/strong> 40W<\/li>\n<\/ul>\n<p>Kui otsid stiilset ning vastupidavat lauavalgustit, mis sobib suurep\u00e4raselt nii modernsesse kui ka klassikalisse interj\u00f6\u00f6ri, siis Hood lauavalgusti on ideaalne valik. Selle lihtne, kuid pilkup\u00fc\u00fcdev disain muudab selle ajatuteks sisustuselementideks iga kodu jaoks.<\/p>\n<div class=\"desc-attributes\"><strong>Laius<\/strong>: 20 cm<br \/>\n<strong>K\u00f5rgus<\/strong>: 38 cm<br \/>\n<strong>L\u00e4bim\u00f5\u00f5t \u00d8<\/strong>: 26 cm<br \/>\n<strong>Juhtme pikkus<\/strong>: 175 cm<br \/>\n<strong>Tootet\u00fc\u00fcp<\/strong>: Laualamp<br \/>\n<strong>Valik<\/strong>: Hood<br \/>\n<strong>V\u00e4rvus<\/strong>: Roheline<br \/>\n<strong>Materjal<\/strong>: Metall<br \/>\n<strong>Maksimaalne v\u00f5imsus W<\/strong>: 40 W<br \/>\n<strong>Kinnitus<\/strong>: 1x E14<\/div>\n","protected":false},"excerpt":{"rendered":"<p>Hood lauavalgusti, roheline metall \u2013 ajatu disain ja vastupidavus Hood lauavalgusti on elegantne ja funktsionaalne valgusti, mis \u00fchendab endas ajatut disaini ja kvaliteetseid materjale. Rootsi disainitraditsioonidele tuginev lamp lisab igale ruumile stiili ning loob hubase valgustuse. Selle minimalistlik ning samas silmapaistev vorm teeb sellest suurep\u00e4rase t\u00e4iustuse igasse interj\u00f6\u00f6ri. Kvaliteetne materjal ja vastupidav konstruktsioon Lamp on [&hellip;]<\/p>\n","protected":false},"featured_media":112100,"comment_status":"open","ping_status":"open","template":"","meta":[],"product_brand":[],"product_cat":[1632],"product_tag":[],"class_list":{"0":"post-112099","1":"product","2":"type-product","3":"status-publish","4":"has-post-thumbnail","6":"product_cat-laualambid","7":"product_shipping_class-furnicher","8":"pa_kollektsioon-hood","9":"pa_peamine-materjal-metall","10":"pa_varv-roheline","12":"first","13":"instock","14":"sale","15":"taxable","16":"shipping-taxable","17":"purchasable","18":"product-type-simple"},"_links":{"self":[{"href":"https:\/\/blankpage.ee\/_ruumist-ruumi\/wp-json\/wp\/v2\/product\/112099","targetHints":{"allow":["GET"]}}],"collection":[{"href":"https:\/\/blankpage.ee\/_ruumist-ruumi\/wp-json\/wp\/v2\/product"}],"about":[{"href":"https:\/\/blankpage.ee\/_ruumist-ruumi\/wp-json\/wp\/v2\/types\/product"}],"replies":[{"embeddable":true,"href":"https:\/\/blankpage.ee\/_ruumist-ruumi\/wp-json\/wp\/v2\/comments?post=112099"}],"wp:featuredmedia":[{"embeddable":true,"href":"https:\/\/blankpage.ee\/_ruumist-ruumi\/wp-json\/wp\/v2\/media\/112100"}],"wp:attachment":[{"href":"https:\/\/blankpage.ee\/_ruumist-ruumi\/wp-json\/wp\/v2\/media?parent=112099"}],"wp:term":[{"taxonomy":"product_brand","embeddable":true,"href":"https:\/\/blankpage.ee\/_ruumist-ruumi\/wp-json\/wp\/v2\/product_brand?post=112099"},{"taxonomy":"product_cat","embeddable":true,"href":"https:\/\/blankpage.ee\/_ruumist-ruumi\/wp-json\/wp\/v2\/product_cat?post=112099"},{"taxonomy":"product_tag","embeddable":true,"href":"https:\/\/blankpage.ee\/_ruumist-ruumi\/wp-json\/wp\/v2\/product_tag?post=112099"}],"curies":[{"name":"wp","href":"https:\/\/api.w.org\/{rel}","templated":true}]}}