{"id":112130,"date":"2025-02-18T08:38:33","date_gmt":"2025-02-18T08:38:33","guid":{"rendered":"https:\/\/ruumistruumi.ee\/pood\/husk-lauavalgusti-roosa-metallist\/"},"modified":"2025-08-20T21:39:32","modified_gmt":"2025-08-20T21:39:32","slug":"husk-lauavalgusti-roosa-metallist","status":"publish","type":"product","link":"https:\/\/blankpage.ee\/_ruumist-ruumi\/pood\/husk-lauavalgusti-roosa-metallist\/","title":{"rendered":"Husk lauavalgusti, roosa metallist"},"content":{"rendered":"<h2>Husk lauavalgusti, roosa metallist \u2013 stiilne ja praktiline<\/h2>\n<p><strong>Husk lauavalgusti<\/strong> on ideaalne valik neile, kes otsivad modernset ja funktsionaalset valgustit. Selle minimalistlik disain ning pehme roosa toon lisavad igasse ruumi hubasust ja elegantsi.<\/p>\n<h3>Ajatu disain ja kvaliteetsed materjalid<\/h3>\n<p>See lauavalgusti on valmistatud vastupidavast metallist, tagades pikaealisuse ja ajatu v\u00e4limuse. Pehme roosa viimistlus loob \u00f5rna ja kutsuva atmosf\u00e4\u00e4ri, mis sobib suurep\u00e4raselt nii kontorisse, raamaturiiulile kui ka \u00f6\u00f6kapile.<\/p>\n<h3>Funktsionaalne ja kasutajas\u00f5bralik<\/h3>\n<p>Valgusti on varustatud mugava <strong>on\/off nupuga<\/strong>, mis asub alusel, v\u00f5imaldades lihtsat ja kiiret kasutamist. Selle voolujooneline kuju ning kompaktsed m\u00f5\u00f5tmed (laius 12,5 cm, k\u00f5rgus 46 cm) teevad sellest suurep\u00e4rase valiku nii v\u00e4iksematesse kui ka suurematesse ruumidesse.<\/p>\n<h3>Tehnilised andmed<\/h3>\n<ul>\n<li>Materjal: metall<\/li>\n<li>V\u00e4rvus: roosa<\/li>\n<li>K\u00f5rgus: 46 cm<\/li>\n<li>Laius: 12,5 cm<\/li>\n<li>Juhtme pikkus: 150 cm<\/li>\n<li>Sokkel: 1x E27<\/li>\n<li>Maksimaalne v\u00f5imsus: 15W<\/li>\n<li>Pinge: 220-240V<\/li>\n<\/ul>\n<p>Lisa oma koju <strong>Husk lauavalgusti<\/strong> ja loo stiilne, mugav ning funktsionaalne valgustus, mis t\u00e4iustab sinu interj\u00f6\u00f6ri ning loob meeldiva atmosf\u00e4\u00e4ri igas toas.<\/p>\n<div class=\"desc-attributes\"><strong>Laius<\/strong>: 12.5 cm<br \/>\n<strong>K\u00f5rgus<\/strong>: 46 cm<br \/>\n<strong>Juhtme pikkus<\/strong>: 150 cm<br \/>\n<strong>Tootet\u00fc\u00fcp<\/strong>: Laualamp<br \/>\n<strong>Valik<\/strong>: Husk<br \/>\n<strong>V\u00e4rvus<\/strong>: Pink<br \/>\n<strong>Materjal<\/strong>: Metall<br \/>\n<strong>Maks. pinge<\/strong>: 220-240 V<br \/>\n<strong>Maksimaalne v\u00f5imsus W<\/strong>: 15 W<br \/>\n<strong>Kinnitus<\/strong>: 1x E27<\/div>\n","protected":false},"excerpt":{"rendered":"<p>Husk lauavalgusti, roosa metallist \u2013 stiilne ja praktiline Husk lauavalgusti on ideaalne valik neile, kes otsivad modernset ja funktsionaalset valgustit. Selle minimalistlik disain ning pehme roosa toon lisavad igasse ruumi hubasust ja elegantsi. Ajatu disain ja kvaliteetsed materjalid See lauavalgusti on valmistatud vastupidavast metallist, tagades pikaealisuse ja ajatu v\u00e4limuse. Pehme roosa viimistlus loob \u00f5rna ja [&hellip;]<\/p>\n","protected":false},"featured_media":112131,"comment_status":"open","ping_status":"open","template":"","meta":[],"product_brand":[],"product_cat":[1632],"product_tag":[],"class_list":{"0":"post-112130","1":"product","2":"type-product","3":"status-publish","4":"has-post-thumbnail","6":"product_cat-laualambid","7":"product_shipping_class-furnicher","8":"pa_kollektsioon-husk","9":"pa_peamine-materjal-metall","10":"pa_varv-pink","12":"first","13":"outofstock","14":"sale","15":"taxable","16":"shipping-taxable","17":"purchasable","18":"product-type-simple"},"_links":{"self":[{"href":"https:\/\/blankpage.ee\/_ruumist-ruumi\/wp-json\/wp\/v2\/product\/112130","targetHints":{"allow":["GET"]}}],"collection":[{"href":"https:\/\/blankpage.ee\/_ruumist-ruumi\/wp-json\/wp\/v2\/product"}],"about":[{"href":"https:\/\/blankpage.ee\/_ruumist-ruumi\/wp-json\/wp\/v2\/types\/product"}],"replies":[{"embeddable":true,"href":"https:\/\/blankpage.ee\/_ruumist-ruumi\/wp-json\/wp\/v2\/comments?post=112130"}],"wp:featuredmedia":[{"embeddable":true,"href":"https:\/\/blankpage.ee\/_ruumist-ruumi\/wp-json\/wp\/v2\/media\/112131"}],"wp:attachment":[{"href":"https:\/\/blankpage.ee\/_ruumist-ruumi\/wp-json\/wp\/v2\/media?parent=112130"}],"wp:term":[{"taxonomy":"product_brand","embeddable":true,"href":"https:\/\/blankpage.ee\/_ruumist-ruumi\/wp-json\/wp\/v2\/product_brand?post=112130"},{"taxonomy":"product_cat","embeddable":true,"href":"https:\/\/blankpage.ee\/_ruumist-ruumi\/wp-json\/wp\/v2\/product_cat?post=112130"},{"taxonomy":"product_tag","embeddable":true,"href":"https:\/\/blankpage.ee\/_ruumist-ruumi\/wp-json\/wp\/v2\/product_tag?post=112130"}],"curies":[{"name":"wp","href":"https:\/\/api.w.org\/{rel}","templated":true}]}}