{"id":112155,"date":"2025-02-18T08:38:33","date_gmt":"2025-02-18T08:38:33","guid":{"rendered":"https:\/\/ruumistruumi.ee\/pood\/sublime-laualamp-hall-metall-vaike\/"},"modified":"2025-08-20T21:39:37","modified_gmt":"2025-08-20T21:39:37","slug":"sublime-laualamp-hall-metall-vaike","status":"publish","type":"product","link":"https:\/\/blankpage.ee\/_ruumist-ruumi\/pood\/sublime-laualamp-hall-metall-vaike\/","title":{"rendered":"Sublime laualamp, hall metall, v\u00e4ike"},"content":{"rendered":"<h2>Sublime laualamp, hall metall, v\u00e4ike<\/h2>\n<p><strong>Sublime laualamp<\/strong> on t\u00e4iuslik kombinatsioon modernsest disainist ja luksuslikust elegantsist. Leitmotivi loodud valgusti paistab silma oma pehmete vormide ja puhaste joontega, mis lisavad igasse ruumi stiilsust ja hubasust.<\/p>\n<h3>Ajatu stiiliga lauavalgusti<\/h3>\n<p>Oma minimalistliku ja mattviimistlusega halli metallist korpusega <strong>Sublime laualamp<\/strong> kiirgab rahu ja harmooniat. T\u00e4nu oma kompaktsele k\u00f5rgusele, mis on 35 cm, sobib see ideaalselt nii \u00f6\u00f6kapile, t\u00f6\u00f6lauale kui ka elutoa abilauale.<\/p>\n<h3>Praktiline ja stiilne valgusti<\/h3>\n<p>See lamp loob interj\u00f6\u00f6ris hubase atmosf\u00e4\u00e4ri, sobides nii magamistuppa, elutuppa kui ka k\u00f6\u00f6ki. T\u00e4nu 180 cm pikkusele juhtmele on seda lihtne paigutada ka kaugemale voolupesast. Valgusti t\u00f6\u00f6tab kuni 40W E14 pirniga, pakkudes meeldivat ja funktsionaalset valgust igap\u00e4evaseks kasutamiseks.<\/p>\n<h3>Peamised omadused:<\/h3>\n<ul>\n<li>Kaasaegne ja luksuslik disain<\/li>\n<li>Pehmed kumerused ja puhtad jooned<\/li>\n<li>Mattviimistlus, mis lisab elegantsi<\/li>\n<li>Hubane ja soe valgustus<\/li>\n<li>Sobib ideaalselt erinevatesse eluruumidesse<\/li>\n<li>Kompaktne k\u00f5rgus: 35 cm<\/li>\n<li>Juhtme pikkus: 180 cm<\/li>\n<li>Materjal: tugev metall<\/li>\n<li>Pirnipesa: 1x E14 (max 40W, pirn ei kuulu komplekti)<\/li>\n<\/ul>\n<p>Kui otsid maitsekalt kujundatud ning samas praktilist valgustit, on <strong>Sublime laualamp<\/strong> ideaalne valik. Selle ajatu disain ja kvaliteetne viimistlus teevad sellest pilkup\u00fc\u00fcdva sisustuselemendi igas kodus.<\/p>\n<div class=\"desc-attributes\"><strong>K\u00f5rgus<\/strong>: 35 cm<br \/>\n<strong>Juhtme pikkus<\/strong>: 180 cm<br \/>\n<strong>Tootet\u00fc\u00fcp<\/strong>: Laualamp<br \/>\n<strong>Valik<\/strong>: Sublimne<br \/>\n<strong>V\u00e4rvus<\/strong>: Hall<br \/>\n<strong>Materjal<\/strong>: Metall<br \/>\n<strong>Maksimaalne v\u00f5imsus W<\/strong>: 40 W<br \/>\n<strong>Kinnitus<\/strong>: 1x E14<\/div>\n","protected":false},"excerpt":{"rendered":"<p>Sublime laualamp, hall metall, v\u00e4ike Sublime laualamp on t\u00e4iuslik kombinatsioon modernsest disainist ja luksuslikust elegantsist. Leitmotivi loodud valgusti paistab silma oma pehmete vormide ja puhaste joontega, mis lisavad igasse ruumi stiilsust ja hubasust. Ajatu stiiliga lauavalgusti Oma minimalistliku ja mattviimistlusega halli metallist korpusega Sublime laualamp kiirgab rahu ja harmooniat. T\u00e4nu oma kompaktsele k\u00f5rgusele, mis on [&hellip;]<\/p>\n","protected":false},"featured_media":112156,"comment_status":"open","ping_status":"open","template":"","meta":[],"product_brand":[],"product_cat":[1632],"product_tag":[],"class_list":{"0":"post-112155","1":"product","2":"type-product","3":"status-publish","4":"has-post-thumbnail","6":"product_cat-laualambid","7":"product_shipping_class-furnicher","8":"pa_kollektsioon-sublime","9":"pa_peamine-materjal-metall","10":"pa_varv-hall","12":"first","13":"outofstock","14":"sale","15":"taxable","16":"shipping-taxable","17":"purchasable","18":"product-type-simple"},"_links":{"self":[{"href":"https:\/\/blankpage.ee\/_ruumist-ruumi\/wp-json\/wp\/v2\/product\/112155","targetHints":{"allow":["GET"]}}],"collection":[{"href":"https:\/\/blankpage.ee\/_ruumist-ruumi\/wp-json\/wp\/v2\/product"}],"about":[{"href":"https:\/\/blankpage.ee\/_ruumist-ruumi\/wp-json\/wp\/v2\/types\/product"}],"replies":[{"embeddable":true,"href":"https:\/\/blankpage.ee\/_ruumist-ruumi\/wp-json\/wp\/v2\/comments?post=112155"}],"wp:featuredmedia":[{"embeddable":true,"href":"https:\/\/blankpage.ee\/_ruumist-ruumi\/wp-json\/wp\/v2\/media\/112156"}],"wp:attachment":[{"href":"https:\/\/blankpage.ee\/_ruumist-ruumi\/wp-json\/wp\/v2\/media?parent=112155"}],"wp:term":[{"taxonomy":"product_brand","embeddable":true,"href":"https:\/\/blankpage.ee\/_ruumist-ruumi\/wp-json\/wp\/v2\/product_brand?post=112155"},{"taxonomy":"product_cat","embeddable":true,"href":"https:\/\/blankpage.ee\/_ruumist-ruumi\/wp-json\/wp\/v2\/product_cat?post=112155"},{"taxonomy":"product_tag","embeddable":true,"href":"https:\/\/blankpage.ee\/_ruumist-ruumi\/wp-json\/wp\/v2\/product_tag?post=112155"}],"curies":[{"name":"wp","href":"https:\/\/api.w.org\/{rel}","templated":true}]}}