{"id":112205,"date":"2025-02-18T08:38:33","date_gmt":"2025-02-18T08:38:33","guid":{"rendered":"https:\/\/ruumistruumi.ee\/pood\/chic-bonnet-lauavalgusti-hobedane-triikraud\/"},"modified":"2025-08-20T21:40:12","modified_gmt":"2025-08-20T21:40:12","slug":"chic-bonnet-lauavalgusti-hobedane-triikraud","status":"publish","type":"product","link":"https:\/\/blankpage.ee\/_ruumist-ruumi\/pood\/chic-bonnet-lauavalgusti-hobedane-triikraud\/","title":{"rendered":"Chic Bonnet lauavalgusti, h\u00f5bedane triikraud"},"content":{"rendered":"<h2>Chic Bonnet lauavalgusti, h\u00f5bedane triikraud<\/h2>\n<p><strong>Chic Bonnet lauavalgusti<\/strong> \u00fchendab endas ajatult elegantse disaini ja modernse stiili. Valmistatud harjatud h\u00f5bedasest metallist, pakub see valgusallikas luksuslikku v\u00e4limust ning sobitub suurep\u00e4raselt eri stiilis interj\u00f6\u00f6ridesse \u2013 olgu selleks art deco, keskaegne modernism v\u00f5i Hollywoodi glamuur.<\/p>\n<h3>Stiilne ja ajatu disain<\/h3>\n<p>See <strong>lauavalgusti<\/strong> annab ruumile peene s\u00e4ra ja hubase valgustuse. Selle \u00fcmar kuppel filtreerib valgust pehmelt, luues meeldiva atmosf\u00e4\u00e4ri. Vastupidav ja stabiilne \u00fcmmargune alus ning peenike metallist jalg lisavad disainile kergust ja kaasaegsust.<\/p>\n<h3>Mitmek\u00fclgne kasutusv\u00f5imalus<\/h3>\n<p>Chic Bonnet lauavalgusti sobib suurep\u00e4raselt nii t\u00f6\u00f6lauale, \u00f6\u00f6kapile kui ka diivanilauale. Selle k\u00f5rgus, 39 cm, on ideaalne tasakaalu saavutamiseks funktsionaalsuse ja stiili vahel. 175 cm pikkune toitejuhe tagab paindlikkuse valgusti paigutamisel.<\/p>\n<h3>Tehnilised andmed<\/h3>\n<ul>\n<li><strong>Materjal:<\/strong> harjatud h\u00f5bedane metall<\/li>\n<li><strong>M\u00f5\u00f5dud:<\/strong> 20 x 20 x 39 cm<\/li>\n<li><strong>Pirnipesa:<\/strong> 1x E14 (pirn ei kuulu komplekti)<\/li>\n<li><strong>Maksimaalne v\u00f5imsus:<\/strong> 25W<\/li>\n<li><strong>Juhtme pikkus:<\/strong> 175 cm<\/li>\n<\/ul>\n<p>Chic Bonnet lauavalgusti on ideaalne valik neile, kes hindavad trendikat disaini ja kvaliteetset viimistlust. Lisa oma koju s\u00e4rtsakust ja kaasaegset elegantsi selle ajatu valgusallikaga!<\/p>\n<div class=\"desc-attributes\"><strong>K\u00f5rgus<\/strong>: 39 cm<br \/>\n<strong>Juhtme pikkus<\/strong>: 175 cm<br \/>\n<strong>Tootet\u00fc\u00fcp<\/strong>: Laualamp<br \/>\n<strong>Valik<\/strong>: Chic<br \/>\n<strong>V\u00e4rvus<\/strong>: H\u00f5bedane<br \/>\n<strong>Materjal<\/strong>: Metall<br \/>\n<strong>Maksimaalne v\u00f5imsus W<\/strong>: 25W<br \/>\n<strong>Kinnitus<\/strong>: 1x E14<\/div>\n","protected":false},"excerpt":{"rendered":"<p>Chic Bonnet lauavalgusti, h\u00f5bedane triikraud Chic Bonnet lauavalgusti \u00fchendab endas ajatult elegantse disaini ja modernse stiili. Valmistatud harjatud h\u00f5bedasest metallist, pakub see valgusallikas luksuslikku v\u00e4limust ning sobitub suurep\u00e4raselt eri stiilis interj\u00f6\u00f6ridesse \u2013 olgu selleks art deco, keskaegne modernism v\u00f5i Hollywoodi glamuur. Stiilne ja ajatu disain See lauavalgusti annab ruumile peene s\u00e4ra ja hubase valgustuse. Selle [&hellip;]<\/p>\n","protected":false},"featured_media":112206,"comment_status":"open","ping_status":"open","template":"","meta":[],"product_brand":[],"product_cat":[1632],"product_tag":[],"class_list":{"0":"post-112205","1":"product","2":"type-product","3":"status-publish","4":"has-post-thumbnail","6":"product_cat-laualambid","7":"product_shipping_class-furnicher","8":"pa_kollektsioon-chic","9":"pa_peamine-materjal-metall","10":"pa_varv-hobedane","12":"first","13":"outofstock","14":"sale","15":"taxable","16":"shipping-taxable","17":"purchasable","18":"product-type-simple"},"_links":{"self":[{"href":"https:\/\/blankpage.ee\/_ruumist-ruumi\/wp-json\/wp\/v2\/product\/112205","targetHints":{"allow":["GET"]}}],"collection":[{"href":"https:\/\/blankpage.ee\/_ruumist-ruumi\/wp-json\/wp\/v2\/product"}],"about":[{"href":"https:\/\/blankpage.ee\/_ruumist-ruumi\/wp-json\/wp\/v2\/types\/product"}],"replies":[{"embeddable":true,"href":"https:\/\/blankpage.ee\/_ruumist-ruumi\/wp-json\/wp\/v2\/comments?post=112205"}],"wp:featuredmedia":[{"embeddable":true,"href":"https:\/\/blankpage.ee\/_ruumist-ruumi\/wp-json\/wp\/v2\/media\/112206"}],"wp:attachment":[{"href":"https:\/\/blankpage.ee\/_ruumist-ruumi\/wp-json\/wp\/v2\/media?parent=112205"}],"wp:term":[{"taxonomy":"product_brand","embeddable":true,"href":"https:\/\/blankpage.ee\/_ruumist-ruumi\/wp-json\/wp\/v2\/product_brand?post=112205"},{"taxonomy":"product_cat","embeddable":true,"href":"https:\/\/blankpage.ee\/_ruumist-ruumi\/wp-json\/wp\/v2\/product_cat?post=112205"},{"taxonomy":"product_tag","embeddable":true,"href":"https:\/\/blankpage.ee\/_ruumist-ruumi\/wp-json\/wp\/v2\/product_tag?post=112205"}],"curies":[{"name":"wp","href":"https:\/\/api.w.org\/{rel}","templated":true}]}}