{"id":112271,"date":"2025-02-20T11:18:09","date_gmt":"2025-02-20T11:18:09","guid":{"rendered":"https:\/\/ruumistruumi.ee\/pood\/alto-valivaip-beez\/"},"modified":"2025-08-20T21:39:04","modified_gmt":"2025-08-20T21:39:04","slug":"alto-valivaip-beez","status":"publish","type":"product","link":"https:\/\/blankpage.ee\/_ruumist-ruumi\/pood\/alto-valivaip-beez\/","title":{"rendered":"Alto v\u00e4livaip, bee\u017e"},"content":{"rendered":"<h2>Alto v\u00e4livaip, bee\u017e \u2013 stiilne ja keskkonnas\u00f5bralik valik<\/h2>\n<p><strong>Alto v\u00e4livaip<\/strong> on ideaalne lahendus neile, kes otsivad kaunist, vastupidavat ja keskkonnas\u00f5bralikku v\u00e4livaipa. Valmistatud 100% taaskasutatud plastikust, \u00fchendab see vaip vastupidavuse ning elegantsuse, sobitudes suurep\u00e4raselt erinevatesse v\u00e4litingimustesse.<\/p>\n<h4>Ilmastikukindel ja vastupidav lahendus<\/h4>\n<p>Suurte m\u00f5\u00f5tmetega <strong>(200&#215;300 cm)<\/strong> Alto v\u00e4livaip pakub ohtralt katvust ning sobib suurep\u00e4raselt terrassidele, r\u00f5dudele ja aeda. Selle materjal on spetsiaalselt loodud taluma erinevaid ilmastikutingimusi, olles vastupidav nii niiskusele kui ka UV-kiirgusele. Neutraalsed <strong>bee\u017eid ja kreemikad toonid<\/strong> sulanduvad sujuvalt igasse \u00f5ue- v\u00f5i puhkealasse, t\u00e4iustades ruumi harmoonilise ja kaasaegse v\u00e4limusega.<\/p>\n<h4>Keskkonnas\u00f5bralik ja lihtsasti hooldatav<\/h4>\n<p>Valmistatud taaskasutatud plastikust, on see v\u00e4livaip suurep\u00e4rane valik neile, kes hindavad j\u00e4tkusuutlikkust ja looduss\u00f5bralikke lahendusi. Lisaks ei vaja vaip keerulist hooldust \u2013 seda saab lihtsalt puhastada niiske lapiga v\u00f5i vajadusel veega loputada, et s\u00e4ilitada selle esialgne v\u00e4limus hooajast hooaega.<\/p>\n<h4>Peamised omadused<\/h4>\n<ul>\n<li>Valmistatud <strong>100% taaskasutatud plastikust<\/strong><\/li>\n<li>Suured m\u00f5\u00f5dud: <strong>200&#215;300 cm<\/strong><\/li>\n<li>Sobilik <strong>terrassile, r\u00f5dule ja aeda<\/strong><\/li>\n<li>Ilmastikukindel ja vastupidav<\/li>\n<li>Neutraalne <strong>bee\u017e ja kreemikas v\u00e4rvigamma<\/strong><\/li>\n<li>Lihtne puhastada ja hooldada<\/li>\n<\/ul>\n<div class=\"desc-attributes\"><strong>Pikkus<\/strong>: 300 cm<br \/>\n<strong>Laius<\/strong>: 200 cm<br \/>\n<strong>K\u00f5rgus<\/strong>: 1 cm<br \/>\n<strong>Tootet\u00fc\u00fcp<\/strong>: Terrassivaip<br \/>\n<strong>Valik<\/strong>: Alto<br \/>\n<strong>V\u00e4rvus<\/strong>: Bee\u017e<br \/>\n<strong>Materjal<\/strong>: Taast\u00f6\u00f6deldud plast<\/div>\n","protected":false},"excerpt":{"rendered":"<p>Alto v\u00e4livaip, bee\u017e \u2013 stiilne ja keskkonnas\u00f5bralik valik Alto v\u00e4livaip on ideaalne lahendus neile, kes otsivad kaunist, vastupidavat ja keskkonnas\u00f5bralikku v\u00e4livaipa. Valmistatud 100% taaskasutatud plastikust, \u00fchendab see vaip vastupidavuse ning elegantsuse, sobitudes suurep\u00e4raselt erinevatesse v\u00e4litingimustesse. Ilmastikukindel ja vastupidav lahendus Suurte m\u00f5\u00f5tmetega (200&#215;300 cm) Alto v\u00e4livaip pakub ohtralt katvust ning sobib suurep\u00e4raselt terrassidele, r\u00f5dudele ja aeda. [&hellip;]<\/p>\n","protected":false},"featured_media":112272,"comment_status":"open","ping_status":"open","template":"","meta":[],"product_brand":[],"product_cat":[932],"product_tag":[],"class_list":{"0":"post-112271","1":"product","2":"type-product","3":"status-publish","4":"has-post-thumbnail","6":"product_cat-terrassivaibad","7":"product_shipping_class-furnicher","8":"pa_kollektsioon-alto","9":"pa_peamine-materjal-taastoodeldud-plast","10":"pa_varv-beez","12":"first","13":"outofstock","14":"sale","15":"taxable","16":"shipping-taxable","17":"purchasable","18":"product-type-simple"},"_links":{"self":[{"href":"https:\/\/blankpage.ee\/_ruumist-ruumi\/wp-json\/wp\/v2\/product\/112271","targetHints":{"allow":["GET"]}}],"collection":[{"href":"https:\/\/blankpage.ee\/_ruumist-ruumi\/wp-json\/wp\/v2\/product"}],"about":[{"href":"https:\/\/blankpage.ee\/_ruumist-ruumi\/wp-json\/wp\/v2\/types\/product"}],"replies":[{"embeddable":true,"href":"https:\/\/blankpage.ee\/_ruumist-ruumi\/wp-json\/wp\/v2\/comments?post=112271"}],"wp:featuredmedia":[{"embeddable":true,"href":"https:\/\/blankpage.ee\/_ruumist-ruumi\/wp-json\/wp\/v2\/media\/112272"}],"wp:attachment":[{"href":"https:\/\/blankpage.ee\/_ruumist-ruumi\/wp-json\/wp\/v2\/media?parent=112271"}],"wp:term":[{"taxonomy":"product_brand","embeddable":true,"href":"https:\/\/blankpage.ee\/_ruumist-ruumi\/wp-json\/wp\/v2\/product_brand?post=112271"},{"taxonomy":"product_cat","embeddable":true,"href":"https:\/\/blankpage.ee\/_ruumist-ruumi\/wp-json\/wp\/v2\/product_cat?post=112271"},{"taxonomy":"product_tag","embeddable":true,"href":"https:\/\/blankpage.ee\/_ruumist-ruumi\/wp-json\/wp\/v2\/product_tag?post=112271"}],"curies":[{"name":"wp","href":"https:\/\/api.w.org\/{rel}","templated":true}]}}