{"id":11288,"date":"2024-11-27T12:18:49","date_gmt":"2024-11-27T12:18:49","guid":{"rendered":"https:\/\/ruumistruumi.ee\/?post_type=product&#038;p=11288"},"modified":"2025-08-21T08:21:49","modified_gmt":"2025-08-21T08:21:49","slug":"varstolmuimeja-deerma-dx700s-hall","status":"publish","type":"product","link":"https:\/\/blankpage.ee\/_ruumist-ruumi\/pood\/varstolmuimeja-deerma-dx700s-hall\/","title":{"rendered":"Varstolmuimeja Deerma DX700s (hall)"},"content":{"rendered":"<h3>Deerma DX700S &#8211; \u00dcks tolmuimeja, palju v\u00f5imalusi.<\/h3>\n<p>Kui otsite multifunktsionaalset tolmuimejat erilisteks \u00fclesanneteks, siis Deerma DX 700 vastab teie ootustele. Ergonomiline disain, k\u00f5rge j\u00f5udlus, palju rakendusv\u00f5imalusi &#8211; vaadake, millega see teid veel \u00fcllatada v\u00f5ib!<\/p>\n<p><img loading=\"lazy\" decoding=\"async\" class=\"alignnone size-medium_large wp-image-11649\" src=\"https:\/\/blankpage.ee\/_ruumist-ruumi\/wp-content\/uploads\/2024\/11\/Varstolmuimeja-Deerma-DX700s-9-768x489.jpg\" alt=\"Varstolmuimeja Deerma DX700s\" width=\"768\" height=\"489\" srcset=\"https:\/\/blankpage.ee\/_ruumist-ruumi\/wp-content\/uploads\/2024\/11\/Varstolmuimeja-Deerma-DX700s-9-768x489.jpg 768w, https:\/\/blankpage.ee\/_ruumist-ruumi\/wp-content\/uploads\/2024\/11\/Varstolmuimeja-Deerma-DX700s-9-300x191.jpg 300w, https:\/\/blankpage.ee\/_ruumist-ruumi\/wp-content\/uploads\/2024\/11\/Varstolmuimeja-Deerma-DX700s-9-400x255.jpg 400w, https:\/\/blankpage.ee\/_ruumist-ruumi\/wp-content\/uploads\/2024\/11\/Varstolmuimeja-Deerma-DX700s-9-922x587.jpg 922w, https:\/\/blankpage.ee\/_ruumist-ruumi\/wp-content\/uploads\/2024\/11\/Varstolmuimeja-Deerma-DX700s-9.jpg 1000w\" sizes=\"auto, (max-width: 768px) 100vw, 768px\" \/><\/p>\n<h3>Valige mobiilsus<\/h3>\n<p>Te saate kergesti kohandada kerge Deerma DX 700 tolmuimeja oma vajadustele. Seda saab kasutada nii v\u00e4ikese k\u00e4sitolmuimejana &#8211; n\u00e4iteks m\u00f6\u00f6bli v\u00f5i polstri puhastamiseks, kui ka klassikalise p\u00fcstise tolmuimejana p\u00f5randate jaoks. Puhastamist h\u00f5lbustab ka selle kerge kaal &#8211; see on vaid 2200 g. See muudab selle lihtsaks liigutamiseks tubade vahel v\u00f5i t\u00f5stmiseks, et koguda tolmu ja \u00e4mblikuv\u00f5rke laest. Deerma DX 700 tolmuimejaga p\u00e4\u00e4sete peaaegu igale poole &#8211; praktiline 4,5-meetrine pikk kaabel v\u00f5imaldab seda samuti. Varsti ei j\u00e4\u00e4 teie kodus \u00fchtegi tolmust kohta!<\/p>\n<p><img loading=\"lazy\" decoding=\"async\" class=\"alignnone size-medium_large wp-image-11644\" src=\"https:\/\/blankpage.ee\/_ruumist-ruumi\/wp-content\/uploads\/2024\/11\/Varstolmuimeja-Deerma-DX700s-4-768x489.jpg\" alt=\"Varstolmuimeja Deerma DX700s\" width=\"768\" height=\"489\" srcset=\"https:\/\/blankpage.ee\/_ruumist-ruumi\/wp-content\/uploads\/2024\/11\/Varstolmuimeja-Deerma-DX700s-4-768x489.jpg 768w, https:\/\/blankpage.ee\/_ruumist-ruumi\/wp-content\/uploads\/2024\/11\/Varstolmuimeja-Deerma-DX700s-4-300x191.jpg 300w, https:\/\/blankpage.ee\/_ruumist-ruumi\/wp-content\/uploads\/2024\/11\/Varstolmuimeja-Deerma-DX700s-4-400x255.jpg 400w, https:\/\/blankpage.ee\/_ruumist-ruumi\/wp-content\/uploads\/2024\/11\/Varstolmuimeja-Deerma-DX700s-4-922x587.jpg 922w, https:\/\/blankpage.ee\/_ruumist-ruumi\/wp-content\/uploads\/2024\/11\/Varstolmuimeja-Deerma-DX700s-4.jpg 1000w\" sizes=\"auto, (max-width: 768px) 100vw, 768px\" \/><\/p>\n<h3>Nautige paindlikkust<\/h3>\n<p>Et muuta teie jaoks p\u00f5hjalik puhastamine veelgi lihtsamaks, varustasime tolmuimeja kolme vahetatava harjaga. Iga\u00fcks neist t\u00f6\u00f6tab suurep\u00e4raselt erinevatel pindadel ja aitab teil saavutada t\u00e4iuslikku korda. Vaadake, mida saate nende abil saavutada!<\/p>\n<p><img loading=\"lazy\" decoding=\"async\" class=\"alignnone size-medium_large wp-image-11645\" src=\"https:\/\/blankpage.ee\/_ruumist-ruumi\/wp-content\/uploads\/2024\/11\/Varstolmuimeja-Deerma-DX700s-5-768x489.jpg\" alt=\"Varstolmuimeja Deerma DX700s\" width=\"768\" height=\"489\" srcset=\"https:\/\/blankpage.ee\/_ruumist-ruumi\/wp-content\/uploads\/2024\/11\/Varstolmuimeja-Deerma-DX700s-5-768x489.jpg 768w, https:\/\/blankpage.ee\/_ruumist-ruumi\/wp-content\/uploads\/2024\/11\/Varstolmuimeja-Deerma-DX700s-5-300x191.jpg 300w, https:\/\/blankpage.ee\/_ruumist-ruumi\/wp-content\/uploads\/2024\/11\/Varstolmuimeja-Deerma-DX700s-5-400x255.jpg 400w, https:\/\/blankpage.ee\/_ruumist-ruumi\/wp-content\/uploads\/2024\/11\/Varstolmuimeja-Deerma-DX700s-5-922x587.jpg 922w, https:\/\/blankpage.ee\/_ruumist-ruumi\/wp-content\/uploads\/2024\/11\/Varstolmuimeja-Deerma-DX700s-5.jpg 1000w\" sizes=\"auto, (max-width: 768px) 100vw, 768px\" \/><\/p>\n<h3>P\u00f5randahari<\/h3>\n<p>Suure harjaga saate kiiresti ja t\u00f5husalt p\u00f5randaid tolmuimejaga puhastada. See on \u00f5huke ja p\u00f6\u00f6rlev, nii et saate selle h\u00f5lpsasti ka raskesti ligip\u00e4\u00e4setavatesse kohtadesse. Selle abiga vabanete tolmust voodi alt v\u00f5i toolijalgade vahelt &#8211; harja l\u00e4bim\u00f5eldud disain v\u00f5imaldab teil seda juhtida vastavalt soovile.<\/p>\n<p><img loading=\"lazy\" decoding=\"async\" class=\"alignnone size-medium_large wp-image-11647\" src=\"https:\/\/blankpage.ee\/_ruumist-ruumi\/wp-content\/uploads\/2024\/11\/Varstolmuimeja-Deerma-DX700s-7-768x489.jpg\" alt=\"Varstolmuimeja Deerma DX700s\" width=\"768\" height=\"489\" srcset=\"https:\/\/blankpage.ee\/_ruumist-ruumi\/wp-content\/uploads\/2024\/11\/Varstolmuimeja-Deerma-DX700s-7-768x489.jpg 768w, https:\/\/blankpage.ee\/_ruumist-ruumi\/wp-content\/uploads\/2024\/11\/Varstolmuimeja-Deerma-DX700s-7-300x191.jpg 300w, https:\/\/blankpage.ee\/_ruumist-ruumi\/wp-content\/uploads\/2024\/11\/Varstolmuimeja-Deerma-DX700s-7-400x255.jpg 400w, https:\/\/blankpage.ee\/_ruumist-ruumi\/wp-content\/uploads\/2024\/11\/Varstolmuimeja-Deerma-DX700s-7-922x587.jpg 922w, https:\/\/blankpage.ee\/_ruumist-ruumi\/wp-content\/uploads\/2024\/11\/Varstolmuimeja-Deerma-DX700s-7.jpg 1000w\" sizes=\"auto, (max-width: 768px) 100vw, 768px\" \/><\/p>\n<h3>Tolmu hari<\/h3>\n<p>V\u00e4ike tolmuhari v\u00f5imaldab teil p\u00f5hjalikult puhastada v\u00e4iksemaid pindu. Selle abiga saate tolmuimejaga puhastada riiuleid, t\u00f6\u00f6pindu ning m\u00f6\u00f6blit, nagu n\u00e4iteks diivanid ja tugitoolid. Tolm, teie armastatud lemmiklooma karvad, puru &#8211; ei, isegi k\u00f5ige kangekaelsem mustus ei peitu selle eest.<\/p>\n<p><img loading=\"lazy\" decoding=\"async\" class=\"alignnone size-medium_large wp-image-11650\" src=\"https:\/\/blankpage.ee\/_ruumist-ruumi\/wp-content\/uploads\/2024\/11\/Varstolmuimeja-Deerma-DX700s-1-768x489.jpg\" alt=\"Varstolmuimeja Deerma DX700s\" width=\"768\" height=\"489\" srcset=\"https:\/\/blankpage.ee\/_ruumist-ruumi\/wp-content\/uploads\/2024\/11\/Varstolmuimeja-Deerma-DX700s-1-768x489.jpg 768w, https:\/\/blankpage.ee\/_ruumist-ruumi\/wp-content\/uploads\/2024\/11\/Varstolmuimeja-Deerma-DX700s-1-300x191.jpg 300w, https:\/\/blankpage.ee\/_ruumist-ruumi\/wp-content\/uploads\/2024\/11\/Varstolmuimeja-Deerma-DX700s-1-400x255.jpg 400w, https:\/\/blankpage.ee\/_ruumist-ruumi\/wp-content\/uploads\/2024\/11\/Varstolmuimeja-Deerma-DX700s-1-922x587.jpg 922w, https:\/\/blankpage.ee\/_ruumist-ruumi\/wp-content\/uploads\/2024\/11\/Varstolmuimeja-Deerma-DX700s-1.jpg 1000w\" sizes=\"auto, (max-width: 768px) 100vw, 768px\" \/><\/p>\n<h3>Pilu hari<\/h3>\n<p>Kitsaste pilude ja nurkade juurde p\u00e4\u00e4sete piluharja abil. See mahub peaaegu igasse nurka ja eemaldab sealt t\u00f5husalt prahi. M\u00f6\u00f6bli vahed, diivanite ja tugitoolide pilud ning isegi klaviatuur &#8211; nende kohtade puhastamine ei ole enam isegi v\u00e4himatki v\u00e4ljakutset!<\/p>\n<p><img loading=\"lazy\" decoding=\"async\" class=\"alignnone size-medium_large wp-image-11646\" src=\"https:\/\/blankpage.ee\/_ruumist-ruumi\/wp-content\/uploads\/2024\/11\/Varstolmuimeja-Deerma-DX700s-6-768x489.jpg\" alt=\"Varstolmuimeja Deerma DX700s\" width=\"768\" height=\"489\" srcset=\"https:\/\/blankpage.ee\/_ruumist-ruumi\/wp-content\/uploads\/2024\/11\/Varstolmuimeja-Deerma-DX700s-6-768x489.jpg 768w, https:\/\/blankpage.ee\/_ruumist-ruumi\/wp-content\/uploads\/2024\/11\/Varstolmuimeja-Deerma-DX700s-6-300x191.jpg 300w, https:\/\/blankpage.ee\/_ruumist-ruumi\/wp-content\/uploads\/2024\/11\/Varstolmuimeja-Deerma-DX700s-6-400x255.jpg 400w, https:\/\/blankpage.ee\/_ruumist-ruumi\/wp-content\/uploads\/2024\/11\/Varstolmuimeja-Deerma-DX700s-6-922x587.jpg 922w, https:\/\/blankpage.ee\/_ruumist-ruumi\/wp-content\/uploads\/2024\/11\/Varstolmuimeja-Deerma-DX700s-6.jpg 1000w\" sizes=\"auto, (max-width: 768px) 100vw, 768px\" \/><\/p>\n<h3>Valige kolmekordne kaitse<\/h3>\n<p>Loo puhas, mustuse- ja allergeenivaba keskkond kolmekordse filtratsioonis\u00fcsteemi abil. Deerma DX 700 isoleerib t\u00f5husalt mustuse, karvad, tolmu ja k\u00f5\u00f5ma ning hoolitseb teie tervise eest! Seade on varustatud p\u00f6\u00f6rleva filtriga, mis v\u00f5imaldab t\u00f5husalt v\u00e4ltida mustuse uuesti ladestumist pindadele. T\u00e4nu sellele praktilisele lahendusele saate nautida pikaajalist puhtust ja tervises\u00f5bralikku keskkonda!<\/p>\n<p><img loading=\"lazy\" decoding=\"async\" class=\"alignnone size-medium_large wp-image-11648\" src=\"https:\/\/blankpage.ee\/_ruumist-ruumi\/wp-content\/uploads\/2024\/11\/Varstolmuimeja-Deerma-DX700s-8-768x489.jpg\" alt=\"Varstolmuimeja Deerma DX700s\" width=\"768\" height=\"489\" srcset=\"https:\/\/blankpage.ee\/_ruumist-ruumi\/wp-content\/uploads\/2024\/11\/Varstolmuimeja-Deerma-DX700s-8-768x489.jpg 768w, https:\/\/blankpage.ee\/_ruumist-ruumi\/wp-content\/uploads\/2024\/11\/Varstolmuimeja-Deerma-DX700s-8-300x191.jpg 300w, https:\/\/blankpage.ee\/_ruumist-ruumi\/wp-content\/uploads\/2024\/11\/Varstolmuimeja-Deerma-DX700s-8-400x255.jpg 400w, https:\/\/blankpage.ee\/_ruumist-ruumi\/wp-content\/uploads\/2024\/11\/Varstolmuimeja-Deerma-DX700s-8-922x587.jpg 922w, https:\/\/blankpage.ee\/_ruumist-ruumi\/wp-content\/uploads\/2024\/11\/Varstolmuimeja-Deerma-DX700s-8.jpg 1000w\" sizes=\"auto, (max-width: 768px) 100vw, 768px\" \/><\/p>\n<h3>T\u00f5hus ja mugav puhastamine<\/h3>\n<p>600 W mootori v\u00f5imsus ja 15000 Pa imemisj\u00f5ud tagavad tolmuimeja t\u00f5husa ja efektiivse t\u00f6\u00f6 &#8211; ei, isegi k\u00f5ige kangekaelsemad tolmuosakesed ei suuda sellele vastu seista. Saate h\u00f5lpsasti t\u00fchjendada ja puhastada 0,8 l mahuga mustusepaaki, v\u00e4hendades seel\u00e4bi kokkupuudet mustusega. Seadet eristab ka madal m\u00fcratase &#8211; see ei \u00fcleta 75 dB. H\u00fcvasti ebat\u00f5husate, raskesti kasutatavate ja m\u00fcrarikkate tolmuimejatega &#8211; Deerma DX 700 muudab puhastamise kiireks ja meeldivaks.<\/p>\n<p><img loading=\"lazy\" decoding=\"async\" class=\"alignnone size-medium_large wp-image-11651\" src=\"https:\/\/blankpage.ee\/_ruumist-ruumi\/wp-content\/uploads\/2024\/11\/Varstolmuimeja-Deerma-DX700s-2-768x489.jpg\" alt=\"Varstolmuimeja Deerma DX700s\" width=\"768\" height=\"489\" srcset=\"https:\/\/blankpage.ee\/_ruumist-ruumi\/wp-content\/uploads\/2024\/11\/Varstolmuimeja-Deerma-DX700s-2-768x489.jpg 768w, https:\/\/blankpage.ee\/_ruumist-ruumi\/wp-content\/uploads\/2024\/11\/Varstolmuimeja-Deerma-DX700s-2-300x191.jpg 300w, https:\/\/blankpage.ee\/_ruumist-ruumi\/wp-content\/uploads\/2024\/11\/Varstolmuimeja-Deerma-DX700s-2-400x255.jpg 400w, https:\/\/blankpage.ee\/_ruumist-ruumi\/wp-content\/uploads\/2024\/11\/Varstolmuimeja-Deerma-DX700s-2-922x587.jpg 922w, https:\/\/blankpage.ee\/_ruumist-ruumi\/wp-content\/uploads\/2024\/11\/Varstolmuimeja-Deerma-DX700s-2.jpg 1000w\" sizes=\"auto, (max-width: 768px) 100vw, 768px\" \/><\/p>\n<h3>Disain, mis t\u00f6\u00f6tab k\u00f5ikjal<\/h3>\n<p>Tolmuimeja lihtne, minimalistlik disain muudab selle mitte ainult praktiliseks, vaid ka stiilseks lisandiks teie koju. Seadme universaalne hall v\u00e4rv sobib ideaalselt iga interj\u00f6\u00f6ri iseloomuga. Vertikaalse hoiustamise v\u00f5imalus s\u00e4\u00e4stab ka ruumi. K\u00f5ik see teeb Deerma DX 700-st teie kodu jaoks ideaalse valiku.<\/p>\n<p><img loading=\"lazy\" decoding=\"async\" class=\"alignnone size-medium_large wp-image-11643\" src=\"https:\/\/blankpage.ee\/_ruumist-ruumi\/wp-content\/uploads\/2024\/11\/Varstolmuimeja-Deerma-DX700s-3-768x489.jpg\" alt=\"Varstolmuimeja Deerma DX700s\" width=\"768\" height=\"489\" srcset=\"https:\/\/blankpage.ee\/_ruumist-ruumi\/wp-content\/uploads\/2024\/11\/Varstolmuimeja-Deerma-DX700s-3-768x489.jpg 768w, https:\/\/blankpage.ee\/_ruumist-ruumi\/wp-content\/uploads\/2024\/11\/Varstolmuimeja-Deerma-DX700s-3-300x191.jpg 300w, https:\/\/blankpage.ee\/_ruumist-ruumi\/wp-content\/uploads\/2024\/11\/Varstolmuimeja-Deerma-DX700s-3-400x255.jpg 400w, https:\/\/blankpage.ee\/_ruumist-ruumi\/wp-content\/uploads\/2024\/11\/Varstolmuimeja-Deerma-DX700s-3-922x587.jpg 922w, https:\/\/blankpage.ee\/_ruumist-ruumi\/wp-content\/uploads\/2024\/11\/Varstolmuimeja-Deerma-DX700s-3.jpg 1000w\" sizes=\"auto, (max-width: 768px) 100vw, 768px\" \/><\/p>\n<div class=\"table-wrapper\">\n<table>\n<tbody>\n<tr>\n<th>Tootja<\/th>\n<td>Deerma<\/td>\n<\/tr>\n<tr>\n<th>Mudel<\/th>\n<td>DX700S<\/td>\n<\/tr>\n<tr>\n<th>Imemisv\u00f5imsus<\/th>\n<td>15 kPa<\/td>\n<\/tr>\n<tr>\n<th>Nimipinge<\/th>\n<td>220-240V~50-60Hz<\/td>\n<\/tr>\n<tr>\n<th>Toiteallikas<\/th>\n<td>V\u00f5rgutoide<\/td>\n<\/tr>\n<tr>\n<th>M\u00fcratase<\/th>\n<td>75 dB<\/td>\n<\/tr>\n<tr>\n<th>Toitejuhtme pikkus<\/th>\n<td>4,5m<\/td>\n<\/tr>\n<tr>\n<th>Nimiv\u00f5imsus<\/th>\n<td>600W<\/td>\n<\/tr>\n<tr>\n<th>Tolmumahuti maht<\/th>\n<td>0,8l<\/td>\n<\/tr>\n<tr>\n<th>Kaal<\/th>\n<td>2.75kg<\/td>\n<\/tr>\n<tr>\n<th>Materjal<\/th>\n<td>ABS \/ pol\u00fckarbonaat<\/td>\n<\/tr>\n<\/tbody>\n<\/table>\n<\/div>\n","protected":false},"excerpt":{"rendered":"<p>Deerma DX700S &#8211; \u00dcks tolmuimeja, palju v\u00f5imalusi. Kui otsite multifunktsionaalset tolmuimejat erilisteks \u00fclesanneteks, siis Deerma DX 700 vastab teie ootustele. Ergonomiline disain, k\u00f5rge j\u00f5udlus, palju rakendusv\u00f5imalusi &#8211; vaadake, millega see teid veel \u00fcllatada v\u00f5ib! Valige mobiilsus Te saate kergesti kohandada kerge Deerma DX 700 tolmuimeja oma vajadustele. Seda saab kasutada nii v\u00e4ikese k\u00e4sitolmuimejana &#8211; n\u00e4iteks [&hellip;]<\/p>\n","protected":false},"featured_media":11289,"comment_status":"closed","ping_status":"closed","template":"","meta":[],"product_brand":[],"product_cat":[813],"product_tag":[],"class_list":{"0":"post-11288","1":"product","2":"type-product","3":"status-publish","4":"has-post-thumbnail","6":"product_cat-varstolmuimejad","7":"product_shipping_class-innpro","9":"first","10":"instock","11":"sale","12":"taxable","13":"shipping-taxable","14":"purchasable","15":"product-type-simple"},"_links":{"self":[{"href":"https:\/\/blankpage.ee\/_ruumist-ruumi\/wp-json\/wp\/v2\/product\/11288","targetHints":{"allow":["GET"]}}],"collection":[{"href":"https:\/\/blankpage.ee\/_ruumist-ruumi\/wp-json\/wp\/v2\/product"}],"about":[{"href":"https:\/\/blankpage.ee\/_ruumist-ruumi\/wp-json\/wp\/v2\/types\/product"}],"replies":[{"embeddable":true,"href":"https:\/\/blankpage.ee\/_ruumist-ruumi\/wp-json\/wp\/v2\/comments?post=11288"}],"wp:featuredmedia":[{"embeddable":true,"href":"https:\/\/blankpage.ee\/_ruumist-ruumi\/wp-json\/wp\/v2\/media\/11289"}],"wp:attachment":[{"href":"https:\/\/blankpage.ee\/_ruumist-ruumi\/wp-json\/wp\/v2\/media?parent=11288"}],"wp:term":[{"taxonomy":"product_brand","embeddable":true,"href":"https:\/\/blankpage.ee\/_ruumist-ruumi\/wp-json\/wp\/v2\/product_brand?post=11288"},{"taxonomy":"product_cat","embeddable":true,"href":"https:\/\/blankpage.ee\/_ruumist-ruumi\/wp-json\/wp\/v2\/product_cat?post=11288"},{"taxonomy":"product_tag","embeddable":true,"href":"https:\/\/blankpage.ee\/_ruumist-ruumi\/wp-json\/wp\/v2\/product_tag?post=11288"}],"curies":[{"name":"wp","href":"https:\/\/api.w.org\/{rel}","templated":true}]}}