{"id":11297,"date":"2024-11-27T12:18:49","date_gmt":"2024-11-27T12:18:49","guid":{"rendered":"https:\/\/ruumistruumi.ee\/?post_type=product&#038;p=11297"},"modified":"2025-08-21T08:21:49","modified_gmt":"2025-08-21T08:21:49","slug":"varstolmuimeja-deerma-dx700-hobedane","status":"publish","type":"product","link":"https:\/\/blankpage.ee\/_ruumist-ruumi\/pood\/varstolmuimeja-deerma-dx700-hobedane\/","title":{"rendered":"Varstolmuimeja Deerma DX700 (h\u00f5bedane)"},"content":{"rendered":"<h3>Deerma DX700 &#8211; \u00dcks tolmuimeja &#8211; palju v\u00f5imalusi<\/h3>\n<p>Kui otsite multifunktsionaalset tolmuimejat erilisteks \u00fclesanneteks, siis Deerma DX 700 vastab teie ootustele. Ergonomiline disain, k\u00f5rge j\u00f5udlus, palju rakendusv\u00f5imalusi &#8211; vaadake, millega veel teid \u00fcllatada saab!<\/p>\n<p><img loading=\"lazy\" decoding=\"async\" class=\"alignnone size-medium_large wp-image-11641\" src=\"https:\/\/blankpage.ee\/_ruumist-ruumi\/wp-content\/uploads\/2024\/11\/Varstolmuimeja-Deerma-DX700-1-768x873.jpg\" alt=\"Varstolmuimeja Deerma DX700\" width=\"768\" height=\"873\" srcset=\"https:\/\/blankpage.ee\/_ruumist-ruumi\/wp-content\/uploads\/2024\/11\/Varstolmuimeja-Deerma-DX700-1-768x873.jpg 768w, https:\/\/blankpage.ee\/_ruumist-ruumi\/wp-content\/uploads\/2024\/11\/Varstolmuimeja-Deerma-DX700-1-264x300.jpg 264w, https:\/\/blankpage.ee\/_ruumist-ruumi\/wp-content\/uploads\/2024\/11\/Varstolmuimeja-Deerma-DX700-1-901x1024.jpg 901w, https:\/\/blankpage.ee\/_ruumist-ruumi\/wp-content\/uploads\/2024\/11\/Varstolmuimeja-Deerma-DX700-1-400x455.jpg 400w, https:\/\/blankpage.ee\/_ruumist-ruumi\/wp-content\/uploads\/2024\/11\/Varstolmuimeja-Deerma-DX700-1-922x1048.jpg 922w, https:\/\/blankpage.ee\/_ruumist-ruumi\/wp-content\/uploads\/2024\/11\/Varstolmuimeja-Deerma-DX700-1.jpg 1100w\" sizes=\"auto, (max-width: 768px) 100vw, 768px\" \/><\/p>\n<h3>Panustage mobiilsusele<\/h3>\n<p>Kerge Deerma DX 700 tolmuimejat on lihtne kohandada vastavalt teie vajadustele. Saate seda kasutada nii v\u00e4ikese k\u00e4sitolmuimejana &#8211; n\u00e4iteks m\u00f6\u00f6bli v\u00f5i polstri puhastamiseks &#8211; kui ka klassikalise vertikaalse p\u00f5randapuhastajana. Selle kerge kaal, vaid 2200 g, muudab ka puhastamise lihtsamaks. See muudab selle h\u00f5lpsasti ruumide vahel liigutatavaks v\u00f5i \u00fcles t\u00f5stetavaks, et koguda tolmu ja \u00e4mblikuv\u00f5rke laest. Deerma DX 700 abil p\u00e4\u00e4sete peaaegu k\u00f5ikjale &#8211; ja saate kasutada ka praktilist 4,5 m pikkust kaablit. Varsti ei ole teie kodus \u00fchtegi tolmust kohta!<\/p>\n<p><img loading=\"lazy\" decoding=\"async\" class=\"alignnone size-medium_large wp-image-11635\" src=\"https:\/\/blankpage.ee\/_ruumist-ruumi\/wp-content\/uploads\/2024\/11\/Varstolmuimeja-Deerma-DX700-4-768x314.jpg\" alt=\"Varstolmuimeja Deerma DX700\" width=\"768\" height=\"314\" srcset=\"https:\/\/blankpage.ee\/_ruumist-ruumi\/wp-content\/uploads\/2024\/11\/Varstolmuimeja-Deerma-DX700-4-768x314.jpg 768w, https:\/\/blankpage.ee\/_ruumist-ruumi\/wp-content\/uploads\/2024\/11\/Varstolmuimeja-Deerma-DX700-4-300x123.jpg 300w, https:\/\/blankpage.ee\/_ruumist-ruumi\/wp-content\/uploads\/2024\/11\/Varstolmuimeja-Deerma-DX700-4-1024x419.jpg 1024w, https:\/\/blankpage.ee\/_ruumist-ruumi\/wp-content\/uploads\/2024\/11\/Varstolmuimeja-Deerma-DX700-4-400x164.jpg 400w, https:\/\/blankpage.ee\/_ruumist-ruumi\/wp-content\/uploads\/2024\/11\/Varstolmuimeja-Deerma-DX700-4-922x377.jpg 922w, https:\/\/blankpage.ee\/_ruumist-ruumi\/wp-content\/uploads\/2024\/11\/Varstolmuimeja-Deerma-DX700-4.jpg 1100w\" sizes=\"auto, (max-width: 768px) 100vw, 768px\" \/><\/p>\n<h3>Nautige paindlikkust<\/h3>\n<p>Et puhastamine oleks veelgi lihtsam, oleme varustanud tolmuimeja kolme vahetatava harjaga. Iga hari sobib ideaalselt erinevatele pindadele ja aitab teil luua t\u00e4iusliku korra. Vaadake, mida saate nende abiga saavutada!<\/p>\n<p><img loading=\"lazy\" decoding=\"async\" class=\"alignnone size-medium_large wp-image-11634\" src=\"https:\/\/blankpage.ee\/_ruumist-ruumi\/wp-content\/uploads\/2024\/11\/Varstolmuimeja-Deerma-DX700-3-768x303.jpg\" alt=\"Varstolmuimeja Deerma DX700\" width=\"768\" height=\"303\" srcset=\"https:\/\/blankpage.ee\/_ruumist-ruumi\/wp-content\/uploads\/2024\/11\/Varstolmuimeja-Deerma-DX700-3-768x303.jpg 768w, https:\/\/blankpage.ee\/_ruumist-ruumi\/wp-content\/uploads\/2024\/11\/Varstolmuimeja-Deerma-DX700-3-300x118.jpg 300w, https:\/\/blankpage.ee\/_ruumist-ruumi\/wp-content\/uploads\/2024\/11\/Varstolmuimeja-Deerma-DX700-3-400x158.jpg 400w, https:\/\/blankpage.ee\/_ruumist-ruumi\/wp-content\/uploads\/2024\/11\/Varstolmuimeja-Deerma-DX700-3-922x364.jpg 922w, https:\/\/blankpage.ee\/_ruumist-ruumi\/wp-content\/uploads\/2024\/11\/Varstolmuimeja-Deerma-DX700-3.jpg 928w\" sizes=\"auto, (max-width: 768px) 100vw, 768px\" \/><\/p>\n<h3>P\u00f5randahari<\/h3>\n<p>Suure harjaga saate p\u00f5randaid kiiresti ja t\u00f5husalt tolmuimejaga puhastada. See on \u00f5huke ja p\u00f6\u00f6ratav, nii et saate selle h\u00f5lpsasti viia ka raskesti ligip\u00e4\u00e4setavatesse kohtadesse. See aitab teil vabaneda tolmust voodi alt v\u00f5i toolijalgade vahelt &#8211; harja nutikas disain v\u00f5imaldab teil seda juhtida vastavalt soovile.<\/p>\n<p><img loading=\"lazy\" decoding=\"async\" class=\"alignnone size-medium_large wp-image-11639\" src=\"https:\/\/blankpage.ee\/_ruumist-ruumi\/wp-content\/uploads\/2024\/11\/Varstolmuimeja-Deerma-DX700-8-768x484.jpg\" alt=\"Varstolmuimeja Deerma DX700\" width=\"768\" height=\"484\" srcset=\"https:\/\/blankpage.ee\/_ruumist-ruumi\/wp-content\/uploads\/2024\/11\/Varstolmuimeja-Deerma-DX700-8-768x484.jpg 768w, https:\/\/blankpage.ee\/_ruumist-ruumi\/wp-content\/uploads\/2024\/11\/Varstolmuimeja-Deerma-DX700-8-300x189.jpg 300w, https:\/\/blankpage.ee\/_ruumist-ruumi\/wp-content\/uploads\/2024\/11\/Varstolmuimeja-Deerma-DX700-8-400x252.jpg 400w, https:\/\/blankpage.ee\/_ruumist-ruumi\/wp-content\/uploads\/2024\/11\/Varstolmuimeja-Deerma-DX700-8-922x581.jpg 922w, https:\/\/blankpage.ee\/_ruumist-ruumi\/wp-content\/uploads\/2024\/11\/Varstolmuimeja-Deerma-DX700-8.jpg 1000w\" sizes=\"auto, (max-width: 768px) 100vw, 768px\" \/><\/p>\n<h3>Tolmu hari<\/h3>\n<p>V\u00e4ike tolmuhari v\u00f5imaldab teil p\u00f5hjalikult puhastada v\u00e4iksemaid pindu. Seda saab kasutada riiulite, t\u00f6\u00f6pindade ja m\u00f6\u00f6bli, nagu diivanite ja tugitoolide, puhastamiseks. Tolm, teie armastatud lemmiklooma karvad, puru &#8211; \u00fckski, isegi k\u00f5ige kangekaelsem mustus ei suuda selle eest peituda.<\/p>\n<p><img loading=\"lazy\" decoding=\"async\" class=\"alignnone size-medium_large wp-image-11640\" src=\"https:\/\/blankpage.ee\/_ruumist-ruumi\/wp-content\/uploads\/2024\/11\/Varstolmuimeja-Deerma-DX700-11-768x768.jpg\" alt=\"Varstolmuimeja Deerma DX700\" width=\"768\" height=\"768\" srcset=\"https:\/\/blankpage.ee\/_ruumist-ruumi\/wp-content\/uploads\/2024\/11\/Varstolmuimeja-Deerma-DX700-11-768x768.jpg 768w, https:\/\/blankpage.ee\/_ruumist-ruumi\/wp-content\/uploads\/2024\/11\/Varstolmuimeja-Deerma-DX700-11-300x300.jpg 300w, https:\/\/blankpage.ee\/_ruumist-ruumi\/wp-content\/uploads\/2024\/11\/Varstolmuimeja-Deerma-DX700-11-1024x1024.jpg 1024w, https:\/\/blankpage.ee\/_ruumist-ruumi\/wp-content\/uploads\/2024\/11\/Varstolmuimeja-Deerma-DX700-11-150x150.jpg 150w, https:\/\/blankpage.ee\/_ruumist-ruumi\/wp-content\/uploads\/2024\/11\/Varstolmuimeja-Deerma-DX700-11-400x400.jpg 400w, https:\/\/blankpage.ee\/_ruumist-ruumi\/wp-content\/uploads\/2024\/11\/Varstolmuimeja-Deerma-DX700-11-922x922.jpg 922w, https:\/\/blankpage.ee\/_ruumist-ruumi\/wp-content\/uploads\/2024\/11\/Varstolmuimeja-Deerma-DX700-11.jpg 1100w\" sizes=\"auto, (max-width: 768px) 100vw, 768px\" \/><\/p>\n<h3>Pilu hari<\/h3>\n<p>V\u00f5ite j\u00f5uda kitsastesse vahedesse ja nurkadesse piluharjaga. See mahub peaaegu igasse nurka ja eemaldab t\u00f5husalt prahti. M\u00f6\u00f6bli vahed, diivanite ja tugitoolide vahed ning isegi klaviatuur &#8211; nende kohtade puhastamine ei ole enam v\u00e4ljakutse!<\/p>\n<p><img loading=\"lazy\" decoding=\"async\" class=\"alignnone size-medium_large wp-image-11637\" src=\"https:\/\/blankpage.ee\/_ruumist-ruumi\/wp-content\/uploads\/2024\/11\/Varstolmuimeja-Deerma-DX700-6-768x450.jpg\" alt=\"Varstolmuimeja Deerma DX700\" width=\"768\" height=\"450\" srcset=\"https:\/\/blankpage.ee\/_ruumist-ruumi\/wp-content\/uploads\/2024\/11\/Varstolmuimeja-Deerma-DX700-6-768x450.jpg 768w, https:\/\/blankpage.ee\/_ruumist-ruumi\/wp-content\/uploads\/2024\/11\/Varstolmuimeja-Deerma-DX700-6-300x176.jpg 300w, https:\/\/blankpage.ee\/_ruumist-ruumi\/wp-content\/uploads\/2024\/11\/Varstolmuimeja-Deerma-DX700-6-400x235.jpg 400w, https:\/\/blankpage.ee\/_ruumist-ruumi\/wp-content\/uploads\/2024\/11\/Varstolmuimeja-Deerma-DX700-6-922x541.jpg 922w, https:\/\/blankpage.ee\/_ruumist-ruumi\/wp-content\/uploads\/2024\/11\/Varstolmuimeja-Deerma-DX700-6.jpg 960w\" sizes=\"auto, (max-width: 768px) 100vw, 768px\" \/><\/p>\n<h3>Valige kolmekordne kaitse<\/h3>\n<p>Looge puhas, saasteainete ja allergeenide vaba keskkond kolmekordse filtreerimiss\u00fcsteemi abil. Deerma DX 700 isoleerib t\u00f5husalt mustuse, karvad, tolmu ja karvad ning hoolitseb teie tervise eest! Seadme p\u00f6\u00f6rdfilter v\u00f5imaldab t\u00f5husalt v\u00e4ltida saasteainete uuesti settimist pindadele. T\u00e4nu sellele praktilisele lahendusele saate nautida pikaajalist puhtust ja tervises\u00f5bralikku keskkonda!<\/p>\n<p><img loading=\"lazy\" decoding=\"async\" class=\"alignnone size-medium_large wp-image-11638\" src=\"https:\/\/blankpage.ee\/_ruumist-ruumi\/wp-content\/uploads\/2024\/11\/Varstolmuimeja-Deerma-DX700-7_1-768x166.jpg\" alt=\"Varstolmuimeja Deerma DX700\" width=\"768\" height=\"166\" srcset=\"https:\/\/blankpage.ee\/_ruumist-ruumi\/wp-content\/uploads\/2024\/11\/Varstolmuimeja-Deerma-DX700-7_1-768x166.jpg 768w, https:\/\/blankpage.ee\/_ruumist-ruumi\/wp-content\/uploads\/2024\/11\/Varstolmuimeja-Deerma-DX700-7_1-300x65.jpg 300w, https:\/\/blankpage.ee\/_ruumist-ruumi\/wp-content\/uploads\/2024\/11\/Varstolmuimeja-Deerma-DX700-7_1-400x87.jpg 400w, https:\/\/blankpage.ee\/_ruumist-ruumi\/wp-content\/uploads\/2024\/11\/Varstolmuimeja-Deerma-DX700-7_1-922x200.jpg 922w, https:\/\/blankpage.ee\/_ruumist-ruumi\/wp-content\/uploads\/2024\/11\/Varstolmuimeja-Deerma-DX700-7_1.jpg 960w\" sizes=\"auto, (max-width: 768px) 100vw, 768px\" \/><\/p>\n<h3>T\u00f5hus ja mugav puhastamine<\/h3>\n<p>600 W mootori v\u00f5imsus ja 15000 Pa imemisv\u00f5imsus tagavad, et tolmuimeja t\u00f6\u00f6tab t\u00f5husalt ja efektiivselt &#8211; \u00fckski tolmuosake, isegi k\u00f5ige kangekaelsem, ei suuda sellega v\u00f5idelda. 0,8-liitrine mustuse mahuti on lihtne t\u00fchjendada ja puhastada, et v\u00e4hendada kokkupuudet mustusega. Mis teeb seadme eriliseks, on selle madal m\u00fcratase &#8211; see ei \u00fcleta 75 dB. H\u00fcvasti ebaefektiivsete, raskesti k\u00e4sitletavate ja m\u00fcrarikkate tolmuimejatega &#8211; Deerma DX 700 muudab puhastamise kiireks ja meeldivaks.<\/p>\n<p><img loading=\"lazy\" decoding=\"async\" class=\"alignnone size-medium_large wp-image-11642\" src=\"https:\/\/blankpage.ee\/_ruumist-ruumi\/wp-content\/uploads\/2024\/11\/Varstolmuimeja-Deerma-DX700-2_2-768x768.jpg\" alt=\"Varstolmuimeja Deerma DX700\" width=\"768\" height=\"768\" srcset=\"https:\/\/blankpage.ee\/_ruumist-ruumi\/wp-content\/uploads\/2024\/11\/Varstolmuimeja-Deerma-DX700-2_2-768x768.jpg 768w, https:\/\/blankpage.ee\/_ruumist-ruumi\/wp-content\/uploads\/2024\/11\/Varstolmuimeja-Deerma-DX700-2_2-300x300.jpg 300w, https:\/\/blankpage.ee\/_ruumist-ruumi\/wp-content\/uploads\/2024\/11\/Varstolmuimeja-Deerma-DX700-2_2-1024x1024.jpg 1024w, https:\/\/blankpage.ee\/_ruumist-ruumi\/wp-content\/uploads\/2024\/11\/Varstolmuimeja-Deerma-DX700-2_2-150x150.jpg 150w, https:\/\/blankpage.ee\/_ruumist-ruumi\/wp-content\/uploads\/2024\/11\/Varstolmuimeja-Deerma-DX700-2_2-400x400.jpg 400w, https:\/\/blankpage.ee\/_ruumist-ruumi\/wp-content\/uploads\/2024\/11\/Varstolmuimeja-Deerma-DX700-2_2-922x922.jpg 922w, https:\/\/blankpage.ee\/_ruumist-ruumi\/wp-content\/uploads\/2024\/11\/Varstolmuimeja-Deerma-DX700-2_2.jpg 1100w\" sizes=\"auto, (max-width: 768px) 100vw, 768px\" \/><\/p>\n<h3>Disain, mis t\u00f6\u00f6tab k\u00f5ikjal<\/h3>\n<p>Tolmuimeja lihtne, minimalistlik disain muudab selle mitte ainult praktiliseks, vaid ka stiilseks lisandiks teie koju. Seadme h\u00f5bedane v\u00e4rv sobib ideaalselt igasuguse interj\u00f6\u00f6riga. Vertikaalse hoiustamise v\u00f5imalus s\u00e4\u00e4stab ka ruumi. K\u00f5ik see teeb Deerma DX 700-st ideaalse valiku ka teie koju.<\/p>\n<p><img loading=\"lazy\" decoding=\"async\" class=\"alignnone size-medium_large wp-image-11636\" src=\"https:\/\/blankpage.ee\/_ruumist-ruumi\/wp-content\/uploads\/2024\/11\/Varstolmuimeja-Deerma-DX700-5-768x440.jpg\" alt=\"Varstolmuimeja Deerma DX700\" width=\"768\" height=\"440\" srcset=\"https:\/\/blankpage.ee\/_ruumist-ruumi\/wp-content\/uploads\/2024\/11\/Varstolmuimeja-Deerma-DX700-5-768x440.jpg 768w, https:\/\/blankpage.ee\/_ruumist-ruumi\/wp-content\/uploads\/2024\/11\/Varstolmuimeja-Deerma-DX700-5-300x172.jpg 300w, https:\/\/blankpage.ee\/_ruumist-ruumi\/wp-content\/uploads\/2024\/11\/Varstolmuimeja-Deerma-DX700-5-1024x586.jpg 1024w, https:\/\/blankpage.ee\/_ruumist-ruumi\/wp-content\/uploads\/2024\/11\/Varstolmuimeja-Deerma-DX700-5-400x229.jpg 400w, https:\/\/blankpage.ee\/_ruumist-ruumi\/wp-content\/uploads\/2024\/11\/Varstolmuimeja-Deerma-DX700-5-922x528.jpg 922w, https:\/\/blankpage.ee\/_ruumist-ruumi\/wp-content\/uploads\/2024\/11\/Varstolmuimeja-Deerma-DX700-5.jpg 1100w\" sizes=\"auto, (max-width: 768px) 100vw, 768px\" \/><\/p>\n<div class=\"table-wrapper\">\n<table>\n<tbody>\n<tr>\n<th>Br\u00e4nd<\/th>\n<td>Deerma<\/td>\n<\/tr>\n<tr>\n<th>Mudel<\/th>\n<td>DX700<\/td>\n<\/tr>\n<tr>\n<th>Imemisv\u00f5imsus<\/th>\n<td>15 kPa<\/td>\n<\/tr>\n<tr>\n<th>Pinge<\/th>\n<td>220-240V~50-60Hz<\/td>\n<\/tr>\n<tr>\n<th>Toiteallikas<\/th>\n<td>AC<\/td>\n<\/tr>\n<tr>\n<th>M\u00fcratase<\/th>\n<td>75 dB<\/td>\n<\/tr>\n<tr>\n<th>Kaabli pikkus<\/th>\n<td>4,5 m<\/td>\n<\/tr>\n<tr>\n<th>V\u00f5imsus<\/th>\n<td>600W<\/td>\n<\/tr>\n<tr>\n<th>Tolmu mahuti<\/th>\n<td>0,8l<\/td>\n<\/tr>\n<tr>\n<th>Kaal<\/th>\n<td>2,75 kg<\/td>\n<\/tr>\n<tr>\n<th>Materjal<\/th>\n<td>ABS \/ pol\u00fckarbonaat<\/td>\n<\/tr>\n<\/tbody>\n<\/table>\n<\/div>\n","protected":false},"excerpt":{"rendered":"<p>Deerma DX700 &#8211; \u00dcks tolmuimeja &#8211; palju v\u00f5imalusi Kui otsite multifunktsionaalset tolmuimejat erilisteks \u00fclesanneteks, siis Deerma DX 700 vastab teie ootustele. Ergonomiline disain, k\u00f5rge j\u00f5udlus, palju rakendusv\u00f5imalusi &#8211; vaadake, millega veel teid \u00fcllatada saab! Panustage mobiilsusele Kerge Deerma DX 700 tolmuimejat on lihtne kohandada vastavalt teie vajadustele. Saate seda kasutada nii v\u00e4ikese k\u00e4sitolmuimejana &#8211; n\u00e4iteks [&hellip;]<\/p>\n","protected":false},"featured_media":11298,"comment_status":"closed","ping_status":"closed","template":"","meta":[],"product_brand":[],"product_cat":[813],"product_tag":[],"class_list":{"0":"post-11297","1":"product","2":"type-product","3":"status-publish","4":"has-post-thumbnail","6":"product_cat-varstolmuimejad","7":"product_shipping_class-innpro","9":"first","10":"instock","11":"sale","12":"taxable","13":"shipping-taxable","14":"purchasable","15":"product-type-simple"},"_links":{"self":[{"href":"https:\/\/blankpage.ee\/_ruumist-ruumi\/wp-json\/wp\/v2\/product\/11297","targetHints":{"allow":["GET"]}}],"collection":[{"href":"https:\/\/blankpage.ee\/_ruumist-ruumi\/wp-json\/wp\/v2\/product"}],"about":[{"href":"https:\/\/blankpage.ee\/_ruumist-ruumi\/wp-json\/wp\/v2\/types\/product"}],"replies":[{"embeddable":true,"href":"https:\/\/blankpage.ee\/_ruumist-ruumi\/wp-json\/wp\/v2\/comments?post=11297"}],"wp:featuredmedia":[{"embeddable":true,"href":"https:\/\/blankpage.ee\/_ruumist-ruumi\/wp-json\/wp\/v2\/media\/11298"}],"wp:attachment":[{"href":"https:\/\/blankpage.ee\/_ruumist-ruumi\/wp-json\/wp\/v2\/media?parent=11297"}],"wp:term":[{"taxonomy":"product_brand","embeddable":true,"href":"https:\/\/blankpage.ee\/_ruumist-ruumi\/wp-json\/wp\/v2\/product_brand?post=11297"},{"taxonomy":"product_cat","embeddable":true,"href":"https:\/\/blankpage.ee\/_ruumist-ruumi\/wp-json\/wp\/v2\/product_cat?post=11297"},{"taxonomy":"product_tag","embeddable":true,"href":"https:\/\/blankpage.ee\/_ruumist-ruumi\/wp-json\/wp\/v2\/product_tag?post=11297"}],"curies":[{"name":"wp","href":"https:\/\/api.w.org\/{rel}","templated":true}]}}