{"id":11313,"date":"2024-11-27T12:18:49","date_gmt":"2024-11-27T12:18:49","guid":{"rendered":"https:\/\/ruumistruumi.ee\/?post_type=product&#038;p=11313"},"modified":"2025-08-21T08:21:49","modified_gmt":"2025-08-21T08:21:49","slug":"varstolmuimeja-deerma-dx900","status":"publish","type":"product","link":"https:\/\/blankpage.ee\/_ruumist-ruumi\/pood\/varstolmuimeja-deerma-dx900\/","title":{"rendered":"Varstolmuimeja Deerma DX900"},"content":{"rendered":"<h3>Deerma DX900 varstolmuimeja<\/h3>\n<p>Deerma DX900 tolmuimeja eristub \u00e4\u00e4rmiselt t\u00f5husa filtreerimiss\u00fcsteemiga, mis v\u00f5imaldab t\u00f5husalt vabaneda tolmust, allergeenidest ja muudest kahjulikest ainetest. Saate seda kasutada kahel viisil ning t\u00e4nu vahetatavatele harjadele saate seda veelgi paremini oma vajadustele kohandada. Kvaliteetne mootor tagab t\u00f5husa, kuid vaikse t\u00f6\u00f6 75 dB juures. Tolmuimeja on ka kerge ja mugav, nii et naudite selle kasutamisel erakordset mugavust.<\/p>\n<p><img loading=\"lazy\" decoding=\"async\" class=\"alignnone size-medium_large wp-image-11626\" src=\"https:\/\/blankpage.ee\/_ruumist-ruumi\/wp-content\/uploads\/2024\/11\/Varstolmuimeja-Deerma-DX900-1-768x489.jpg\" alt=\"Varstolmuimeja Deerma DX900 \" width=\"768\" height=\"489\" srcset=\"https:\/\/blankpage.ee\/_ruumist-ruumi\/wp-content\/uploads\/2024\/11\/Varstolmuimeja-Deerma-DX900-1-768x489.jpg 768w, https:\/\/blankpage.ee\/_ruumist-ruumi\/wp-content\/uploads\/2024\/11\/Varstolmuimeja-Deerma-DX900-1-300x191.jpg 300w, https:\/\/blankpage.ee\/_ruumist-ruumi\/wp-content\/uploads\/2024\/11\/Varstolmuimeja-Deerma-DX900-1-400x255.jpg 400w, https:\/\/blankpage.ee\/_ruumist-ruumi\/wp-content\/uploads\/2024\/11\/Varstolmuimeja-Deerma-DX900-1-922x587.jpg 922w, https:\/\/blankpage.ee\/_ruumist-ruumi\/wp-content\/uploads\/2024\/11\/Varstolmuimeja-Deerma-DX900-1.jpg 1000w\" sizes=\"auto, (max-width: 768px) 100vw, 768px\" \/><\/p>\n<h3>Teie salarelv mustuse vastu v\u00f5itlemisel<\/h3>\n<p>DX900 abil vabanete kiiresti ja mugavalt tolmust, k\u00f5\u00f5mast, \u00f5ietolmust, bakteritest ja tolmulestadest. Perforeeritud terasfilter p\u00fc\u00fcab t\u00f5husalt kinni mustuse ja allergeenid. V\u00f5imas p\u00f6\u00f6rlemisj\u00f5ud suunab j\u00e4\u00e4tmed koheselt konteinerisse, mille saate h\u00f5lpsasti lahti v\u00f5tta, t\u00fchjendada ja pesta. Filtreerimise t\u00f5husust suurendab iseseisev \u00f5hukanal ning 90\u00b0 ja 135\u00b0 kaardus \u00f5hu sisselaskeava. K\u00f5ik see t\u00e4hendab, et tolmuimeja v\u00f5imaldab teil luua puhta ja tervises\u00f5braliku keskkonna iga teie kodu ruumis.<\/p>\n<p><img loading=\"lazy\" decoding=\"async\" class=\"alignnone size-medium_large wp-image-11622\" src=\"https:\/\/blankpage.ee\/_ruumist-ruumi\/wp-content\/uploads\/2024\/11\/Varstolmuimeja-Deerma-DX900-8-768x489.jpg\" alt=\"Varstolmuimeja Deerma DX900 \" width=\"768\" height=\"489\" srcset=\"https:\/\/blankpage.ee\/_ruumist-ruumi\/wp-content\/uploads\/2024\/11\/Varstolmuimeja-Deerma-DX900-8-768x489.jpg 768w, https:\/\/blankpage.ee\/_ruumist-ruumi\/wp-content\/uploads\/2024\/11\/Varstolmuimeja-Deerma-DX900-8-300x191.jpg 300w, https:\/\/blankpage.ee\/_ruumist-ruumi\/wp-content\/uploads\/2024\/11\/Varstolmuimeja-Deerma-DX900-8-400x255.jpg 400w, https:\/\/blankpage.ee\/_ruumist-ruumi\/wp-content\/uploads\/2024\/11\/Varstolmuimeja-Deerma-DX900-8-922x587.jpg 922w, https:\/\/blankpage.ee\/_ruumist-ruumi\/wp-content\/uploads\/2024\/11\/Varstolmuimeja-Deerma-DX900-8.jpg 1000w\" sizes=\"auto, (max-width: 768px) 100vw, 768px\" \/><\/p>\n<h3>Seda saab kasutada kahel viisil<\/h3>\n<p>Valides Deerma DX900, saate tegelikult kaks seadet \u00fches. Kasutate toodet edukalt nii p\u00fcstise kui ka k\u00e4sitolmuimejana. Nii p\u00e4\u00e4sete h\u00f5lpsasti igasse kohta, mida soovite puhastada. Selle multifunktsionaalse seadmega tolmuimeerite mitte ainult p\u00f5randaid, vaid ka tugitoolid, madratsid, kardinad, riiulid, t\u00f6\u00f6pinnad ja isegi klaviatuurid. Deerma DX900 abil on teie v\u00f5imalused peaaegu piiramatud.<\/p>\n<p><img loading=\"lazy\" decoding=\"async\" class=\"alignnone size-medium_large wp-image-11623\" src=\"https:\/\/blankpage.ee\/_ruumist-ruumi\/wp-content\/uploads\/2024\/11\/Varstolmuimeja-Deerma-DX900-10-768x489.jpg\" alt=\"Varstolmuimeja Deerma DX900 \" width=\"768\" height=\"489\" srcset=\"https:\/\/blankpage.ee\/_ruumist-ruumi\/wp-content\/uploads\/2024\/11\/Varstolmuimeja-Deerma-DX900-10-768x489.jpg 768w, https:\/\/blankpage.ee\/_ruumist-ruumi\/wp-content\/uploads\/2024\/11\/Varstolmuimeja-Deerma-DX900-10-300x191.jpg 300w, https:\/\/blankpage.ee\/_ruumist-ruumi\/wp-content\/uploads\/2024\/11\/Varstolmuimeja-Deerma-DX900-10-400x255.jpg 400w, https:\/\/blankpage.ee\/_ruumist-ruumi\/wp-content\/uploads\/2024\/11\/Varstolmuimeja-Deerma-DX900-10-922x587.jpg 922w, https:\/\/blankpage.ee\/_ruumist-ruumi\/wp-content\/uploads\/2024\/11\/Varstolmuimeja-Deerma-DX900-10.jpg 1000w\" sizes=\"auto, (max-width: 768px) 100vw, 768px\" \/><\/p>\n<h3>Vahetage harju, et optimeerida selle j\u00f5udlust<\/h3>\n<p>Komplektis leiate 2 harja, mida saate h\u00f5lpsasti vahetada, et kohandada DX900 j\u00f5udlust vastavalt pinnat\u00fc\u00fcbile, mida soovite tolmuimeerida. P\u00f5randahari on \u00e4\u00e4rmiselt mitmek\u00fclgne &#8211; see sobib muu hulgas paneelide, vaipade, vaipkatete ja plaatide puhastamiseks. Lamehari on aga ideaalne kitsaste, raskesti ligip\u00e4\u00e4setavate alade jaoks. Selle abil saate tolmuimeerida n\u00e4iteks kardinaid v\u00f5i s\u00fclearvuti klaviatuuri.<\/p>\n<p><img loading=\"lazy\" decoding=\"async\" class=\"alignnone size-medium_large wp-image-11624\" src=\"https:\/\/blankpage.ee\/_ruumist-ruumi\/wp-content\/uploads\/2024\/11\/Varstolmuimeja-Deerma-DX900-11-768x489.jpg\" alt=\"Varstolmuimeja Deerma DX900 \" width=\"768\" height=\"489\" srcset=\"https:\/\/blankpage.ee\/_ruumist-ruumi\/wp-content\/uploads\/2024\/11\/Varstolmuimeja-Deerma-DX900-11-768x489.jpg 768w, https:\/\/blankpage.ee\/_ruumist-ruumi\/wp-content\/uploads\/2024\/11\/Varstolmuimeja-Deerma-DX900-11-300x191.jpg 300w, https:\/\/blankpage.ee\/_ruumist-ruumi\/wp-content\/uploads\/2024\/11\/Varstolmuimeja-Deerma-DX900-11-400x255.jpg 400w, https:\/\/blankpage.ee\/_ruumist-ruumi\/wp-content\/uploads\/2024\/11\/Varstolmuimeja-Deerma-DX900-11-922x587.jpg 922w, https:\/\/blankpage.ee\/_ruumist-ruumi\/wp-content\/uploads\/2024\/11\/Varstolmuimeja-Deerma-DX900-11.jpg 1000w\" sizes=\"auto, (max-width: 768px) 100vw, 768px\" \/><\/p>\n<h3>Puhastage ja nautige vaikust<\/h3>\n<p>Seade on varustatud mootoriga, mis paistab silma oma k\u00f5rge efektiivsusega. See tagab muljetavaldava imemisv\u00f5imsuse, et j\u00e4\u00e4tmetest kiiresti vabaneda. Samal ajal on tolmuimeja uskumatult vaikne. See on loodud m\u00fcra t\u00f5husaks v\u00e4hendamiseks. Nii saate Deerma DX900 abil nautida t\u00f5husat, kuid vaikset tolmu imemist.<\/p>\n<p><img loading=\"lazy\" decoding=\"async\" class=\"alignnone size-medium_large wp-image-11625\" src=\"https:\/\/blankpage.ee\/_ruumist-ruumi\/wp-content\/uploads\/2024\/11\/Varstolmuimeja-Deerma-DX900-12-768x489.jpg\" alt=\"Varstolmuimeja Deerma DX900 \" width=\"768\" height=\"489\" srcset=\"https:\/\/blankpage.ee\/_ruumist-ruumi\/wp-content\/uploads\/2024\/11\/Varstolmuimeja-Deerma-DX900-12-768x489.jpg 768w, https:\/\/blankpage.ee\/_ruumist-ruumi\/wp-content\/uploads\/2024\/11\/Varstolmuimeja-Deerma-DX900-12-300x191.jpg 300w, https:\/\/blankpage.ee\/_ruumist-ruumi\/wp-content\/uploads\/2024\/11\/Varstolmuimeja-Deerma-DX900-12-400x255.jpg 400w, https:\/\/blankpage.ee\/_ruumist-ruumi\/wp-content\/uploads\/2024\/11\/Varstolmuimeja-Deerma-DX900-12-922x587.jpg 922w, https:\/\/blankpage.ee\/_ruumist-ruumi\/wp-content\/uploads\/2024\/11\/Varstolmuimeja-Deerma-DX900-12.jpg 1000w\" sizes=\"auto, (max-width: 768px) 100vw, 768px\" \/><\/p>\n<h3>See r\u00f5\u00f5mustab teid kasutusmugavusega<\/h3>\n<p>Tolmuimeja on v\u00e4ike ja kerge. Selle kasutamine on seega \u00e4\u00e4rmiselt mugav ja v\u00e4simusvaba. Spetsiaalne k\u00e4epide v\u00f5imaldab teil kaabli mugavalt kokku kerida ja hoiustada, muutes asjade korrashoidmise lihtsamaks. Seadme korpus on valmistatud vastupidavast ABS-plastikust, mis tagab selle kulumiskindluse ja erakordse vastupidavuse. See funktsionaalne ja mugav tolmuimeja teenib teid suurep\u00e4raselt pikka aega.<\/p>\n<p><img loading=\"lazy\" decoding=\"async\" class=\"alignnone size-medium_large wp-image-11627\" src=\"https:\/\/blankpage.ee\/_ruumist-ruumi\/wp-content\/uploads\/2024\/11\/Varstolmuimeja-Deerma-DX900-7-768x489.jpg\" alt=\"Varstolmuimeja Deerma DX900 \" width=\"768\" height=\"489\" srcset=\"https:\/\/blankpage.ee\/_ruumist-ruumi\/wp-content\/uploads\/2024\/11\/Varstolmuimeja-Deerma-DX900-7-768x489.jpg 768w, https:\/\/blankpage.ee\/_ruumist-ruumi\/wp-content\/uploads\/2024\/11\/Varstolmuimeja-Deerma-DX900-7-300x191.jpg 300w, https:\/\/blankpage.ee\/_ruumist-ruumi\/wp-content\/uploads\/2024\/11\/Varstolmuimeja-Deerma-DX900-7-400x255.jpg 400w, https:\/\/blankpage.ee\/_ruumist-ruumi\/wp-content\/uploads\/2024\/11\/Varstolmuimeja-Deerma-DX900-7-922x587.jpg 922w, https:\/\/blankpage.ee\/_ruumist-ruumi\/wp-content\/uploads\/2024\/11\/Varstolmuimeja-Deerma-DX900-7.jpg 1000w\" sizes=\"auto, (max-width: 768px) 100vw, 768px\" \/><\/p>\n<div class=\"table-wrapper\">\n<table>\n<tbody>\n<tr>\n<th>Tootja<\/th>\n<td>Deerma<\/td>\n<\/tr>\n<tr>\n<th>Mudel<\/th>\n<td>DX900<\/td>\n<\/tr>\n<tr>\n<th>Nimiv\u00f5imsus<\/th>\n<td>600W<\/td>\n<\/tr>\n<tr>\n<th>Nimipinge<\/th>\n<td>220V~50Hz<\/td>\n<\/tr>\n<tr>\n<th>Tolmumahuti maht<\/th>\n<td>0,8l<\/td>\n<\/tr>\n<tr>\n<th>Toitejuhe<\/th>\n<td>5m<\/td>\n<\/tr>\n<tr>\n<th>M\u00f5\u00f5tmed<\/th>\n<td>234 x 145 x 1100mm<\/td>\n<\/tr>\n<tr>\n<th>Imemisj\u00f5ud<\/th>\n<td>17,000 Pa<\/td>\n<\/tr>\n<tr>\n<th>M\u00fcratase<\/th>\n<td>alla 75dB<\/td>\n<\/tr>\n<tr>\n<th>Kaal<\/th>\n<td>2,5kg<\/td>\n<\/tr>\n<\/tbody>\n<\/table>\n<\/div>\n","protected":false},"excerpt":{"rendered":"<p>Deerma DX900 varstolmuimeja Deerma DX900 tolmuimeja eristub \u00e4\u00e4rmiselt t\u00f5husa filtreerimiss\u00fcsteemiga, mis v\u00f5imaldab t\u00f5husalt vabaneda tolmust, allergeenidest ja muudest kahjulikest ainetest. Saate seda kasutada kahel viisil ning t\u00e4nu vahetatavatele harjadele saate seda veelgi paremini oma vajadustele kohandada. Kvaliteetne mootor tagab t\u00f5husa, kuid vaikse t\u00f6\u00f6 75 dB juures. Tolmuimeja on ka kerge ja mugav, nii et naudite [&hellip;]<\/p>\n","protected":false},"featured_media":11314,"comment_status":"closed","ping_status":"closed","template":"","meta":[],"product_brand":[],"product_cat":[813],"product_tag":[],"class_list":{"0":"post-11313","1":"product","2":"type-product","3":"status-publish","4":"has-post-thumbnail","6":"product_cat-varstolmuimejad","7":"product_shipping_class-innpro","9":"first","10":"instock","11":"sale","12":"taxable","13":"shipping-taxable","14":"purchasable","15":"product-type-simple"},"_links":{"self":[{"href":"https:\/\/blankpage.ee\/_ruumist-ruumi\/wp-json\/wp\/v2\/product\/11313","targetHints":{"allow":["GET"]}}],"collection":[{"href":"https:\/\/blankpage.ee\/_ruumist-ruumi\/wp-json\/wp\/v2\/product"}],"about":[{"href":"https:\/\/blankpage.ee\/_ruumist-ruumi\/wp-json\/wp\/v2\/types\/product"}],"replies":[{"embeddable":true,"href":"https:\/\/blankpage.ee\/_ruumist-ruumi\/wp-json\/wp\/v2\/comments?post=11313"}],"wp:featuredmedia":[{"embeddable":true,"href":"https:\/\/blankpage.ee\/_ruumist-ruumi\/wp-json\/wp\/v2\/media\/11314"}],"wp:attachment":[{"href":"https:\/\/blankpage.ee\/_ruumist-ruumi\/wp-json\/wp\/v2\/media?parent=11313"}],"wp:term":[{"taxonomy":"product_brand","embeddable":true,"href":"https:\/\/blankpage.ee\/_ruumist-ruumi\/wp-json\/wp\/v2\/product_brand?post=11313"},{"taxonomy":"product_cat","embeddable":true,"href":"https:\/\/blankpage.ee\/_ruumist-ruumi\/wp-json\/wp\/v2\/product_cat?post=11313"},{"taxonomy":"product_tag","embeddable":true,"href":"https:\/\/blankpage.ee\/_ruumist-ruumi\/wp-json\/wp\/v2\/product_tag?post=11313"}],"curies":[{"name":"wp","href":"https:\/\/api.w.org\/{rel}","templated":true}]}}