{"id":11322,"date":"2024-11-27T12:18:49","date_gmt":"2024-11-27T12:18:49","guid":{"rendered":"https:\/\/ruumistruumi.ee\/?post_type=product&#038;p=11322"},"modified":"2025-08-21T08:21:49","modified_gmt":"2025-08-21T08:21:49","slug":"varstolmuimeja-deerma-dx118c","status":"publish","type":"product","link":"https:\/\/blankpage.ee\/_ruumist-ruumi\/pood\/varstolmuimeja-deerma-dx118c\/","title":{"rendered":"Varstolmuimeja Deerma DX118C"},"content":{"rendered":"<h3>K\u00e4ep\u00e4rane tolmuimeja, mis \u00fcllatab sind oma t\u00f5hususega<\/h3>\n<p>DX118C on t\u00e4iesti uus! Tolmuimeja on n\u00fc\u00fcd saadaval uues hallis v\u00e4rvitoonis. Oma t\u00f5husa j\u00f5udluse ja kasutusmugavusega vastab see n\u00f5udlike kasutajate ootustele. See kerge ja k\u00e4ep\u00e4rane tolmuimeja on varustatud 5-meetrise kaabliga, mis annab sulle vajaliku vabaduse. Tolmuimeja t\u00f5husust tagab kuni 16000 Pa imemisv\u00f5imsus ja 3 vahetatavat harja, mida saab kasutada mitmes olukorras. 1,2 kg j\u00e4\u00e4tmekonteinerit on lihtne t\u00fchjendada nupuvajutusega.<\/p>\n<p><img loading=\"lazy\" decoding=\"async\" class=\"alignnone size-medium_large wp-image-11611\" src=\"https:\/\/blankpage.ee\/_ruumist-ruumi\/wp-content\/uploads\/2024\/11\/Varstolmuimeja-Deerma-DX118C-14-768x488.jpg\" alt=\"Varstolmuimeja Deerma DX118C\" width=\"768\" height=\"488\" srcset=\"https:\/\/blankpage.ee\/_ruumist-ruumi\/wp-content\/uploads\/2024\/11\/Varstolmuimeja-Deerma-DX118C-14-768x488.jpg 768w, https:\/\/blankpage.ee\/_ruumist-ruumi\/wp-content\/uploads\/2024\/11\/Varstolmuimeja-Deerma-DX118C-14-300x191.jpg 300w, https:\/\/blankpage.ee\/_ruumist-ruumi\/wp-content\/uploads\/2024\/11\/Varstolmuimeja-Deerma-DX118C-14-1024x651.jpg 1024w, https:\/\/blankpage.ee\/_ruumist-ruumi\/wp-content\/uploads\/2024\/11\/Varstolmuimeja-Deerma-DX118C-14-400x254.jpg 400w, https:\/\/blankpage.ee\/_ruumist-ruumi\/wp-content\/uploads\/2024\/11\/Varstolmuimeja-Deerma-DX118C-14-922x586.jpg 922w, https:\/\/blankpage.ee\/_ruumist-ruumi\/wp-content\/uploads\/2024\/11\/Varstolmuimeja-Deerma-DX118C-14.jpg 1101w\" sizes=\"auto, (max-width: 768px) 100vw, 768px\" \/><\/p>\n<h3>Kasutatav kahel viisil<\/h3>\n<p>Oma kerge ja ergonoomilise disainiga on DX118C lihtne k\u00e4sitseda ja suudab puhastada iga nurga sinu kodus. Seda praktilist seadet saab kasutada kahel viisil &#8211; p\u00fcstise ja k\u00e4eshoitava tolmuimejana. Selle abil saad h\u00f5lpsasti puhastada oma p\u00f5randaid ja palju muud. Selle t\u00f5stmine kardinate, k\u00f5rgemate riiulite v\u00f5i lae tolmuimejaks ei ole probleem.<\/p>\n<p><img loading=\"lazy\" decoding=\"async\" class=\"alignnone size-medium_large wp-image-11609\" src=\"https:\/\/blankpage.ee\/_ruumist-ruumi\/wp-content\/uploads\/2024\/11\/Varstolmuimeja-Deerma-DX118C-7-768x489.jpg\" alt=\"Varstolmuimeja Deerma DX118C\" width=\"768\" height=\"489\" srcset=\"https:\/\/blankpage.ee\/_ruumist-ruumi\/wp-content\/uploads\/2024\/11\/Varstolmuimeja-Deerma-DX118C-7-768x489.jpg 768w, https:\/\/blankpage.ee\/_ruumist-ruumi\/wp-content\/uploads\/2024\/11\/Varstolmuimeja-Deerma-DX118C-7-300x191.jpg 300w, https:\/\/blankpage.ee\/_ruumist-ruumi\/wp-content\/uploads\/2024\/11\/Varstolmuimeja-Deerma-DX118C-7-1024x652.jpg 1024w, https:\/\/blankpage.ee\/_ruumist-ruumi\/wp-content\/uploads\/2024\/11\/Varstolmuimeja-Deerma-DX118C-7-400x255.jpg 400w, https:\/\/blankpage.ee\/_ruumist-ruumi\/wp-content\/uploads\/2024\/11\/Varstolmuimeja-Deerma-DX118C-7-922x587.jpg 922w, https:\/\/blankpage.ee\/_ruumist-ruumi\/wp-content\/uploads\/2024\/11\/Varstolmuimeja-Deerma-DX118C-7.jpg 1103w\" sizes=\"auto, (max-width: 768px) 100vw, 768px\" \/><\/p>\n<h3>3 harja komplektis<\/h3>\n<p>Selles komplektis leiad koguni 3 t\u00fc\u00fcpi harju. P\u00f5randahari t\u00f6\u00f6tab h\u00e4sti peaaegu igal pinnal. See puhastab t\u00f5husalt laminaati, plaate ja isegi vaipu. Selle kasutamine on \u00e4\u00e4rmiselt lihtne ja mugav. See libiseb sujuvalt \u00fcle p\u00f5randa ja t\u00e4nu vaid 5 cm paksusele ja 90\u00b0 p\u00f6\u00f6rderaadiusele j\u00f5uab see igasse nurka. Lamehari on ideaalne m\u00f6\u00f6bli v\u00f5i klaviatuuride tolmuimejaks ning kolmnurkne hari sobib suurep\u00e4raselt kardinate, linade ja muude materjalide jaoks, eemaldades tolmu, juukseid ja karvu.<\/p>\n<p><img loading=\"lazy\" decoding=\"async\" class=\"alignnone size-medium_large wp-image-11613\" src=\"https:\/\/blankpage.ee\/_ruumist-ruumi\/wp-content\/uploads\/2024\/11\/Varstolmuimeja-Deerma-DX118C-1-768x489.jpg\" alt=\"Varstolmuimeja Deerma DX118C\" width=\"768\" height=\"489\" srcset=\"https:\/\/blankpage.ee\/_ruumist-ruumi\/wp-content\/uploads\/2024\/11\/Varstolmuimeja-Deerma-DX118C-1-768x489.jpg 768w, https:\/\/blankpage.ee\/_ruumist-ruumi\/wp-content\/uploads\/2024\/11\/Varstolmuimeja-Deerma-DX118C-1-300x191.jpg 300w, https:\/\/blankpage.ee\/_ruumist-ruumi\/wp-content\/uploads\/2024\/11\/Varstolmuimeja-Deerma-DX118C-1-1024x652.jpg 1024w, https:\/\/blankpage.ee\/_ruumist-ruumi\/wp-content\/uploads\/2024\/11\/Varstolmuimeja-Deerma-DX118C-1-400x255.jpg 400w, https:\/\/blankpage.ee\/_ruumist-ruumi\/wp-content\/uploads\/2024\/11\/Varstolmuimeja-Deerma-DX118C-1-922x587.jpg 922w, https:\/\/blankpage.ee\/_ruumist-ruumi\/wp-content\/uploads\/2024\/11\/Varstolmuimeja-Deerma-DX118C-1.jpg 1100w\" sizes=\"auto, (max-width: 768px) 100vw, 768px\" \/><\/p>\n<h3>\u00dcllatav j\u00f5udlus<\/h3>\n<p>Tolmuimeja on varustatud v\u00f5imsa mootoriga, mis suudab t\u00f6\u00f6tada kuni 28 000 p\u00f6\u00f6rlemist minutis. See on see, mis teeb DX118C imemisv\u00f5imsuse nii k\u00f5rgeks. K\u00f5ik see kokku annab DX118C-le h\u00e4mmastava j\u00f5udluse, kuna saad tolmust ja muust prahist lahti l\u00fchikese ajaga.<\/p>\n<p><img loading=\"lazy\" decoding=\"async\" class=\"alignnone size-medium_large wp-image-11610\" src=\"https:\/\/blankpage.ee\/_ruumist-ruumi\/wp-content\/uploads\/2024\/11\/Varstolmuimeja-Deerma-DX118C-12-768x489.jpg\" alt=\"Varstolmuimeja Deerma DX118C\" width=\"768\" height=\"489\" srcset=\"https:\/\/blankpage.ee\/_ruumist-ruumi\/wp-content\/uploads\/2024\/11\/Varstolmuimeja-Deerma-DX118C-12-768x489.jpg 768w, https:\/\/blankpage.ee\/_ruumist-ruumi\/wp-content\/uploads\/2024\/11\/Varstolmuimeja-Deerma-DX118C-12-300x191.jpg 300w, https:\/\/blankpage.ee\/_ruumist-ruumi\/wp-content\/uploads\/2024\/11\/Varstolmuimeja-Deerma-DX118C-12-1024x652.jpg 1024w, https:\/\/blankpage.ee\/_ruumist-ruumi\/wp-content\/uploads\/2024\/11\/Varstolmuimeja-Deerma-DX118C-12-400x255.jpg 400w, https:\/\/blankpage.ee\/_ruumist-ruumi\/wp-content\/uploads\/2024\/11\/Varstolmuimeja-Deerma-DX118C-12-922x587.jpg 922w, https:\/\/blankpage.ee\/_ruumist-ruumi\/wp-content\/uploads\/2024\/11\/Varstolmuimeja-Deerma-DX118C-12.jpg 1100w\" sizes=\"auto, (max-width: 768px) 100vw, 768px\" \/><\/p>\n<h3>Ohutus ja h\u00fcgieen<\/h3>\n<p>Kasutades DX118C-d, saad mitte ainult oma kodu p\u00f5hjalikult tolmuimejaga puhastada, vaid v\u00e4hendad ka oma kokkupuudet mustusega. Seade on varustatud t\u00f5husa HEPA filtriga, mis filtreerib tolmu suurep\u00e4raselt. Seda saab puhastada jooksva vee all, samuti ruumikat tolmukonteinerit, mis t\u00fchjeneb nupuvajutusega. K\u00f5ik see muudab tolmuimeja ohutuks ja h\u00fcgieeniliseks kasutada.<\/p>\n<p><img loading=\"lazy\" decoding=\"async\" class=\"alignnone size-medium_large wp-image-11614\" src=\"https:\/\/blankpage.ee\/_ruumist-ruumi\/wp-content\/uploads\/2024\/11\/Varstolmuimeja-Deerma-DX118C-6-768x489.jpg\" alt=\"Varstolmuimeja Deerma DX118C\" width=\"768\" height=\"489\" srcset=\"https:\/\/blankpage.ee\/_ruumist-ruumi\/wp-content\/uploads\/2024\/11\/Varstolmuimeja-Deerma-DX118C-6-768x489.jpg 768w, https:\/\/blankpage.ee\/_ruumist-ruumi\/wp-content\/uploads\/2024\/11\/Varstolmuimeja-Deerma-DX118C-6-300x191.jpg 300w, https:\/\/blankpage.ee\/_ruumist-ruumi\/wp-content\/uploads\/2024\/11\/Varstolmuimeja-Deerma-DX118C-6-1024x652.jpg 1024w, https:\/\/blankpage.ee\/_ruumist-ruumi\/wp-content\/uploads\/2024\/11\/Varstolmuimeja-Deerma-DX118C-6-400x255.jpg 400w, https:\/\/blankpage.ee\/_ruumist-ruumi\/wp-content\/uploads\/2024\/11\/Varstolmuimeja-Deerma-DX118C-6-922x587.jpg 922w, https:\/\/blankpage.ee\/_ruumist-ruumi\/wp-content\/uploads\/2024\/11\/Varstolmuimeja-Deerma-DX118C-6.jpg 1100w\" sizes=\"auto, (max-width: 768px) 100vw, 768px\" \/><\/p>\n<h3>Lihtne hoiustada<\/h3>\n<p>\u00dcks p\u00fcstise tolmuimeja eeliseid on see, et seda on lihtne hoiustada. Lihtsalt aseta see seina vastu ja see ei v\u00f5ta kodus liiga palju ruumi. Seade paistab silma ka oma lihtsa, kuid stiilse disainiga. Selle kaasaegne disain, ergonoomiline konstruktsioon ja muljetavaldav funktsionaalsus teevad sellest suurep\u00e4rase lisandi sinu koju.<\/p>\n<p><img loading=\"lazy\" decoding=\"async\" class=\"alignnone size-medium_large wp-image-11612\" src=\"https:\/\/blankpage.ee\/_ruumist-ruumi\/wp-content\/uploads\/2024\/11\/Varstolmuimeja-Deerma-DX118C-15-768x489.jpg\" alt=\"Varstolmuimeja Deerma DX118C\" width=\"768\" height=\"489\" srcset=\"https:\/\/blankpage.ee\/_ruumist-ruumi\/wp-content\/uploads\/2024\/11\/Varstolmuimeja-Deerma-DX118C-15-768x489.jpg 768w, https:\/\/blankpage.ee\/_ruumist-ruumi\/wp-content\/uploads\/2024\/11\/Varstolmuimeja-Deerma-DX118C-15-300x191.jpg 300w, https:\/\/blankpage.ee\/_ruumist-ruumi\/wp-content\/uploads\/2024\/11\/Varstolmuimeja-Deerma-DX118C-15-1024x653.jpg 1024w, https:\/\/blankpage.ee\/_ruumist-ruumi\/wp-content\/uploads\/2024\/11\/Varstolmuimeja-Deerma-DX118C-15-400x255.jpg 400w, https:\/\/blankpage.ee\/_ruumist-ruumi\/wp-content\/uploads\/2024\/11\/Varstolmuimeja-Deerma-DX118C-15-922x588.jpg 922w, https:\/\/blankpage.ee\/_ruumist-ruumi\/wp-content\/uploads\/2024\/11\/Varstolmuimeja-Deerma-DX118C-15.jpg 1100w\" sizes=\"auto, (max-width: 768px) 100vw, 768px\" \/><\/p>\n<div class=\"table-wrapper\">\n<table>\n<tbody>\n<tr>\n<th>Br\u00e4nd<\/th>\n<td>Deerma<\/td>\n<\/tr>\n<tr>\n<th>Mudel<\/th>\n<td>DX118C<\/td>\n<\/tr>\n<tr>\n<th>Maksimaalne imemisv\u00f5imsus<\/th>\n<td>16000Pa<\/td>\n<\/tr>\n<tr>\n<th>Nimipinge<\/th>\n<td>220V<\/td>\n<\/tr>\n<tr>\n<th>Tolmukasti maht<\/th>\n<td>1.2l<\/td>\n<\/tr>\n<tr>\n<th>M\u00fcratase<\/th>\n<td>86 dB<\/td>\n<\/tr>\n<tr>\n<th>Nimiv\u00f5imsus<\/th>\n<td>600W<\/td>\n<\/tr>\n<tr>\n<th>Kaal<\/th>\n<td>1.86kg<\/td>\n<\/tr>\n<tr>\n<th>Nimisagedus<\/th>\n<td>50Hz<\/td>\n<\/tr>\n<tr>\n<th>M\u00f5\u00f5tmed<\/th>\n<td>240 x 130 x 950mm<\/td>\n<\/tr>\n<tr>\n<th>Toitejuhtme pikkus<\/th>\n<td>5m<\/td>\n<\/tr>\n<tr>\n<th>V\u00e4rv<\/th>\n<td>hall<\/td>\n<\/tr>\n<\/tbody>\n<\/table>\n<\/div>\n","protected":false},"excerpt":{"rendered":"<p>K\u00e4ep\u00e4rane tolmuimeja, mis \u00fcllatab sind oma t\u00f5hususega DX118C on t\u00e4iesti uus! Tolmuimeja on n\u00fc\u00fcd saadaval uues hallis v\u00e4rvitoonis. Oma t\u00f5husa j\u00f5udluse ja kasutusmugavusega vastab see n\u00f5udlike kasutajate ootustele. See kerge ja k\u00e4ep\u00e4rane tolmuimeja on varustatud 5-meetrise kaabliga, mis annab sulle vajaliku vabaduse. Tolmuimeja t\u00f5husust tagab kuni 16000 Pa imemisv\u00f5imsus ja 3 vahetatavat harja, mida saab [&hellip;]<\/p>\n","protected":false},"featured_media":11323,"comment_status":"closed","ping_status":"closed","template":"","meta":[],"product_brand":[],"product_cat":[813],"product_tag":[],"class_list":{"0":"post-11322","1":"product","2":"type-product","3":"status-publish","4":"has-post-thumbnail","6":"product_cat-varstolmuimejad","7":"product_shipping_class-innpro","9":"first","10":"instock","11":"sale","12":"taxable","13":"shipping-taxable","14":"purchasable","15":"product-type-simple"},"_links":{"self":[{"href":"https:\/\/blankpage.ee\/_ruumist-ruumi\/wp-json\/wp\/v2\/product\/11322","targetHints":{"allow":["GET"]}}],"collection":[{"href":"https:\/\/blankpage.ee\/_ruumist-ruumi\/wp-json\/wp\/v2\/product"}],"about":[{"href":"https:\/\/blankpage.ee\/_ruumist-ruumi\/wp-json\/wp\/v2\/types\/product"}],"replies":[{"embeddable":true,"href":"https:\/\/blankpage.ee\/_ruumist-ruumi\/wp-json\/wp\/v2\/comments?post=11322"}],"wp:featuredmedia":[{"embeddable":true,"href":"https:\/\/blankpage.ee\/_ruumist-ruumi\/wp-json\/wp\/v2\/media\/11323"}],"wp:attachment":[{"href":"https:\/\/blankpage.ee\/_ruumist-ruumi\/wp-json\/wp\/v2\/media?parent=11322"}],"wp:term":[{"taxonomy":"product_brand","embeddable":true,"href":"https:\/\/blankpage.ee\/_ruumist-ruumi\/wp-json\/wp\/v2\/product_brand?post=11322"},{"taxonomy":"product_cat","embeddable":true,"href":"https:\/\/blankpage.ee\/_ruumist-ruumi\/wp-json\/wp\/v2\/product_cat?post=11322"},{"taxonomy":"product_tag","embeddable":true,"href":"https:\/\/blankpage.ee\/_ruumist-ruumi\/wp-json\/wp\/v2\/product_tag?post=11322"}],"curies":[{"name":"wp","href":"https:\/\/api.w.org\/{rel}","templated":true}]}}