{"id":11335,"date":"2024-11-27T12:22:38","date_gmt":"2024-11-27T12:22:38","guid":{"rendered":"https:\/\/ruumistruumi.ee\/?post_type=product&#038;p=11335"},"modified":"2025-08-21T08:21:49","modified_gmt":"2025-08-21T08:21:49","slug":"varstolmuimeja-deerma-dx1000w","status":"publish","type":"product","link":"https:\/\/blankpage.ee\/_ruumist-ruumi\/pood\/varstolmuimeja-deerma-dx1000w\/","title":{"rendered":"Varstolmuimeja Deerma DX1000W"},"content":{"rendered":"<h3>Deerma DX1000W tolmuimeja<\/h3>\n<p>Avasta, et koristamine v\u00f5ib olla l\u00f5bus. Kasutajas\u00f5bralik Deerma DX1000W p\u00fcstine tolmuimeja pakub kuni 16,000Pa imemisv\u00f5imsust, et mustus kiiresti eemaldada. Komplektis olevad 3 vahetatavat harja v\u00f5imaldavad teil p\u00f5hjalikult puhastada iga nurga, ja 3-astmeline filtreerimine eemaldab t\u00f5husalt mustuse. Seade avaldab muljet ka oma elegantse, kunstilise disainiga.<\/p>\n<p><img loading=\"lazy\" decoding=\"async\" class=\"alignnone size-medium_large wp-image-11653\" src=\"https:\/\/blankpage.ee\/_ruumist-ruumi\/wp-content\/uploads\/2024\/11\/Varstolmuimeja-Deerma-DX1000W-5-768x489.jpg\" alt=\"Varstolmuimeja Deerma DX1000W\" width=\"768\" height=\"489\" srcset=\"https:\/\/blankpage.ee\/_ruumist-ruumi\/wp-content\/uploads\/2024\/11\/Varstolmuimeja-Deerma-DX1000W-5-768x489.jpg 768w, https:\/\/blankpage.ee\/_ruumist-ruumi\/wp-content\/uploads\/2024\/11\/Varstolmuimeja-Deerma-DX1000W-5-300x191.jpg 300w, https:\/\/blankpage.ee\/_ruumist-ruumi\/wp-content\/uploads\/2024\/11\/Varstolmuimeja-Deerma-DX1000W-5-1024x652.jpg 1024w, https:\/\/blankpage.ee\/_ruumist-ruumi\/wp-content\/uploads\/2024\/11\/Varstolmuimeja-Deerma-DX1000W-5-400x255.jpg 400w, https:\/\/blankpage.ee\/_ruumist-ruumi\/wp-content\/uploads\/2024\/11\/Varstolmuimeja-Deerma-DX1000W-5-922x587.jpg 922w, https:\/\/blankpage.ee\/_ruumist-ruumi\/wp-content\/uploads\/2024\/11\/Varstolmuimeja-Deerma-DX1000W-5.jpg 1100w\" sizes=\"auto, (max-width: 768px) 100vw, 768px\" \/><\/p>\n<h3>Usaldusv\u00e4\u00e4rne v\u00f5itluses mustusega<\/h3>\n<p>Tolmuimeja on varustatud suure j\u00f5udlusega mootoriga, mis t\u00f6\u00f6tab kuni 38,000 p\u00f6\u00f6rde minutis. Lihtsalt l\u00fclitage DX1000W sisse ja see hakkab kohe t\u00f5husalt mustust eemaldama. Selle sirge \u00f5hukanal on samuti vastutav seadme erakordse t\u00f5hususe eest. K\u00f5ik see v\u00f5imaldab tolmuimejal kiiresti toime tulla tolmu, puru ja muu prahiga, j\u00e4ttes vahele isegi p\u00f5randapraod.<\/p>\n<p><img loading=\"lazy\" decoding=\"async\" class=\"alignnone size-medium_large wp-image-11652\" src=\"https:\/\/blankpage.ee\/_ruumist-ruumi\/wp-content\/uploads\/2024\/11\/Varstolmuimeja-Deerma-DX1000W-4-768x489.jpg\" alt=\"Varstolmuimeja Deerma DX1000W\" width=\"768\" height=\"489\" srcset=\"https:\/\/blankpage.ee\/_ruumist-ruumi\/wp-content\/uploads\/2024\/11\/Varstolmuimeja-Deerma-DX1000W-4-768x489.jpg 768w, https:\/\/blankpage.ee\/_ruumist-ruumi\/wp-content\/uploads\/2024\/11\/Varstolmuimeja-Deerma-DX1000W-4-300x191.jpg 300w, https:\/\/blankpage.ee\/_ruumist-ruumi\/wp-content\/uploads\/2024\/11\/Varstolmuimeja-Deerma-DX1000W-4-1024x652.jpg 1024w, https:\/\/blankpage.ee\/_ruumist-ruumi\/wp-content\/uploads\/2024\/11\/Varstolmuimeja-Deerma-DX1000W-4-400x255.jpg 400w, https:\/\/blankpage.ee\/_ruumist-ruumi\/wp-content\/uploads\/2024\/11\/Varstolmuimeja-Deerma-DX1000W-4-922x587.jpg 922w, https:\/\/blankpage.ee\/_ruumist-ruumi\/wp-content\/uploads\/2024\/11\/Varstolmuimeja-Deerma-DX1000W-4.jpg 1100w\" sizes=\"auto, (max-width: 768px) 100vw, 768px\" \/><\/p>\n<h3>T\u00f5hus tolmuimeja<\/h3>\n<p>Seade on loodud vastama ka k\u00f5ige n\u00f5udlikumate kasutajate ootustele. Regulaarne, igap\u00e4evane koristamine? V\u00f5i \u00fcldine kodu puhastamine kevadel v\u00f5i enne p\u00fchi? Deerma DX1000W abil saate h\u00f5lpsasti vabaneda ka k\u00f5ige kangekaelsemast mustusest oma kodu k\u00f5ikidest nurkadest.<\/p>\n<p><img loading=\"lazy\" decoding=\"async\" class=\"alignnone size-medium_large wp-image-11661\" src=\"https:\/\/blankpage.ee\/_ruumist-ruumi\/wp-content\/uploads\/2024\/11\/Varstolmuimeja-Deerma-DX1000W-2-768x489.jpg\" alt=\"Varstolmuimeja Deerma DX1000W\" width=\"768\" height=\"489\" srcset=\"https:\/\/blankpage.ee\/_ruumist-ruumi\/wp-content\/uploads\/2024\/11\/Varstolmuimeja-Deerma-DX1000W-2-768x489.jpg 768w, https:\/\/blankpage.ee\/_ruumist-ruumi\/wp-content\/uploads\/2024\/11\/Varstolmuimeja-Deerma-DX1000W-2-300x191.jpg 300w, https:\/\/blankpage.ee\/_ruumist-ruumi\/wp-content\/uploads\/2024\/11\/Varstolmuimeja-Deerma-DX1000W-2-1024x652.jpg 1024w, https:\/\/blankpage.ee\/_ruumist-ruumi\/wp-content\/uploads\/2024\/11\/Varstolmuimeja-Deerma-DX1000W-2-400x255.jpg 400w, https:\/\/blankpage.ee\/_ruumist-ruumi\/wp-content\/uploads\/2024\/11\/Varstolmuimeja-Deerma-DX1000W-2-922x587.jpg 922w, https:\/\/blankpage.ee\/_ruumist-ruumi\/wp-content\/uploads\/2024\/11\/Varstolmuimeja-Deerma-DX1000W-2.jpg 1100w\" sizes=\"auto, (max-width: 768px) 100vw, 768px\" \/><\/p>\n<h3>T\u00e4iuslik p\u00f5randahari<\/h3>\n<p>240 mm laiune p\u00f5randahari katab suure ala p\u00f5randast, muutes tolmuimejaga koristamise palju lihtsamaks. See p\u00f6\u00f6rleb 120\u00b0 p\u00e4rip\u00e4eva ja vastup\u00e4eva ning 90\u00b0 edasi ja tagasi. Nii saate mugavalt puhastada m\u00f6\u00f6bli alt v\u00f5i toolide ja laudade jalgade vahelt. Miski ei j\u00e4\u00e4 teie eest varjatuks &#8211; peagi v\u00f5ivad k\u00f5ik teie kodu p\u00f5randad s\u00e4rada puhtusest.<\/p>\n<p><img loading=\"lazy\" decoding=\"async\" class=\"alignnone size-medium_large wp-image-11657\" src=\"https:\/\/blankpage.ee\/_ruumist-ruumi\/wp-content\/uploads\/2024\/11\/Varstolmuimeja-Deerma-DX1000W-13-768x489.jpg\" alt=\"Varstolmuimeja Deerma DX1000W\" width=\"768\" height=\"489\" srcset=\"https:\/\/blankpage.ee\/_ruumist-ruumi\/wp-content\/uploads\/2024\/11\/Varstolmuimeja-Deerma-DX1000W-13-768x489.jpg 768w, https:\/\/blankpage.ee\/_ruumist-ruumi\/wp-content\/uploads\/2024\/11\/Varstolmuimeja-Deerma-DX1000W-13-300x191.jpg 300w, https:\/\/blankpage.ee\/_ruumist-ruumi\/wp-content\/uploads\/2024\/11\/Varstolmuimeja-Deerma-DX1000W-13-1024x653.jpg 1024w, https:\/\/blankpage.ee\/_ruumist-ruumi\/wp-content\/uploads\/2024\/11\/Varstolmuimeja-Deerma-DX1000W-13-400x255.jpg 400w, https:\/\/blankpage.ee\/_ruumist-ruumi\/wp-content\/uploads\/2024\/11\/Varstolmuimeja-Deerma-DX1000W-13-922x588.jpg 922w, https:\/\/blankpage.ee\/_ruumist-ruumi\/wp-content\/uploads\/2024\/11\/Varstolmuimeja-Deerma-DX1000W-13.jpg 1100w\" sizes=\"auto, (max-width: 768px) 100vw, 768px\" \/><\/p>\n<h3>Lisaharjad komplektis<\/h3>\n<p>Komplekt sisaldab ka lamedat piluharja ja v\u00e4ikest harja n\u00f5udlikumate pindade puhastamiseks. Esimesega saate h\u00f5lpsasti tolmuimejata toolide, diivanite ja sohva s\u00fcvendeid. Teist saab kasutada p\u00f5hjalikuks puhastamiseks. See v\u00f5imaldab puhastada \u00f5rnu v\u00f5i eba\u00fchtlaseid pindu, n\u00e4iteks s\u00fclearvuti klaviatuure.<\/p>\n<p><img loading=\"lazy\" decoding=\"async\" class=\"alignnone size-medium_large wp-image-11660\" src=\"https:\/\/blankpage.ee\/_ruumist-ruumi\/wp-content\/uploads\/2024\/11\/Varstolmuimeja-Deerma-DX1000W-1-768x489.jpg\" alt=\"Varstolmuimeja Deerma DX1000W\" width=\"768\" height=\"489\" srcset=\"https:\/\/blankpage.ee\/_ruumist-ruumi\/wp-content\/uploads\/2024\/11\/Varstolmuimeja-Deerma-DX1000W-1-768x489.jpg 768w, https:\/\/blankpage.ee\/_ruumist-ruumi\/wp-content\/uploads\/2024\/11\/Varstolmuimeja-Deerma-DX1000W-1-300x191.jpg 300w, https:\/\/blankpage.ee\/_ruumist-ruumi\/wp-content\/uploads\/2024\/11\/Varstolmuimeja-Deerma-DX1000W-1-1024x652.jpg 1024w, https:\/\/blankpage.ee\/_ruumist-ruumi\/wp-content\/uploads\/2024\/11\/Varstolmuimeja-Deerma-DX1000W-1-400x255.jpg 400w, https:\/\/blankpage.ee\/_ruumist-ruumi\/wp-content\/uploads\/2024\/11\/Varstolmuimeja-Deerma-DX1000W-1-922x587.jpg 922w, https:\/\/blankpage.ee\/_ruumist-ruumi\/wp-content\/uploads\/2024\/11\/Varstolmuimeja-Deerma-DX1000W-1.jpg 1101w\" sizes=\"auto, (max-width: 768px) 100vw, 768px\" \/><\/p>\n<h3>T\u00f5hus mustuse filtreerimine<\/h3>\n<p>Vabane mustusest l\u00f5plikult. Sisemine ts\u00fcklons\u00fcsteem p\u00fc\u00fcab t\u00f5husalt kinni suuremad prahid. 3-astmeline filtreerimiss\u00fcsteem HEPA filtriga blokeerib isegi k\u00f5ige peenemad tolmuosakesed. Veelgi enam, k\u00f5ik 3 selle komponenti saab h\u00f5lpsasti lahti v\u00f5tta, voolava vee all pesta, seej\u00e4rel kuivatada ja uuesti kasutada. Nii v\u00e4ldite selle ummistumist ja pikendate selle eluiga.<\/p>\n<p><img loading=\"lazy\" decoding=\"async\" class=\"alignnone size-medium_large wp-image-11658\" src=\"https:\/\/blankpage.ee\/_ruumist-ruumi\/wp-content\/uploads\/2024\/11\/Varstolmuimeja-Deerma-DX1000W-14-768x489.jpg\" alt=\"Varstolmuimeja Deerma DX1000W\" width=\"768\" height=\"489\" srcset=\"https:\/\/blankpage.ee\/_ruumist-ruumi\/wp-content\/uploads\/2024\/11\/Varstolmuimeja-Deerma-DX1000W-14-768x489.jpg 768w, https:\/\/blankpage.ee\/_ruumist-ruumi\/wp-content\/uploads\/2024\/11\/Varstolmuimeja-Deerma-DX1000W-14-300x191.jpg 300w, https:\/\/blankpage.ee\/_ruumist-ruumi\/wp-content\/uploads\/2024\/11\/Varstolmuimeja-Deerma-DX1000W-14-1024x652.jpg 1024w, https:\/\/blankpage.ee\/_ruumist-ruumi\/wp-content\/uploads\/2024\/11\/Varstolmuimeja-Deerma-DX1000W-14-400x255.jpg 400w, https:\/\/blankpage.ee\/_ruumist-ruumi\/wp-content\/uploads\/2024\/11\/Varstolmuimeja-Deerma-DX1000W-14-922x587.jpg 922w, https:\/\/blankpage.ee\/_ruumist-ruumi\/wp-content\/uploads\/2024\/11\/Varstolmuimeja-Deerma-DX1000W-14.jpg 1100w\" sizes=\"auto, (max-width: 768px) 100vw, 768px\" \/><\/p>\n<h3>Suure tolmukonteineri lihtne t\u00fchjendamine<\/h3>\n<p>Enam ei pea te tolmukonteinerit t\u00fchjendades k\u00e4si m\u00e4\u00e4rima. DX1000W-ga peate selle lihtsalt lahti keerama ja kogunenud mustuse pr\u00fcgikasti viskama. Seej\u00e4rel saate konteineri puhastada ja kuivatada, et hoida seda heas seisukorras veelgi kauem ja tagada h\u00fcgieeniline kasutamine. Konteineri maht on 0,6l, nii et te ei pea seda liiga sageli t\u00fchjendama.<\/p>\n<p><img loading=\"lazy\" decoding=\"async\" class=\"alignnone size-medium_large wp-image-11659\" src=\"https:\/\/blankpage.ee\/_ruumist-ruumi\/wp-content\/uploads\/2024\/11\/Varstolmuimeja-Deerma-DX1000W-15-768x489.jpg\" alt=\"Varstolmuimeja Deerma DX1000W\" width=\"768\" height=\"489\" srcset=\"https:\/\/blankpage.ee\/_ruumist-ruumi\/wp-content\/uploads\/2024\/11\/Varstolmuimeja-Deerma-DX1000W-15-768x489.jpg 768w, https:\/\/blankpage.ee\/_ruumist-ruumi\/wp-content\/uploads\/2024\/11\/Varstolmuimeja-Deerma-DX1000W-15-300x191.jpg 300w, https:\/\/blankpage.ee\/_ruumist-ruumi\/wp-content\/uploads\/2024\/11\/Varstolmuimeja-Deerma-DX1000W-15-1024x652.jpg 1024w, https:\/\/blankpage.ee\/_ruumist-ruumi\/wp-content\/uploads\/2024\/11\/Varstolmuimeja-Deerma-DX1000W-15-400x255.jpg 400w, https:\/\/blankpage.ee\/_ruumist-ruumi\/wp-content\/uploads\/2024\/11\/Varstolmuimeja-Deerma-DX1000W-15-922x587.jpg 922w, https:\/\/blankpage.ee\/_ruumist-ruumi\/wp-content\/uploads\/2024\/11\/Varstolmuimeja-Deerma-DX1000W-15.jpg 1101w\" sizes=\"auto, (max-width: 768px) 100vw, 768px\" \/><\/p>\n<h3>Imemine ilma pingutuseta<\/h3>\n<p>130\u00b0 kumer tolmuimeja k\u00e4epide pakub v\u00f5rreldamatut mugavust. See v\u00e4hendab k\u00e4te koormust ja v\u00f5imaldab p\u00f5hjalikult puhastada ilma suurema pingutuseta. Veelgi enam, see on loodud nii, et tagada kindel ja mugav haare, olenemata sellest, millise nurga all te seda hoiate. Liigutage tolmuimejat vabalt, t\u00f5stke see \u00fcles v\u00f5i kandke seda ruumide vahel &#8211; see ei pea olema \u00fcldse v\u00e4sitav!<\/p>\n<p><img loading=\"lazy\" decoding=\"async\" class=\"alignnone size-medium_large wp-image-11655\" src=\"https:\/\/blankpage.ee\/_ruumist-ruumi\/wp-content\/uploads\/2024\/11\/Varstolmuimeja-Deerma-DX1000W-9-768x489.jpg\" alt=\"Varstolmuimeja Deerma DX1000W\" width=\"768\" height=\"489\" srcset=\"https:\/\/blankpage.ee\/_ruumist-ruumi\/wp-content\/uploads\/2024\/11\/Varstolmuimeja-Deerma-DX1000W-9-768x489.jpg 768w, https:\/\/blankpage.ee\/_ruumist-ruumi\/wp-content\/uploads\/2024\/11\/Varstolmuimeja-Deerma-DX1000W-9-300x191.jpg 300w, https:\/\/blankpage.ee\/_ruumist-ruumi\/wp-content\/uploads\/2024\/11\/Varstolmuimeja-Deerma-DX1000W-9-1024x652.jpg 1024w, https:\/\/blankpage.ee\/_ruumist-ruumi\/wp-content\/uploads\/2024\/11\/Varstolmuimeja-Deerma-DX1000W-9-400x255.jpg 400w, https:\/\/blankpage.ee\/_ruumist-ruumi\/wp-content\/uploads\/2024\/11\/Varstolmuimeja-Deerma-DX1000W-9-922x587.jpg 922w, https:\/\/blankpage.ee\/_ruumist-ruumi\/wp-content\/uploads\/2024\/11\/Varstolmuimeja-Deerma-DX1000W-9.jpg 1100w\" sizes=\"auto, (max-width: 768px) 100vw, 768px\" \/><\/p>\n<h3>Kasutage seda mitmel viisil<\/h3>\n<p>Mis teeb DX1000W tolmuimeja ideaalseks erinevateks rakendusteks? Selle multifunktsionaalsus ja mitmek\u00fclgsus! Saate selle h\u00f5lpsasti \u00fcles v\u00f5tta, et tolmuimejata riiuleid v\u00f5i lage. Seda saab kasutada ka v\u00e4iksema k\u00e4sitolmuimejana. Vahetatavad harjad v\u00f5imaldavad teil j\u00f5uda isegi k\u00f5ige ligip\u00e4\u00e4smatumatesse nurkadesse. Pikk, 5m pikkune kaabel annab teile vabaduse, millest unistate tolmuimejaga koristamisel.<\/p>\n<p><img loading=\"lazy\" decoding=\"async\" class=\"alignnone size-medium_large wp-image-11656\" src=\"https:\/\/blankpage.ee\/_ruumist-ruumi\/wp-content\/uploads\/2024\/11\/Varstolmuimeja-Deerma-DX1000W-12-768x489.jpg\" alt=\"Varstolmuimeja Deerma DX1000W\" width=\"768\" height=\"489\" srcset=\"https:\/\/blankpage.ee\/_ruumist-ruumi\/wp-content\/uploads\/2024\/11\/Varstolmuimeja-Deerma-DX1000W-12-768x489.jpg 768w, https:\/\/blankpage.ee\/_ruumist-ruumi\/wp-content\/uploads\/2024\/11\/Varstolmuimeja-Deerma-DX1000W-12-300x191.jpg 300w, https:\/\/blankpage.ee\/_ruumist-ruumi\/wp-content\/uploads\/2024\/11\/Varstolmuimeja-Deerma-DX1000W-12-1024x652.jpg 1024w, https:\/\/blankpage.ee\/_ruumist-ruumi\/wp-content\/uploads\/2024\/11\/Varstolmuimeja-Deerma-DX1000W-12-400x255.jpg 400w, https:\/\/blankpage.ee\/_ruumist-ruumi\/wp-content\/uploads\/2024\/11\/Varstolmuimeja-Deerma-DX1000W-12-922x587.jpg 922w, https:\/\/blankpage.ee\/_ruumist-ruumi\/wp-content\/uploads\/2024\/11\/Varstolmuimeja-Deerma-DX1000W-12.jpg 1100w\" sizes=\"auto, (max-width: 768px) 100vw, 768px\" \/><\/p>\n<h3>Vapustav disain<\/h3>\n<p>Deerma DX1000W tolmuimeja v\u00f5ib olla mitte ainult funktsionaalne, vaid ka stiilne lisand teie koju. See k\u00f6idab pilku oma elegantse, klassikalise disainiga. Roosa kulla detailid t\u00e4iendavad ideaalselt korpuse kaunist safiiriv\u00e4rvi. Veenduge ise, et kodumasinad ei pea olema igavad!<\/p>\n<p><img loading=\"lazy\" decoding=\"async\" class=\"alignnone size-medium_large wp-image-11654\" src=\"https:\/\/blankpage.ee\/_ruumist-ruumi\/wp-content\/uploads\/2024\/11\/Varstolmuimeja-Deerma-DX1000W-7-768x488.jpg\" alt=\"Varstolmuimeja Deerma DX1000W\" width=\"768\" height=\"488\" srcset=\"https:\/\/blankpage.ee\/_ruumist-ruumi\/wp-content\/uploads\/2024\/11\/Varstolmuimeja-Deerma-DX1000W-7-768x488.jpg 768w, https:\/\/blankpage.ee\/_ruumist-ruumi\/wp-content\/uploads\/2024\/11\/Varstolmuimeja-Deerma-DX1000W-7-300x191.jpg 300w, https:\/\/blankpage.ee\/_ruumist-ruumi\/wp-content\/uploads\/2024\/11\/Varstolmuimeja-Deerma-DX1000W-7-1024x651.jpg 1024w, https:\/\/blankpage.ee\/_ruumist-ruumi\/wp-content\/uploads\/2024\/11\/Varstolmuimeja-Deerma-DX1000W-7-400x254.jpg 400w, https:\/\/blankpage.ee\/_ruumist-ruumi\/wp-content\/uploads\/2024\/11\/Varstolmuimeja-Deerma-DX1000W-7-922x586.jpg 922w, https:\/\/blankpage.ee\/_ruumist-ruumi\/wp-content\/uploads\/2024\/11\/Varstolmuimeja-Deerma-DX1000W-7.jpg 1101w\" sizes=\"auto, (max-width: 768px) 100vw, 768px\" \/><\/p>\n<div class=\"table-wrapper\">\n<table>\n<tbody>\n<tr>\n<th>Br\u00e4nd<\/th>\n<td>Deerma<\/td>\n<\/tr>\n<tr>\n<th>Nimi<\/th>\n<td>Tolmuimeja<\/td>\n<\/tr>\n<tr>\n<th>Mudel<\/th>\n<td>DX1000W<\/td>\n<\/tr>\n<tr>\n<th>Nimipinge<\/th>\n<td>220-240V~<\/td>\n<\/tr>\n<tr>\n<th>Nimisagedus<\/th>\n<td>50-60Hz<\/td>\n<\/tr>\n<tr>\n<th>Nimiv\u00f5imsus<\/th>\n<td>600W<\/td>\n<\/tr>\n<tr>\n<th>Imemisv\u00f5imsus<\/th>\n<td>Kuni 16,000Pa<\/td>\n<\/tr>\n<tr>\n<th>Mootori kiirus<\/th>\n<td>Kuni 38 000 p\/min<\/td>\n<\/tr>\n<tr>\n<th>Tolmu mahuti maht<\/th>\n<td>0.6l<\/td>\n<\/tr>\n<tr>\n<th>M\u00fcratase<\/th>\n<td>\u226482dB(A)<\/td>\n<\/tr>\n<tr>\n<th>M\u00f5\u00f5tmed<\/th>\n<td>240x208x1155mm<\/td>\n<\/tr>\n<tr>\n<th>Kaabli pikkus<\/th>\n<td>5m<\/td>\n<\/tr>\n<\/tbody>\n<\/table>\n<\/div>\n","protected":false},"excerpt":{"rendered":"<p>Deerma DX1000W tolmuimeja Avasta, et koristamine v\u00f5ib olla l\u00f5bus. Kasutajas\u00f5bralik Deerma DX1000W p\u00fcstine tolmuimeja pakub kuni 16,000Pa imemisv\u00f5imsust, et mustus kiiresti eemaldada. Komplektis olevad 3 vahetatavat harja v\u00f5imaldavad teil p\u00f5hjalikult puhastada iga nurga, ja 3-astmeline filtreerimine eemaldab t\u00f5husalt mustuse. Seade avaldab muljet ka oma elegantse, kunstilise disainiga. Usaldusv\u00e4\u00e4rne v\u00f5itluses mustusega Tolmuimeja on varustatud suure j\u00f5udlusega [&hellip;]<\/p>\n","protected":false},"featured_media":11336,"comment_status":"closed","ping_status":"closed","template":"","meta":[],"product_brand":[],"product_cat":[813],"product_tag":[],"class_list":{"0":"post-11335","1":"product","2":"type-product","3":"status-publish","4":"has-post-thumbnail","6":"product_cat-varstolmuimejad","7":"product_shipping_class-innpro","9":"first","10":"instock","11":"sale","12":"taxable","13":"shipping-taxable","14":"purchasable","15":"product-type-simple"},"_links":{"self":[{"href":"https:\/\/blankpage.ee\/_ruumist-ruumi\/wp-json\/wp\/v2\/product\/11335","targetHints":{"allow":["GET"]}}],"collection":[{"href":"https:\/\/blankpage.ee\/_ruumist-ruumi\/wp-json\/wp\/v2\/product"}],"about":[{"href":"https:\/\/blankpage.ee\/_ruumist-ruumi\/wp-json\/wp\/v2\/types\/product"}],"replies":[{"embeddable":true,"href":"https:\/\/blankpage.ee\/_ruumist-ruumi\/wp-json\/wp\/v2\/comments?post=11335"}],"wp:featuredmedia":[{"embeddable":true,"href":"https:\/\/blankpage.ee\/_ruumist-ruumi\/wp-json\/wp\/v2\/media\/11336"}],"wp:attachment":[{"href":"https:\/\/blankpage.ee\/_ruumist-ruumi\/wp-json\/wp\/v2\/media?parent=11335"}],"wp:term":[{"taxonomy":"product_brand","embeddable":true,"href":"https:\/\/blankpage.ee\/_ruumist-ruumi\/wp-json\/wp\/v2\/product_brand?post=11335"},{"taxonomy":"product_cat","embeddable":true,"href":"https:\/\/blankpage.ee\/_ruumist-ruumi\/wp-json\/wp\/v2\/product_cat?post=11335"},{"taxonomy":"product_tag","embeddable":true,"href":"https:\/\/blankpage.ee\/_ruumist-ruumi\/wp-json\/wp\/v2\/product_tag?post=11335"}],"curies":[{"name":"wp","href":"https:\/\/api.w.org\/{rel}","templated":true}]}}