{"id":11345,"date":"2024-11-27T12:22:38","date_gmt":"2024-11-27T12:22:38","guid":{"rendered":"https:\/\/ruumistruumi.ee\/?post_type=product&#038;p=11345"},"modified":"2025-08-21T08:21:49","modified_gmt":"2025-08-21T08:21:49","slug":"varstolmuimeja-deerma-dx600-must","status":"publish","type":"product","link":"https:\/\/blankpage.ee\/_ruumist-ruumi\/pood\/varstolmuimeja-deerma-dx600-must\/","title":{"rendered":"Varstolmuimeja Deerma DX600 (must)"},"content":{"rendered":"<h3>Deerma DX600 p\u00fcstine tolmuimeja<\/h3>\n<p>Varsti s\u00e4rab iga nurk teie kodus puhtusest. Deerma DX600 p\u00fcstine tolmuimeja t\u00f6\u00f6tab 600-vatise v\u00f5imsusega ja pakub t\u00e4iustatud ts\u00fcklonitehnoloogiat, et eemaldada tolm ja j\u00e4\u00e4tmed hetkega. Kaasas olevad vahetatavad harjad muudavad puhastamise teile lihtsamaks. 4-astmeline filtreerimine eemaldab t\u00f5husalt mustuse ja allergeenid. Kerge ja k\u00e4ep\u00e4rane, pikk 4,5-meetrine juhe muudab Deerma DX600 sobivaks nii p\u00fcstiseks kui ka k\u00e4sitolmuimejaks.<\/p>\n<p><img loading=\"lazy\" decoding=\"async\" class=\"alignnone size-medium_large wp-image-11690\" src=\"https:\/\/blankpage.ee\/_ruumist-ruumi\/wp-content\/uploads\/2024\/11\/Varstolmuimeja-Deerma-DX600-2-768x488.jpg\" alt=\"Varstolmuimeja Deerma DX600\" width=\"768\" height=\"488\" srcset=\"https:\/\/blankpage.ee\/_ruumist-ruumi\/wp-content\/uploads\/2024\/11\/Varstolmuimeja-Deerma-DX600-2-768x488.jpg 768w, https:\/\/blankpage.ee\/_ruumist-ruumi\/wp-content\/uploads\/2024\/11\/Varstolmuimeja-Deerma-DX600-2-300x191.jpg 300w, https:\/\/blankpage.ee\/_ruumist-ruumi\/wp-content\/uploads\/2024\/11\/Varstolmuimeja-Deerma-DX600-2-400x254.jpg 400w, https:\/\/blankpage.ee\/_ruumist-ruumi\/wp-content\/uploads\/2024\/11\/Varstolmuimeja-Deerma-DX600-2-922x586.jpg 922w, https:\/\/blankpage.ee\/_ruumist-ruumi\/wp-content\/uploads\/2024\/11\/Varstolmuimeja-Deerma-DX600-2.jpg 1000w\" sizes=\"auto, (max-width: 768px) 100vw, 768px\" \/><\/p>\n<h3>Usaldusv\u00e4\u00e4rne tolmuimeja<\/h3>\n<p>Tolm, \u00f5ietolm, tolmulestad, juuksed ja muud j\u00e4\u00e4gid mitte ainult ei saasta meie kodusid, vaid p\u00f5hjustavad sageli ka allergiaid. DX600 aitab teil neid probleeme lahendada! T\u00e4nu t\u00e4iustatud ts\u00fcklonitehnoloogiale on imemisv\u00f5imsus suurenenud kuni 15 000 Pa. Lisaks takistab 12 999 0,25 mm l\u00e4bim\u00f5\u00f5duga auguga terasv\u00f5rk tolmu filtrit ummistamast, tagades usaldusv\u00e4\u00e4rse j\u00f5udluse.<\/p>\n<p><img loading=\"lazy\" decoding=\"async\" class=\"alignnone size-medium_large wp-image-11687\" src=\"https:\/\/blankpage.ee\/_ruumist-ruumi\/wp-content\/uploads\/2024\/11\/Varstolmuimeja-Deerma-DX600-7-768x488.jpg\" alt=\"Varstolmuimeja Deerma DX600\" width=\"768\" height=\"488\" srcset=\"https:\/\/blankpage.ee\/_ruumist-ruumi\/wp-content\/uploads\/2024\/11\/Varstolmuimeja-Deerma-DX600-7-768x488.jpg 768w, https:\/\/blankpage.ee\/_ruumist-ruumi\/wp-content\/uploads\/2024\/11\/Varstolmuimeja-Deerma-DX600-7-300x191.jpg 300w, https:\/\/blankpage.ee\/_ruumist-ruumi\/wp-content\/uploads\/2024\/11\/Varstolmuimeja-Deerma-DX600-7-400x254.jpg 400w, https:\/\/blankpage.ee\/_ruumist-ruumi\/wp-content\/uploads\/2024\/11\/Varstolmuimeja-Deerma-DX600-7-922x586.jpg 922w, https:\/\/blankpage.ee\/_ruumist-ruumi\/wp-content\/uploads\/2024\/11\/Varstolmuimeja-Deerma-DX600-7.jpg 1000w\" sizes=\"auto, (max-width: 768px) 100vw, 768px\" \/><\/p>\n<h3>T\u00e4iuslik p\u00f5randahari<\/h3>\n<p>N\u00fc\u00fcd saate p\u00f5hjalikult tolmuimejaga puhastada kogu oma kodu p\u00f5randaid. DX600 on piisavalt \u00f5huke, et h\u00f5lpsasti m\u00f6\u00f6bli alla p\u00e4\u00e4seda &#8211; see on alla 18 mm paksune. Samuti p\u00f6\u00f6rleb see 270\u00b0, muutes lihtsaks puhastamise toolijalgade vahel ja ruumide nurkades. Selle hoolikalt l\u00e4bim\u00f5eldud disain koos tolmuimeja suure imemisv\u00f5imsusega v\u00f5imaldab teil t\u00f5husalt eemaldada isegi \u00e4\u00e4rmiselt kangekaelset mustust, mis on peidetud pragudesse.<\/p>\n<p><img loading=\"lazy\" decoding=\"async\" class=\"alignnone size-medium_large wp-image-11685\" src=\"https:\/\/blankpage.ee\/_ruumist-ruumi\/wp-content\/uploads\/2024\/11\/Varstolmuimeja-Deerma-DX600-5-768x488.jpg\" alt=\"Varstolmuimeja Deerma DX600\" width=\"768\" height=\"488\" srcset=\"https:\/\/blankpage.ee\/_ruumist-ruumi\/wp-content\/uploads\/2024\/11\/Varstolmuimeja-Deerma-DX600-5-768x488.jpg 768w, https:\/\/blankpage.ee\/_ruumist-ruumi\/wp-content\/uploads\/2024\/11\/Varstolmuimeja-Deerma-DX600-5-300x191.jpg 300w, https:\/\/blankpage.ee\/_ruumist-ruumi\/wp-content\/uploads\/2024\/11\/Varstolmuimeja-Deerma-DX600-5-400x254.jpg 400w, https:\/\/blankpage.ee\/_ruumist-ruumi\/wp-content\/uploads\/2024\/11\/Varstolmuimeja-Deerma-DX600-5-922x586.jpg 922w, https:\/\/blankpage.ee\/_ruumist-ruumi\/wp-content\/uploads\/2024\/11\/Varstolmuimeja-Deerma-DX600-5.jpg 1000w\" sizes=\"auto, (max-width: 768px) 100vw, 768px\" \/><\/p>\n<h3>4-astmeline filtreerimine<\/h3>\n<p>DX600 abil ei puhasta te mitte ainult p\u00f5hjalikult oma p\u00f5randaid, vaid loote ka puhta ja ohutu keskkonna oma kodus. Seade on varustatud 4-astmelise HEPA-filtreerimiss\u00fcsteemiga, mis t\u00f5husalt p\u00fc\u00fcab kinni tolmuosakesed ja takistab nende uuesti \u00f5hku sattumist. Rakendatud lahendusi hindavad eriti allergikud ja v\u00e4ikeste laste vanemad.<\/p>\n<p><img loading=\"lazy\" decoding=\"async\" class=\"alignnone size-medium_large wp-image-11692\" src=\"https:\/\/blankpage.ee\/_ruumist-ruumi\/wp-content\/uploads\/2024\/11\/Varstolmuimeja-Deerma-DX600-4-768x488.jpg\" alt=\"Varstolmuimeja Deerma DX600\" width=\"768\" height=\"488\" srcset=\"https:\/\/blankpage.ee\/_ruumist-ruumi\/wp-content\/uploads\/2024\/11\/Varstolmuimeja-Deerma-DX600-4-768x488.jpg 768w, https:\/\/blankpage.ee\/_ruumist-ruumi\/wp-content\/uploads\/2024\/11\/Varstolmuimeja-Deerma-DX600-4-300x191.jpg 300w, https:\/\/blankpage.ee\/_ruumist-ruumi\/wp-content\/uploads\/2024\/11\/Varstolmuimeja-Deerma-DX600-4-400x254.jpg 400w, https:\/\/blankpage.ee\/_ruumist-ruumi\/wp-content\/uploads\/2024\/11\/Varstolmuimeja-Deerma-DX600-4-922x586.jpg 922w, https:\/\/blankpage.ee\/_ruumist-ruumi\/wp-content\/uploads\/2024\/11\/Varstolmuimeja-Deerma-DX600-4.jpg 1000w\" sizes=\"auto, (max-width: 768px) 100vw, 768px\" \/><\/p>\n<h3>2in1<\/h3>\n<p>Kas teadsite, et kui ostate DX600, saate 2 praktilist seadet \u00fches? Toodet saab kasutada nii tavalise p\u00fcstise tolmuimejana kui ka v\u00e4ikese k\u00e4sitolmuimejana. See muudab selle ideaalseks mitte ainult p\u00f5randate tolmuimejaga puhastamiseks, vaid ka m\u00f6\u00f6bli, kardinate ja isegi auto puhastamiseks. DX600 on ka \u00e4\u00e4rmiselt kerge, nii et seda on lihtne t\u00f5sta. K\u00e4sitolmuimejana kaalub see vaid 1,4 kg ja p\u00fcstisena 2 kg. Veelgi enam, selle ergonoomiline libisemisvastane k\u00e4epide muudab man\u00f6\u00f6verdamise lihtsaks.<\/p>\n<p><img loading=\"lazy\" decoding=\"async\" class=\"alignnone size-medium_large wp-image-11686\" src=\"https:\/\/blankpage.ee\/_ruumist-ruumi\/wp-content\/uploads\/2024\/11\/Varstolmuimeja-Deerma-DX600-6-768x488.jpg\" alt=\"Varstolmuimeja Deerma DX600\" width=\"768\" height=\"488\" srcset=\"https:\/\/blankpage.ee\/_ruumist-ruumi\/wp-content\/uploads\/2024\/11\/Varstolmuimeja-Deerma-DX600-6-768x488.jpg 768w, https:\/\/blankpage.ee\/_ruumist-ruumi\/wp-content\/uploads\/2024\/11\/Varstolmuimeja-Deerma-DX600-6-300x191.jpg 300w, https:\/\/blankpage.ee\/_ruumist-ruumi\/wp-content\/uploads\/2024\/11\/Varstolmuimeja-Deerma-DX600-6-400x254.jpg 400w, https:\/\/blankpage.ee\/_ruumist-ruumi\/wp-content\/uploads\/2024\/11\/Varstolmuimeja-Deerma-DX600-6-922x586.jpg 922w, https:\/\/blankpage.ee\/_ruumist-ruumi\/wp-content\/uploads\/2024\/11\/Varstolmuimeja-Deerma-DX600-6.jpg 1000w\" sizes=\"auto, (max-width: 768px) 100vw, 768px\" \/><\/p>\n<h3>Vahetatavad harjad komplektis<\/h3>\n<p>Et muuta teie jaoks lihtsamaks k\u00f5igi nurkade ja pragude p\u00f5hjalik tolmuimejaga puhastamine, sisaldab komplekt lisaks vahetatavaid harju. Kitsas hari v\u00f5imaldab teil h\u00f5lpsasti eemaldada tolmu n\u00e4iteks diivanite v\u00f5i tugitoolide s\u00fcvenditest. See on kasulik ka kitsaste, raskesti ligip\u00e4\u00e4setavate kohtade puhastamisel. V\u00e4ike puhastushari muudab m\u00f6\u00f6bli ja eba\u00fchtlaste, \u00f5rnade pindade, n\u00e4iteks klaviatuuride v\u00f5i kardinate, tolmuimejaga puhastamise lihtsaks.<\/p>\n<p><img loading=\"lazy\" decoding=\"async\" class=\"alignnone size-medium_large wp-image-11691\" src=\"https:\/\/blankpage.ee\/_ruumist-ruumi\/wp-content\/uploads\/2024\/11\/Varstolmuimeja-Deerma-DX600-3-768x488.jpg\" alt=\"Varstolmuimeja Deerma DX600\" width=\"768\" height=\"488\" srcset=\"https:\/\/blankpage.ee\/_ruumist-ruumi\/wp-content\/uploads\/2024\/11\/Varstolmuimeja-Deerma-DX600-3-768x488.jpg 768w, https:\/\/blankpage.ee\/_ruumist-ruumi\/wp-content\/uploads\/2024\/11\/Varstolmuimeja-Deerma-DX600-3-300x191.jpg 300w, https:\/\/blankpage.ee\/_ruumist-ruumi\/wp-content\/uploads\/2024\/11\/Varstolmuimeja-Deerma-DX600-3-400x254.jpg 400w, https:\/\/blankpage.ee\/_ruumist-ruumi\/wp-content\/uploads\/2024\/11\/Varstolmuimeja-Deerma-DX600-3-922x586.jpg 922w, https:\/\/blankpage.ee\/_ruumist-ruumi\/wp-content\/uploads\/2024\/11\/Varstolmuimeja-Deerma-DX600-3.jpg 1000w\" sizes=\"auto, (max-width: 768px) 100vw, 768px\" \/><\/p>\n<h3>Teie ohutuse tagamiseks<\/h3>\n<p>DX600 tolmuimeja teenib teid h\u00e4sti pikka aega. See on valmistatud kvaliteetsetest materjalidest, nagu roostevaba teras, mis muudab selle \u00e4\u00e4rmiselt vastupidavaks ja kulumiskindlaks. See on ka disainitud t\u00f5husalt kaitsma mootorit \u00fclekuumenemise ja kahjustuste eest. Spetsiaalne kolmem\u00f5\u00f5tmeline ventilatsioon tagab t\u00f5husa soojuse hajumise. See on paigutatud taha, nii et vabanev \u00f5hk ei puhu teie n\u00e4ole.<\/p>\n<p><img loading=\"lazy\" decoding=\"async\" class=\"alignnone size-medium_large wp-image-11688\" src=\"https:\/\/blankpage.ee\/_ruumist-ruumi\/wp-content\/uploads\/2024\/11\/Varstolmuimeja-Deerma-DX600-10-768x489.jpg\" alt=\"Varstolmuimeja Deerma DX600\" width=\"768\" height=\"489\" srcset=\"https:\/\/blankpage.ee\/_ruumist-ruumi\/wp-content\/uploads\/2024\/11\/Varstolmuimeja-Deerma-DX600-10-768x489.jpg 768w, https:\/\/blankpage.ee\/_ruumist-ruumi\/wp-content\/uploads\/2024\/11\/Varstolmuimeja-Deerma-DX600-10-300x191.jpg 300w, https:\/\/blankpage.ee\/_ruumist-ruumi\/wp-content\/uploads\/2024\/11\/Varstolmuimeja-Deerma-DX600-10-400x255.jpg 400w, https:\/\/blankpage.ee\/_ruumist-ruumi\/wp-content\/uploads\/2024\/11\/Varstolmuimeja-Deerma-DX600-10-922x587.jpg 922w, https:\/\/blankpage.ee\/_ruumist-ruumi\/wp-content\/uploads\/2024\/11\/Varstolmuimeja-Deerma-DX600-10.jpg 1000w\" sizes=\"auto, (max-width: 768px) 100vw, 768px\" \/><\/p>\n<h3>Suur tolmukonteiner<\/h3>\n<p>Deerma DX600 tolmuimeja on varustatud suure 0,8-liitrise tolmukonteineriga. Selle t\u00fchjendamiseks eemaldage see lihtsalt seadme k\u00fcljest, vajutades nuppu. Seej\u00e4rel visake j\u00e4\u00e4tmed pr\u00fcgikasti &#8211; te ei m\u00e4\u00e4rdu isegi oma k\u00e4si! Samuti v\u00f5ite konteinerit muretult voolava vee all pesta ja p\u00e4rast kuivamist uuesti kasutada &#8211; nii pikendate selle eluiga ja v\u00e4ldite bakterite paljunemist.<\/p>\n<p><img loading=\"lazy\" decoding=\"async\" class=\"alignnone size-medium_large wp-image-11689\" src=\"https:\/\/blankpage.ee\/_ruumist-ruumi\/wp-content\/uploads\/2024\/11\/Varstolmuimeja-Deerma-DX600-11-768x488.jpg\" alt=\"Varstolmuimeja Deerma DX600\" width=\"768\" height=\"488\" srcset=\"https:\/\/blankpage.ee\/_ruumist-ruumi\/wp-content\/uploads\/2024\/11\/Varstolmuimeja-Deerma-DX600-11-768x488.jpg 768w, https:\/\/blankpage.ee\/_ruumist-ruumi\/wp-content\/uploads\/2024\/11\/Varstolmuimeja-Deerma-DX600-11-300x191.jpg 300w, https:\/\/blankpage.ee\/_ruumist-ruumi\/wp-content\/uploads\/2024\/11\/Varstolmuimeja-Deerma-DX600-11-400x254.jpg 400w, https:\/\/blankpage.ee\/_ruumist-ruumi\/wp-content\/uploads\/2024\/11\/Varstolmuimeja-Deerma-DX600-11-922x586.jpg 922w, https:\/\/blankpage.ee\/_ruumist-ruumi\/wp-content\/uploads\/2024\/11\/Varstolmuimeja-Deerma-DX600-11.jpg 1000w\" sizes=\"auto, (max-width: 768px) 100vw, 768px\" \/><\/p>\n<h3>Komplektis<\/h3>\n<ul>\n<li>Tolmuimeja<\/li>\n<li>Pikendustoru komplekt<\/li>\n<li>P\u00f5randahari<\/li>\n<li>Kasutusjuhend<\/li>\n<li>Hari<\/li>\n<li>Kitsas hari<\/li>\n<\/ul>\n<div class=\"table-wrapper\">\n<table>\n<tbody>\n<tr>\n<th>Br\u00e4nd<\/th>\n<td>Deerma<\/td>\n<\/tr>\n<tr>\n<th>Nimi<\/th>\n<td>Tolmuimeja<\/td>\n<\/tr>\n<tr>\n<th>Mudel<\/th>\n<td>DX600<\/td>\n<\/tr>\n<tr>\n<th>Nimipinge \/ sagedus<\/th>\n<td>220-240V~ 50-60Hz<\/td>\n<\/tr>\n<tr>\n<th>Nimiv\u00f5imsus<\/th>\n<td>600W<\/td>\n<\/tr>\n<tr>\n<th>Tolmu mahuti maht<\/th>\n<td>0,8l<\/td>\n<\/tr>\n<tr>\n<th>Imemisv\u00f5imsus<\/th>\n<td>\u2a7d15000Pa<\/td>\n<\/tr>\n<tr>\n<th>M\u00fcratase<\/th>\n<td>\u2a7d82dB<\/td>\n<\/tr>\n<tr>\n<th>Materjal<\/th>\n<td>ABS \/ PC<\/td>\n<\/tr>\n<tr>\n<th>M\u00f5\u00f5tmed<\/th>\n<td>252x238x1149mm<\/td>\n<\/tr>\n<tr>\n<th>Kaal<\/th>\n<td>2kg<\/td>\n<\/tr>\n<\/tbody>\n<\/table>\n<\/div>\n","protected":false},"excerpt":{"rendered":"<p>Deerma DX600 p\u00fcstine tolmuimeja Varsti s\u00e4rab iga nurk teie kodus puhtusest. Deerma DX600 p\u00fcstine tolmuimeja t\u00f6\u00f6tab 600-vatise v\u00f5imsusega ja pakub t\u00e4iustatud ts\u00fcklonitehnoloogiat, et eemaldada tolm ja j\u00e4\u00e4tmed hetkega. Kaasas olevad vahetatavad harjad muudavad puhastamise teile lihtsamaks. 4-astmeline filtreerimine eemaldab t\u00f5husalt mustuse ja allergeenid. Kerge ja k\u00e4ep\u00e4rane, pikk 4,5-meetrine juhe muudab Deerma DX600 sobivaks nii p\u00fcstiseks [&hellip;]<\/p>\n","protected":false},"featured_media":11346,"comment_status":"closed","ping_status":"closed","template":"","meta":[],"product_brand":[],"product_cat":[813],"product_tag":[],"class_list":{"0":"post-11345","1":"product","2":"type-product","3":"status-publish","4":"has-post-thumbnail","6":"product_cat-varstolmuimejad","7":"product_shipping_class-innpro","9":"first","10":"instock","11":"sale","12":"taxable","13":"shipping-taxable","14":"purchasable","15":"product-type-simple"},"_links":{"self":[{"href":"https:\/\/blankpage.ee\/_ruumist-ruumi\/wp-json\/wp\/v2\/product\/11345","targetHints":{"allow":["GET"]}}],"collection":[{"href":"https:\/\/blankpage.ee\/_ruumist-ruumi\/wp-json\/wp\/v2\/product"}],"about":[{"href":"https:\/\/blankpage.ee\/_ruumist-ruumi\/wp-json\/wp\/v2\/types\/product"}],"replies":[{"embeddable":true,"href":"https:\/\/blankpage.ee\/_ruumist-ruumi\/wp-json\/wp\/v2\/comments?post=11345"}],"wp:featuredmedia":[{"embeddable":true,"href":"https:\/\/blankpage.ee\/_ruumist-ruumi\/wp-json\/wp\/v2\/media\/11346"}],"wp:attachment":[{"href":"https:\/\/blankpage.ee\/_ruumist-ruumi\/wp-json\/wp\/v2\/media?parent=11345"}],"wp:term":[{"taxonomy":"product_brand","embeddable":true,"href":"https:\/\/blankpage.ee\/_ruumist-ruumi\/wp-json\/wp\/v2\/product_brand?post=11345"},{"taxonomy":"product_cat","embeddable":true,"href":"https:\/\/blankpage.ee\/_ruumist-ruumi\/wp-json\/wp\/v2\/product_cat?post=11345"},{"taxonomy":"product_tag","embeddable":true,"href":"https:\/\/blankpage.ee\/_ruumist-ruumi\/wp-json\/wp\/v2\/product_tag?post=11345"}],"curies":[{"name":"wp","href":"https:\/\/api.w.org\/{rel}","templated":true}]}}