{"id":11355,"date":"2024-11-27T12:22:38","date_gmt":"2024-11-27T12:22:38","guid":{"rendered":"https:\/\/ruumistruumi.ee\/?post_type=product&#038;p=11355"},"modified":"2025-08-21T08:21:49","modified_gmt":"2025-08-21T08:21:49","slug":"varstolmuimeja-deerma-dx888","status":"publish","type":"product","link":"https:\/\/blankpage.ee\/_ruumist-ruumi\/pood\/varstolmuimeja-deerma-dx888\/","title":{"rendered":"Varstolmuimeja Deerma DX888"},"content":{"rendered":"<h3>Deerma DX888 tolmuimeja<\/h3>\n<p>Muuda koristamine enda jaoks lihtsamaks. Deerma DX888 p\u00fcstitolmuimeja pakub k\u00f5rget mugavust ja paistab silma kuni 15 000 Pa imemisv\u00f5imsusega. T\u00e4nu sellele saab see suurep\u00e4raselt hakkama mustusega. Tolmu eemaldamine raskesti ligip\u00e4\u00e4setavatest nurkadest ja pragudest muutub lihtsamaks t\u00e4nu kaasasolevatele vahetatavatele harjadele ning suur 0,45-liitrine j\u00e4\u00e4tmemahuti saab t\u00fchjendada \u00fche nupuvajutusega. Seadet saab kasutada mitmel viisil &#8211; see t\u00f6\u00f6tab nii p\u00fcsti- kui ka k\u00e4sitolmuimejana. Selle kokkupanek v\u00f5i lahtiv\u00f5tmine ei tekita teile mingeid probleeme.<\/p>\n<p><img loading=\"lazy\" decoding=\"async\" class=\"alignnone size-medium_large wp-image-11667\" src=\"https:\/\/blankpage.ee\/_ruumist-ruumi\/wp-content\/uploads\/2024\/11\/Varstolmuimeja-Deerma-DX888-1-768x489.jpg\" alt=\"Varstolmuimeja Deerma DX888\" width=\"768\" height=\"489\" srcset=\"https:\/\/blankpage.ee\/_ruumist-ruumi\/wp-content\/uploads\/2024\/11\/Varstolmuimeja-Deerma-DX888-1-768x489.jpg 768w, https:\/\/blankpage.ee\/_ruumist-ruumi\/wp-content\/uploads\/2024\/11\/Varstolmuimeja-Deerma-DX888-1-300x191.jpg 300w, https:\/\/blankpage.ee\/_ruumist-ruumi\/wp-content\/uploads\/2024\/11\/Varstolmuimeja-Deerma-DX888-1-400x255.jpg 400w, https:\/\/blankpage.ee\/_ruumist-ruumi\/wp-content\/uploads\/2024\/11\/Varstolmuimeja-Deerma-DX888-1-922x587.jpg 922w, https:\/\/blankpage.ee\/_ruumist-ruumi\/wp-content\/uploads\/2024\/11\/Varstolmuimeja-Deerma-DX888-1.jpg 1000w\" sizes=\"auto, (max-width: 768px) 100vw, 768px\" \/><\/p>\n<h3>Kasutage seda nii, nagu soovite<\/h3>\n<p>Tolmuimejat eristab modulaarne disain, nii et saate selle h\u00f5lpsasti kohandada oma vajadustega. Selle p\u00f5hikomponendid (p\u00f5hiseade tolmupaagiga, k\u00e4epide, toru ja hari) kinnitatakse eraldi, v\u00f5imaldades erinevaid konfiguratsioone. Seade sobib ka k\u00e4sitolmuimejana. Kinnitage p\u00f5hiseade harja l\u00e4hedale, et h\u00f5lpsasti p\u00f5randaid tolmuimejaga puhastada, ja kinnitage see k\u00e4epidemele, et nihutada raskuskeset ja vaevata puhastada kardinaid v\u00f5i koguda \u00e4mblikuv\u00f5rke laest.<\/p>\n<p><img loading=\"lazy\" decoding=\"async\" class=\"alignnone size-medium_large wp-image-11668\" src=\"https:\/\/blankpage.ee\/_ruumist-ruumi\/wp-content\/uploads\/2024\/11\/Varstolmuimeja-Deerma-DX888-3-768x489.jpg\" alt=\"Varstolmuimeja Deerma DX888\" width=\"768\" height=\"489\" srcset=\"https:\/\/blankpage.ee\/_ruumist-ruumi\/wp-content\/uploads\/2024\/11\/Varstolmuimeja-Deerma-DX888-3-768x489.jpg 768w, https:\/\/blankpage.ee\/_ruumist-ruumi\/wp-content\/uploads\/2024\/11\/Varstolmuimeja-Deerma-DX888-3-300x191.jpg 300w, https:\/\/blankpage.ee\/_ruumist-ruumi\/wp-content\/uploads\/2024\/11\/Varstolmuimeja-Deerma-DX888-3-400x255.jpg 400w, https:\/\/blankpage.ee\/_ruumist-ruumi\/wp-content\/uploads\/2024\/11\/Varstolmuimeja-Deerma-DX888-3-922x587.jpg 922w, https:\/\/blankpage.ee\/_ruumist-ruumi\/wp-content\/uploads\/2024\/11\/Varstolmuimeja-Deerma-DX888-3.jpg 1000w\" sizes=\"auto, (max-width: 768px) 100vw, 768px\" \/><\/p>\n<h3>Teie abiline v\u00f5itluses mustusega<\/h3>\n<p>N\u00fc\u00fcd saate tolmust, purust, k\u00f5\u00f5mast ja muudest prahist kiiresti lahti. DX888 tolmuimeja on varustatud v\u00f5imsa mootoriga, mille v\u00e4ljundv\u00f5imsus ulatub 600 W-ni. See v\u00f5imaldab mustuse kiiresti ja t\u00f5husalt k\u00f5rvaldada. Seade kasutab ka kolmekordset filtreerimist ja spetsiaalselt loodud ts\u00fcklonis\u00fcsteemi. Selle tulemusena eemaldab see mustuse veelgi paremini ja hoiab imemisv\u00f5imsuse stabiilselt optimaalsel tasemel. V\u00f5ida v\u00f5itlus tolmuga ja naudi puhast kodu!<\/p>\n<p><img loading=\"lazy\" decoding=\"async\" class=\"alignnone size-medium_large wp-image-11665\" src=\"https:\/\/blankpage.ee\/_ruumist-ruumi\/wp-content\/uploads\/2024\/11\/Varstolmuimeja-Deerma-DX888-11-768x489.jpg\" alt=\"Varstolmuimeja Deerma DX888\" width=\"768\" height=\"489\" srcset=\"https:\/\/blankpage.ee\/_ruumist-ruumi\/wp-content\/uploads\/2024\/11\/Varstolmuimeja-Deerma-DX888-11-768x489.jpg 768w, https:\/\/blankpage.ee\/_ruumist-ruumi\/wp-content\/uploads\/2024\/11\/Varstolmuimeja-Deerma-DX888-11-300x191.jpg 300w, https:\/\/blankpage.ee\/_ruumist-ruumi\/wp-content\/uploads\/2024\/11\/Varstolmuimeja-Deerma-DX888-11-400x255.jpg 400w, https:\/\/blankpage.ee\/_ruumist-ruumi\/wp-content\/uploads\/2024\/11\/Varstolmuimeja-Deerma-DX888-11-922x587.jpg 922w, https:\/\/blankpage.ee\/_ruumist-ruumi\/wp-content\/uploads\/2024\/11\/Varstolmuimeja-Deerma-DX888-11.jpg 1000w\" sizes=\"auto, (max-width: 768px) 100vw, 768px\" \/><\/p>\n<h3>Kasutusmugavus<\/h3>\n<p>Avasta, et koristamine ei pea \u00fcldse palju pingutust n\u00f5udma. DX888 tolmuimejal on l\u00e4bim\u00f5eldud, ergonoomiline disain. Selle suur kolmnurkne k\u00e4epide on k\u00f5verdatud 106\u00b0 nurga all, mis teeb selle ideaalselt k\u00e4es istuvaks ja ei koorma randmeid. Veelgi enam, seadme juhtimine on \u00e4\u00e4rmiselt lihtne ja mugav &#8211; selle hari on varustatud v\u00e4ikeste ratastega, mis t\u00f6\u00f6tavad h\u00e4sti erinevatel pindadel. Tolmuimeja on ka suhteliselt kerge &#8211; saate selle h\u00f5lpsasti t\u00f5sta, et tolmuimejaga puhastada kardinaid v\u00f5i k\u00f5rgemaid riiuleid.<\/p>\n<p><img loading=\"lazy\" decoding=\"async\" class=\"alignnone size-medium_large wp-image-11664\" src=\"https:\/\/blankpage.ee\/_ruumist-ruumi\/wp-content\/uploads\/2024\/11\/Varstolmuimeja-Deerma-DX888-8-768x489.jpg\" alt=\"Varstolmuimeja Deerma DX888\" width=\"768\" height=\"489\" srcset=\"https:\/\/blankpage.ee\/_ruumist-ruumi\/wp-content\/uploads\/2024\/11\/Varstolmuimeja-Deerma-DX888-8-768x489.jpg 768w, https:\/\/blankpage.ee\/_ruumist-ruumi\/wp-content\/uploads\/2024\/11\/Varstolmuimeja-Deerma-DX888-8-300x191.jpg 300w, https:\/\/blankpage.ee\/_ruumist-ruumi\/wp-content\/uploads\/2024\/11\/Varstolmuimeja-Deerma-DX888-8-400x255.jpg 400w, https:\/\/blankpage.ee\/_ruumist-ruumi\/wp-content\/uploads\/2024\/11\/Varstolmuimeja-Deerma-DX888-8-922x587.jpg 922w, https:\/\/blankpage.ee\/_ruumist-ruumi\/wp-content\/uploads\/2024\/11\/Varstolmuimeja-Deerma-DX888-8.jpg 1000w\" sizes=\"auto, (max-width: 768px) 100vw, 768px\" \/><\/p>\n<h3>Parendatud p\u00f5randahari<\/h3>\n<p>Varsti v\u00f5ivad k\u00f5ik teie kodu p\u00f5randad s\u00e4rada puhtusest. DX888 tolmuimeja on varustatud parendatud harjaga, mis sobib suurep\u00e4raselt erinevate pindade puhastamiseks &#8211; alates plaatidest kuni vaipadeni. See on \u00e4\u00e4rmiselt \u00f5huke ja seda saab p\u00f6\u00f6rata p\u00e4rip\u00e4eva ja vastup\u00e4eva 150\u00b0 ulatuses. See muudab p\u00f5randa tolmuimejaga puhastamise m\u00f6\u00f6bli all v\u00f5i nurkades lihtsaks. T\u00e4helepanu v\u00e4\u00e4rib ka suur harjaava &#8211; selle laius on koguni 230 mm, mis v\u00f5imaldab kiiresti puhastada suuremaid alasid.<\/p>\n<p><img loading=\"lazy\" decoding=\"async\" class=\"alignnone size-medium_large wp-image-11662\" src=\"https:\/\/blankpage.ee\/_ruumist-ruumi\/wp-content\/uploads\/2024\/11\/Varstolmuimeja-Deerma-DX888-4-768x489.jpg\" alt=\"Varstolmuimeja Deerma DX888\" width=\"768\" height=\"489\" srcset=\"https:\/\/blankpage.ee\/_ruumist-ruumi\/wp-content\/uploads\/2024\/11\/Varstolmuimeja-Deerma-DX888-4-768x489.jpg 768w, https:\/\/blankpage.ee\/_ruumist-ruumi\/wp-content\/uploads\/2024\/11\/Varstolmuimeja-Deerma-DX888-4-300x191.jpg 300w, https:\/\/blankpage.ee\/_ruumist-ruumi\/wp-content\/uploads\/2024\/11\/Varstolmuimeja-Deerma-DX888-4-400x255.jpg 400w, https:\/\/blankpage.ee\/_ruumist-ruumi\/wp-content\/uploads\/2024\/11\/Varstolmuimeja-Deerma-DX888-4-922x587.jpg 922w, https:\/\/blankpage.ee\/_ruumist-ruumi\/wp-content\/uploads\/2024\/11\/Varstolmuimeja-Deerma-DX888-4.jpg 1000w\" sizes=\"auto, (max-width: 768px) 100vw, 768px\" \/><\/p>\n<h3>Lisaharjad komplektis<\/h3>\n<p>Komplektis leiate ka 2 lisaharja, mis muudavad raskesti ligip\u00e4\u00e4setavate nurkade tolmuimejaga puhastamise lihtsamaks. Kitsas hari v\u00f5imaldab teil eemaldada mustuse kitsastest kohtadest, n\u00e4iteks diivanite ja toolide s\u00fcvenditest. Kolmnurkne pehme hari sobib ideaalselt m\u00f6\u00f6blipindade puhastamiseks &#8211; selle abil saate h\u00f5lpsasti eemaldada tolmu, juukseid, puru v\u00f5i karvu diivanilt v\u00f5i madratsilt. N\u00fc\u00fcd saate oma kodu h\u00f5lpsasti s\u00e4ravalt puhtaks muuta!<\/p>\n<p><img loading=\"lazy\" decoding=\"async\" class=\"alignnone size-medium_large wp-image-11663\" src=\"https:\/\/blankpage.ee\/_ruumist-ruumi\/wp-content\/uploads\/2024\/11\/Varstolmuimeja-Deerma-DX888-7-768x489.jpg\" alt=\"Varstolmuimeja Deerma DX888\" width=\"768\" height=\"489\" srcset=\"https:\/\/blankpage.ee\/_ruumist-ruumi\/wp-content\/uploads\/2024\/11\/Varstolmuimeja-Deerma-DX888-7-768x489.jpg 768w, https:\/\/blankpage.ee\/_ruumist-ruumi\/wp-content\/uploads\/2024\/11\/Varstolmuimeja-Deerma-DX888-7-300x191.jpg 300w, https:\/\/blankpage.ee\/_ruumist-ruumi\/wp-content\/uploads\/2024\/11\/Varstolmuimeja-Deerma-DX888-7-400x255.jpg 400w, https:\/\/blankpage.ee\/_ruumist-ruumi\/wp-content\/uploads\/2024\/11\/Varstolmuimeja-Deerma-DX888-7-922x587.jpg 922w, https:\/\/blankpage.ee\/_ruumist-ruumi\/wp-content\/uploads\/2024\/11\/Varstolmuimeja-Deerma-DX888-7.jpg 1000w\" sizes=\"auto, (max-width: 768px) 100vw, 768px\" \/><\/p>\n<h3>Veelgi rohkem mugavusi<\/h3>\n<p>Tolmuimejat on \u00e4\u00e4rmiselt lihtne kokku panna ja lahti v\u00f5tta &#8211; saate selle h\u00f5lpsasti kohandada oma vajadustega. Selle hoiustamine ei tekita teile probleeme &#8211; seade on varustatud praktilise seinakinnitusega. Teie k\u00e4sutuses on ka mahukas 0,45-liitrine tolmukonteiner &#8211; selle t\u00fchjendamiseks vajutage lihtsalt nuppu. Te ei pea isegi oma k\u00e4si m\u00e4\u00e4rima! Veelgi enam, tolmuimeja on valmistatud vastupidavast ABS-plastikust, muutes selle \u00e4\u00e4rmiselt vastupidavaks ja h\u00f5lpsasti puhastatavaks.<\/p>\n<p><img loading=\"lazy\" decoding=\"async\" class=\"alignnone size-medium_large wp-image-11666\" src=\"https:\/\/blankpage.ee\/_ruumist-ruumi\/wp-content\/uploads\/2024\/11\/Varstolmuimeja-Deerma-DX888-5-768x489.jpg\" alt=\"Varstolmuimeja Deerma DX888\" width=\"768\" height=\"489\" srcset=\"https:\/\/blankpage.ee\/_ruumist-ruumi\/wp-content\/uploads\/2024\/11\/Varstolmuimeja-Deerma-DX888-5-768x489.jpg 768w, https:\/\/blankpage.ee\/_ruumist-ruumi\/wp-content\/uploads\/2024\/11\/Varstolmuimeja-Deerma-DX888-5-300x191.jpg 300w, https:\/\/blankpage.ee\/_ruumist-ruumi\/wp-content\/uploads\/2024\/11\/Varstolmuimeja-Deerma-DX888-5-400x255.jpg 400w, https:\/\/blankpage.ee\/_ruumist-ruumi\/wp-content\/uploads\/2024\/11\/Varstolmuimeja-Deerma-DX888-5-922x587.jpg 922w, https:\/\/blankpage.ee\/_ruumist-ruumi\/wp-content\/uploads\/2024\/11\/Varstolmuimeja-Deerma-DX888-5.jpg 1000w\" sizes=\"auto, (max-width: 768px) 100vw, 768px\" \/><\/p>\n<h3>Karbis<\/h3>\n<ul>\n<li>Tolmuimeja<\/li>\n<li>K\u00e4epide<\/li>\n<li>Torustik<\/li>\n<li>P\u00f5randahari<\/li>\n<li>Pehme hari<\/li>\n<li>Kitsas hari<\/li>\n<li>Kasutusjuhend<\/li>\n<\/ul>\n<div class=\"table-wrapper\">\n<table>\n<tbody>\n<tr>\n<th>Tootja<\/th>\n<td>Deerma<\/td>\n<\/tr>\n<tr>\n<th>Nimi<\/th>\n<td>Deerma tolmuimeja<\/td>\n<\/tr>\n<tr>\n<th>Mudel<\/th>\n<td>DX888<\/td>\n<\/tr>\n<tr>\n<th>Imemisv\u00f5imsus<\/th>\n<td>\u2265 15 000 Pa<\/td>\n<\/tr>\n<tr>\n<th>Nimipinge<\/th>\n<td>220-240 V<\/td>\n<\/tr>\n<tr>\n<th>Nimisagedus<\/th>\n<td>50-60 Hz<\/td>\n<\/tr>\n<tr>\n<th>Nimiv\u00f5imsus<\/th>\n<td>600 W<\/td>\n<\/tr>\n<tr>\n<th>Tolmukonteineri maht<\/th>\n<td>0,45 l<\/td>\n<\/tr>\n<tr>\n<th>M\u00fcratase:<\/th>\n<td>\u00a0&lt;85 Db<\/td>\n<\/tr>\n<tr>\n<th>Kaal [kg]:<\/th>\n<td>2.1 kg (koos pakendiga 2.8 kg)<\/td>\n<\/tr>\n<tr>\n<th>T\u00f6\u00f6ulatus [m]:<\/th>\n<td>5m kaabel<\/td>\n<\/tr>\n<\/tbody>\n<\/table>\n<\/div>\n","protected":false},"excerpt":{"rendered":"<p>Deerma DX888 tolmuimeja Muuda koristamine enda jaoks lihtsamaks. Deerma DX888 p\u00fcstitolmuimeja pakub k\u00f5rget mugavust ja paistab silma kuni 15 000 Pa imemisv\u00f5imsusega. T\u00e4nu sellele saab see suurep\u00e4raselt hakkama mustusega. Tolmu eemaldamine raskesti ligip\u00e4\u00e4setavatest nurkadest ja pragudest muutub lihtsamaks t\u00e4nu kaasasolevatele vahetatavatele harjadele ning suur 0,45-liitrine j\u00e4\u00e4tmemahuti saab t\u00fchjendada \u00fche nupuvajutusega. Seadet saab kasutada mitmel viisil [&hellip;]<\/p>\n","protected":false},"featured_media":11356,"comment_status":"closed","ping_status":"closed","template":"","meta":[],"product_brand":[],"product_cat":[813],"product_tag":[],"class_list":{"0":"post-11355","1":"product","2":"type-product","3":"status-publish","4":"has-post-thumbnail","6":"product_cat-varstolmuimejad","7":"product_shipping_class-innpro","9":"first","10":"instock","11":"sale","12":"taxable","13":"shipping-taxable","14":"purchasable","15":"product-type-simple"},"_links":{"self":[{"href":"https:\/\/blankpage.ee\/_ruumist-ruumi\/wp-json\/wp\/v2\/product\/11355","targetHints":{"allow":["GET"]}}],"collection":[{"href":"https:\/\/blankpage.ee\/_ruumist-ruumi\/wp-json\/wp\/v2\/product"}],"about":[{"href":"https:\/\/blankpage.ee\/_ruumist-ruumi\/wp-json\/wp\/v2\/types\/product"}],"replies":[{"embeddable":true,"href":"https:\/\/blankpage.ee\/_ruumist-ruumi\/wp-json\/wp\/v2\/comments?post=11355"}],"wp:featuredmedia":[{"embeddable":true,"href":"https:\/\/blankpage.ee\/_ruumist-ruumi\/wp-json\/wp\/v2\/media\/11356"}],"wp:attachment":[{"href":"https:\/\/blankpage.ee\/_ruumist-ruumi\/wp-json\/wp\/v2\/media?parent=11355"}],"wp:term":[{"taxonomy":"product_brand","embeddable":true,"href":"https:\/\/blankpage.ee\/_ruumist-ruumi\/wp-json\/wp\/v2\/product_brand?post=11355"},{"taxonomy":"product_cat","embeddable":true,"href":"https:\/\/blankpage.ee\/_ruumist-ruumi\/wp-json\/wp\/v2\/product_cat?post=11355"},{"taxonomy":"product_tag","embeddable":true,"href":"https:\/\/blankpage.ee\/_ruumist-ruumi\/wp-json\/wp\/v2\/product_tag?post=11355"}],"curies":[{"name":"wp","href":"https:\/\/api.w.org\/{rel}","templated":true}]}}