{"id":11366,"date":"2024-11-27T12:22:38","date_gmt":"2024-11-27T12:22:38","guid":{"rendered":"https:\/\/ruumistruumi.ee\/?post_type=product&#038;p=11366"},"modified":"2025-08-21T08:21:49","modified_gmt":"2025-08-21T08:21:49","slug":"varstolmuimeja-viomi-cyber-pro","status":"publish","type":"product","link":"https:\/\/blankpage.ee\/_ruumist-ruumi\/pood\/varstolmuimeja-viomi-cyber-pro\/","title":{"rendered":"Varstolmuimeja Viomi Cyber Pro"},"content":{"rendered":"<h3>Viomi Cyber Pro juhtmeta varstolmuimeja<\/h3>\n<p>Muuda puhastamine lihtsamaks ja hoia oma kodu p\u00f5randad laitmatult puhtad. Viomi Cyber Pro v\u00f5imaldab mitte ainult tolmu imeda, vaid ka valitud pindu m\u00e4rgp\u00fchkida &#8211; see saab h\u00f5lpsasti hakkama isegi k\u00f5ige kangekaelsemate plekkidega. See paistab silma kuni 12,5 kPa imemisv\u00f5imsusega ja selle t\u00f6\u00f6aeg on umbes 40 minutit. Seade pakub ka automaatset harjarulli puhastusfunktsiooni. Tolmuimeja kasutamist lihtsustab sisseehitatud LED-ekraan, spetsiaalne rakendus ja h\u00e4\u00e4lk\u00e4sklused.<\/p>\n<p><img loading=\"lazy\" decoding=\"async\" class=\"alignnone size-medium_large wp-image-11676\" src=\"https:\/\/blankpage.ee\/_ruumist-ruumi\/wp-content\/uploads\/2024\/11\/Varstolmuimeja-Viomi-Cyber-Pro-1-768x489.jpg\" alt=\"Varstolmuimeja Viomi Cyber Pro\" width=\"768\" height=\"489\" srcset=\"https:\/\/blankpage.ee\/_ruumist-ruumi\/wp-content\/uploads\/2024\/11\/Varstolmuimeja-Viomi-Cyber-Pro-1-768x489.jpg 768w, https:\/\/blankpage.ee\/_ruumist-ruumi\/wp-content\/uploads\/2024\/11\/Varstolmuimeja-Viomi-Cyber-Pro-1-300x191.jpg 300w, https:\/\/blankpage.ee\/_ruumist-ruumi\/wp-content\/uploads\/2024\/11\/Varstolmuimeja-Viomi-Cyber-Pro-1-400x255.jpg 400w, https:\/\/blankpage.ee\/_ruumist-ruumi\/wp-content\/uploads\/2024\/11\/Varstolmuimeja-Viomi-Cyber-Pro-1-922x587.jpg 922w, https:\/\/blankpage.ee\/_ruumist-ruumi\/wp-content\/uploads\/2024\/11\/Varstolmuimeja-Viomi-Cyber-Pro-1.jpg 1000w\" sizes=\"auto, (max-width: 768px) 100vw, 768px\" \/><\/p>\n<h3>Sinu liitlane v\u00f5itluses mustuse vastu<\/h3>\n<p>N\u00fc\u00fcd saad hakkama isegi k\u00f5ige kangekaelsema mustusega hetkega. Tolmuimeja on varustatud v\u00f5imsa mootoriga ja selle imemisv\u00f5imsus ulatub kuni 12,5 kPa-ni. T\u00e4nu sellele k\u00f5rvaldab see koheselt tolmu, puru, karvad, k\u00f5\u00f5ma ja muu pr\u00fcgi. Miski ei saa selle eest peitu pugeda! Lisaks v\u00f5imaldab spetsiaalselt disainitud hari p\u00f5hjalikult puhastada m\u00f6\u00f6da seinu ja nurkades. Tee isegi raskesti ligip\u00e4\u00e4setavad kohad s\u00e4ravalt puhtaks!<\/p>\n<p><img loading=\"lazy\" decoding=\"async\" class=\"alignnone size-medium_large wp-image-11677\" src=\"https:\/\/blankpage.ee\/_ruumist-ruumi\/wp-content\/uploads\/2024\/11\/Varstolmuimeja-Viomi-Cyber-Pro-2-768x489.jpg\" alt=\"Varstolmuimeja Viomi Cyber Pro\" width=\"768\" height=\"489\" srcset=\"https:\/\/blankpage.ee\/_ruumist-ruumi\/wp-content\/uploads\/2024\/11\/Varstolmuimeja-Viomi-Cyber-Pro-2-768x489.jpg 768w, https:\/\/blankpage.ee\/_ruumist-ruumi\/wp-content\/uploads\/2024\/11\/Varstolmuimeja-Viomi-Cyber-Pro-2-300x191.jpg 300w, https:\/\/blankpage.ee\/_ruumist-ruumi\/wp-content\/uploads\/2024\/11\/Varstolmuimeja-Viomi-Cyber-Pro-2-400x255.jpg 400w, https:\/\/blankpage.ee\/_ruumist-ruumi\/wp-content\/uploads\/2024\/11\/Varstolmuimeja-Viomi-Cyber-Pro-2-922x587.jpg 922w, https:\/\/blankpage.ee\/_ruumist-ruumi\/wp-content\/uploads\/2024\/11\/Varstolmuimeja-Viomi-Cyber-Pro-2.jpg 1000w\" sizes=\"auto, (max-width: 768px) 100vw, 768px\" \/><\/p>\n<h3>Saab hakkama plekkidega<\/h3>\n<p>Avasta, et p\u00f5randa puhastamine ei pea \u00fcldse palju vaeva n\u00f5udma. Viomi Cyber Pro on varustatud spetsiaalse pihustiga, nii et sul on kontroll kasutatava vee koguse \u00fcle. \u00c4ra karda plekke! Seadme lisav\u00e4\u00e4rtuseks on spetsiaalne kraapija, mis eemaldab puhastamise ajal harjarullilt musta vee. Sa ei pea muretsema, et saasteained satuvad tagasi just pestud p\u00f5randale!<\/p>\n<p><img loading=\"lazy\" decoding=\"async\" class=\"alignnone size-medium_large wp-image-11672\" src=\"https:\/\/blankpage.ee\/_ruumist-ruumi\/wp-content\/uploads\/2024\/11\/Varstolmuimeja-Viomi-Cyber-Pro-6-768x489.jpg\" alt=\"Varstolmuimeja Viomi Cyber Pro\" width=\"768\" height=\"489\" srcset=\"https:\/\/blankpage.ee\/_ruumist-ruumi\/wp-content\/uploads\/2024\/11\/Varstolmuimeja-Viomi-Cyber-Pro-6-768x489.jpg 768w, https:\/\/blankpage.ee\/_ruumist-ruumi\/wp-content\/uploads\/2024\/11\/Varstolmuimeja-Viomi-Cyber-Pro-6-300x191.jpg 300w, https:\/\/blankpage.ee\/_ruumist-ruumi\/wp-content\/uploads\/2024\/11\/Varstolmuimeja-Viomi-Cyber-Pro-6-400x255.jpg 400w, https:\/\/blankpage.ee\/_ruumist-ruumi\/wp-content\/uploads\/2024\/11\/Varstolmuimeja-Viomi-Cyber-Pro-6-922x587.jpg 922w, https:\/\/blankpage.ee\/_ruumist-ruumi\/wp-content\/uploads\/2024\/11\/Varstolmuimeja-Viomi-Cyber-Pro-6.jpg 1000w\" sizes=\"auto, (max-width: 768px) 100vw, 768px\" \/><\/p>\n<h3>Puhastab end automaatselt<\/h3>\n<p>Sa ei pea enam oma k\u00e4si m\u00e4\u00e4rima ja aega raiskama tolmuimeja harjarulli puhastamisele. Cyber Pro hoolitseb selle eest ise! K\u00f5ik, mida pead tegema, on asetama seadme kaasasolevasse jaama ja vajutama vastavat nuppu. Kui seda teed, puhastatakse rull automaatselt ja seej\u00e4rel kuivatatakse. Unusta mustus ja halb l\u00f5hn!<\/p>\n<p><img loading=\"lazy\" decoding=\"async\" class=\"alignnone size-medium_large wp-image-11675\" src=\"https:\/\/blankpage.ee\/_ruumist-ruumi\/wp-content\/uploads\/2024\/11\/Varstolmuimeja-Viomi-Cyber-Pro-9-768x489.jpg\" alt=\"Varstolmuimeja Viomi Cyber Pro\" width=\"768\" height=\"489\" srcset=\"https:\/\/blankpage.ee\/_ruumist-ruumi\/wp-content\/uploads\/2024\/11\/Varstolmuimeja-Viomi-Cyber-Pro-9-768x489.jpg 768w, https:\/\/blankpage.ee\/_ruumist-ruumi\/wp-content\/uploads\/2024\/11\/Varstolmuimeja-Viomi-Cyber-Pro-9-300x191.jpg 300w, https:\/\/blankpage.ee\/_ruumist-ruumi\/wp-content\/uploads\/2024\/11\/Varstolmuimeja-Viomi-Cyber-Pro-9-400x255.jpg 400w, https:\/\/blankpage.ee\/_ruumist-ruumi\/wp-content\/uploads\/2024\/11\/Varstolmuimeja-Viomi-Cyber-Pro-9-922x587.jpg 922w, https:\/\/blankpage.ee\/_ruumist-ruumi\/wp-content\/uploads\/2024\/11\/Varstolmuimeja-Viomi-Cyber-Pro-9.jpg 1000w\" sizes=\"auto, (max-width: 768px) 100vw, 768px\" \/><\/p>\n<h3>Veelgi mugavam kasutamine<\/h3>\n<p>Tolmuimeja on varustatud h\u00f5lpsasti loetava LED-ekraaniga, mis annab sulle mugava juurdep\u00e4\u00e4su teabele. Muuhulgas teavitab see sind, kui paak vajab t\u00e4itmist ja kui aku on t\u00fchi. Saadaval on ka spetsiaalne rakendus. Cyber Pro pakub ka kasulikke h\u00e4\u00e4lteateid. Saad valida ka 3 seadme t\u00f6\u00f6re\u017eiimi vahel (nutikas, steriliseerimine, veeimamine).<\/p>\n<p><img loading=\"lazy\" decoding=\"async\" class=\"alignnone size-medium_large wp-image-11670\" src=\"https:\/\/blankpage.ee\/_ruumist-ruumi\/wp-content\/uploads\/2024\/11\/Varstolmuimeja-Viomi-Cyber-Pro-4-768x489.jpg\" alt=\"Varstolmuimeja Viomi Cyber Pro\" width=\"768\" height=\"489\" srcset=\"https:\/\/blankpage.ee\/_ruumist-ruumi\/wp-content\/uploads\/2024\/11\/Varstolmuimeja-Viomi-Cyber-Pro-4-768x489.jpg 768w, https:\/\/blankpage.ee\/_ruumist-ruumi\/wp-content\/uploads\/2024\/11\/Varstolmuimeja-Viomi-Cyber-Pro-4-300x191.jpg 300w, https:\/\/blankpage.ee\/_ruumist-ruumi\/wp-content\/uploads\/2024\/11\/Varstolmuimeja-Viomi-Cyber-Pro-4-400x255.jpg 400w, https:\/\/blankpage.ee\/_ruumist-ruumi\/wp-content\/uploads\/2024\/11\/Varstolmuimeja-Viomi-Cyber-Pro-4-922x587.jpg 922w, https:\/\/blankpage.ee\/_ruumist-ruumi\/wp-content\/uploads\/2024\/11\/Varstolmuimeja-Viomi-Cyber-Pro-4.jpg 1000w\" sizes=\"auto, (max-width: 768px) 100vw, 768px\" \/><\/p>\n<h3>Nutikas t\u00f6\u00f6<\/h3>\n<p>Nautige seadme t\u00f5husat ja efektiivset t\u00f6\u00f6d. Tolmuimeja on varustatud arenenud sensoriga, t\u00e4nu millele tuvastab see automaatselt pinna t\u00fc\u00fcbi ja m\u00e4\u00e4rdumisastme ning kohandab sellele vastavalt imemisv\u00f5imsust ja veekogust. Selle tulemusel tagab Cyber Pro madalama energiatarbimise ja seega pikema t\u00f6\u00f6aja. See v\u00e4hendab ka veepaagi t\u00e4itmise sagedust.<\/p>\n<p><img loading=\"lazy\" decoding=\"async\" class=\"alignnone size-medium_large wp-image-11674\" src=\"https:\/\/blankpage.ee\/_ruumist-ruumi\/wp-content\/uploads\/2024\/11\/Varstolmuimeja-Viomi-Cyber-Pro-8-768x489.jpg\" alt=\"Varstolmuimeja Viomi Cyber Pro\" width=\"768\" height=\"489\" srcset=\"https:\/\/blankpage.ee\/_ruumist-ruumi\/wp-content\/uploads\/2024\/11\/Varstolmuimeja-Viomi-Cyber-Pro-8-768x489.jpg 768w, https:\/\/blankpage.ee\/_ruumist-ruumi\/wp-content\/uploads\/2024\/11\/Varstolmuimeja-Viomi-Cyber-Pro-8-300x191.jpg 300w, https:\/\/blankpage.ee\/_ruumist-ruumi\/wp-content\/uploads\/2024\/11\/Varstolmuimeja-Viomi-Cyber-Pro-8-400x255.jpg 400w, https:\/\/blankpage.ee\/_ruumist-ruumi\/wp-content\/uploads\/2024\/11\/Varstolmuimeja-Viomi-Cyber-Pro-8-922x587.jpg 922w, https:\/\/blankpage.ee\/_ruumist-ruumi\/wp-content\/uploads\/2024\/11\/Varstolmuimeja-Viomi-Cyber-Pro-8.jpg 1000w\" sizes=\"auto, (max-width: 768px) 100vw, 768px\" \/><\/p>\n<h3>Pikk t\u00f6\u00f6aeg<\/h3>\n<p>Ei mingeid sunnitud pause puhastamises tolmuimeja laadimiseks. Cyber Pro mudel on varustatud 4000mAh akuga, mis tagab kuni 40 minutit t\u00f6\u00f6aega. See on piisavalt pikk, et tolmuimejaga puhastada p\u00f5randaid kogupindalaga umbes 200m2! See muudab seadme ideaalseks nii v\u00e4ikestele kui ka suurematele korteritele.<\/p>\n<p><img loading=\"lazy\" decoding=\"async\" class=\"alignnone size-medium_large wp-image-11671\" src=\"https:\/\/blankpage.ee\/_ruumist-ruumi\/wp-content\/uploads\/2024\/11\/Varstolmuimeja-Viomi-Cyber-Pro-5-768x490.jpg\" alt=\"Varstolmuimeja Viomi Cyber Pro\" width=\"768\" height=\"490\" srcset=\"https:\/\/blankpage.ee\/_ruumist-ruumi\/wp-content\/uploads\/2024\/11\/Varstolmuimeja-Viomi-Cyber-Pro-5-768x490.jpg 768w, https:\/\/blankpage.ee\/_ruumist-ruumi\/wp-content\/uploads\/2024\/11\/Varstolmuimeja-Viomi-Cyber-Pro-5-300x191.jpg 300w, https:\/\/blankpage.ee\/_ruumist-ruumi\/wp-content\/uploads\/2024\/11\/Varstolmuimeja-Viomi-Cyber-Pro-5-400x255.jpg 400w, https:\/\/blankpage.ee\/_ruumist-ruumi\/wp-content\/uploads\/2024\/11\/Varstolmuimeja-Viomi-Cyber-Pro-5-922x588.jpg 922w, https:\/\/blankpage.ee\/_ruumist-ruumi\/wp-content\/uploads\/2024\/11\/Varstolmuimeja-Viomi-Cyber-Pro-5.jpg 1000w\" sizes=\"auto, (max-width: 768px) 100vw, 768px\" \/><\/p>\n<h3>Suuremad veepaagid<\/h3>\n<p>Veendu, et puhastad oma p\u00f5randaid alati ainult puhta veega. Tolmuimeja on varustatud 2 paagiga &#8211; iga\u00fcks mahutavusega 740ml. \u00dcks on puhta vee ja teine musta vee jaoks. See t\u00e4hendab, et sa ei pea muretsema, et mustus satub uuesti p\u00f5randale! Lisaks v\u00e4ldib paakide suur mahutavus sagedast t\u00e4itmist. Cyber Pro-l on ka spetsiaalsed sensorid, mis tuletavad meelde, millal on aeg vett vahetada.<\/p>\n<p><img loading=\"lazy\" decoding=\"async\" class=\"alignnone size-medium_large wp-image-11669\" src=\"https:\/\/blankpage.ee\/_ruumist-ruumi\/wp-content\/uploads\/2024\/11\/Varstolmuimeja-Viomi-Cyber-Pro-3-768x489.jpg\" alt=\"Varstolmuimeja Viomi Cyber Pro\" width=\"768\" height=\"489\" srcset=\"https:\/\/blankpage.ee\/_ruumist-ruumi\/wp-content\/uploads\/2024\/11\/Varstolmuimeja-Viomi-Cyber-Pro-3-768x489.jpg 768w, https:\/\/blankpage.ee\/_ruumist-ruumi\/wp-content\/uploads\/2024\/11\/Varstolmuimeja-Viomi-Cyber-Pro-3-300x191.jpg 300w, https:\/\/blankpage.ee\/_ruumist-ruumi\/wp-content\/uploads\/2024\/11\/Varstolmuimeja-Viomi-Cyber-Pro-3-400x255.jpg 400w, https:\/\/blankpage.ee\/_ruumist-ruumi\/wp-content\/uploads\/2024\/11\/Varstolmuimeja-Viomi-Cyber-Pro-3-922x587.jpg 922w, https:\/\/blankpage.ee\/_ruumist-ruumi\/wp-content\/uploads\/2024\/11\/Varstolmuimeja-Viomi-Cyber-Pro-3.jpg 1000w\" sizes=\"auto, (max-width: 768px) 100vw, 768px\" \/><\/p>\n<h3>\u00dctle h\u00fcvasti kahjulikele bakteritele<\/h3>\n<p>Loo oma kodus puhas ja tervislik keskkond. Tolmuimeja pakub steriliseerimisre\u017eiimi, nii et saad oma p\u00f5randaid pesta elektrol\u00fc\u00fcsitud veega. Sel viisil vabaned oma korteris olevatest bakteritest. Kas sul on koer, kass, k\u00fc\u00fclik v\u00f5i muu loom? V\u00f5i m\u00e4ngib su laps sageli p\u00f5randal? Cyber Pro tolmuimejaga k\u00f5rvaldad kahjulikud mikroobid ja hoolitsed k\u00f5igi pereliikmete tervise eest!<\/p>\n<p><img loading=\"lazy\" decoding=\"async\" class=\"alignnone size-medium_large wp-image-11673\" src=\"https:\/\/blankpage.ee\/_ruumist-ruumi\/wp-content\/uploads\/2024\/11\/Varstolmuimeja-Viomi-Cyber-Pro-7-768x489.jpg\" alt=\"Varstolmuimeja Viomi Cyber Pro\" width=\"768\" height=\"489\" srcset=\"https:\/\/blankpage.ee\/_ruumist-ruumi\/wp-content\/uploads\/2024\/11\/Varstolmuimeja-Viomi-Cyber-Pro-7-768x489.jpg 768w, https:\/\/blankpage.ee\/_ruumist-ruumi\/wp-content\/uploads\/2024\/11\/Varstolmuimeja-Viomi-Cyber-Pro-7-300x191.jpg 300w, https:\/\/blankpage.ee\/_ruumist-ruumi\/wp-content\/uploads\/2024\/11\/Varstolmuimeja-Viomi-Cyber-Pro-7-400x255.jpg 400w, https:\/\/blankpage.ee\/_ruumist-ruumi\/wp-content\/uploads\/2024\/11\/Varstolmuimeja-Viomi-Cyber-Pro-7-922x587.jpg 922w, https:\/\/blankpage.ee\/_ruumist-ruumi\/wp-content\/uploads\/2024\/11\/Varstolmuimeja-Viomi-Cyber-Pro-7.jpg 1000w\" sizes=\"auto, (max-width: 768px) 100vw, 768px\" \/><\/p>\n<h3>Karbi sisu<\/h3>\n<ul>\n<li>Tolmuimeja<\/li>\n<li>Jaam<\/li>\n<li>Laadija<\/li>\n<li>Puhastushari<\/li>\n<li>Filter x2 (\u00fcks paigaldatud tolmuimejasse ja \u00fcks varufilter)<\/li>\n<\/ul>\n<div class=\"table-wrapper\">\n<table>\n<tbody>\n<tr>\n<th>Br\u00e4nd<\/th>\n<td>Viomi<\/td>\n<\/tr>\n<tr>\n<th>Nimi<\/th>\n<td>Cyber Pro<\/td>\n<\/tr>\n<tr>\n<th>Mudel<\/th>\n<td>VXXD05<\/td>\n<\/tr>\n<tr>\n<th>V\u00e4rv<\/th>\n<td>Must<\/td>\n<\/tr>\n<tr>\n<th>Mootori kiirus<\/th>\n<td>64,000 p\/min<\/td>\n<\/tr>\n<tr>\n<th>Imemisv\u00f5imsus<\/th>\n<td>12,5kPa<\/td>\n<\/tr>\n<tr>\n<th>Nimiv\u00f5imsus<\/th>\n<td>250W<\/td>\n<\/tr>\n<tr>\n<th>Akumaht<\/th>\n<td>4000mAh<\/td>\n<\/tr>\n<tr>\n<th>T\u00f6\u00f6aeg<\/th>\n<td>Umbes 40min<\/td>\n<\/tr>\n<tr>\n<th>Laadimisaeg<\/th>\n<td>Umbes 5h<\/td>\n<\/tr>\n<tr>\n<th>M\u00fcratase<\/th>\n<td>Umbes 78dB<\/td>\n<\/tr>\n<tr>\n<th>T\u00f6\u00f6piirkonna optimaalne pindala<\/th>\n<td>Kuni 200m2<\/td>\n<\/tr>\n<tr>\n<th>Puhas vee paagi maht<\/th>\n<td>0,74l<\/td>\n<\/tr>\n<tr>\n<th>Musta vee paagi maht<\/th>\n<td>0,74l<\/td>\n<\/tr>\n<tr>\n<th>M\u00f5\u00f5tmed<\/th>\n<td>1197 x 272 x 256mm<\/td>\n<\/tr>\n<tr>\n<th>Kaal<\/th>\n<td>4,7kg<\/td>\n<\/tr>\n<tr>\n<th>Muud<\/th>\n<td>Automaatne puhastamine, kohapealne veeprits, servapuhastus, kuivatamine, automaatne imemisv\u00f5imsuse reguleerimine<\/td>\n<\/tr>\n<\/tbody>\n<\/table>\n<\/div>\n","protected":false},"excerpt":{"rendered":"<p>Viomi Cyber Pro juhtmeta varstolmuimeja Muuda puhastamine lihtsamaks ja hoia oma kodu p\u00f5randad laitmatult puhtad. Viomi Cyber Pro v\u00f5imaldab mitte ainult tolmu imeda, vaid ka valitud pindu m\u00e4rgp\u00fchkida &#8211; see saab h\u00f5lpsasti hakkama isegi k\u00f5ige kangekaelsemate plekkidega. See paistab silma kuni 12,5 kPa imemisv\u00f5imsusega ja selle t\u00f6\u00f6aeg on umbes 40 minutit. Seade pakub ka automaatset [&hellip;]<\/p>\n","protected":false},"featured_media":11367,"comment_status":"closed","ping_status":"closed","template":"","meta":[],"product_brand":[],"product_cat":[813],"product_tag":[],"class_list":{"0":"post-11366","1":"product","2":"type-product","3":"status-publish","4":"has-post-thumbnail","6":"product_cat-varstolmuimejad","7":"product_shipping_class-innpro","9":"first","10":"instock","11":"sale","12":"taxable","13":"shipping-taxable","14":"purchasable","15":"product-type-simple"},"_links":{"self":[{"href":"https:\/\/blankpage.ee\/_ruumist-ruumi\/wp-json\/wp\/v2\/product\/11366","targetHints":{"allow":["GET"]}}],"collection":[{"href":"https:\/\/blankpage.ee\/_ruumist-ruumi\/wp-json\/wp\/v2\/product"}],"about":[{"href":"https:\/\/blankpage.ee\/_ruumist-ruumi\/wp-json\/wp\/v2\/types\/product"}],"replies":[{"embeddable":true,"href":"https:\/\/blankpage.ee\/_ruumist-ruumi\/wp-json\/wp\/v2\/comments?post=11366"}],"wp:featuredmedia":[{"embeddable":true,"href":"https:\/\/blankpage.ee\/_ruumist-ruumi\/wp-json\/wp\/v2\/media\/11367"}],"wp:attachment":[{"href":"https:\/\/blankpage.ee\/_ruumist-ruumi\/wp-json\/wp\/v2\/media?parent=11366"}],"wp:term":[{"taxonomy":"product_brand","embeddable":true,"href":"https:\/\/blankpage.ee\/_ruumist-ruumi\/wp-json\/wp\/v2\/product_brand?post=11366"},{"taxonomy":"product_cat","embeddable":true,"href":"https:\/\/blankpage.ee\/_ruumist-ruumi\/wp-json\/wp\/v2\/product_cat?post=11366"},{"taxonomy":"product_tag","embeddable":true,"href":"https:\/\/blankpage.ee\/_ruumist-ruumi\/wp-json\/wp\/v2\/product_tag?post=11366"}],"curies":[{"name":"wp","href":"https:\/\/api.w.org\/{rel}","templated":true}]}}