{"id":11371,"date":"2024-11-27T12:22:38","date_gmt":"2024-11-27T12:22:38","guid":{"rendered":"https:\/\/ruumistruumi.ee\/?post_type=product&#038;p=11371"},"modified":"2025-08-21T08:21:49","modified_gmt":"2025-08-21T08:21:49","slug":"varstolmuimeja-mopifunktsiooniga-deerma-dem-vx96w","status":"publish","type":"product","link":"https:\/\/blankpage.ee\/_ruumist-ruumi\/pood\/varstolmuimeja-mopifunktsiooniga-deerma-dem-vx96w\/","title":{"rendered":"Varstolmuimeja mopifunktsiooniga Deerma DEM-VX96W"},"content":{"rendered":"<h3>Juhtmevaba p\u00fcstine tolmuimeja moppimisfunktsiooniga Deerma DEM-VX96W<\/h3>\n<p>DEM-VX96W on vertikaalne juhtmevaba tolmuimeja, mis on varustatud kahe harjaga, mis samaaegselt pesevad ja n\u00fchivad p\u00f5randat, s\u00e4\u00e4stes teie aega ja vaeva. T\u00e4nu tolmuimeja v\u00f5imele automaatselt tuvastada mustuse t\u00fc\u00fcpi, pole vahet, kas see on tahke, nagu teraviljahelbed, v\u00f5i vedel, nagu piim &#8211; Deerma tolmuimeja saab m\u00f5lemaga hakkama. 15kPa imemootor tagab, et kogu mustus eemaldatakse ja p\u00f5rand muutub puhtaks ja steriilseks t\u00e4nu elektrol\u00fc\u00fctilisele vee steriliseerimisele. Harjad puhastatakse pidevalt tolmuimeja sees koos p\u00f5randaga ning must vesi kantakse kohe eraldi paaki, mis puhastab end ise, kui tolmuimeja on alusele \u00fchendatud ja nuppu vajutatakse. K\u00f5rglahutusega LED-ekraan ja h\u00e4\u00e4lteated muudavad seadme kasutamise intuitiivseks isegi vanematele inimestele. Kuid see pole veel k\u00f5ik!<\/p>\n<p><img loading=\"lazy\" decoding=\"async\" class=\"alignnone size-medium_large wp-image-11683\" src=\"https:\/\/blankpage.ee\/_ruumist-ruumi\/wp-content\/uploads\/2024\/11\/Varstolmuimeja-mopifunktsiooniga-Deerma-DEM-VX96W-2-768x489.webp\" alt=\"Varstolmuimeja mopifunktsiooniga Deerma DEM-VX96W\" width=\"768\" height=\"489\" srcset=\"https:\/\/blankpage.ee\/_ruumist-ruumi\/wp-content\/uploads\/2024\/11\/Varstolmuimeja-mopifunktsiooniga-Deerma-DEM-VX96W-2-768x489.webp 768w, https:\/\/blankpage.ee\/_ruumist-ruumi\/wp-content\/uploads\/2024\/11\/Varstolmuimeja-mopifunktsiooniga-Deerma-DEM-VX96W-2-300x191.webp 300w, https:\/\/blankpage.ee\/_ruumist-ruumi\/wp-content\/uploads\/2024\/11\/Varstolmuimeja-mopifunktsiooniga-Deerma-DEM-VX96W-2-400x255.webp 400w, https:\/\/blankpage.ee\/_ruumist-ruumi\/wp-content\/uploads\/2024\/11\/Varstolmuimeja-mopifunktsiooniga-Deerma-DEM-VX96W-2-922x587.webp 922w, https:\/\/blankpage.ee\/_ruumist-ruumi\/wp-content\/uploads\/2024\/11\/Varstolmuimeja-mopifunktsiooniga-Deerma-DEM-VX96W-2.webp 1000w\" sizes=\"auto, (max-width: 768px) 100vw, 768px\" \/><\/p>\n<h3>Mugavus ja paindlik t\u00f6\u00f6<\/h3>\n<p>Te ei pea enam puhastamist jagama tolmuimemise ja seej\u00e4rel moppimise vahel \u2013 Deerma DEM-VX96W t\u00e4idab m\u00f5lemad \u00fclesanded samaaegselt ja saate nautida puhtaid p\u00f5randaid l\u00fchema ajaga. T\u00e4nu juhtmevabale disainile on seadme \u00fcmber maja liigutamine vaba ja mugav.<\/p>\n<p><img loading=\"lazy\" decoding=\"async\" class=\"alignnone size-medium_large wp-image-11678\" src=\"https:\/\/blankpage.ee\/_ruumist-ruumi\/wp-content\/uploads\/2024\/11\/Varstolmuimeja-mopifunktsiooniga-Deerma-DEM-VX96W-3-768x489.webp\" alt=\"Varstolmuimeja mopifunktsiooniga Deerma DEM-VX96W\" width=\"768\" height=\"489\" srcset=\"https:\/\/blankpage.ee\/_ruumist-ruumi\/wp-content\/uploads\/2024\/11\/Varstolmuimeja-mopifunktsiooniga-Deerma-DEM-VX96W-3-768x489.webp 768w, https:\/\/blankpage.ee\/_ruumist-ruumi\/wp-content\/uploads\/2024\/11\/Varstolmuimeja-mopifunktsiooniga-Deerma-DEM-VX96W-3-300x191.webp 300w, https:\/\/blankpage.ee\/_ruumist-ruumi\/wp-content\/uploads\/2024\/11\/Varstolmuimeja-mopifunktsiooniga-Deerma-DEM-VX96W-3-400x255.webp 400w, https:\/\/blankpage.ee\/_ruumist-ruumi\/wp-content\/uploads\/2024\/11\/Varstolmuimeja-mopifunktsiooniga-Deerma-DEM-VX96W-3-922x587.webp 922w, https:\/\/blankpage.ee\/_ruumist-ruumi\/wp-content\/uploads\/2024\/11\/Varstolmuimeja-mopifunktsiooniga-Deerma-DEM-VX96W-3.webp 1000w\" sizes=\"auto, (max-width: 768px) 100vw, 768px\" \/><\/p>\n<h3>Steriliseerimine ja puhastamise mugavus<\/h3>\n<p>Deerma DEM-VX96W garanteerib mitte ainult puhtuse, vaid ka pindade steriilsuse. T\u00e4nu elektrol\u00fc\u00fctilisele vee steriliseerimisele muutub p\u00f5rand bakteritest ja mikroobidest vabaks. Lisaks puhastatakse tolmuimeja sees olevad harjad liikudes koos p\u00f5randaga. Must vesi l\u00e4heb kohe eraldi paaki, mis puhastab end ise, kui tolmuimeja asetatakse alusele. T\u00e4nu oma konstruktsioonile puhastab tolmuimeja ka nurki ja pragusid &#8211; 6mm marginaaliga. Seadmel on ka kammid, mis harjavad tolmuimeja rulli, et puhastada see juustest ja muudest j\u00e4\u00e4kidest. M\u00f5lemad harjad puhastatakse, p\u00f6\u00f6rates edasi-tagasi, et eemaldada mustus, mis on peidetud kiudude vahele. Puhtad harjad, puhas p\u00f5rand.<\/p>\n<p><img loading=\"lazy\" decoding=\"async\" class=\"alignnone size-medium_large wp-image-11682\" src=\"https:\/\/blankpage.ee\/_ruumist-ruumi\/wp-content\/uploads\/2024\/11\/Varstolmuimeja-mopifunktsiooniga-Deerma-DEM-VX96W-1-768x489.jpg\" alt=\"Varstolmuimeja mopifunktsiooniga Deerma DEM-VX96W\" width=\"768\" height=\"489\" srcset=\"https:\/\/blankpage.ee\/_ruumist-ruumi\/wp-content\/uploads\/2024\/11\/Varstolmuimeja-mopifunktsiooniga-Deerma-DEM-VX96W-1-768x489.jpg 768w, https:\/\/blankpage.ee\/_ruumist-ruumi\/wp-content\/uploads\/2024\/11\/Varstolmuimeja-mopifunktsiooniga-Deerma-DEM-VX96W-1-300x191.jpg 300w, https:\/\/blankpage.ee\/_ruumist-ruumi\/wp-content\/uploads\/2024\/11\/Varstolmuimeja-mopifunktsiooniga-Deerma-DEM-VX96W-1-400x255.jpg 400w, https:\/\/blankpage.ee\/_ruumist-ruumi\/wp-content\/uploads\/2024\/11\/Varstolmuimeja-mopifunktsiooniga-Deerma-DEM-VX96W-1-922x587.jpg 922w, https:\/\/blankpage.ee\/_ruumist-ruumi\/wp-content\/uploads\/2024\/11\/Varstolmuimeja-mopifunktsiooniga-Deerma-DEM-VX96W-1.jpg 1000w\" sizes=\"auto, (max-width: 768px) 100vw, 768px\" \/><\/p>\n<h3>T\u00f6\u00f6- ja laadimisaeg<\/h3>\n<p>Ergonoomiline disain ja t\u00f6\u00f6j\u00f5udu s\u00e4\u00e4stev konstruktsioon muudavad puhastamise lihtsamaks kui kunagi varem. Aku v\u00f5imaldab 30 minutit pidevat t\u00f6\u00f6d, mis on piisav 120m2 ala puhastamiseks. 4000mAh aku laadimisaeg on 4 tundi.<\/p>\n<p><img loading=\"lazy\" decoding=\"async\" class=\"alignnone size-medium_large wp-image-11680\" src=\"https:\/\/blankpage.ee\/_ruumist-ruumi\/wp-content\/uploads\/2024\/11\/Varstolmuimeja-mopifunktsiooniga-Deerma-DEM-VX96W-8-768x489.webp\" alt=\"Varstolmuimeja mopifunktsiooniga Deerma DEM-VX96W\" width=\"768\" height=\"489\" srcset=\"https:\/\/blankpage.ee\/_ruumist-ruumi\/wp-content\/uploads\/2024\/11\/Varstolmuimeja-mopifunktsiooniga-Deerma-DEM-VX96W-8-768x489.webp 768w, https:\/\/blankpage.ee\/_ruumist-ruumi\/wp-content\/uploads\/2024\/11\/Varstolmuimeja-mopifunktsiooniga-Deerma-DEM-VX96W-8-300x191.webp 300w, https:\/\/blankpage.ee\/_ruumist-ruumi\/wp-content\/uploads\/2024\/11\/Varstolmuimeja-mopifunktsiooniga-Deerma-DEM-VX96W-8-400x255.webp 400w, https:\/\/blankpage.ee\/_ruumist-ruumi\/wp-content\/uploads\/2024\/11\/Varstolmuimeja-mopifunktsiooniga-Deerma-DEM-VX96W-8-922x587.webp 922w, https:\/\/blankpage.ee\/_ruumist-ruumi\/wp-content\/uploads\/2024\/11\/Varstolmuimeja-mopifunktsiooniga-Deerma-DEM-VX96W-8.webp 1000w\" sizes=\"auto, (max-width: 768px) 100vw, 768px\" \/><\/p>\n<h3>Intuitiivne kasutamine ja h\u00e4\u00e4lteated<\/h3>\n<p>Isegi kui olete vanem inimene v\u00f5i hindate lihtsalt kasutusmugavust, vastab Deerma tolmuimeja teie ootustele. See on varustatud k\u00f5rglahutusega LED-ekraaniga, mis teavitab t\u00f6\u00f6olekust, aku seisukorrast, paagi t\u00e4itmisest ja palju muust. Lisaks muudavad h\u00e4\u00e4lteated seadme kasutamise veelgi lihtsamaks.<\/p>\n<p><img loading=\"lazy\" decoding=\"async\" class=\"alignnone size-medium_large wp-image-11679\" src=\"https:\/\/blankpage.ee\/_ruumist-ruumi\/wp-content\/uploads\/2024\/11\/Varstolmuimeja-mopifunktsiooniga-Deerma-DEM-VX96W-4-768x489.webp\" alt=\"Varstolmuimeja mopifunktsiooniga Deerma DEM-VX96W\" width=\"768\" height=\"489\" srcset=\"https:\/\/blankpage.ee\/_ruumist-ruumi\/wp-content\/uploads\/2024\/11\/Varstolmuimeja-mopifunktsiooniga-Deerma-DEM-VX96W-4-768x489.webp 768w, https:\/\/blankpage.ee\/_ruumist-ruumi\/wp-content\/uploads\/2024\/11\/Varstolmuimeja-mopifunktsiooniga-Deerma-DEM-VX96W-4-300x191.webp 300w, https:\/\/blankpage.ee\/_ruumist-ruumi\/wp-content\/uploads\/2024\/11\/Varstolmuimeja-mopifunktsiooniga-Deerma-DEM-VX96W-4-400x255.webp 400w, https:\/\/blankpage.ee\/_ruumist-ruumi\/wp-content\/uploads\/2024\/11\/Varstolmuimeja-mopifunktsiooniga-Deerma-DEM-VX96W-4-922x587.webp 922w, https:\/\/blankpage.ee\/_ruumist-ruumi\/wp-content\/uploads\/2024\/11\/Varstolmuimeja-mopifunktsiooniga-Deerma-DEM-VX96W-4.webp 1000w\" sizes=\"auto, (max-width: 768px) 100vw, 768px\" \/><\/p>\n<h3>Unikaalne harjas\u00fcsteem ja lihtne hooldus<\/h3>\n<p>Deerma DEM-VX96W tolmuimejal on topeltharjad ilma korpuseta, seega pole ohtu, et j\u00e4\u00e4gid kogunevad painutustesse. Veelgi enam, harjad on lihtne eemaldada &#8211; vajutage lihtsalt nuppu, et raam avada, ja need h\u00fcppavad automaatselt v\u00e4lja. See muudab harjade puhastamise ja vahetamise kiireks ja h\u00fcgieeniliseks.<\/p>\n<p><img loading=\"lazy\" decoding=\"async\" class=\"alignnone size-medium_large wp-image-11681\" src=\"https:\/\/blankpage.ee\/_ruumist-ruumi\/wp-content\/uploads\/2024\/11\/Varstolmuimeja-mopifunktsiooniga-Deerma-DEM-VX96W-9-768x489.webp\" alt=\"Varstolmuimeja mopifunktsiooniga Deerma DEM-VX96W\" width=\"768\" height=\"489\" srcset=\"https:\/\/blankpage.ee\/_ruumist-ruumi\/wp-content\/uploads\/2024\/11\/Varstolmuimeja-mopifunktsiooniga-Deerma-DEM-VX96W-9-768x489.webp 768w, https:\/\/blankpage.ee\/_ruumist-ruumi\/wp-content\/uploads\/2024\/11\/Varstolmuimeja-mopifunktsiooniga-Deerma-DEM-VX96W-9-300x191.webp 300w, https:\/\/blankpage.ee\/_ruumist-ruumi\/wp-content\/uploads\/2024\/11\/Varstolmuimeja-mopifunktsiooniga-Deerma-DEM-VX96W-9-400x255.webp 400w, https:\/\/blankpage.ee\/_ruumist-ruumi\/wp-content\/uploads\/2024\/11\/Varstolmuimeja-mopifunktsiooniga-Deerma-DEM-VX96W-9-922x587.webp 922w, https:\/\/blankpage.ee\/_ruumist-ruumi\/wp-content\/uploads\/2024\/11\/Varstolmuimeja-mopifunktsiooniga-Deerma-DEM-VX96W-9.webp 1000w\" sizes=\"auto, (max-width: 768px) 100vw, 768px\" \/><\/p>\n<h3>Komplekti kuulub:<\/h3>\n<ul>\n<li>Tolmuimeja x 1<\/li>\n<li>K\u00e4epide x 1<\/li>\n<li>Alus x 1<\/li>\n<li>Puhastushari x 1<\/li>\n<li>Adapter x 1<\/li>\n<li>K\u00e4siraamat x 1<\/li>\n<\/ul>\n<div class=\"table-wrapper\">\n<table>\n<tbody>\n<tr>\n<th>Br\u00e4nd<\/th>\n<td>Deerma<\/td>\n<\/tr>\n<tr>\n<th>Mudel<\/th>\n<td>DEM-VX96W<\/td>\n<\/tr>\n<tr>\n<th>V\u00e4rv<\/th>\n<td>Must<\/td>\n<\/tr>\n<tr>\n<th>Akumaht<\/th>\n<td>4000mAh<\/td>\n<\/tr>\n<tr>\n<th>T\u00f6\u00f6aeg<\/th>\n<td>30min<\/td>\n<\/tr>\n<tr>\n<th>Laadimisaeg<\/th>\n<td>4h<\/td>\n<\/tr>\n<tr>\n<th>Nimiv\u00f5imsus<\/th>\n<td>160W<\/td>\n<\/tr>\n<tr>\n<th>Veepaagi maht<\/th>\n<td>600ml<\/td>\n<\/tr>\n<tr>\n<th>M\u00f5\u00f5tmed<\/th>\n<td>1160 x 300 x 216mm<\/td>\n<\/tr>\n<\/tbody>\n<\/table>\n<\/div>\n","protected":false},"excerpt":{"rendered":"<p>Juhtmevaba p\u00fcstine tolmuimeja moppimisfunktsiooniga Deerma DEM-VX96W DEM-VX96W on vertikaalne juhtmevaba tolmuimeja, mis on varustatud kahe harjaga, mis samaaegselt pesevad ja n\u00fchivad p\u00f5randat, s\u00e4\u00e4stes teie aega ja vaeva. T\u00e4nu tolmuimeja v\u00f5imele automaatselt tuvastada mustuse t\u00fc\u00fcpi, pole vahet, kas see on tahke, nagu teraviljahelbed, v\u00f5i vedel, nagu piim &#8211; Deerma tolmuimeja saab m\u00f5lemaga hakkama. 15kPa imemootor tagab, [&hellip;]<\/p>\n","protected":false},"featured_media":11372,"comment_status":"closed","ping_status":"closed","template":"","meta":[],"product_brand":[],"product_cat":[813],"product_tag":[],"class_list":{"0":"post-11371","1":"product","2":"type-product","3":"status-publish","4":"has-post-thumbnail","6":"product_cat-varstolmuimejad","7":"product_shipping_class-innpro","9":"first","10":"instock","11":"sale","12":"taxable","13":"shipping-taxable","14":"purchasable","15":"product-type-simple"},"_links":{"self":[{"href":"https:\/\/blankpage.ee\/_ruumist-ruumi\/wp-json\/wp\/v2\/product\/11371","targetHints":{"allow":["GET"]}}],"collection":[{"href":"https:\/\/blankpage.ee\/_ruumist-ruumi\/wp-json\/wp\/v2\/product"}],"about":[{"href":"https:\/\/blankpage.ee\/_ruumist-ruumi\/wp-json\/wp\/v2\/types\/product"}],"replies":[{"embeddable":true,"href":"https:\/\/blankpage.ee\/_ruumist-ruumi\/wp-json\/wp\/v2\/comments?post=11371"}],"wp:featuredmedia":[{"embeddable":true,"href":"https:\/\/blankpage.ee\/_ruumist-ruumi\/wp-json\/wp\/v2\/media\/11372"}],"wp:attachment":[{"href":"https:\/\/blankpage.ee\/_ruumist-ruumi\/wp-json\/wp\/v2\/media?parent=11371"}],"wp:term":[{"taxonomy":"product_brand","embeddable":true,"href":"https:\/\/blankpage.ee\/_ruumist-ruumi\/wp-json\/wp\/v2\/product_brand?post=11371"},{"taxonomy":"product_cat","embeddable":true,"href":"https:\/\/blankpage.ee\/_ruumist-ruumi\/wp-json\/wp\/v2\/product_cat?post=11371"},{"taxonomy":"product_tag","embeddable":true,"href":"https:\/\/blankpage.ee\/_ruumist-ruumi\/wp-json\/wp\/v2\/product_tag?post=11371"}],"curies":[{"name":"wp","href":"https:\/\/api.w.org\/{rel}","templated":true}]}}