{"id":11393,"date":"2024-11-27T12:25:57","date_gmt":"2024-11-27T12:25:57","guid":{"rendered":"https:\/\/ruumistruumi.ee\/?post_type=product&#038;p=11393"},"modified":"2025-08-21T08:21:49","modified_gmt":"2025-08-21T08:21:49","slug":"varstolmuimeja-deerma-dem-t30w","status":"publish","type":"product","link":"https:\/\/blankpage.ee\/_ruumist-ruumi\/pood\/varstolmuimeja-deerma-dem-t30w\/","title":{"rendered":"Varstolmuimeja Deerma DEM-T30W"},"content":{"rendered":"<h3>Deerma DEM-T30W p\u00fcstine tolmuimeja<\/h3>\n<p>Deerma DEM-T30W on vertikaalne juhtmevaba tolmuimeja optilise tolmutuvastuslambiga, mis v\u00f5imaldab m\u00e4rgata isegi k\u00f5ige v\u00e4iksemat tolmu. Seadmel on 23 kPa imemisv\u00f5imsus, mis eemaldab t\u00f5husalt k\u00f5ik osakesed, nii et saate nautida laitmatult puhast p\u00f5randat. \u00dcheksaastmeline filtris\u00fcsteem eraldab koheselt tolmu \u00f5hust. Komplekt sisaldab harjaga imemisotsikut, mida saab kasutada autode puhastamiseks v\u00f5i kardinate tolmuimejaga puhastamiseks. P\u00e4rast puhastamist vajutage lihtsalt \u00fchte nuppu, et t\u00fchjendada tolmukonteiner.<\/p>\n<p><img loading=\"lazy\" decoding=\"async\" class=\"alignnone size-medium_large wp-image-11694\" src=\"https:\/\/blankpage.ee\/_ruumist-ruumi\/wp-content\/uploads\/2024\/11\/Varstolmuimeja-Deerma-DEM-T30W-10-768x489.webp\" alt=\"Varstolmuimeja Deerma DEM-T30W\" width=\"768\" height=\"489\" srcset=\"https:\/\/blankpage.ee\/_ruumist-ruumi\/wp-content\/uploads\/2024\/11\/Varstolmuimeja-Deerma-DEM-T30W-10-768x489.webp 768w, https:\/\/blankpage.ee\/_ruumist-ruumi\/wp-content\/uploads\/2024\/11\/Varstolmuimeja-Deerma-DEM-T30W-10-300x191.webp 300w, https:\/\/blankpage.ee\/_ruumist-ruumi\/wp-content\/uploads\/2024\/11\/Varstolmuimeja-Deerma-DEM-T30W-10-400x255.webp 400w, https:\/\/blankpage.ee\/_ruumist-ruumi\/wp-content\/uploads\/2024\/11\/Varstolmuimeja-Deerma-DEM-T30W-10-922x587.webp 922w, https:\/\/blankpage.ee\/_ruumist-ruumi\/wp-content\/uploads\/2024\/11\/Varstolmuimeja-Deerma-DEM-T30W-10.webp 1000w\" sizes=\"auto, (max-width: 768px) 100vw, 768px\" \/><\/p>\n<h3>Multifunktsionaalsus<\/h3>\n<p>Tolmuimejaga on kaasas nii pikk toru kui ka elektriline p\u00f5randaotsik, mis imeb mustuse sisse, mis on suurep\u00e4rane suurte alade puhastamiseks. Kui on vaja t\u00e4psust, saab nii toru kui ka elektrilise otsiku eemaldada ning kinnitada piluotsik harjaga, et tolmuimejat t\u00e4psemalt man\u00f6\u00f6verdada ja j\u00f5uda kitsastesse kohtadesse, n\u00e4iteks autos.<\/p>\n<p><img loading=\"lazy\" decoding=\"async\" class=\"alignnone size-medium_large wp-image-11695\" src=\"https:\/\/blankpage.ee\/_ruumist-ruumi\/wp-content\/uploads\/2024\/11\/Varstolmuimeja-Deerma-DEM-T30W-13-768x489.webp\" alt=\"Varstolmuimeja Deerma DEM-T30W\" width=\"768\" height=\"489\" srcset=\"https:\/\/blankpage.ee\/_ruumist-ruumi\/wp-content\/uploads\/2024\/11\/Varstolmuimeja-Deerma-DEM-T30W-13-768x489.webp 768w, https:\/\/blankpage.ee\/_ruumist-ruumi\/wp-content\/uploads\/2024\/11\/Varstolmuimeja-Deerma-DEM-T30W-13-300x191.webp 300w, https:\/\/blankpage.ee\/_ruumist-ruumi\/wp-content\/uploads\/2024\/11\/Varstolmuimeja-Deerma-DEM-T30W-13-400x255.webp 400w, https:\/\/blankpage.ee\/_ruumist-ruumi\/wp-content\/uploads\/2024\/11\/Varstolmuimeja-Deerma-DEM-T30W-13-922x587.webp 922w, https:\/\/blankpage.ee\/_ruumist-ruumi\/wp-content\/uploads\/2024\/11\/Varstolmuimeja-Deerma-DEM-T30W-13.webp 1000w\" sizes=\"auto, (max-width: 768px) 100vw, 768px\" \/><\/p>\n<h3>Optiline lamp<\/h3>\n<p>Tolmuosakesed on sageli n\u00e4htamatud h\u00e4maralt valgustatud ruumides, seet\u00f5ttu on tolmuimeja elektrilisel harjal roheline optiline lamp, mis valgustab tolmuosakesi, muutes need varju heitvaks ja n\u00e4htavaks. V\u00e4ltige tolmu ja tolmulesta allergiaid Deerma DEM-T30W tolmuimejaga!<\/p>\n<p><img loading=\"lazy\" decoding=\"async\" class=\"alignnone size-medium_large wp-image-11693\" src=\"https:\/\/blankpage.ee\/_ruumist-ruumi\/wp-content\/uploads\/2024\/11\/Varstolmuimeja-Deerma-DEM-T30W-6-768x490.webp\" alt=\"Varstolmuimeja Deerma DEM-T30W\" width=\"768\" height=\"490\" srcset=\"https:\/\/blankpage.ee\/_ruumist-ruumi\/wp-content\/uploads\/2024\/11\/Varstolmuimeja-Deerma-DEM-T30W-6-768x490.webp 768w, https:\/\/blankpage.ee\/_ruumist-ruumi\/wp-content\/uploads\/2024\/11\/Varstolmuimeja-Deerma-DEM-T30W-6-300x191.webp 300w, https:\/\/blankpage.ee\/_ruumist-ruumi\/wp-content\/uploads\/2024\/11\/Varstolmuimeja-Deerma-DEM-T30W-6-400x255.webp 400w, https:\/\/blankpage.ee\/_ruumist-ruumi\/wp-content\/uploads\/2024\/11\/Varstolmuimeja-Deerma-DEM-T30W-6-922x588.webp 922w, https:\/\/blankpage.ee\/_ruumist-ruumi\/wp-content\/uploads\/2024\/11\/Varstolmuimeja-Deerma-DEM-T30W-6.webp 1000w\" sizes=\"auto, (max-width: 768px) 100vw, 768px\" \/><\/p>\n<h3>K\u00f5rge imemisv\u00f5imsus<\/h3>\n<p>Seadet iseloomustab 240W efektiivsus, 8000 p\u00f6\u00f6ret minutis ja 23kPa imemisv\u00f5imsus, mis t\u00f5husalt imeb mustuse sisse, s\u00e4\u00e4stes teile aega l\u00f5\u00f5gastumiseks v\u00f5i enesearenguks. Tolmuimejale paigaldatud uus hari meenutab v\u00e4rvirulli, kasutades pehmeid ja k\u00f5vasid kiude kitsaste kohtade puhastamiseks ilma p\u00f5randat kriimustamata.<\/p>\n<p><img loading=\"lazy\" decoding=\"async\" class=\"alignnone size-medium_large wp-image-11698\" src=\"https:\/\/blankpage.ee\/_ruumist-ruumi\/wp-content\/uploads\/2024\/11\/Varstolmuimeja-Deerma-DEM-T30W-4-768x489.webp\" alt=\"Varstolmuimeja Deerma DEM-T30W\" width=\"768\" height=\"489\" srcset=\"https:\/\/blankpage.ee\/_ruumist-ruumi\/wp-content\/uploads\/2024\/11\/Varstolmuimeja-Deerma-DEM-T30W-4-768x489.webp 768w, https:\/\/blankpage.ee\/_ruumist-ruumi\/wp-content\/uploads\/2024\/11\/Varstolmuimeja-Deerma-DEM-T30W-4-300x191.webp 300w, https:\/\/blankpage.ee\/_ruumist-ruumi\/wp-content\/uploads\/2024\/11\/Varstolmuimeja-Deerma-DEM-T30W-4-400x255.webp 400w, https:\/\/blankpage.ee\/_ruumist-ruumi\/wp-content\/uploads\/2024\/11\/Varstolmuimeja-Deerma-DEM-T30W-4-922x587.webp 922w, https:\/\/blankpage.ee\/_ruumist-ruumi\/wp-content\/uploads\/2024\/11\/Varstolmuimeja-Deerma-DEM-T30W-4.webp 1000w\" sizes=\"auto, (max-width: 768px) 100vw, 768px\" \/><\/p>\n<h3>Unusta juhtmed<\/h3>\n<p>Dreema DEM-T30W tolmuimeja annab teile vabaduse puhastada, muretsemata, kas juhe on piisavalt pikk, et ulatuda iga korteri nurgani, v\u00f5i korteris ringi liikudes ja juhtme teise pistikupessa vahetades. Selle juhtmevaba tolmuimejaga saate liikuda ilma piiranguteta! 2500mAh aku v\u00f5imaldab 45 minutit puhastamist. See vajab 5,5h laadimist.<\/p>\n<p><img loading=\"lazy\" decoding=\"async\" class=\"alignnone size-medium_large wp-image-11696\" src=\"https:\/\/blankpage.ee\/_ruumist-ruumi\/wp-content\/uploads\/2024\/11\/Varstolmuimeja-Deerma-DEM-T30W-14-768x489.webp\" alt=\"Varstolmuimeja Deerma DEM-T30W\" width=\"768\" height=\"489\" srcset=\"https:\/\/blankpage.ee\/_ruumist-ruumi\/wp-content\/uploads\/2024\/11\/Varstolmuimeja-Deerma-DEM-T30W-14-768x489.webp 768w, https:\/\/blankpage.ee\/_ruumist-ruumi\/wp-content\/uploads\/2024\/11\/Varstolmuimeja-Deerma-DEM-T30W-14-300x191.webp 300w, https:\/\/blankpage.ee\/_ruumist-ruumi\/wp-content\/uploads\/2024\/11\/Varstolmuimeja-Deerma-DEM-T30W-14-400x255.webp 400w, https:\/\/blankpage.ee\/_ruumist-ruumi\/wp-content\/uploads\/2024\/11\/Varstolmuimeja-Deerma-DEM-T30W-14-922x587.webp 922w, https:\/\/blankpage.ee\/_ruumist-ruumi\/wp-content\/uploads\/2024\/11\/Varstolmuimeja-Deerma-DEM-T30W-14.webp 1000w\" sizes=\"auto, (max-width: 768px) 100vw, 768px\" \/><\/p>\n<h3>Tolmukonteiner<\/h3>\n<p>Tolmukonteineril on maksimaalne maht 0,56 liitrit, nii et te ei pea seda sageli puhastama. L\u00e4bipaistev materjal v\u00f5imaldab pidevalt kontrollida, kas tolmuimeja on kogemata midagi olulist sisse imenud. Vajadusel saate \u00fche nupuvajutusega vabastada konteineri klapi, et visata v\u00e4lja kogu selle sisu ja soovi korral pesta seda.<\/p>\n<p><img loading=\"lazy\" decoding=\"async\" class=\"alignnone size-medium_large wp-image-11697\" src=\"https:\/\/blankpage.ee\/_ruumist-ruumi\/wp-content\/uploads\/2024\/11\/Varstolmuimeja-Deerma-DEM-T30W-9-768x489.webp\" alt=\"Varstolmuimeja Deerma DEM-T30W\" width=\"768\" height=\"489\" srcset=\"https:\/\/blankpage.ee\/_ruumist-ruumi\/wp-content\/uploads\/2024\/11\/Varstolmuimeja-Deerma-DEM-T30W-9-768x489.webp 768w, https:\/\/blankpage.ee\/_ruumist-ruumi\/wp-content\/uploads\/2024\/11\/Varstolmuimeja-Deerma-DEM-T30W-9-300x191.webp 300w, https:\/\/blankpage.ee\/_ruumist-ruumi\/wp-content\/uploads\/2024\/11\/Varstolmuimeja-Deerma-DEM-T30W-9-400x255.webp 400w, https:\/\/blankpage.ee\/_ruumist-ruumi\/wp-content\/uploads\/2024\/11\/Varstolmuimeja-Deerma-DEM-T30W-9-922x587.webp 922w, https:\/\/blankpage.ee\/_ruumist-ruumi\/wp-content\/uploads\/2024\/11\/Varstolmuimeja-Deerma-DEM-T30W-9.webp 1000w\" sizes=\"auto, (max-width: 768px) 100vw, 768px\" \/><\/p>\n<h3>Pakendi sisu<\/h3>\n<ul>\n<li>Tolmuimeja<\/li>\n<li>Tolmuimeja toru<\/li>\n<li>Piluotsik<\/li>\n<li>Elektriline p\u00f5randaotsik<\/li>\n<li>Hoiustamisalus<\/li>\n<li>Paigutust kleebis<\/li>\n<li>Kruvi x 2<\/li>\n<li>Laienduspistikud x 2<\/li>\n<li>K\u00e4siraamat<\/li>\n<\/ul>\n<div class=\"table-wrapper\">\n<table>\n<tbody>\n<tr>\n<th>Br\u00e4nd<\/th>\n<td>Deerma<\/td>\n<\/tr>\n<tr>\n<th>Mudel<\/th>\n<td>DEM-T30W<\/td>\n<\/tr>\n<tr>\n<th>V\u00f5imsus<\/th>\n<td>240W<\/td>\n<\/tr>\n<tr>\n<th>Laadimispinge<\/th>\n<td>26V<\/td>\n<\/tr>\n<tr>\n<th>Laadimisvool<\/th>\n<td>0.5V<\/td>\n<\/tr>\n<tr>\n<th>T\u00f6\u00f6pinge<\/th>\n<td>21.6V<\/td>\n<\/tr>\n<tr>\n<th>Elektrilise harja mootori kiirus<\/th>\n<td>8000RPM<\/td>\n<\/tr>\n<tr>\n<th>T\u00f6\u00f6aeg<\/th>\n<td>45min<\/td>\n<\/tr>\n<tr>\n<th>Akumaht<\/th>\n<td>2500mAh<\/td>\n<\/tr>\n<tr>\n<th>Laadimisaeg<\/th>\n<td>5.5h<\/td>\n<\/tr>\n<tr>\n<th>Imemisv\u00f5imsus<\/th>\n<td>23kPa<\/td>\n<\/tr>\n<tr>\n<th>Tolmukonteineri maht<\/th>\n<td>0.35L (efektiivne), 0.56L (maksimaalne)<\/td>\n<\/tr>\n<\/tbody>\n<\/table>\n<\/div>\n","protected":false},"excerpt":{"rendered":"<p>Deerma DEM-T30W p\u00fcstine tolmuimeja Deerma DEM-T30W on vertikaalne juhtmevaba tolmuimeja optilise tolmutuvastuslambiga, mis v\u00f5imaldab m\u00e4rgata isegi k\u00f5ige v\u00e4iksemat tolmu. Seadmel on 23 kPa imemisv\u00f5imsus, mis eemaldab t\u00f5husalt k\u00f5ik osakesed, nii et saate nautida laitmatult puhast p\u00f5randat. \u00dcheksaastmeline filtris\u00fcsteem eraldab koheselt tolmu \u00f5hust. Komplekt sisaldab harjaga imemisotsikut, mida saab kasutada autode puhastamiseks v\u00f5i kardinate tolmuimejaga puhastamiseks. [&hellip;]<\/p>\n","protected":false},"featured_media":11394,"comment_status":"closed","ping_status":"closed","template":"","meta":[],"product_brand":[],"product_cat":[813],"product_tag":[],"class_list":{"0":"post-11393","1":"product","2":"type-product","3":"status-publish","4":"has-post-thumbnail","6":"product_cat-varstolmuimejad","7":"product_shipping_class-innpro","9":"first","10":"instock","11":"sale","12":"taxable","13":"shipping-taxable","14":"purchasable","15":"product-type-simple"},"_links":{"self":[{"href":"https:\/\/blankpage.ee\/_ruumist-ruumi\/wp-json\/wp\/v2\/product\/11393","targetHints":{"allow":["GET"]}}],"collection":[{"href":"https:\/\/blankpage.ee\/_ruumist-ruumi\/wp-json\/wp\/v2\/product"}],"about":[{"href":"https:\/\/blankpage.ee\/_ruumist-ruumi\/wp-json\/wp\/v2\/types\/product"}],"replies":[{"embeddable":true,"href":"https:\/\/blankpage.ee\/_ruumist-ruumi\/wp-json\/wp\/v2\/comments?post=11393"}],"wp:featuredmedia":[{"embeddable":true,"href":"https:\/\/blankpage.ee\/_ruumist-ruumi\/wp-json\/wp\/v2\/media\/11394"}],"wp:attachment":[{"href":"https:\/\/blankpage.ee\/_ruumist-ruumi\/wp-json\/wp\/v2\/media?parent=11393"}],"wp:term":[{"taxonomy":"product_brand","embeddable":true,"href":"https:\/\/blankpage.ee\/_ruumist-ruumi\/wp-json\/wp\/v2\/product_brand?post=11393"},{"taxonomy":"product_cat","embeddable":true,"href":"https:\/\/blankpage.ee\/_ruumist-ruumi\/wp-json\/wp\/v2\/product_cat?post=11393"},{"taxonomy":"product_tag","embeddable":true,"href":"https:\/\/blankpage.ee\/_ruumist-ruumi\/wp-json\/wp\/v2\/product_tag?post=11393"}],"curies":[{"name":"wp","href":"https:\/\/api.w.org\/{rel}","templated":true}]}}