{"id":11435,"date":"2024-11-27T12:28:54","date_gmt":"2024-11-27T12:28:54","guid":{"rendered":"https:\/\/ruumistruumi.ee\/?post_type=product&#038;p=11435"},"modified":"2025-05-26T14:16:54","modified_gmt":"2025-05-26T14:16:54","slug":"varstolmuimeja-inse-s10","status":"publish","type":"product","link":"https:\/\/blankpage.ee\/_ruumist-ruumi\/pood\/varstolmuimeja-inse-s10\/","title":{"rendered":"Varstolmuimeja INSE S10"},"content":{"rendered":"<h3>INSE S10 varstolmuimeja<\/h3>\n<p>INSE S10 v\u00f5imaldab teil hoolitseda kodu puhtuse eest. Tolmuimeja kasutab LED-valgustusega harja, et h\u00f5lpsasti tolmust vabaneda. Imemisv\u00f5imsus 26 000 Pa korjab p\u00f5hjalikult mustuse \u00fcles ja vastupidav aku tagab kuni 50 minutit t\u00f6\u00f6tamist. Samuti saate valida 3 t\u00f6\u00f6re\u017eiimi vahel ja tolmuimeja kerge disain (3,9 kg) muudab selle kasutamise mugavaks. Komplekt sisaldab ka lisaharju.<\/p>\n<p><img loading=\"lazy\" decoding=\"async\" class=\"alignnone size-medium_large wp-image-11748\" src=\"https:\/\/blankpage.ee\/_ruumist-ruumi\/wp-content\/uploads\/2024\/11\/Varstolmuimeja-INSE-S10-1-768x489.webp\" alt=\"Varstolmuimeja INSE S10\" width=\"768\" height=\"489\" srcset=\"https:\/\/blankpage.ee\/_ruumist-ruumi\/wp-content\/uploads\/2024\/11\/Varstolmuimeja-INSE-S10-1-768x489.webp 768w, https:\/\/blankpage.ee\/_ruumist-ruumi\/wp-content\/uploads\/2024\/11\/Varstolmuimeja-INSE-S10-1-300x191.webp 300w, https:\/\/blankpage.ee\/_ruumist-ruumi\/wp-content\/uploads\/2024\/11\/Varstolmuimeja-INSE-S10-1-400x255.webp 400w, https:\/\/blankpage.ee\/_ruumist-ruumi\/wp-content\/uploads\/2024\/11\/Varstolmuimeja-INSE-S10-1-922x587.webp 922w, https:\/\/blankpage.ee\/_ruumist-ruumi\/wp-content\/uploads\/2024\/11\/Varstolmuimeja-INSE-S10-1.webp 1000w\" sizes=\"auto, (max-width: 768px) 100vw, 768px\" \/><\/p>\n<h3>3 t\u00f6\u00f6re\u017eiimi<\/h3>\n<p>Kohandage INSE S10 t\u00f6\u00f6d vastavalt oma vajadustele. Tolmuimeja pakub 3 t\u00f6\u00f6re\u017eiimi: s\u00fcgav, mugav ja \u00f6ko. Veelgi enam, seade j\u00e4tab meelde viimati kasutatud re\u017eiimi. Toode sisaldab ka spetsiaalset l\u00fclitit, millega saate re\u017eiimi lukustada &#8211; nii ei pea te puhastamise ajal nuppu kogu aeg vajutama. See v\u00e4ldib v\u00e4simuse ja s\u00f5rmede koormuse tunnet.<\/p>\n<p><img loading=\"lazy\" decoding=\"async\" class=\"alignnone size-medium_large wp-image-11744\" src=\"https:\/\/blankpage.ee\/_ruumist-ruumi\/wp-content\/uploads\/2024\/11\/Varstolmuimeja-INSE-S10-5-768x489.webp\" alt=\"Varstolmuimeja INSE S10\" width=\"768\" height=\"489\" srcset=\"https:\/\/blankpage.ee\/_ruumist-ruumi\/wp-content\/uploads\/2024\/11\/Varstolmuimeja-INSE-S10-5-768x489.webp 768w, https:\/\/blankpage.ee\/_ruumist-ruumi\/wp-content\/uploads\/2024\/11\/Varstolmuimeja-INSE-S10-5-300x191.webp 300w, https:\/\/blankpage.ee\/_ruumist-ruumi\/wp-content\/uploads\/2024\/11\/Varstolmuimeja-INSE-S10-5-400x255.webp 400w, https:\/\/blankpage.ee\/_ruumist-ruumi\/wp-content\/uploads\/2024\/11\/Varstolmuimeja-INSE-S10-5-922x587.webp 922w, https:\/\/blankpage.ee\/_ruumist-ruumi\/wp-content\/uploads\/2024\/11\/Varstolmuimeja-INSE-S10-5.webp 1000w\" sizes=\"auto, (max-width: 768px) 100vw, 768px\" \/><\/p>\n<h3>Vabaneda tolmust ja mustusest<\/h3>\n<p>Tolmuimeja pakub imemisv\u00f5imsust 26 000 Pa ja kasutab 350 vatti v\u00f5imsust. See tagab t\u00f5husa puhastamise. Veelgi enam, harjadeta mootor paistab silma oma t\u00f5husa t\u00f6\u00f6ga ja pikendab seadme eluiga. Lisaks eraldab 6-astmeline filtreerimiss\u00fcsteem \u00f5hust t\u00f5husalt kuni 0,3 mikroni suuruseid saasteaineid.<\/p>\n<p><img loading=\"lazy\" decoding=\"async\" class=\"alignnone size-medium_large wp-image-11746\" src=\"https:\/\/blankpage.ee\/_ruumist-ruumi\/wp-content\/uploads\/2024\/11\/Varstolmuimeja-INSE-S10-9-768x489.webp\" alt=\"Varstolmuimeja INSE S10\" width=\"768\" height=\"489\" srcset=\"https:\/\/blankpage.ee\/_ruumist-ruumi\/wp-content\/uploads\/2024\/11\/Varstolmuimeja-INSE-S10-9-768x489.webp 768w, https:\/\/blankpage.ee\/_ruumist-ruumi\/wp-content\/uploads\/2024\/11\/Varstolmuimeja-INSE-S10-9-300x191.webp 300w, https:\/\/blankpage.ee\/_ruumist-ruumi\/wp-content\/uploads\/2024\/11\/Varstolmuimeja-INSE-S10-9-400x255.webp 400w, https:\/\/blankpage.ee\/_ruumist-ruumi\/wp-content\/uploads\/2024\/11\/Varstolmuimeja-INSE-S10-9-922x587.webp 922w, https:\/\/blankpage.ee\/_ruumist-ruumi\/wp-content\/uploads\/2024\/11\/Varstolmuimeja-INSE-S10-9.webp 1000w\" sizes=\"auto, (max-width: 768px) 100vw, 768px\" \/><\/p>\n<h3>P\u00f5hjalik puhastamine<\/h3>\n<p>Seadmel on valgustusega hari, mis v\u00f5imaldab p\u00f5hjalikku puhastamist m\u00f6\u00f6bli all, kuhu valgus ei ulatu. Lisaks takistab V-kujuline disain juuste takerdumist. Veelgi enam, sellel on paindlik disain, nii et saate seda mugavalt man\u00f6\u00f6verdada &#8211; see p\u00f6\u00f6rleb k\u00fclgsuunas 150\u00b0 ja edasi-tagasi 90\u00b0.<\/p>\n<p><img loading=\"lazy\" decoding=\"async\" class=\"alignnone size-medium_large wp-image-11743\" src=\"https:\/\/blankpage.ee\/_ruumist-ruumi\/wp-content\/uploads\/2024\/11\/Varstolmuimeja-INSE-S10-3-768x489.webp\" alt=\"Varstolmuimeja INSE S10\" width=\"768\" height=\"489\" srcset=\"https:\/\/blankpage.ee\/_ruumist-ruumi\/wp-content\/uploads\/2024\/11\/Varstolmuimeja-INSE-S10-3-768x489.webp 768w, https:\/\/blankpage.ee\/_ruumist-ruumi\/wp-content\/uploads\/2024\/11\/Varstolmuimeja-INSE-S10-3-300x191.webp 300w, https:\/\/blankpage.ee\/_ruumist-ruumi\/wp-content\/uploads\/2024\/11\/Varstolmuimeja-INSE-S10-3-400x255.webp 400w, https:\/\/blankpage.ee\/_ruumist-ruumi\/wp-content\/uploads\/2024\/11\/Varstolmuimeja-INSE-S10-3-922x587.webp 922w, https:\/\/blankpage.ee\/_ruumist-ruumi\/wp-content\/uploads\/2024\/11\/Varstolmuimeja-INSE-S10-3.webp 1000w\" sizes=\"auto, (max-width: 768px) 100vw, 768px\" \/><\/p>\n<h3>Komplektis 2 harja<\/h3>\n<p>INSE S10 abil saab kogu teie kodu s\u00e4ravpuhtaks. Komplekt sisaldab tarvikuid, millega saate puhastada erinevat t\u00fc\u00fcpi pindu. Kitsaste vahede puhastamiseks m\u00f6\u00f6bli vahel on kasulik piluhari ja 2-in-1 hari sobib diivani ja auto polstri puhastamiseks.<\/p>\n<p><img loading=\"lazy\" decoding=\"async\" class=\"alignnone size-medium_large wp-image-11745\" src=\"https:\/\/blankpage.ee\/_ruumist-ruumi\/wp-content\/uploads\/2024\/11\/Varstolmuimeja-INSE-S10-6-768x489.webp\" alt=\"Varstolmuimeja INSE S10\" width=\"768\" height=\"489\" srcset=\"https:\/\/blankpage.ee\/_ruumist-ruumi\/wp-content\/uploads\/2024\/11\/Varstolmuimeja-INSE-S10-6-768x489.webp 768w, https:\/\/blankpage.ee\/_ruumist-ruumi\/wp-content\/uploads\/2024\/11\/Varstolmuimeja-INSE-S10-6-300x191.webp 300w, https:\/\/blankpage.ee\/_ruumist-ruumi\/wp-content\/uploads\/2024\/11\/Varstolmuimeja-INSE-S10-6-400x255.webp 400w, https:\/\/blankpage.ee\/_ruumist-ruumi\/wp-content\/uploads\/2024\/11\/Varstolmuimeja-INSE-S10-6-922x587.webp 922w, https:\/\/blankpage.ee\/_ruumist-ruumi\/wp-content\/uploads\/2024\/11\/Varstolmuimeja-INSE-S10-6.webp 1000w\" sizes=\"auto, (max-width: 768px) 100vw, 768px\" \/><\/p>\n<h3>L\u00e4bim\u00f5eldud disain<\/h3>\n<p>Tolmuimeja ei tekita palju m\u00fcra &#8211; 70 dB, nii et saate seda kasutada ilma pereliikmeid h\u00e4irimata. Veelgi enam, tolmukonteiner paistab silma oma 1,2-liitrise mahutavusega, nii et te ei pea seda liiga sageli t\u00fchjendama. Omakorda h\u00f5lbustab hoiustamist kaasasolev seinakinnitus.<\/p>\n<p><img loading=\"lazy\" decoding=\"async\" class=\"alignnone size-medium_large wp-image-11747\" src=\"https:\/\/blankpage.ee\/_ruumist-ruumi\/wp-content\/uploads\/2024\/11\/Varstolmuimeja-INSE-S10-7-768x489.webp\" alt=\"Varstolmuimeja INSE S10\" width=\"768\" height=\"489\" srcset=\"https:\/\/blankpage.ee\/_ruumist-ruumi\/wp-content\/uploads\/2024\/11\/Varstolmuimeja-INSE-S10-7-768x489.webp 768w, https:\/\/blankpage.ee\/_ruumist-ruumi\/wp-content\/uploads\/2024\/11\/Varstolmuimeja-INSE-S10-7-300x191.webp 300w, https:\/\/blankpage.ee\/_ruumist-ruumi\/wp-content\/uploads\/2024\/11\/Varstolmuimeja-INSE-S10-7-400x255.webp 400w, https:\/\/blankpage.ee\/_ruumist-ruumi\/wp-content\/uploads\/2024\/11\/Varstolmuimeja-INSE-S10-7-922x587.webp 922w, https:\/\/blankpage.ee\/_ruumist-ruumi\/wp-content\/uploads\/2024\/11\/Varstolmuimeja-INSE-S10-7.webp 1000w\" sizes=\"auto, (max-width: 768px) 100vw, 768px\" \/><\/p>\n<h3>Komplektis:<\/h3>\n<ul class=\"list-disc\">\n<li>Tolmuimeja<\/li>\n<li>Seinakinnitus<\/li>\n<li>Toiteallikas<\/li>\n<li>Laetav aku<\/li>\n<li>2-in-1 hari<\/li>\n<li>Piluhari<\/li>\n<li>Kasutusjuhend<\/li>\n<li>Kiirk\u00e4ivitusjuhend<\/li>\n<\/ul>\n<div class=\"table-wrapper\">\n<h3><\/h3>\n<table>\n<tbody>\n<tr>\n<th>Mudel<\/th>\n<td>INSE S10<\/td>\n<\/tr>\n<tr>\n<th>Imemisv\u00f5imsus<\/th>\n<td>26 000 Pa<\/td>\n<\/tr>\n<tr>\n<th>V\u00f5imsus<\/th>\n<td>350 W<\/td>\n<\/tr>\n<tr>\n<th>Imemistasemed<\/th>\n<td>3<\/td>\n<\/tr>\n<tr>\n<th>T\u00f6\u00f6aeg<\/th>\n<td>kuni 50 minutit<\/td>\n<\/tr>\n<tr>\n<th>Tolmukonteineri maht<\/th>\n<td>1,2 l<\/td>\n<\/tr>\n<tr>\n<th>Akumaht<\/th>\n<td>2200 mAh<\/td>\n<\/tr>\n<tr>\n<th>Laadimisaeg<\/th>\n<td>umbes 4,5 h<\/td>\n<\/tr>\n<tr>\n<th>M\u00fcratase<\/th>\n<td>70 dB<\/td>\n<\/tr>\n<tr>\n<th>Kaal<\/th>\n<td>3,9 kg<\/td>\n<\/tr>\n<tr>\n<th>Filtri t\u00fc\u00fcp<\/th>\n<td>HEPA H11<\/td>\n<\/tr>\n<tr>\n<th><\/th>\n<td><\/td>\n<\/tr>\n<\/tbody>\n<\/table>\n<\/div>\n","protected":false},"excerpt":{"rendered":"<p>INSE S10 varstolmuimeja INSE S10 v\u00f5imaldab teil hoolitseda kodu puhtuse eest. Tolmuimeja kasutab LED-valgustusega harja, et h\u00f5lpsasti tolmust vabaneda. Imemisv\u00f5imsus 26 000 Pa korjab p\u00f5hjalikult mustuse \u00fcles ja vastupidav aku tagab kuni 50 minutit t\u00f6\u00f6tamist. Samuti saate valida 3 t\u00f6\u00f6re\u017eiimi vahel ja tolmuimeja kerge disain (3,9 kg) muudab selle kasutamise mugavaks. Komplekt sisaldab ka lisaharju. [&hellip;]<\/p>\n","protected":false},"featured_media":11436,"comment_status":"closed","ping_status":"closed","template":"","meta":[],"product_brand":[],"product_cat":[813],"product_tag":[],"class_list":{"0":"post-11435","1":"product","2":"type-product","3":"status-publish","4":"has-post-thumbnail","6":"product_cat-varstolmuimejad","7":"product_shipping_class-innpro","9":"first","10":"instock","11":"taxable","12":"shipping-taxable","13":"purchasable","14":"product-type-simple"},"_links":{"self":[{"href":"https:\/\/blankpage.ee\/_ruumist-ruumi\/wp-json\/wp\/v2\/product\/11435","targetHints":{"allow":["GET"]}}],"collection":[{"href":"https:\/\/blankpage.ee\/_ruumist-ruumi\/wp-json\/wp\/v2\/product"}],"about":[{"href":"https:\/\/blankpage.ee\/_ruumist-ruumi\/wp-json\/wp\/v2\/types\/product"}],"replies":[{"embeddable":true,"href":"https:\/\/blankpage.ee\/_ruumist-ruumi\/wp-json\/wp\/v2\/comments?post=11435"}],"wp:featuredmedia":[{"embeddable":true,"href":"https:\/\/blankpage.ee\/_ruumist-ruumi\/wp-json\/wp\/v2\/media\/11436"}],"wp:attachment":[{"href":"https:\/\/blankpage.ee\/_ruumist-ruumi\/wp-json\/wp\/v2\/media?parent=11435"}],"wp:term":[{"taxonomy":"product_brand","embeddable":true,"href":"https:\/\/blankpage.ee\/_ruumist-ruumi\/wp-json\/wp\/v2\/product_brand?post=11435"},{"taxonomy":"product_cat","embeddable":true,"href":"https:\/\/blankpage.ee\/_ruumist-ruumi\/wp-json\/wp\/v2\/product_cat?post=11435"},{"taxonomy":"product_tag","embeddable":true,"href":"https:\/\/blankpage.ee\/_ruumist-ruumi\/wp-json\/wp\/v2\/product_tag?post=11435"}],"curies":[{"name":"wp","href":"https:\/\/api.w.org\/{rel}","templated":true}]}}