{"id":11474,"date":"2024-11-27T12:31:41","date_gmt":"2024-11-27T12:31:41","guid":{"rendered":"https:\/\/ruumistruumi.ee\/?post_type=product&#038;p=11474"},"modified":"2025-08-21T08:21:48","modified_gmt":"2025-08-21T08:21:48","slug":"varstolmuimeja-deerma-dem-t30w-laadimisjaamaga","status":"publish","type":"product","link":"https:\/\/blankpage.ee\/_ruumist-ruumi\/pood\/varstolmuimeja-deerma-dem-t30w-laadimisjaamaga\/","title":{"rendered":"Varstolmuimeja Deerma DEM-T30W laadimisjaamaga"},"content":{"rendered":"<h3>Deerma DEM-T30W laadimisjaamaga juhtmevaba\u00a0 varstolmuimeja<\/h3>\n<p>Deerma DEM-T30W Station on juhtmevaba p\u00fcstine tolmuimeja, millel on optiline tolmu tuvastamise valgus, mis v\u00f5imaldab m\u00e4rgata isegi k\u00f5ige v\u00e4iksemat tolmu. Lisaks on see varustatud uuendusliku t\u00fchjendamisjaamaga, mis v\u00e4listab vajaduse mustusega kokku puutuda. Seadmel on 23kPa imemisj\u00f5ud, mis v\u00f5imaldab t\u00f5husalt eemaldada k\u00f5ik osakesed, et saaksite nautida laitmatut p\u00f5randat. \u00dcheksakoonuseline filtrikujundus eraldab tolmu \u00f5hust koheselt. Komplektis on imemisd\u00fc\u00fcs, mis l\u00f5peb harjaga, mida saab kasutada n\u00e4iteks auto puhastamiseks v\u00f5i kardinate tolmuimejaga puhastamiseks. Kui olete puhastamise l\u00f5petanud, peate tolmukonteineri puhastamiseks vajutama vaid nuppu.<\/p>\n<p><img loading=\"lazy\" decoding=\"async\" class=\"alignnone size-medium_large wp-image-11753\" src=\"https:\/\/blankpage.ee\/_ruumist-ruumi\/wp-content\/uploads\/2024\/11\/Varstolmuimeja-Deerma-DEM-T30W-laadimisjaamaga-2-768x489.webp\" alt=\"Varstolmuimeja Deerma DEM-T30W laadimisjaamaga\" width=\"768\" height=\"489\" srcset=\"https:\/\/blankpage.ee\/_ruumist-ruumi\/wp-content\/uploads\/2024\/11\/Varstolmuimeja-Deerma-DEM-T30W-laadimisjaamaga-2-768x489.webp 768w, https:\/\/blankpage.ee\/_ruumist-ruumi\/wp-content\/uploads\/2024\/11\/Varstolmuimeja-Deerma-DEM-T30W-laadimisjaamaga-2-300x191.webp 300w, https:\/\/blankpage.ee\/_ruumist-ruumi\/wp-content\/uploads\/2024\/11\/Varstolmuimeja-Deerma-DEM-T30W-laadimisjaamaga-2-400x255.webp 400w, https:\/\/blankpage.ee\/_ruumist-ruumi\/wp-content\/uploads\/2024\/11\/Varstolmuimeja-Deerma-DEM-T30W-laadimisjaamaga-2-922x587.webp 922w, https:\/\/blankpage.ee\/_ruumist-ruumi\/wp-content\/uploads\/2024\/11\/Varstolmuimeja-Deerma-DEM-T30W-laadimisjaamaga-2.webp 1000w\" sizes=\"auto, (max-width: 768px) 100vw, 768px\" \/><\/p>\n<h3>Multifunktsionaalsus<\/h3>\n<p>Tolmuimejaga on kaasas nii pikk toru kui ka elektriline p\u00f5randaotsik, mis p\u00fchivad prahi sissepoole, mis on suurep\u00e4rased suurte alade tolmuimejaga puhastamiseks. Kui on vaja rohkem t\u00e4psust, saab nii toru kui ka elektrilise otsiku eemaldada ja asendada harjaga piluotsikuga, mis v\u00f5imaldab tolmuimejat t\u00e4psemalt man\u00f6\u00f6verdada ja p\u00e4\u00e4seda ligi kitsastesse kohtadesse, n\u00e4iteks autosse.<\/p>\n<p><img loading=\"lazy\" decoding=\"async\" class=\"alignnone size-medium_large wp-image-11749\" src=\"https:\/\/blankpage.ee\/_ruumist-ruumi\/wp-content\/uploads\/2024\/11\/Varstolmuimeja-Deerma-DEM-T30W-laadimisjaamaga-5-768x489.jpg\" alt=\"Varstolmuimeja Deerma DEM-T30W laadimisjaamaga\" width=\"768\" height=\"489\" srcset=\"https:\/\/blankpage.ee\/_ruumist-ruumi\/wp-content\/uploads\/2024\/11\/Varstolmuimeja-Deerma-DEM-T30W-laadimisjaamaga-5-768x489.jpg 768w, https:\/\/blankpage.ee\/_ruumist-ruumi\/wp-content\/uploads\/2024\/11\/Varstolmuimeja-Deerma-DEM-T30W-laadimisjaamaga-5-300x191.jpg 300w, https:\/\/blankpage.ee\/_ruumist-ruumi\/wp-content\/uploads\/2024\/11\/Varstolmuimeja-Deerma-DEM-T30W-laadimisjaamaga-5-400x255.jpg 400w, https:\/\/blankpage.ee\/_ruumist-ruumi\/wp-content\/uploads\/2024\/11\/Varstolmuimeja-Deerma-DEM-T30W-laadimisjaamaga-5-922x587.jpg 922w, https:\/\/blankpage.ee\/_ruumist-ruumi\/wp-content\/uploads\/2024\/11\/Varstolmuimeja-Deerma-DEM-T30W-laadimisjaamaga-5.jpg 1000w\" sizes=\"auto, (max-width: 768px) 100vw, 768px\" \/><\/p>\n<h3>Optiline lamp<\/h3>\n<p>Pimedamates ruumides j\u00e4\u00e4vad tolmuosakesed sageli n\u00e4htamatuks. Seet\u00f5ttu on Deerma DEM-T30W tolmuimeja elektriline hari varustatud rohelise optilise lambiga, mis muudab puhastamise h\u00e4maras lihtsamaks. Nii aitab seade v\u00e4ltida tolmu ja tolmulestade allergiaid.<\/p>\n<p><img loading=\"lazy\" decoding=\"async\" class=\"alignnone size-medium_large wp-image-11750\" src=\"https:\/\/blankpage.ee\/_ruumist-ruumi\/wp-content\/uploads\/2024\/11\/Varstolmuimeja-Deerma-DEM-T30W-laadimisjaamaga-7-768x490.webp\" alt=\"Varstolmuimeja Deerma DEM-T30W laadimisjaamaga\" width=\"768\" height=\"490\" srcset=\"https:\/\/blankpage.ee\/_ruumist-ruumi\/wp-content\/uploads\/2024\/11\/Varstolmuimeja-Deerma-DEM-T30W-laadimisjaamaga-7-768x490.webp 768w, https:\/\/blankpage.ee\/_ruumist-ruumi\/wp-content\/uploads\/2024\/11\/Varstolmuimeja-Deerma-DEM-T30W-laadimisjaamaga-7-300x191.webp 300w, https:\/\/blankpage.ee\/_ruumist-ruumi\/wp-content\/uploads\/2024\/11\/Varstolmuimeja-Deerma-DEM-T30W-laadimisjaamaga-7-400x255.webp 400w, https:\/\/blankpage.ee\/_ruumist-ruumi\/wp-content\/uploads\/2024\/11\/Varstolmuimeja-Deerma-DEM-T30W-laadimisjaamaga-7-922x588.webp 922w, https:\/\/blankpage.ee\/_ruumist-ruumi\/wp-content\/uploads\/2024\/11\/Varstolmuimeja-Deerma-DEM-T30W-laadimisjaamaga-7.webp 1000w\" sizes=\"auto, (max-width: 768px) 100vw, 768px\" \/><\/p>\n<h3>K\u00f5rge imemisv\u00f5imsus<\/h3>\n<p>Seadmel on 240W efektiivsus, 8000 p\u00f6\u00f6ret minutis ja 23kPa imemisv\u00f5imsus, mis v\u00f5imaldab t\u00f5husalt mustuse tolmuimejasse imeda, s\u00e4\u00e4stes aega, mida saate veeta puhkamiseks v\u00f5i enesearenguks. Tolmuimejasse paigaldatud uus hari meenutab v\u00e4rvirulli, kasutades pehmeid ja k\u00f5vasid kiude, mis v\u00f5imaldavad puhastada kitsaid kohti p\u00f5randat kriimustamata.<\/p>\n<p><img loading=\"lazy\" decoding=\"async\" class=\"alignnone size-medium_large wp-image-11754\" src=\"https:\/\/blankpage.ee\/_ruumist-ruumi\/wp-content\/uploads\/2024\/11\/Varstolmuimeja-Deerma-DEM-T30W-laadimisjaamaga-4-768x489.webp\" alt=\"Varstolmuimeja Deerma DEM-T30W laadimisjaamaga\" width=\"768\" height=\"489\" srcset=\"https:\/\/blankpage.ee\/_ruumist-ruumi\/wp-content\/uploads\/2024\/11\/Varstolmuimeja-Deerma-DEM-T30W-laadimisjaamaga-4-768x489.webp 768w, https:\/\/blankpage.ee\/_ruumist-ruumi\/wp-content\/uploads\/2024\/11\/Varstolmuimeja-Deerma-DEM-T30W-laadimisjaamaga-4-300x191.webp 300w, https:\/\/blankpage.ee\/_ruumist-ruumi\/wp-content\/uploads\/2024\/11\/Varstolmuimeja-Deerma-DEM-T30W-laadimisjaamaga-4-400x255.webp 400w, https:\/\/blankpage.ee\/_ruumist-ruumi\/wp-content\/uploads\/2024\/11\/Varstolmuimeja-Deerma-DEM-T30W-laadimisjaamaga-4-922x587.webp 922w, https:\/\/blankpage.ee\/_ruumist-ruumi\/wp-content\/uploads\/2024\/11\/Varstolmuimeja-Deerma-DEM-T30W-laadimisjaamaga-4.webp 1000w\" sizes=\"auto, (max-width: 768px) 100vw, 768px\" \/><\/p>\n<h3>Unusta kaablid<\/h3>\n<p>Dreema DEM-T30W tolmuimeja annab teile vabaduse puhastada, muretsemata, kas juhe on piisavalt pikk. Selle juhtmevaba tolmuimejaga saate liikuda ilma piiranguteta! 2500mAh aku annab teile 45 minutit puhastamist. Vajab 5,5h laadimist.<\/p>\n<p><img loading=\"lazy\" decoding=\"async\" class=\"alignnone size-medium_large wp-image-11751\" src=\"https:\/\/blankpage.ee\/_ruumist-ruumi\/wp-content\/uploads\/2024\/11\/Varstolmuimeja-Deerma-DEM-T30W-laadimisjaamaga-9-768x490.webp\" alt=\"Varstolmuimeja Deerma DEM-T30W laadimisjaamaga\" width=\"768\" height=\"490\" srcset=\"https:\/\/blankpage.ee\/_ruumist-ruumi\/wp-content\/uploads\/2024\/11\/Varstolmuimeja-Deerma-DEM-T30W-laadimisjaamaga-9-768x490.webp 768w, https:\/\/blankpage.ee\/_ruumist-ruumi\/wp-content\/uploads\/2024\/11\/Varstolmuimeja-Deerma-DEM-T30W-laadimisjaamaga-9-300x191.webp 300w, https:\/\/blankpage.ee\/_ruumist-ruumi\/wp-content\/uploads\/2024\/11\/Varstolmuimeja-Deerma-DEM-T30W-laadimisjaamaga-9-400x255.webp 400w, https:\/\/blankpage.ee\/_ruumist-ruumi\/wp-content\/uploads\/2024\/11\/Varstolmuimeja-Deerma-DEM-T30W-laadimisjaamaga-9-922x588.webp 922w, https:\/\/blankpage.ee\/_ruumist-ruumi\/wp-content\/uploads\/2024\/11\/Varstolmuimeja-Deerma-DEM-T30W-laadimisjaamaga-9.webp 1000w\" sizes=\"auto, (max-width: 768px) 100vw, 768px\" \/><\/p>\n<h3>Tolmumahuti ja t\u00fchjendamisjaam<\/h3>\n<p>Tolmumahutil on maksimaalne maht 0,56 liitrit, seega ei pea te seda sageli puhastama. L\u00e4bipaistev materjal v\u00f5imaldab teil alati n\u00e4ha, kas tolmuimeja on kogemata midagi olulist kaasa haaranud. Deerma DEM-T30W Stationiga ei pea te aga mustusega kokku puutuma! See on varustatud uuendusliku alusega, mis t\u00fchjendab tolmumahuti ilma teie osaluseta. See muudab kogu jaama puhastusprotsessi h\u00fcgieenilisemaks ja nauditavamaks.<\/p>\n<p><img loading=\"lazy\" decoding=\"async\" class=\"alignnone size-medium_large wp-image-11752\" src=\"https:\/\/blankpage.ee\/_ruumist-ruumi\/wp-content\/uploads\/2024\/11\/Varstolmuimeja-Deerma-DEM-T30W-laadimisjaamaga-6-768x489.webp\" alt=\"Varstolmuimeja Deerma DEM-T30W laadimisjaamaga\" width=\"768\" height=\"489\" srcset=\"https:\/\/blankpage.ee\/_ruumist-ruumi\/wp-content\/uploads\/2024\/11\/Varstolmuimeja-Deerma-DEM-T30W-laadimisjaamaga-6-768x489.webp 768w, https:\/\/blankpage.ee\/_ruumist-ruumi\/wp-content\/uploads\/2024\/11\/Varstolmuimeja-Deerma-DEM-T30W-laadimisjaamaga-6-300x191.webp 300w, https:\/\/blankpage.ee\/_ruumist-ruumi\/wp-content\/uploads\/2024\/11\/Varstolmuimeja-Deerma-DEM-T30W-laadimisjaamaga-6-400x255.webp 400w, https:\/\/blankpage.ee\/_ruumist-ruumi\/wp-content\/uploads\/2024\/11\/Varstolmuimeja-Deerma-DEM-T30W-laadimisjaamaga-6-922x587.webp 922w, https:\/\/blankpage.ee\/_ruumist-ruumi\/wp-content\/uploads\/2024\/11\/Varstolmuimeja-Deerma-DEM-T30W-laadimisjaamaga-6.webp 1000w\" sizes=\"auto, (max-width: 768px) 100vw, 768px\" \/><\/p>\n<h3>Komplekti sisu<\/h3>\n<ul class=\"list-disc\">\n<li>Tolmuimeja<\/li>\n<li>T\u00fchjendamisjaam<\/li>\n<li>Tolmuimeja toru<\/li>\n<li>Piluotsik<\/li>\n<li>Elektriline p\u00f5randaotsik<\/li>\n<li>Hoiuk\u00e4epide<\/li>\n<li>Paigutuskleeps<\/li>\n<li>Kruvi x 2<\/li>\n<li>Seinakinnitused x 2<\/li>\n<li>K\u00e4siraamat<\/li>\n<\/ul>\n<div class=\"table-wrapper\">\n<h3><\/h3>\n<table>\n<tbody>\n<tr>\n<th>Br\u00e4nd<\/th>\n<td>Deerma<\/td>\n<\/tr>\n<tr>\n<th>Mudel<\/th>\n<td>DEM-T30W<\/td>\n<\/tr>\n<tr>\n<th>V\u00f5imsus<\/th>\n<td>240W<\/td>\n<\/tr>\n<tr>\n<th>Laadimispinge<\/th>\n<td>26V<\/td>\n<\/tr>\n<tr>\n<th>Laadimisintensiivsus<\/th>\n<td>0,5V<\/td>\n<\/tr>\n<tr>\n<th>T\u00f6\u00f6pinge<\/th>\n<td>21,6V<\/td>\n<\/tr>\n<tr>\n<th>Elektrilise harja mootori kiirus<\/th>\n<td>8000RPM<\/td>\n<\/tr>\n<tr>\n<th>T\u00f6\u00f6aeg<\/th>\n<td>45min<\/td>\n<\/tr>\n<tr>\n<th>Akumaht<\/th>\n<td>2500mAh<\/td>\n<\/tr>\n<tr>\n<th>Laadimisaeg<\/th>\n<td>5,5h<\/td>\n<\/tr>\n<tr>\n<th>Imemisj\u00f5ud<\/th>\n<td>23kPa<\/td>\n<\/tr>\n<tr>\n<th>Tolmumahuti maht<\/th>\n<td>0,35L (efektiivne), 0,56L (maksimaalne)<\/td>\n<\/tr>\n<\/tbody>\n<\/table>\n<\/div>\n","protected":false},"excerpt":{"rendered":"<p>Deerma DEM-T30W laadimisjaamaga juhtmevaba\u00a0 varstolmuimeja Deerma DEM-T30W Station on juhtmevaba p\u00fcstine tolmuimeja, millel on optiline tolmu tuvastamise valgus, mis v\u00f5imaldab m\u00e4rgata isegi k\u00f5ige v\u00e4iksemat tolmu. Lisaks on see varustatud uuendusliku t\u00fchjendamisjaamaga, mis v\u00e4listab vajaduse mustusega kokku puutuda. Seadmel on 23kPa imemisj\u00f5ud, mis v\u00f5imaldab t\u00f5husalt eemaldada k\u00f5ik osakesed, et saaksite nautida laitmatut p\u00f5randat. \u00dcheksakoonuseline filtrikujundus eraldab [&hellip;]<\/p>\n","protected":false},"featured_media":11475,"comment_status":"closed","ping_status":"closed","template":"","meta":[],"product_brand":[],"product_cat":[813],"product_tag":[],"class_list":{"0":"post-11474","1":"product","2":"type-product","3":"status-publish","4":"has-post-thumbnail","6":"product_cat-varstolmuimejad","7":"product_shipping_class-innpro","9":"first","10":"instock","11":"sale","12":"taxable","13":"shipping-taxable","14":"purchasable","15":"product-type-simple"},"_links":{"self":[{"href":"https:\/\/blankpage.ee\/_ruumist-ruumi\/wp-json\/wp\/v2\/product\/11474","targetHints":{"allow":["GET"]}}],"collection":[{"href":"https:\/\/blankpage.ee\/_ruumist-ruumi\/wp-json\/wp\/v2\/product"}],"about":[{"href":"https:\/\/blankpage.ee\/_ruumist-ruumi\/wp-json\/wp\/v2\/types\/product"}],"replies":[{"embeddable":true,"href":"https:\/\/blankpage.ee\/_ruumist-ruumi\/wp-json\/wp\/v2\/comments?post=11474"}],"wp:featuredmedia":[{"embeddable":true,"href":"https:\/\/blankpage.ee\/_ruumist-ruumi\/wp-json\/wp\/v2\/media\/11475"}],"wp:attachment":[{"href":"https:\/\/blankpage.ee\/_ruumist-ruumi\/wp-json\/wp\/v2\/media?parent=11474"}],"wp:term":[{"taxonomy":"product_brand","embeddable":true,"href":"https:\/\/blankpage.ee\/_ruumist-ruumi\/wp-json\/wp\/v2\/product_brand?post=11474"},{"taxonomy":"product_cat","embeddable":true,"href":"https:\/\/blankpage.ee\/_ruumist-ruumi\/wp-json\/wp\/v2\/product_cat?post=11474"},{"taxonomy":"product_tag","embeddable":true,"href":"https:\/\/blankpage.ee\/_ruumist-ruumi\/wp-json\/wp\/v2\/product_tag?post=11474"}],"curies":[{"name":"wp","href":"https:\/\/api.w.org\/{rel}","templated":true}]}}