{"id":11494,"date":"2024-11-27T12:31:41","date_gmt":"2024-11-27T12:31:41","guid":{"rendered":"https:\/\/ruumistruumi.ee\/?post_type=product&#038;p=11494"},"modified":"2025-08-21T08:21:48","modified_gmt":"2025-08-21T08:21:48","slug":"varstolmuimeja-juhtmevaba-deerma-dem-t20w","status":"publish","type":"product","link":"https:\/\/blankpage.ee\/_ruumist-ruumi\/pood\/varstolmuimeja-juhtmevaba-deerma-dem-t20w\/","title":{"rendered":"Varstolmuimeja juhtmevaba Deerma DEM-T20W"},"content":{"rendered":"<h3>Deerma DEM-T20W juhtmeta varstolmuimeja.<\/h3>\n<p>Deerma DEM-T20W juhtmeta tolmuimeja on ideaalne lahendus neile, kes otsivad 2-\u00fches funktsionaalsust, mis \u00fchendab tolmuimeja ja mopiga puhastamise. T\u00e4nu oma uuenduslikele tehnoloogiatele, v\u00f5imsale imemisv\u00f5imele ja pikale t\u00f6\u00f6ajale tagab see p\u00f5hjaliku ja mugava puhastamise igas majanurgas. Varustatud t\u00e4iustatud filtreerimiss\u00fcsteemiga, tagab see t\u00f5husa puhastamise igas ruumis, olgu see v\u00e4ike v\u00f5i suur.<\/p>\n<p><img loading=\"lazy\" decoding=\"async\" class=\"alignnone size-medium_large wp-image-11766\" src=\"https:\/\/blankpage.ee\/_ruumist-ruumi\/wp-content\/uploads\/2024\/11\/Varstolmuimeja-juhtmevaba-Deerma-DEM-T20W-1-768x489.webp\" alt=\"Varstolmuimeja juhtmevaba Deerma DEM-T20W\" width=\"768\" height=\"489\" srcset=\"https:\/\/blankpage.ee\/_ruumist-ruumi\/wp-content\/uploads\/2024\/11\/Varstolmuimeja-juhtmevaba-Deerma-DEM-T20W-1-768x489.webp 768w, https:\/\/blankpage.ee\/_ruumist-ruumi\/wp-content\/uploads\/2024\/11\/Varstolmuimeja-juhtmevaba-Deerma-DEM-T20W-1-300x191.webp 300w, https:\/\/blankpage.ee\/_ruumist-ruumi\/wp-content\/uploads\/2024\/11\/Varstolmuimeja-juhtmevaba-Deerma-DEM-T20W-1-400x255.webp 400w, https:\/\/blankpage.ee\/_ruumist-ruumi\/wp-content\/uploads\/2024\/11\/Varstolmuimeja-juhtmevaba-Deerma-DEM-T20W-1-922x587.webp 922w, https:\/\/blankpage.ee\/_ruumist-ruumi\/wp-content\/uploads\/2024\/11\/Varstolmuimeja-juhtmevaba-Deerma-DEM-T20W-1.webp 1000w\" sizes=\"auto, (max-width: 768px) 100vw, 768px\" \/><\/p>\n<h3>Uuenduslik 9-koonuseline ts\u00fcklon ja v\u00f5imas imemisv\u00f5ime<\/h3>\n<p>T\u00e4nu 9-koonuselisele ts\u00fcklonitehnoloogiale eraldab Deerma DEM-T20W tolmuimeja t\u00f5husalt tolmu \u00f5huvoolust, tagades mitte ainult tugeva imemisv\u00f5ime, vaid ka paremad puhastustulemused. Harjadeta mootori genereeritud v\u00f5imas ja stabiilne imemisv\u00f5ime 18 kPa v\u00f5imaldab koheselt eemaldada erineva suurusega mustuseosakesed, alates peenest tolmust kuni suuremate prahiosakesteni.<\/p>\n<p><img loading=\"lazy\" decoding=\"async\" class=\"alignnone size-medium_large wp-image-11763\" src=\"https:\/\/blankpage.ee\/_ruumist-ruumi\/wp-content\/uploads\/2024\/11\/Varstolmuimeja-juhtmevaba-Deerma-DEM-T20W-5-768x489.webp\" alt=\"Varstolmuimeja juhtmevaba Deerma DEM-T20W\" width=\"768\" height=\"489\" srcset=\"https:\/\/blankpage.ee\/_ruumist-ruumi\/wp-content\/uploads\/2024\/11\/Varstolmuimeja-juhtmevaba-Deerma-DEM-T20W-5-768x489.webp 768w, https:\/\/blankpage.ee\/_ruumist-ruumi\/wp-content\/uploads\/2024\/11\/Varstolmuimeja-juhtmevaba-Deerma-DEM-T20W-5-300x191.webp 300w, https:\/\/blankpage.ee\/_ruumist-ruumi\/wp-content\/uploads\/2024\/11\/Varstolmuimeja-juhtmevaba-Deerma-DEM-T20W-5-400x255.webp 400w, https:\/\/blankpage.ee\/_ruumist-ruumi\/wp-content\/uploads\/2024\/11\/Varstolmuimeja-juhtmevaba-Deerma-DEM-T20W-5-922x587.webp 922w, https:\/\/blankpage.ee\/_ruumist-ruumi\/wp-content\/uploads\/2024\/11\/Varstolmuimeja-juhtmevaba-Deerma-DEM-T20W-5.webp 1000w\" sizes=\"auto, (max-width: 768px) 100vw, 768px\" \/><\/p>\n<h3>2-\u00fches funktsionaalsus &#8211; tolmuimeja ja mopiga puhastamine<\/h3>\n<p>Deerma DEM-T20W on multifunktsionaalne seade, mis samaaegselt tolmuimeb ja mopib, s\u00e4\u00e4stes teie aega ja vaeva puhastamisel. See on ideaalne lahendus p\u00f5randate ja teiste pindade p\u00f5hjalikuks puhastamiseks ilma mitme seadme vajaduseta.<\/p>\n<p><img loading=\"lazy\" decoding=\"async\" class=\"alignnone size-medium_large wp-image-11762\" src=\"https:\/\/blankpage.ee\/_ruumist-ruumi\/wp-content\/uploads\/2024\/11\/Varstolmuimeja-juhtmevaba-Deerma-DEM-T20W-4-768x489.webp\" alt=\"Varstolmuimeja juhtmevaba Deerma DEM-T20W\" width=\"768\" height=\"489\" srcset=\"https:\/\/blankpage.ee\/_ruumist-ruumi\/wp-content\/uploads\/2024\/11\/Varstolmuimeja-juhtmevaba-Deerma-DEM-T20W-4-768x489.webp 768w, https:\/\/blankpage.ee\/_ruumist-ruumi\/wp-content\/uploads\/2024\/11\/Varstolmuimeja-juhtmevaba-Deerma-DEM-T20W-4-300x191.webp 300w, https:\/\/blankpage.ee\/_ruumist-ruumi\/wp-content\/uploads\/2024\/11\/Varstolmuimeja-juhtmevaba-Deerma-DEM-T20W-4-400x255.webp 400w, https:\/\/blankpage.ee\/_ruumist-ruumi\/wp-content\/uploads\/2024\/11\/Varstolmuimeja-juhtmevaba-Deerma-DEM-T20W-4-922x587.webp 922w, https:\/\/blankpage.ee\/_ruumist-ruumi\/wp-content\/uploads\/2024\/11\/Varstolmuimeja-juhtmevaba-Deerma-DEM-T20W-4.webp 1000w\" sizes=\"auto, (max-width: 768px) 100vw, 768px\" \/><\/p>\n<h3>Mugav kasutamine ja h\u00fcgieeniline hooldus<\/h3>\n<p>Tolmuimeja on varustatud kasutajas\u00f5braliku tolmukonteineriga, mida saab t\u00fchjendada \u00fche nupuvajutusega. Konteineri kaane automaatse avamise abil saab kogunenud mustuse kiiresti ja h\u00fcgieeniliselt eemaldada ilma tolmuga kokku puutumata. Lisaks on tolmuimejal \u00f5huke ja kerge disain, mis oluliselt aitab kaasa mugavale ja vabale tolmuimemisele ja mopiga puhastamisele.<\/p>\n<p><img loading=\"lazy\" decoding=\"async\" class=\"alignnone size-medium_large wp-image-11767\" src=\"https:\/\/blankpage.ee\/_ruumist-ruumi\/wp-content\/uploads\/2024\/11\/Varstolmuimeja-juhtmevaba-Deerma-DEM-T20W-3-768x489.webp\" alt=\"Varstolmuimeja juhtmevaba Deerma DEM-T20W\" width=\"768\" height=\"489\" srcset=\"https:\/\/blankpage.ee\/_ruumist-ruumi\/wp-content\/uploads\/2024\/11\/Varstolmuimeja-juhtmevaba-Deerma-DEM-T20W-3-768x489.webp 768w, https:\/\/blankpage.ee\/_ruumist-ruumi\/wp-content\/uploads\/2024\/11\/Varstolmuimeja-juhtmevaba-Deerma-DEM-T20W-3-300x191.webp 300w, https:\/\/blankpage.ee\/_ruumist-ruumi\/wp-content\/uploads\/2024\/11\/Varstolmuimeja-juhtmevaba-Deerma-DEM-T20W-3-400x255.webp 400w, https:\/\/blankpage.ee\/_ruumist-ruumi\/wp-content\/uploads\/2024\/11\/Varstolmuimeja-juhtmevaba-Deerma-DEM-T20W-3-922x587.webp 922w, https:\/\/blankpage.ee\/_ruumist-ruumi\/wp-content\/uploads\/2024\/11\/Varstolmuimeja-juhtmevaba-Deerma-DEM-T20W-3.webp 1000w\" sizes=\"auto, (max-width: 768px) 100vw, 768px\" \/><\/p>\n<h3>5-kihiline filtreerimiss\u00fcsteem<\/h3>\n<p>Deerma DEM-T20W-l on 5-kihiline filtreerimiss\u00fcsteem, mis t\u00f5husalt p\u00fc\u00fcab kinni peened tolmuosakesed ja prahi, takistades nende v\u00e4ljumist. S\u00fcsteem aitab v\u00e4hendada ka sekundaarseid saasteaineid, muutes tolmuimeja ideaalseks valikuks neile, kes hoolivad kodu\u00f5hu puhtusest.<\/p>\n<p><img loading=\"lazy\" decoding=\"async\" class=\"alignnone size-medium_large wp-image-11764\" src=\"https:\/\/blankpage.ee\/_ruumist-ruumi\/wp-content\/uploads\/2024\/11\/Varstolmuimeja-juhtmevaba-Deerma-DEM-T20W-10-768x489.webp\" alt=\"Varstolmuimeja juhtmevaba Deerma DEM-T20W\" width=\"768\" height=\"489\" srcset=\"https:\/\/blankpage.ee\/_ruumist-ruumi\/wp-content\/uploads\/2024\/11\/Varstolmuimeja-juhtmevaba-Deerma-DEM-T20W-10-768x489.webp 768w, https:\/\/blankpage.ee\/_ruumist-ruumi\/wp-content\/uploads\/2024\/11\/Varstolmuimeja-juhtmevaba-Deerma-DEM-T20W-10-300x191.webp 300w, https:\/\/blankpage.ee\/_ruumist-ruumi\/wp-content\/uploads\/2024\/11\/Varstolmuimeja-juhtmevaba-Deerma-DEM-T20W-10-400x255.webp 400w, https:\/\/blankpage.ee\/_ruumist-ruumi\/wp-content\/uploads\/2024\/11\/Varstolmuimeja-juhtmevaba-Deerma-DEM-T20W-10-922x587.webp 922w, https:\/\/blankpage.ee\/_ruumist-ruumi\/wp-content\/uploads\/2024\/11\/Varstolmuimeja-juhtmevaba-Deerma-DEM-T20W-10.webp 1000w\" sizes=\"auto, (max-width: 768px) 100vw, 768px\" \/><\/p>\n<h3>Pikk t\u00f6\u00f6aeg ja mitmek\u00fclgsus<\/h3>\n<p>Laetava akuga, mis tagab kuni 35 minutit t\u00f6\u00f6aega, suudab Deerma DEM-T20W h\u00f5lpsasti hakkama saada suurte pindade ja kahe korruse korterite puhastamisega. Seadme mitmek\u00fclgsust suurendavad kergesti vahetatavad harjapead, mis v\u00f5imaldavad kiiresti vahetada k\u00e4siseadme ja varstolmuimeja re\u017eiimi vahel, kohandades tolmuimejat erinevateks \u00fclesanneteks.<\/p>\n<p><img loading=\"lazy\" decoding=\"async\" class=\"alignnone size-medium_large wp-image-11765\" src=\"https:\/\/blankpage.ee\/_ruumist-ruumi\/wp-content\/uploads\/2024\/11\/Varstolmuimeja-juhtmevaba-Deerma-DEM-T20W-2-768x489.webp\" alt=\"Varstolmuimeja juhtmevaba Deerma DEM-T20W\" width=\"768\" height=\"489\" srcset=\"https:\/\/blankpage.ee\/_ruumist-ruumi\/wp-content\/uploads\/2024\/11\/Varstolmuimeja-juhtmevaba-Deerma-DEM-T20W-2-768x489.webp 768w, https:\/\/blankpage.ee\/_ruumist-ruumi\/wp-content\/uploads\/2024\/11\/Varstolmuimeja-juhtmevaba-Deerma-DEM-T20W-2-300x191.webp 300w, https:\/\/blankpage.ee\/_ruumist-ruumi\/wp-content\/uploads\/2024\/11\/Varstolmuimeja-juhtmevaba-Deerma-DEM-T20W-2-400x255.webp 400w, https:\/\/blankpage.ee\/_ruumist-ruumi\/wp-content\/uploads\/2024\/11\/Varstolmuimeja-juhtmevaba-Deerma-DEM-T20W-2-922x587.webp 922w, https:\/\/blankpage.ee\/_ruumist-ruumi\/wp-content\/uploads\/2024\/11\/Varstolmuimeja-juhtmevaba-Deerma-DEM-T20W-2.webp 1000w\" sizes=\"auto, (max-width: 768px) 100vw, 768px\" \/><\/p>\n<div class=\"table-wrapper\">\n<h3><\/h3>\n<table>\n<tbody>\n<tr>\n<th>Tootja<\/th>\n<td>Deerma<\/td>\n<\/tr>\n<tr>\n<th>Mudel<\/th>\n<td>DEM-T20W<\/td>\n<\/tr>\n<tr>\n<th>T\u00f6\u00f6pinge<\/th>\n<td>14,4 V\u2393<\/td>\n<\/tr>\n<tr>\n<th>T\u00f6\u00f6v\u00f5imsus<\/th>\n<td>180W<\/td>\n<\/tr>\n<tr>\n<th>Laadimispinge<\/th>\n<td>18 V\u2393<\/td>\n<\/tr>\n<tr>\n<th>Laadimisvool<\/th>\n<td>0,6A<\/td>\n<\/tr>\n<tr>\n<th>Tolmukonteineri maht<\/th>\n<td>0,45 l<\/td>\n<\/tr>\n<tr>\n<th>Veepaagi maht<\/th>\n<td>0,2 l<\/td>\n<\/tr>\n<tr>\n<th>Toote m\u00f5\u00f5tmed<\/th>\n<td>256x280x1275mm<\/td>\n<\/tr>\n<tr>\n<th>Kaal<\/th>\n<td>2.27 kg<\/td>\n<\/tr>\n<tr>\n<th>Imemisv\u00f5imsus<\/th>\n<td>18 kPa<\/td>\n<\/tr>\n<tr>\n<th>Akumaht<\/th>\n<td>5000 mAh<\/td>\n<\/tr>\n<tr>\n<th>Seadme laadimisaeg<\/th>\n<td>5 tundi<\/td>\n<\/tr>\n<tr>\n<th>Akukestvus \u00fche laadimisega<\/th>\n<td>35 minutit<\/td>\n<\/tr>\n<\/tbody>\n<\/table>\n<\/div>\n","protected":false},"excerpt":{"rendered":"<p>Deerma DEM-T20W juhtmeta varstolmuimeja. Deerma DEM-T20W juhtmeta tolmuimeja on ideaalne lahendus neile, kes otsivad 2-\u00fches funktsionaalsust, mis \u00fchendab tolmuimeja ja mopiga puhastamise. T\u00e4nu oma uuenduslikele tehnoloogiatele, v\u00f5imsale imemisv\u00f5imele ja pikale t\u00f6\u00f6ajale tagab see p\u00f5hjaliku ja mugava puhastamise igas majanurgas. Varustatud t\u00e4iustatud filtreerimiss\u00fcsteemiga, tagab see t\u00f5husa puhastamise igas ruumis, olgu see v\u00e4ike v\u00f5i suur. Uuenduslik 9-koonuseline [&hellip;]<\/p>\n","protected":false},"featured_media":11495,"comment_status":"closed","ping_status":"closed","template":"","meta":[],"product_brand":[],"product_cat":[813],"product_tag":[],"class_list":{"0":"post-11494","1":"product","2":"type-product","3":"status-publish","4":"has-post-thumbnail","6":"product_cat-varstolmuimejad","7":"product_shipping_class-innpro","9":"first","10":"instock","11":"sale","12":"taxable","13":"shipping-taxable","14":"purchasable","15":"product-type-simple"},"_links":{"self":[{"href":"https:\/\/blankpage.ee\/_ruumist-ruumi\/wp-json\/wp\/v2\/product\/11494","targetHints":{"allow":["GET"]}}],"collection":[{"href":"https:\/\/blankpage.ee\/_ruumist-ruumi\/wp-json\/wp\/v2\/product"}],"about":[{"href":"https:\/\/blankpage.ee\/_ruumist-ruumi\/wp-json\/wp\/v2\/types\/product"}],"replies":[{"embeddable":true,"href":"https:\/\/blankpage.ee\/_ruumist-ruumi\/wp-json\/wp\/v2\/comments?post=11494"}],"wp:featuredmedia":[{"embeddable":true,"href":"https:\/\/blankpage.ee\/_ruumist-ruumi\/wp-json\/wp\/v2\/media\/11495"}],"wp:attachment":[{"href":"https:\/\/blankpage.ee\/_ruumist-ruumi\/wp-json\/wp\/v2\/media?parent=11494"}],"wp:term":[{"taxonomy":"product_brand","embeddable":true,"href":"https:\/\/blankpage.ee\/_ruumist-ruumi\/wp-json\/wp\/v2\/product_brand?post=11494"},{"taxonomy":"product_cat","embeddable":true,"href":"https:\/\/blankpage.ee\/_ruumist-ruumi\/wp-json\/wp\/v2\/product_cat?post=11494"},{"taxonomy":"product_tag","embeddable":true,"href":"https:\/\/blankpage.ee\/_ruumist-ruumi\/wp-json\/wp\/v2\/product_tag?post=11494"}],"curies":[{"name":"wp","href":"https:\/\/api.w.org\/{rel}","templated":true}]}}