{"id":11824,"date":"2024-11-28T15:25:33","date_gmt":"2024-11-28T15:25:33","guid":{"rendered":"https:\/\/ruumistruumi.ee\/?post_type=product&#038;p=11824"},"modified":"2025-08-21T08:21:47","modified_gmt":"2025-08-21T08:21:47","slug":"kuumaohufrituur-deerma-kz100-1000w-3-l","status":"publish","type":"product","link":"https:\/\/blankpage.ee\/_ruumist-ruumi\/pood\/kuumaohufrituur-deerma-kz100-1000w-3-l\/","title":{"rendered":"Kuuma\u00f5hufrit\u00fc\u00fcr Deerma KZ100 1000W, 3L"},"content":{"rendered":"<h3>Kuuma\u00f5hufrit\u00fc\u00fcr Deerma KZ100<\/h3>\n<p>Kasutades Deerma frit\u00fc\u00fcri, saate valmistada maitsvat ja tervislikku toitu, kasutades v\u00e4he rasva. T\u00e4nu KZ100-le on toidud kergesti seeditavad ja madala kalorsusega. Lisaks v\u00f5imaldab arenenud tehnoloogia valmistada toitu, mis on seest mahlane ja pealt kr\u00f5be. T\u00e4nu 1000W v\u00f5imsusele kulub toidu valmistamiseks v\u00e4hem aega ning 3-liitrine maht v\u00f5imaldab valmistada toitu 2-4 inimesele.<\/p>\n<p><img loading=\"lazy\" decoding=\"async\" class=\"alignnone size-medium_large wp-image-12027\" src=\"https:\/\/blankpage.ee\/_ruumist-ruumi\/wp-content\/uploads\/2024\/11\/Kuumaohufrituur-Deerma-KZ100-1000W-1-768x488.jpg\" alt=\"Kuuma\u00f5hufrit\u00fc\u00fcr Deerma KZ100 1000W\" width=\"768\" height=\"488\" srcset=\"https:\/\/blankpage.ee\/_ruumist-ruumi\/wp-content\/uploads\/2024\/11\/Kuumaohufrituur-Deerma-KZ100-1000W-1-768x488.jpg 768w, https:\/\/blankpage.ee\/_ruumist-ruumi\/wp-content\/uploads\/2024\/11\/Kuumaohufrituur-Deerma-KZ100-1000W-1-300x191.jpg 300w, https:\/\/blankpage.ee\/_ruumist-ruumi\/wp-content\/uploads\/2024\/11\/Kuumaohufrituur-Deerma-KZ100-1000W-1-400x254.jpg 400w, https:\/\/blankpage.ee\/_ruumist-ruumi\/wp-content\/uploads\/2024\/11\/Kuumaohufrituur-Deerma-KZ100-1000W-1-922x586.jpg 922w, https:\/\/blankpage.ee\/_ruumist-ruumi\/wp-content\/uploads\/2024\/11\/Kuumaohufrituur-Deerma-KZ100-1000W-1.jpg 1000w\" sizes=\"auto, (max-width: 768px) 100vw, 768px\" \/><\/p>\n<h3>Lihtne toiduvalmistamine<\/h3>\n<p>Kala, friikartulid, kook &#8211; KZ100-ga saate valmistada neid ja teisi toite. Deerma seade v\u00f5imaldab mitte ainult praadida, vaid ka k\u00fcpsetada. Saate kasutada erinevaid re\u017eiime ning reguleerida temperatuuri ja aega. KZ100-ga muutub toiduvalmistamine lihtsaks ja l\u00f5busaks!<\/p>\n<p><img loading=\"lazy\" decoding=\"async\" class=\"alignnone size-medium_large wp-image-12026\" src=\"https:\/\/blankpage.ee\/_ruumist-ruumi\/wp-content\/uploads\/2024\/11\/Kuumaohufrituur-Deerma-KZ100-1000W-7-768x488.jpg\" alt=\"Kuuma\u00f5hufrit\u00fc\u00fcr Deerma KZ100 1000W\" width=\"768\" height=\"488\" srcset=\"https:\/\/blankpage.ee\/_ruumist-ruumi\/wp-content\/uploads\/2024\/11\/Kuumaohufrituur-Deerma-KZ100-1000W-7-768x488.jpg 768w, https:\/\/blankpage.ee\/_ruumist-ruumi\/wp-content\/uploads\/2024\/11\/Kuumaohufrituur-Deerma-KZ100-1000W-7-300x191.jpg 300w, https:\/\/blankpage.ee\/_ruumist-ruumi\/wp-content\/uploads\/2024\/11\/Kuumaohufrituur-Deerma-KZ100-1000W-7-400x254.jpg 400w, https:\/\/blankpage.ee\/_ruumist-ruumi\/wp-content\/uploads\/2024\/11\/Kuumaohufrituur-Deerma-KZ100-1000W-7-922x585.jpg 922w, https:\/\/blankpage.ee\/_ruumist-ruumi\/wp-content\/uploads\/2024\/11\/Kuumaohufrituur-Deerma-KZ100-1000W-7.jpg 1000w\" sizes=\"auto, (max-width: 768px) 100vw, 768px\" \/><\/p>\n<h3>Maitsev ja tervislik<\/h3>\n<p>Deerma rasvavaba frit\u00fc\u00fcr v\u00f5imaldab valmistada maitsvaid toite. Sellel on temperatuuriandur, mis v\u00f5imaldab hoida temperatuuri k\u00f5rgel tasemel. Lisaks kuumeneb seade kiiresti, seega on toiduvalmistamine kiire ning valmistatud liha on mahlane ja pealt kr\u00f5be.<\/p>\n<p><img loading=\"lazy\" decoding=\"async\" class=\"alignnone size-medium_large wp-image-12025\" src=\"https:\/\/blankpage.ee\/_ruumist-ruumi\/wp-content\/uploads\/2024\/11\/Kuumaohufrituur-Deerma-KZ100-1000W-6-768x488.jpg\" alt=\"Kuuma\u00f5hufrit\u00fc\u00fcr Deerma KZ100 1000W\" width=\"768\" height=\"488\" srcset=\"https:\/\/blankpage.ee\/_ruumist-ruumi\/wp-content\/uploads\/2024\/11\/Kuumaohufrituur-Deerma-KZ100-1000W-6-768x488.jpg 768w, https:\/\/blankpage.ee\/_ruumist-ruumi\/wp-content\/uploads\/2024\/11\/Kuumaohufrituur-Deerma-KZ100-1000W-6-300x191.jpg 300w, https:\/\/blankpage.ee\/_ruumist-ruumi\/wp-content\/uploads\/2024\/11\/Kuumaohufrituur-Deerma-KZ100-1000W-6-400x254.jpg 400w, https:\/\/blankpage.ee\/_ruumist-ruumi\/wp-content\/uploads\/2024\/11\/Kuumaohufrituur-Deerma-KZ100-1000W-6-922x585.jpg 922w, https:\/\/blankpage.ee\/_ruumist-ruumi\/wp-content\/uploads\/2024\/11\/Kuumaohufrituur-Deerma-KZ100-1000W-6.jpg 1000w\" sizes=\"auto, (max-width: 768px) 100vw, 768px\" \/><\/p>\n<h3>T\u00f5hus t\u00f6\u00f6<\/h3>\n<p>Teine Deerma rasvavaba frit\u00fc\u00fcri eelis on topeltturboventilaator. Selle abil jaotub kuum \u00f5hk igas suunas ning toit kuumeneb \u00fchtlaselt. See muudab maitsvate toitude valmistamise lihtsaks.<\/p>\n<p><img loading=\"lazy\" decoding=\"async\" class=\"alignnone size-medium_large wp-image-12023\" src=\"https:\/\/blankpage.ee\/_ruumist-ruumi\/wp-content\/uploads\/2024\/11\/Kuumaohufrituur-Deerma-KZ100-1000W-4-768x488.jpg\" alt=\"Kuuma\u00f5hufrit\u00fc\u00fcr Deerma KZ100 1000W\" width=\"768\" height=\"488\" srcset=\"https:\/\/blankpage.ee\/_ruumist-ruumi\/wp-content\/uploads\/2024\/11\/Kuumaohufrituur-Deerma-KZ100-1000W-4-768x488.jpg 768w, https:\/\/blankpage.ee\/_ruumist-ruumi\/wp-content\/uploads\/2024\/11\/Kuumaohufrituur-Deerma-KZ100-1000W-4-300x191.jpg 300w, https:\/\/blankpage.ee\/_ruumist-ruumi\/wp-content\/uploads\/2024\/11\/Kuumaohufrituur-Deerma-KZ100-1000W-4-400x254.jpg 400w, https:\/\/blankpage.ee\/_ruumist-ruumi\/wp-content\/uploads\/2024\/11\/Kuumaohufrituur-Deerma-KZ100-1000W-4-922x586.jpg 922w, https:\/\/blankpage.ee\/_ruumist-ruumi\/wp-content\/uploads\/2024\/11\/Kuumaohufrituur-Deerma-KZ100-1000W-4.jpg 1000w\" sizes=\"auto, (max-width: 768px) 100vw, 768px\" \/><\/p>\n<h3>Puutetundlik ekraan<\/h3>\n<p>Frit\u00fc\u00fcr on varustatud puutetundliku ekraaniga, mille kaudu p\u00e4\u00e4sete ligi k\u00f5ige olulisematele funktsioonidele ja seadetele. Saate h\u00f5lpsasti m\u00e4\u00e4rata aega ja temperatuuri v\u00f5i t\u00f6\u00f6re\u017eiime. Nii saate mugavalt valmistada pitsat, kooki, friikartuleid, kala v\u00f5i liha.<\/p>\n<p><img loading=\"lazy\" decoding=\"async\" class=\"alignnone size-medium_large wp-image-12028\" src=\"https:\/\/blankpage.ee\/_ruumist-ruumi\/wp-content\/uploads\/2024\/11\/Kuumaohufrituur-Deerma-KZ100-1000W-2-768x488.jpg\" alt=\"Kuuma\u00f5hufrit\u00fc\u00fcr Deerma KZ100 1000W\" width=\"768\" height=\"488\" srcset=\"https:\/\/blankpage.ee\/_ruumist-ruumi\/wp-content\/uploads\/2024\/11\/Kuumaohufrituur-Deerma-KZ100-1000W-2-768x488.jpg 768w, https:\/\/blankpage.ee\/_ruumist-ruumi\/wp-content\/uploads\/2024\/11\/Kuumaohufrituur-Deerma-KZ100-1000W-2-300x191.jpg 300w, https:\/\/blankpage.ee\/_ruumist-ruumi\/wp-content\/uploads\/2024\/11\/Kuumaohufrituur-Deerma-KZ100-1000W-2-400x254.jpg 400w, https:\/\/blankpage.ee\/_ruumist-ruumi\/wp-content\/uploads\/2024\/11\/Kuumaohufrituur-Deerma-KZ100-1000W-2-922x586.jpg 922w, https:\/\/blankpage.ee\/_ruumist-ruumi\/wp-content\/uploads\/2024\/11\/Kuumaohufrituur-Deerma-KZ100-1000W-2.jpg 1000w\" sizes=\"auto, (max-width: 768px) 100vw, 768px\" \/><\/p>\n<h3>Tervele perele<\/h3>\n<p>KZ100-ga saate valmistada toitu tervele perele. Kamber mahutab 3l, mis t\u00e4hendab umbes 2-4 portsjonit. Saate sellega isegi terve kana k\u00fcpsetada ning spetsiaalne aluse kate takistab toidu kleepumist. Te ei pea muretsema p\u00f5letuste p\u00e4rast. Frit\u00fc\u00fcri korpus isoleerib soojust h\u00e4sti ja takistab soojuskadu.<\/p>\n<p><img loading=\"lazy\" decoding=\"async\" class=\"alignnone size-medium_large wp-image-12024\" src=\"https:\/\/blankpage.ee\/_ruumist-ruumi\/wp-content\/uploads\/2024\/11\/Kuumaohufrituur-Deerma-KZ100-1000W-5-768x488.jpg\" alt=\"Kuuma\u00f5hufrit\u00fc\u00fcr Deerma KZ100 1000W\" width=\"768\" height=\"488\" srcset=\"https:\/\/blankpage.ee\/_ruumist-ruumi\/wp-content\/uploads\/2024\/11\/Kuumaohufrituur-Deerma-KZ100-1000W-5-768x488.jpg 768w, https:\/\/blankpage.ee\/_ruumist-ruumi\/wp-content\/uploads\/2024\/11\/Kuumaohufrituur-Deerma-KZ100-1000W-5-300x191.jpg 300w, https:\/\/blankpage.ee\/_ruumist-ruumi\/wp-content\/uploads\/2024\/11\/Kuumaohufrituur-Deerma-KZ100-1000W-5-400x254.jpg 400w, https:\/\/blankpage.ee\/_ruumist-ruumi\/wp-content\/uploads\/2024\/11\/Kuumaohufrituur-Deerma-KZ100-1000W-5-922x586.jpg 922w, https:\/\/blankpage.ee\/_ruumist-ruumi\/wp-content\/uploads\/2024\/11\/Kuumaohufrituur-Deerma-KZ100-1000W-5.jpg 1000w\" sizes=\"auto, (max-width: 768px) 100vw, 768px\" \/><\/p>\n<h3>Seadme t\u00f6\u00f6 juhtimine<\/h3>\n<p>Kasutades KZ100, saate igal ajal kontrollida valmistatava toidu olekut. Lisaks j\u00e4tab frit\u00fc\u00fcr meelde teie viimased seaded, nii et te ei pea neid uuesti sisestama. Seade peatab automaatselt t\u00f6\u00f6, kui avate toidukorvi, ja j\u00e4tkab, kui panete selle tagasi. Lisaks on spetsiaalne k\u00e4epide mugavaks k\u00e4sitsemiseks ja ei kuumene.<\/p>\n<p><img loading=\"lazy\" decoding=\"async\" class=\"alignnone size-medium_large wp-image-12022\" src=\"https:\/\/blankpage.ee\/_ruumist-ruumi\/wp-content\/uploads\/2024\/11\/Kuumaohufrituur-Deerma-KZ100-1000W-3-768x488.jpg\" alt=\"Kuuma\u00f5hufrit\u00fc\u00fcr Deerma KZ100 1000W\" width=\"768\" height=\"488\" srcset=\"https:\/\/blankpage.ee\/_ruumist-ruumi\/wp-content\/uploads\/2024\/11\/Kuumaohufrituur-Deerma-KZ100-1000W-3-768x488.jpg 768w, https:\/\/blankpage.ee\/_ruumist-ruumi\/wp-content\/uploads\/2024\/11\/Kuumaohufrituur-Deerma-KZ100-1000W-3-300x191.jpg 300w, https:\/\/blankpage.ee\/_ruumist-ruumi\/wp-content\/uploads\/2024\/11\/Kuumaohufrituur-Deerma-KZ100-1000W-3-400x254.jpg 400w, https:\/\/blankpage.ee\/_ruumist-ruumi\/wp-content\/uploads\/2024\/11\/Kuumaohufrituur-Deerma-KZ100-1000W-3-922x586.jpg 922w, https:\/\/blankpage.ee\/_ruumist-ruumi\/wp-content\/uploads\/2024\/11\/Kuumaohufrituur-Deerma-KZ100-1000W-3.jpg 1000w\" sizes=\"auto, (max-width: 768px) 100vw, 768px\" \/><\/p>\n<h3>Komplektis<\/h3>\n<ul>\n<li>rasvavaba frit\u00fc\u00fcr<\/li>\n<li>korvialus<\/li>\n<li>kasutusjuhend<\/li>\n<\/ul>\n<div class=\"table-wrapper\">\n<table>\n<tbody>\n<tr>\n<th>Br\u00e4nd<\/th>\n<td>Deerma<\/td>\n<\/tr>\n<tr>\n<th>Mudel<\/th>\n<td>DEM-KZ100<\/td>\n<\/tr>\n<tr>\n<th>Nimipinge<\/th>\n<td>220-240 V ~<\/td>\n<\/tr>\n<tr>\n<th>Nimisagedus<\/th>\n<td>50-60 Hz<\/td>\n<\/tr>\n<tr>\n<th>Nimiv\u00f5imsus<\/th>\n<td>1000 W<\/td>\n<\/tr>\n<tr>\n<th>Mahutavus<\/th>\n<td>3 l<\/td>\n<\/tr>\n<tr>\n<th>Kaal<\/th>\n<td>3.4 kg<\/td>\n<\/tr>\n<tr>\n<th>M\u00f5\u00f5tmed<\/th>\n<td>305 x 240 x 295 mm<\/td>\n<\/tr>\n<\/tbody>\n<\/table>\n<\/div>\n","protected":false},"excerpt":{"rendered":"<p>Kuuma\u00f5hufrit\u00fc\u00fcr Deerma KZ100 Kasutades Deerma frit\u00fc\u00fcri, saate valmistada maitsvat ja tervislikku toitu, kasutades v\u00e4he rasva. T\u00e4nu KZ100-le on toidud kergesti seeditavad ja madala kalorsusega. Lisaks v\u00f5imaldab arenenud tehnoloogia valmistada toitu, mis on seest mahlane ja pealt kr\u00f5be. T\u00e4nu 1000W v\u00f5imsusele kulub toidu valmistamiseks v\u00e4hem aega ning 3-liitrine maht v\u00f5imaldab valmistada toitu 2-4 inimesele. Lihtne toiduvalmistamine [&hellip;]<\/p>\n","protected":false},"featured_media":11825,"comment_status":"open","ping_status":"closed","template":"","meta":[],"product_brand":[],"product_cat":[814],"product_tag":[],"class_list":{"0":"post-11824","1":"product","2":"type-product","3":"status-publish","4":"has-post-thumbnail","6":"product_cat-kuumaohufrituurid","7":"product_shipping_class-innpro","9":"first","10":"instock","11":"sale","12":"taxable","13":"shipping-taxable","14":"purchasable","15":"product-type-simple"},"_links":{"self":[{"href":"https:\/\/blankpage.ee\/_ruumist-ruumi\/wp-json\/wp\/v2\/product\/11824","targetHints":{"allow":["GET"]}}],"collection":[{"href":"https:\/\/blankpage.ee\/_ruumist-ruumi\/wp-json\/wp\/v2\/product"}],"about":[{"href":"https:\/\/blankpage.ee\/_ruumist-ruumi\/wp-json\/wp\/v2\/types\/product"}],"replies":[{"embeddable":true,"href":"https:\/\/blankpage.ee\/_ruumist-ruumi\/wp-json\/wp\/v2\/comments?post=11824"}],"wp:featuredmedia":[{"embeddable":true,"href":"https:\/\/blankpage.ee\/_ruumist-ruumi\/wp-json\/wp\/v2\/media\/11825"}],"wp:attachment":[{"href":"https:\/\/blankpage.ee\/_ruumist-ruumi\/wp-json\/wp\/v2\/media?parent=11824"}],"wp:term":[{"taxonomy":"product_brand","embeddable":true,"href":"https:\/\/blankpage.ee\/_ruumist-ruumi\/wp-json\/wp\/v2\/product_brand?post=11824"},{"taxonomy":"product_cat","embeddable":true,"href":"https:\/\/blankpage.ee\/_ruumist-ruumi\/wp-json\/wp\/v2\/product_cat?post=11824"},{"taxonomy":"product_tag","embeddable":true,"href":"https:\/\/blankpage.ee\/_ruumist-ruumi\/wp-json\/wp\/v2\/product_tag?post=11824"}],"curies":[{"name":"wp","href":"https:\/\/api.w.org\/{rel}","templated":true}]}}