{"id":11845,"date":"2024-11-28T15:25:33","date_gmt":"2024-11-28T15:25:33","guid":{"rendered":"https:\/\/ruumistruumi.ee\/?post_type=product&#038;p=11845"},"modified":"2025-08-21T08:21:48","modified_gmt":"2025-08-21T08:21:48","slug":"kuumaohuhufrituur-princess-xxl-4-5-l","status":"publish","type":"product","link":"https:\/\/blankpage.ee\/_ruumist-ruumi\/pood\/kuumaohuhufrituur-princess-xxl-4-5-l\/","title":{"rendered":"Kuuma\u00f5huhufrit\u00fc\u00fcr Princess XXL 4.5 L"},"content":{"rendered":"<h3>Princess XXL 4,5 L rasvavaba frit\u00fc\u00fcr<\/h3>\n<p>Valmista erinevaid tervislikke toite kiiresti. Princess rasvavaba frit\u00fc\u00fcr kasutab kuuma \u00f5hku ja selle mahutavus on 4,5 liitrit, mis teeb selle ideaalseks mitme liikmega peredele. See toetab kuni 8 programmi, sealhulgas praadimise, grillimise ja k\u00fcpsetamise funktsioone. Seadme temperatuur on reguleeritav vahemikus 80\u00b0C kuni 200\u00b0C ja selle v\u00f5imsus on kuni 1500 vatti. Sellel on sisseehitatud LCD-ekraan, m\u00e4rgutuli ja sobiva temperatuuri n\u00e4idik. T\u00e4nu l\u00e4bim\u00f5eldud disainile on seadme kasutamine lihtne ja ohutu.<\/p>\n<p><img loading=\"lazy\" decoding=\"async\" class=\"alignnone size-medium_large wp-image-12020\" src=\"https:\/\/blankpage.ee\/_ruumist-ruumi\/wp-content\/uploads\/2024\/11\/Kuumaohuhufrituur-Princess-XXL-4.5-L-2-768x489.jpg\" alt=\"Kuuma\u00f5huhufrit\u00fc\u00fcr Princess XXL 4.5 L\" width=\"768\" height=\"489\" srcset=\"https:\/\/blankpage.ee\/_ruumist-ruumi\/wp-content\/uploads\/2024\/11\/Kuumaohuhufrituur-Princess-XXL-4.5-L-2-768x489.jpg 768w, https:\/\/blankpage.ee\/_ruumist-ruumi\/wp-content\/uploads\/2024\/11\/Kuumaohuhufrituur-Princess-XXL-4.5-L-2-300x191.jpg 300w, https:\/\/blankpage.ee\/_ruumist-ruumi\/wp-content\/uploads\/2024\/11\/Kuumaohuhufrituur-Princess-XXL-4.5-L-2-400x255.jpg 400w, https:\/\/blankpage.ee\/_ruumist-ruumi\/wp-content\/uploads\/2024\/11\/Kuumaohuhufrituur-Princess-XXL-4.5-L-2-922x587.jpg 922w, https:\/\/blankpage.ee\/_ruumist-ruumi\/wp-content\/uploads\/2024\/11\/Kuumaohuhufrituur-Princess-XXL-4.5-L-2.jpg 1000w\" sizes=\"auto, (max-width: 768px) 100vw, 768px\" \/><\/p>\n<h3>Valmista erinevaid tervislikke toite<\/h3>\n<p>Princess rasvavaba frit\u00fc\u00fcr kasutab kuuma \u00f5hu tsirkulatsiooni, nii et saate h\u00f5lpsasti ja kiiresti valmistada tervislikke toite, mis r\u00f5\u00f5mustavad ka k\u00f5ige n\u00f5udlikumaid pereliikmeid. Seade eristub oma 1500-vatise v\u00f5imsusega ja toetab kuni 8 k\u00fcpsetusre\u017eiimi, sealhulgas praadimist, grillimist ja k\u00fcpsetamist, mis annab teile v\u00f5imaluse valmistada erinevaid roogasid nagu friikartulid, kana, kala, k\u00f6\u00f6giviljad ja ka magustoidud. \u00c4rata oma loovus, sega koostisosi ja \u00fcllata teisi oma roogadega!<\/p>\n<p><img loading=\"lazy\" decoding=\"async\" class=\"alignnone size-medium_large wp-image-12017\" src=\"https:\/\/blankpage.ee\/_ruumist-ruumi\/wp-content\/uploads\/2024\/11\/Kuumaohuhufrituur-Princess-XXL-4.5-L-4-768x489.jpg\" alt=\"Kuuma\u00f5huhufrit\u00fc\u00fcr Princess XXL 4.5 L\" width=\"768\" height=\"489\" srcset=\"https:\/\/blankpage.ee\/_ruumist-ruumi\/wp-content\/uploads\/2024\/11\/Kuumaohuhufrituur-Princess-XXL-4.5-L-4-768x489.jpg 768w, https:\/\/blankpage.ee\/_ruumist-ruumi\/wp-content\/uploads\/2024\/11\/Kuumaohuhufrituur-Princess-XXL-4.5-L-4-300x191.jpg 300w, https:\/\/blankpage.ee\/_ruumist-ruumi\/wp-content\/uploads\/2024\/11\/Kuumaohuhufrituur-Princess-XXL-4.5-L-4-400x255.jpg 400w, https:\/\/blankpage.ee\/_ruumist-ruumi\/wp-content\/uploads\/2024\/11\/Kuumaohuhufrituur-Princess-XXL-4.5-L-4-922x587.jpg 922w, https:\/\/blankpage.ee\/_ruumist-ruumi\/wp-content\/uploads\/2024\/11\/Kuumaohuhufrituur-Princess-XXL-4.5-L-4.jpg 1000w\" sizes=\"auto, (max-width: 768px) 100vw, 768px\" \/><\/p>\n<h3>Kasutajas\u00f5bralik<\/h3>\n<p>Princess frit\u00fc\u00fcri kasutamine ei valmista teile mingeid raskusi. Sisseehitatud LCD-ekraan, m\u00e4rgutuli, digitaalne taimer ja sobiva temperatuuri n\u00e4idik v\u00f5imaldavad teil kergesti j\u00e4lgida k\u00fcpsetusprotsessi. Lisaks kuulete eristuvat piiksu, kui seade l\u00f5petab t\u00f6\u00f6. Frit\u00fc\u00fcr on varustatud ka reguleeritava termostaadiga, mis v\u00f5imaldab teil seada temperatuuri vahemikus 80\u00b0C kuni 200\u00b0C. Veelgi enam, selle mahutavus on koguni 4,5 liitrit, nii et saate kiiresti valmistada toite kuni 7 inimesele.<\/p>\n<p><img loading=\"lazy\" decoding=\"async\" class=\"alignnone size-medium_large wp-image-12018\" src=\"https:\/\/blankpage.ee\/_ruumist-ruumi\/wp-content\/uploads\/2024\/11\/Kuumaohuhufrituur-Princess-XXL-4.5-L-8-768x489.jpg\" alt=\"Kuuma\u00f5huhufrit\u00fc\u00fcr Princess XXL 4.5 L\" width=\"768\" height=\"489\" srcset=\"https:\/\/blankpage.ee\/_ruumist-ruumi\/wp-content\/uploads\/2024\/11\/Kuumaohuhufrituur-Princess-XXL-4.5-L-8-768x489.jpg 768w, https:\/\/blankpage.ee\/_ruumist-ruumi\/wp-content\/uploads\/2024\/11\/Kuumaohuhufrituur-Princess-XXL-4.5-L-8-300x191.jpg 300w, https:\/\/blankpage.ee\/_ruumist-ruumi\/wp-content\/uploads\/2024\/11\/Kuumaohuhufrituur-Princess-XXL-4.5-L-8-400x255.jpg 400w, https:\/\/blankpage.ee\/_ruumist-ruumi\/wp-content\/uploads\/2024\/11\/Kuumaohuhufrituur-Princess-XXL-4.5-L-8-922x587.jpg 922w, https:\/\/blankpage.ee\/_ruumist-ruumi\/wp-content\/uploads\/2024\/11\/Kuumaohuhufrituur-Princess-XXL-4.5-L-8.jpg 1000w\" sizes=\"auto, (max-width: 768px) 100vw, 768px\" \/><\/p>\n<h3>Ohutus ja mugavus<\/h3>\n<p>On hoolitsetud selle eest, et Princess seadme kasutamine oleks t\u00e4iesti ohutu. Frit\u00fc\u00fcr l\u00fclitub automaatselt v\u00e4lja p\u00e4rast teatud tegevust v\u00f5i pikema tegevusetuse perioodi j\u00e4rel. See on varustatud mittekuumeneva k\u00e4epidemega, mis v\u00e4listab p\u00f5letusohtu. Libisemiskindlad jalad tagavad stabiilsuse ja eemaldatav kauss v\u00f5imaldab mugavat puhastamist. Lisaks on seadme pind kaetud, et v\u00e4ltida toidu kleepumist k\u00fcpsetamise ajal.<\/p>\n<p><img loading=\"lazy\" decoding=\"async\" class=\"alignnone size-medium_large wp-image-12019\" src=\"https:\/\/blankpage.ee\/_ruumist-ruumi\/wp-content\/uploads\/2024\/11\/Kuumaohuhufrituur-Princess-XXL-4.5-L-9-768x489.jpg\" alt=\"Kuuma\u00f5huhufrit\u00fc\u00fcr Princess XXL 4.5 L\" width=\"768\" height=\"489\" srcset=\"https:\/\/blankpage.ee\/_ruumist-ruumi\/wp-content\/uploads\/2024\/11\/Kuumaohuhufrituur-Princess-XXL-4.5-L-9-768x489.jpg 768w, https:\/\/blankpage.ee\/_ruumist-ruumi\/wp-content\/uploads\/2024\/11\/Kuumaohuhufrituur-Princess-XXL-4.5-L-9-300x191.jpg 300w, https:\/\/blankpage.ee\/_ruumist-ruumi\/wp-content\/uploads\/2024\/11\/Kuumaohuhufrituur-Princess-XXL-4.5-L-9-400x255.jpg 400w, https:\/\/blankpage.ee\/_ruumist-ruumi\/wp-content\/uploads\/2024\/11\/Kuumaohuhufrituur-Princess-XXL-4.5-L-9-922x587.jpg 922w, https:\/\/blankpage.ee\/_ruumist-ruumi\/wp-content\/uploads\/2024\/11\/Kuumaohuhufrituur-Princess-XXL-4.5-L-9.jpg 1000w\" sizes=\"auto, (max-width: 768px) 100vw, 768px\" \/><\/p>\n<h3>Komplekti kuulub:<\/h3>\n<ul>\n<li>Rasvavaba frit\u00fc\u00fcr<\/li>\n<li>Kasutusjuhend<\/li>\n<\/ul>\n<div class=\"table-wrapper\">\n<table>\n<tbody>\n<tr>\n<th>Tootja<\/th>\n<td>Princess<\/td>\n<\/tr>\n<tr>\n<th>Mudel<\/th>\n<td>01.182026.01.001<\/td>\n<\/tr>\n<tr>\n<th>Mahutavus<\/th>\n<td>4,5 l<\/td>\n<\/tr>\n<tr>\n<th>Prae mahutavus<\/th>\n<td>1,2 kg<\/td>\n<\/tr>\n<tr>\n<th>Programmide arv<\/th>\n<td>8<\/td>\n<\/tr>\n<tr>\n<th>Praadimisfunktsioon<\/th>\n<td>Jah<\/td>\n<\/tr>\n<tr>\n<th>Grillimine<\/th>\n<td>Jah<\/td>\n<\/tr>\n<tr>\n<th>K\u00fcpsetamisfunktsioon<\/th>\n<td>Jah<\/td>\n<\/tr>\n<tr>\n<th>Soojashoidmise funktsioon<\/th>\n<td>Jah<\/td>\n<\/tr>\n<tr>\n<th>Reguleeritav termostaat<\/th>\n<td>Jah<\/td>\n<\/tr>\n<tr>\n<th>Temperatuur<\/th>\n<td>80 \u00b0C kuni 200 \u00b0C<\/td>\n<\/tr>\n<tr>\n<th>Digitaalne kell<\/th>\n<td>Jah<\/td>\n<\/tr>\n<tr>\n<th>Taimer<\/th>\n<td>60 minutit<\/td>\n<\/tr>\n<tr>\n<th>Praekorvide arv<\/th>\n<td>1<\/td>\n<\/tr>\n<tr>\n<th>Kaabli pikkus<\/th>\n<td>0,8 m<\/td>\n<\/tr>\n<tr>\n<th>Sisseehitatud ekraan<\/th>\n<td>Jah, LCD<\/td>\n<\/tr>\n<tr>\n<th>M\u00e4rgutuli<\/th>\n<td>Jah<\/td>\n<\/tr>\n<tr>\n<th>V\u00f5imsuse LED indikaator<\/th>\n<td>Jah<\/td>\n<\/tr>\n<tr>\n<th>Sobiva temperatuuri n\u00e4idik<\/th>\n<td>Jah<\/td>\n<\/tr>\n<tr>\n<th>K\u00fcpsetamise l\u00f5pu signaal<\/th>\n<td>Jah<\/td>\n<\/tr>\n<tr>\n<th>Kuumuse indikaator<\/th>\n<td>Jah<\/td>\n<\/tr>\n<tr>\n<th>V\u00f5imsus<\/th>\n<td>1500 W<\/td>\n<\/tr>\n<tr>\n<th>Vahelduvvoolu sisendpinge<\/th>\n<td>220 &#8211; 240 V<\/td>\n<\/tr>\n<tr>\n<th>Vahelduvvoolu sisendsagedus<\/th>\n<td>50 \/ 60 Hz<\/td>\n<\/tr>\n<tr>\n<th>Toitepistiku t\u00fc\u00fcp<\/th>\n<td>T\u00fc\u00fcp F (CEE 7\/4)<\/td>\n<\/tr>\n<tr>\n<th>Automaatne v\u00e4ljal\u00fclitus<\/th>\n<td>Jah<\/td>\n<\/tr>\n<tr>\n<th>\u00dclekuumenemiskaitse<\/th>\n<td>Jah<\/td>\n<\/tr>\n<tr>\n<th>Materjal<\/th>\n<td>ABS<\/td>\n<\/tr>\n<tr>\n<th>Laius<\/th>\n<td>356 mm<\/td>\n<\/tr>\n<tr>\n<th>S\u00fcgavus<\/th>\n<td>278 mm<\/td>\n<\/tr>\n<tr>\n<th>K\u00f5rgus<\/th>\n<td>330 mm<\/td>\n<\/tr>\n<tr>\n<th>Kaal<\/th>\n<td>3,36 kg<\/td>\n<\/tr>\n<\/tbody>\n<\/table>\n<\/div>\n","protected":false},"excerpt":{"rendered":"<p>Princess XXL 4,5 L rasvavaba frit\u00fc\u00fcr Valmista erinevaid tervislikke toite kiiresti. Princess rasvavaba frit\u00fc\u00fcr kasutab kuuma \u00f5hku ja selle mahutavus on 4,5 liitrit, mis teeb selle ideaalseks mitme liikmega peredele. See toetab kuni 8 programmi, sealhulgas praadimise, grillimise ja k\u00fcpsetamise funktsioone. Seadme temperatuur on reguleeritav vahemikus 80\u00b0C kuni 200\u00b0C ja selle v\u00f5imsus on kuni 1500 [&hellip;]<\/p>\n","protected":false},"featured_media":11846,"comment_status":"open","ping_status":"closed","template":"","meta":[],"product_brand":[],"product_cat":[814],"product_tag":[],"class_list":{"0":"post-11845","1":"product","2":"type-product","3":"status-publish","4":"has-post-thumbnail","6":"product_cat-kuumaohufrituurid","7":"product_shipping_class-innpro","9":"first","10":"instock","11":"sale","12":"taxable","13":"shipping-taxable","14":"purchasable","15":"product-type-simple"},"_links":{"self":[{"href":"https:\/\/blankpage.ee\/_ruumist-ruumi\/wp-json\/wp\/v2\/product\/11845","targetHints":{"allow":["GET"]}}],"collection":[{"href":"https:\/\/blankpage.ee\/_ruumist-ruumi\/wp-json\/wp\/v2\/product"}],"about":[{"href":"https:\/\/blankpage.ee\/_ruumist-ruumi\/wp-json\/wp\/v2\/types\/product"}],"replies":[{"embeddable":true,"href":"https:\/\/blankpage.ee\/_ruumist-ruumi\/wp-json\/wp\/v2\/comments?post=11845"}],"wp:featuredmedia":[{"embeddable":true,"href":"https:\/\/blankpage.ee\/_ruumist-ruumi\/wp-json\/wp\/v2\/media\/11846"}],"wp:attachment":[{"href":"https:\/\/blankpage.ee\/_ruumist-ruumi\/wp-json\/wp\/v2\/media?parent=11845"}],"wp:term":[{"taxonomy":"product_brand","embeddable":true,"href":"https:\/\/blankpage.ee\/_ruumist-ruumi\/wp-json\/wp\/v2\/product_brand?post=11845"},{"taxonomy":"product_cat","embeddable":true,"href":"https:\/\/blankpage.ee\/_ruumist-ruumi\/wp-json\/wp\/v2\/product_cat?post=11845"},{"taxonomy":"product_tag","embeddable":true,"href":"https:\/\/blankpage.ee\/_ruumist-ruumi\/wp-json\/wp\/v2\/product_tag?post=11845"}],"curies":[{"name":"wp","href":"https:\/\/api.w.org\/{rel}","templated":true}]}}