{"id":11875,"date":"2024-11-28T15:25:33","date_gmt":"2024-11-28T15:25:33","guid":{"rendered":"https:\/\/ruumistruumi.ee\/?post_type=product&#038;p=11875"},"modified":"2025-08-21T08:21:48","modified_gmt":"2025-08-21T08:21:48","slug":"kuumaohufrituur-leacco-af103-12l","status":"publish","type":"product","link":"https:\/\/blankpage.ee\/_ruumist-ruumi\/pood\/kuumaohufrituur-leacco-af103-12l\/","title":{"rendered":"Kuuma\u00f5hufrit\u00fc\u00fcr LEACCO AF103, 12L"},"content":{"rendered":"<h3>Kuuma\u00f5hufrit\u00fc\u00fcr LEACCO AF103<\/h3>\n<p>Kuuma\u00f5hufrit\u00fc\u00fcriga Leacco AF103 muutub toiduvalmistamine t\u00f5eliseks naudinguks. See kasutab kuuma \u00f5hku, nii et valmistatud toidud on mitte ainult maitsvad, vaid ka tervislikud. See v\u00f5imaldab valida 10 re\u017eiimi vahel ning selle mahutavus on koguni 12 liitrit. See v\u00f5imaldab reguleerida k\u00fcpsetusaega ja temperatuuri vahemikus 30\u00b0C-200\u00b0C. Sisseehitatud ekraan muudab seadme kasutamise lihtsaks. See on ideaalne t\u00f6\u00f6riist k\u00f5igile toiduvalmistamise entusiastidele, nii kogenud kokkadele kui ka algajatele kulinaariahuvilistele.<\/p>\n<p><img loading=\"lazy\" decoding=\"async\" class=\"alignnone size-medium_large wp-image-12032\" src=\"https:\/\/blankpage.ee\/_ruumist-ruumi\/wp-content\/uploads\/2024\/11\/Kuumaohufrituur-LEACCO-AF103-1-768x489.jpg\" alt=\"Kuuma\u00f5hufrit\u00fc\u00fcr LEACCO AF103\" width=\"768\" height=\"489\" srcset=\"https:\/\/blankpage.ee\/_ruumist-ruumi\/wp-content\/uploads\/2024\/11\/Kuumaohufrituur-LEACCO-AF103-1-768x489.jpg 768w, https:\/\/blankpage.ee\/_ruumist-ruumi\/wp-content\/uploads\/2024\/11\/Kuumaohufrituur-LEACCO-AF103-1-300x191.jpg 300w, https:\/\/blankpage.ee\/_ruumist-ruumi\/wp-content\/uploads\/2024\/11\/Kuumaohufrituur-LEACCO-AF103-1-400x255.jpg 400w, https:\/\/blankpage.ee\/_ruumist-ruumi\/wp-content\/uploads\/2024\/11\/Kuumaohufrituur-LEACCO-AF103-1-922x587.jpg 922w, https:\/\/blankpage.ee\/_ruumist-ruumi\/wp-content\/uploads\/2024\/11\/Kuumaohufrituur-LEACCO-AF103-1.jpg 1000w\" sizes=\"auto, (max-width: 768px) 100vw, 768px\" \/><\/p>\n<h3>Tervislik ja maitsev<\/h3>\n<p>\u00d5hufrit\u00fc\u00fcr muudab teie lemmiktoidud mitte ainult maitsvamaks, vaid ka tervislikumaks kui kunagi varem. T\u00e4nu oma arenenud kuuma \u00f5hu tsirkulatsiooni tehnoloogiale saate nautida maitserikkaid roogasid ilma suure rasvakoguseta. Seade jaotab kuumuse \u00fchtlaselt toidu \u00fcmber, luues t\u00e4iuslikult kr\u00f5beda kooriku v\u00e4ljastpoolt, samal ajal kui sisemus j\u00e4\u00e4b mahlane ja maitsekas.<\/p>\n<p><img loading=\"lazy\" decoding=\"async\" class=\"alignnone size-medium_large wp-image-12029\" src=\"https:\/\/blankpage.ee\/_ruumist-ruumi\/wp-content\/uploads\/2024\/11\/Kuumaohufrituur-LEACCO-AF103-2-768x489.jpg\" alt=\"Kuuma\u00f5hufrit\u00fc\u00fcr LEACCO AF103\" width=\"768\" height=\"489\" srcset=\"https:\/\/blankpage.ee\/_ruumist-ruumi\/wp-content\/uploads\/2024\/11\/Kuumaohufrituur-LEACCO-AF103-2-768x489.jpg 768w, https:\/\/blankpage.ee\/_ruumist-ruumi\/wp-content\/uploads\/2024\/11\/Kuumaohufrituur-LEACCO-AF103-2-300x191.jpg 300w, https:\/\/blankpage.ee\/_ruumist-ruumi\/wp-content\/uploads\/2024\/11\/Kuumaohufrituur-LEACCO-AF103-2-400x255.jpg 400w, https:\/\/blankpage.ee\/_ruumist-ruumi\/wp-content\/uploads\/2024\/11\/Kuumaohufrituur-LEACCO-AF103-2-922x587.jpg 922w, https:\/\/blankpage.ee\/_ruumist-ruumi\/wp-content\/uploads\/2024\/11\/Kuumaohufrituur-LEACCO-AF103-2.jpg 1000w\" sizes=\"auto, (max-width: 768px) 100vw, 768px\" \/><\/p>\n<h3>Lase end kulinaariamaailmas kaasa haarata<\/h3>\n<p>AF103 pakub kuni 10 erinevat k\u00fcpsetusre\u017eiimi ning sisaldab mitmeid kasulikke tarvikuid, mis aitavad valmistada erinevaid roogasid. K\u00fcpseta maitsvaid kooke, grilli mahlast liha, prae kr\u00f5bedaid friikartuleid, valmista tervislikke k\u00f6\u00f6givilju, kuivata puuvilju ja palju muud. Proovi k\u00f5iki 10 \u00f5hufrit\u00fc\u00fcri re\u017eiimi ja avasta uusi kulinaarseid v\u00f5imalusi!<\/p>\n<p><img loading=\"lazy\" decoding=\"async\" class=\"alignnone size-medium_large wp-image-12030\" src=\"https:\/\/blankpage.ee\/_ruumist-ruumi\/wp-content\/uploads\/2024\/11\/Kuumaohufrituur-LEACCO-AF103-4-768x489.jpg\" alt=\"Kuuma\u00f5hufrit\u00fc\u00fcr LEACCO AF103\" width=\"768\" height=\"489\" srcset=\"https:\/\/blankpage.ee\/_ruumist-ruumi\/wp-content\/uploads\/2024\/11\/Kuumaohufrituur-LEACCO-AF103-4-768x489.jpg 768w, https:\/\/blankpage.ee\/_ruumist-ruumi\/wp-content\/uploads\/2024\/11\/Kuumaohufrituur-LEACCO-AF103-4-300x191.jpg 300w, https:\/\/blankpage.ee\/_ruumist-ruumi\/wp-content\/uploads\/2024\/11\/Kuumaohufrituur-LEACCO-AF103-4-400x255.jpg 400w, https:\/\/blankpage.ee\/_ruumist-ruumi\/wp-content\/uploads\/2024\/11\/Kuumaohufrituur-LEACCO-AF103-4-922x587.jpg 922w, https:\/\/blankpage.ee\/_ruumist-ruumi\/wp-content\/uploads\/2024\/11\/Kuumaohufrituur-LEACCO-AF103-4.jpg 1000w\" sizes=\"auto, (max-width: 768px) 100vw, 768px\" \/><\/p>\n<h3>Mugav kasutamine &#8211; l\u00e4bim\u00f5eldud disain<\/h3>\n<p>Toiduvalmistamine pole kunagi olnud nii nauditav ja mugav! \u00d5hufrit\u00fc\u00fcr on varustatud suure aknaga, mis v\u00f5imaldab teil j\u00e4lgida k\u00fcpsetusprotsessi ilma kaant avamata. Selle mahutavus on koguni 12 liitrit, nii et saate h\u00f5lpsasti valmistada maitsva \u00f5htus\u00f6\u00f6gi kogu perele. Veelgi suurema mugavuse huvides on seadmel sisseehitatud LED-ekraan, millega saate k\u00e4sitsi reguleerida temperatuuri ja k\u00fcpsetusaega ning valida saadaval olevate re\u017eiimide vahel.<\/p>\n<p><img loading=\"lazy\" decoding=\"async\" class=\"alignnone size-medium_large wp-image-12031\" src=\"https:\/\/blankpage.ee\/_ruumist-ruumi\/wp-content\/uploads\/2024\/11\/Kuumaohufrituur-LEACCO-AF103-5-768x489.jpg\" alt=\"Kuuma\u00f5hufrit\u00fc\u00fcr LEACCO AF103\" width=\"768\" height=\"489\" srcset=\"https:\/\/blankpage.ee\/_ruumist-ruumi\/wp-content\/uploads\/2024\/11\/Kuumaohufrituur-LEACCO-AF103-5-768x489.jpg 768w, https:\/\/blankpage.ee\/_ruumist-ruumi\/wp-content\/uploads\/2024\/11\/Kuumaohufrituur-LEACCO-AF103-5-300x191.jpg 300w, https:\/\/blankpage.ee\/_ruumist-ruumi\/wp-content\/uploads\/2024\/11\/Kuumaohufrituur-LEACCO-AF103-5-400x255.jpg 400w, https:\/\/blankpage.ee\/_ruumist-ruumi\/wp-content\/uploads\/2024\/11\/Kuumaohufrituur-LEACCO-AF103-5-922x587.jpg 922w, https:\/\/blankpage.ee\/_ruumist-ruumi\/wp-content\/uploads\/2024\/11\/Kuumaohufrituur-LEACCO-AF103-5.jpg 1000w\" sizes=\"auto, (max-width: 768px) 100vw, 768px\" \/><\/p>\n<h3>Komplektis<\/h3>\n<ul>\n<li>\u00f5hufrit\u00fc\u00fcr<\/li>\n<li>alus<\/li>\n<li>tilkumisalus<\/li>\n<li>kasutusjuhend<\/li>\n<\/ul>\n<div class=\"table-wrapper\">\n<table>\n<tbody>\n<tr>\n<th>Tootja<\/th>\n<td>Leacco<\/td>\n<\/tr>\n<tr>\n<th>Mudel<\/th>\n<td>AF103<\/td>\n<\/tr>\n<tr>\n<th>Mahutavus<\/th>\n<td>12 l<\/td>\n<\/tr>\n<tr>\n<th>Nimipinge<\/th>\n<td>220-240V<\/td>\n<\/tr>\n<tr>\n<th>Nimisagedus<\/th>\n<td>50\/60 Hz<\/td>\n<\/tr>\n<tr>\n<th>Nimiv\u00f5imsus<\/th>\n<td>1800W<\/td>\n<\/tr>\n<tr>\n<th>Temperatuur<\/th>\n<td>30\u00b0C-200\u00b0C<\/td>\n<\/tr>\n<tr>\n<th>Kaal<\/th>\n<td>5.44 kg<\/td>\n<\/tr>\n<tr>\n<th>M\u00f5\u00f5tmed<\/th>\n<td>315 x 340 x 370 mm<\/td>\n<\/tr>\n<\/tbody>\n<\/table>\n<\/div>\n","protected":false},"excerpt":{"rendered":"<p>Kuuma\u00f5hufrit\u00fc\u00fcr LEACCO AF103 Kuuma\u00f5hufrit\u00fc\u00fcriga Leacco AF103 muutub toiduvalmistamine t\u00f5eliseks naudinguks. See kasutab kuuma \u00f5hku, nii et valmistatud toidud on mitte ainult maitsvad, vaid ka tervislikud. See v\u00f5imaldab valida 10 re\u017eiimi vahel ning selle mahutavus on koguni 12 liitrit. See v\u00f5imaldab reguleerida k\u00fcpsetusaega ja temperatuuri vahemikus 30\u00b0C-200\u00b0C. Sisseehitatud ekraan muudab seadme kasutamise lihtsaks. See on ideaalne [&hellip;]<\/p>\n","protected":false},"featured_media":11876,"comment_status":"open","ping_status":"closed","template":"","meta":[],"product_brand":[],"product_cat":[814],"product_tag":[],"class_list":{"0":"post-11875","1":"product","2":"type-product","3":"status-publish","4":"has-post-thumbnail","6":"product_cat-kuumaohufrituurid","7":"product_shipping_class-innpro","9":"first","10":"instock","11":"sale","12":"taxable","13":"shipping-taxable","14":"purchasable","15":"product-type-simple"},"_links":{"self":[{"href":"https:\/\/blankpage.ee\/_ruumist-ruumi\/wp-json\/wp\/v2\/product\/11875","targetHints":{"allow":["GET"]}}],"collection":[{"href":"https:\/\/blankpage.ee\/_ruumist-ruumi\/wp-json\/wp\/v2\/product"}],"about":[{"href":"https:\/\/blankpage.ee\/_ruumist-ruumi\/wp-json\/wp\/v2\/types\/product"}],"replies":[{"embeddable":true,"href":"https:\/\/blankpage.ee\/_ruumist-ruumi\/wp-json\/wp\/v2\/comments?post=11875"}],"wp:featuredmedia":[{"embeddable":true,"href":"https:\/\/blankpage.ee\/_ruumist-ruumi\/wp-json\/wp\/v2\/media\/11876"}],"wp:attachment":[{"href":"https:\/\/blankpage.ee\/_ruumist-ruumi\/wp-json\/wp\/v2\/media?parent=11875"}],"wp:term":[{"taxonomy":"product_brand","embeddable":true,"href":"https:\/\/blankpage.ee\/_ruumist-ruumi\/wp-json\/wp\/v2\/product_brand?post=11875"},{"taxonomy":"product_cat","embeddable":true,"href":"https:\/\/blankpage.ee\/_ruumist-ruumi\/wp-json\/wp\/v2\/product_cat?post=11875"},{"taxonomy":"product_tag","embeddable":true,"href":"https:\/\/blankpage.ee\/_ruumist-ruumi\/wp-json\/wp\/v2\/product_tag?post=11875"}],"curies":[{"name":"wp","href":"https:\/\/api.w.org\/{rel}","templated":true}]}}