{"id":11878,"date":"2024-11-28T15:25:33","date_gmt":"2024-11-28T15:25:33","guid":{"rendered":"https:\/\/ruumistruumi.ee\/?post_type=product&#038;p=11878"},"modified":"2025-08-21T08:21:48","modified_gmt":"2025-08-21T08:21:48","slug":"kuumaohufrituur-deerma-dem-kz130w-55l","status":"publish","type":"product","link":"https:\/\/blankpage.ee\/_ruumist-ruumi\/pood\/kuumaohufrituur-deerma-dem-kz130w-55l\/","title":{"rendered":"Kuuma\u00f5hufrit\u00fc\u00fcr Deerma DEM-KZ130W, 5,5L"},"content":{"rendered":"<h3>Kuuma\u00f5hufrit\u00fc\u00fcr Deerma DEM-KZ130W<\/h3>\n<p>Deerma DEM-KZ130W on rasvavaba \u00f5hufrit\u00fc\u00fcr, millel on suur 5,5-liitrine mahutavus, mis v\u00f5imaldab valmistada isegi terve kana. Seadmel on 6 programmi, mille temperatuurid ja k\u00fcpsetusajad on valitud vastavalt toidut\u00fc\u00fcbile. Saate neid soovi korral ka ise muuta. Frit\u00fc\u00fcr v\u00f5imaldab kogu protsessi j\u00e4lgida t\u00e4nu sisseehitatud klaasile &#8211; te ei pea enam seadet avama ega v\u00e4lja l\u00fclitama, et toidu seisukorda kontrollida. Veel \u00fcks eelis on automaatse k\u00fcpsetusaja ajastamine kuni 24 tundi ette.<\/p>\n<p><img loading=\"lazy\" decoding=\"async\" class=\"alignnone size-medium_large wp-image-12037\" src=\"https:\/\/blankpage.ee\/_ruumist-ruumi\/wp-content\/uploads\/2024\/11\/Kuumaohufrituur-Deerma-DEM-KZ130W-2-768x489.jpg\" alt=\"Kuuma\u00f5hufrit\u00fc\u00fcr Deerma DEM-KZ130W\" width=\"768\" height=\"489\" srcset=\"https:\/\/blankpage.ee\/_ruumist-ruumi\/wp-content\/uploads\/2024\/11\/Kuumaohufrituur-Deerma-DEM-KZ130W-2-768x489.jpg 768w, https:\/\/blankpage.ee\/_ruumist-ruumi\/wp-content\/uploads\/2024\/11\/Kuumaohufrituur-Deerma-DEM-KZ130W-2-300x191.jpg 300w, https:\/\/blankpage.ee\/_ruumist-ruumi\/wp-content\/uploads\/2024\/11\/Kuumaohufrituur-Deerma-DEM-KZ130W-2-400x255.jpg 400w, https:\/\/blankpage.ee\/_ruumist-ruumi\/wp-content\/uploads\/2024\/11\/Kuumaohufrituur-Deerma-DEM-KZ130W-2-922x587.jpg 922w, https:\/\/blankpage.ee\/_ruumist-ruumi\/wp-content\/uploads\/2024\/11\/Kuumaohufrituur-Deerma-DEM-KZ130W-2.jpg 999w\" sizes=\"auto, (max-width: 768px) 100vw, 768px\" \/><\/p>\n<h3>Suurem mahutavus<\/h3>\n<p>Deerma DEM-KZ130W rasvavaba frit\u00fc\u00fcr v\u00f5imaldab valmistada terve kana, terve kala, kaks steiki, 8 tiiba v\u00f5i 4 maguskartulit korraga. S\u00e4\u00e4stke palju aega puhastamisel ja ettevalmistamisel t\u00e4nu DEM-KZ130W-le. K\u00fcpsetuspind on eraldi element, mis teeb selle puhastamise v\u00e4ga lihtsaks ja kiireks, et saaksite rohkem aega veeta oma lemmiktegevustega.<\/p>\n<p><img loading=\"lazy\" decoding=\"async\" class=\"alignnone size-medium_large wp-image-12034\" src=\"https:\/\/blankpage.ee\/_ruumist-ruumi\/wp-content\/uploads\/2024\/11\/Kuumaohufrituur-Deerma-DEM-KZ130W-6-768x488.jpg\" alt=\"Kuuma\u00f5hufrit\u00fc\u00fcr Deerma DEM-KZ130W\" width=\"768\" height=\"488\" srcset=\"https:\/\/blankpage.ee\/_ruumist-ruumi\/wp-content\/uploads\/2024\/11\/Kuumaohufrituur-Deerma-DEM-KZ130W-6-768x488.jpg 768w, https:\/\/blankpage.ee\/_ruumist-ruumi\/wp-content\/uploads\/2024\/11\/Kuumaohufrituur-Deerma-DEM-KZ130W-6-300x191.jpg 300w, https:\/\/blankpage.ee\/_ruumist-ruumi\/wp-content\/uploads\/2024\/11\/Kuumaohufrituur-Deerma-DEM-KZ130W-6-400x254.jpg 400w, https:\/\/blankpage.ee\/_ruumist-ruumi\/wp-content\/uploads\/2024\/11\/Kuumaohufrituur-Deerma-DEM-KZ130W-6-922x586.jpg 922w, https:\/\/blankpage.ee\/_ruumist-ruumi\/wp-content\/uploads\/2024\/11\/Kuumaohufrituur-Deerma-DEM-KZ130W-6.jpg 1000w\" sizes=\"auto, (max-width: 768px) 100vw, 768px\" \/><\/p>\n<h3>Planeeri Oma Toit Eelnevalt<\/h3>\n<p>K\u00fcpsetamise ajastamise funktsiooniga saate k\u00f5ik koostisosad hommikul seadmesse panna ja m\u00e4\u00e4rata aja, millal roog peaks valmis olema. Seade hakkab t\u00f6\u00f6le vastavalt enne m\u00e4\u00e4ratud aega, v\u00f5imaldades teil \u00f5igel ajal sooja s\u00f6\u00f6ki nautida. Planeerite koosviibimist? Ka sel juhul on Deerma frit\u00fc\u00fcr ideaalne &#8211; pange k\u00f5ik koostisosad sisse, m\u00e4\u00e4rake peo aeg ja oletegi valmis! Maitsvad road on valmis s\u00f6\u00f6miseks, kui soovite.<\/p>\n<p><img loading=\"lazy\" decoding=\"async\" class=\"alignnone size-medium_large wp-image-12033\" src=\"https:\/\/blankpage.ee\/_ruumist-ruumi\/wp-content\/uploads\/2024\/11\/Kuumaohufrituur-Deerma-DEM-KZ130W-5-768x489.jpg\" alt=\"Kuuma\u00f5hufrit\u00fc\u00fcr Deerma DEM-KZ130W\" width=\"768\" height=\"489\" srcset=\"https:\/\/blankpage.ee\/_ruumist-ruumi\/wp-content\/uploads\/2024\/11\/Kuumaohufrituur-Deerma-DEM-KZ130W-5-768x489.jpg 768w, https:\/\/blankpage.ee\/_ruumist-ruumi\/wp-content\/uploads\/2024\/11\/Kuumaohufrituur-Deerma-DEM-KZ130W-5-300x191.jpg 300w, https:\/\/blankpage.ee\/_ruumist-ruumi\/wp-content\/uploads\/2024\/11\/Kuumaohufrituur-Deerma-DEM-KZ130W-5-400x255.jpg 400w, https:\/\/blankpage.ee\/_ruumist-ruumi\/wp-content\/uploads\/2024\/11\/Kuumaohufrituur-Deerma-DEM-KZ130W-5-922x588.jpg 922w, https:\/\/blankpage.ee\/_ruumist-ruumi\/wp-content\/uploads\/2024\/11\/Kuumaohufrituur-Deerma-DEM-KZ130W-5.jpg 1001w\" sizes=\"auto, (max-width: 768px) 100vw, 768px\" \/><\/p>\n<h3>6 Erinevat Programmi<\/h3>\n<p>Deerma DEM-KZ130W-l on 6 eelm\u00e4\u00e4ratud programmi, millel on eelseadistatud temperatuurid ja ajad sulatamiseks, friikartulite, tiibade, mereandide, steikide ja pannkookide praadimiseks, muutes toiduvalmistamise lihtsaks. K\u00f5ik toimub ilma lisarasva lisamata, muutes maitsva dieedi j\u00e4rgimise lihtsamaks. Kas soovite ise konkreetseid parameetreid m\u00e4\u00e4rata? Pole probleemi, l\u00f5butsege k\u00f6\u00f6gis katsetades!<\/p>\n<p><img loading=\"lazy\" decoding=\"async\" class=\"alignnone size-medium_large wp-image-12035\" src=\"https:\/\/blankpage.ee\/_ruumist-ruumi\/wp-content\/uploads\/2024\/11\/Kuumaohufrituur-Deerma-DEM-KZ130W-9-768x489.jpg\" alt=\"Kuuma\u00f5hufrit\u00fc\u00fcr Deerma DEM-KZ130W\" width=\"768\" height=\"489\" srcset=\"https:\/\/blankpage.ee\/_ruumist-ruumi\/wp-content\/uploads\/2024\/11\/Kuumaohufrituur-Deerma-DEM-KZ130W-9-768x489.jpg 768w, https:\/\/blankpage.ee\/_ruumist-ruumi\/wp-content\/uploads\/2024\/11\/Kuumaohufrituur-Deerma-DEM-KZ130W-9-300x191.jpg 300w, https:\/\/blankpage.ee\/_ruumist-ruumi\/wp-content\/uploads\/2024\/11\/Kuumaohufrituur-Deerma-DEM-KZ130W-9-400x255.jpg 400w, https:\/\/blankpage.ee\/_ruumist-ruumi\/wp-content\/uploads\/2024\/11\/Kuumaohufrituur-Deerma-DEM-KZ130W-9-922x587.jpg 922w, https:\/\/blankpage.ee\/_ruumist-ruumi\/wp-content\/uploads\/2024\/11\/Kuumaohufrituur-Deerma-DEM-KZ130W-9.jpg 1000w\" sizes=\"auto, (max-width: 768px) 100vw, 768px\" \/><\/p>\n<h3>Teie Ohutuse Tagamine<\/h3>\n<p>Deerma DEM-KZ130W on 1300W rasvavaba frit\u00fc\u00fcr, mis kasutab suletud ringluses kuuma \u00f5hku, et valmistada teile maitsev eine. Teie ohutuse tagamiseks on seade varustatud d\u00fcnaamilise NTC temperatuuri juhtimise ja k\u00e4epidemega, et kaitsta p\u00f5letuste eest, muutes selle kasutamise veelgi meeldivamaks. Lisaks on frit\u00fc\u00fcril nupud temperatuuri muutmiseks, k\u00fcpsetamise viivituse aja seadmiseks, men\u00fc\u00fc valimiseks ning sisse- ja v\u00e4ljal\u00fclitamiseks.<\/p>\n<p><img loading=\"lazy\" decoding=\"async\" class=\"alignnone size-medium_large wp-image-12036\" src=\"https:\/\/blankpage.ee\/_ruumist-ruumi\/wp-content\/uploads\/2024\/11\/Kuumaohufrituur-Deerma-DEM-KZ130W-11-768x489.jpg\" alt=\"Kuuma\u00f5hufrit\u00fc\u00fcr Deerma DEM-KZ130W\" width=\"768\" height=\"489\" srcset=\"https:\/\/blankpage.ee\/_ruumist-ruumi\/wp-content\/uploads\/2024\/11\/Kuumaohufrituur-Deerma-DEM-KZ130W-11-768x489.jpg 768w, https:\/\/blankpage.ee\/_ruumist-ruumi\/wp-content\/uploads\/2024\/11\/Kuumaohufrituur-Deerma-DEM-KZ130W-11-300x191.jpg 300w, https:\/\/blankpage.ee\/_ruumist-ruumi\/wp-content\/uploads\/2024\/11\/Kuumaohufrituur-Deerma-DEM-KZ130W-11-400x255.jpg 400w, https:\/\/blankpage.ee\/_ruumist-ruumi\/wp-content\/uploads\/2024\/11\/Kuumaohufrituur-Deerma-DEM-KZ130W-11-922x587.jpg 922w, https:\/\/blankpage.ee\/_ruumist-ruumi\/wp-content\/uploads\/2024\/11\/Kuumaohufrituur-Deerma-DEM-KZ130W-11.jpg 1000w\" sizes=\"auto, (max-width: 768px) 100vw, 768px\" \/><\/p>\n<h3>Komplekti Kuulub:<\/h3>\n<ul>\n<li>Frit\u00fc\u00fcr<\/li>\n<li>Pann<\/li>\n<li>Kasutusjuhend<\/li>\n<li>Garantiikaart<\/li>\n<\/ul>\n<div class=\"table-wrapper\">\n<table>\n<tbody>\n<tr>\n<th>Tootja<\/th>\n<td>Deerma<\/td>\n<\/tr>\n<tr>\n<th>Mudel<\/th>\n<td>DEM-KZ130W<\/td>\n<\/tr>\n<tr>\n<th>Nimiv\u00f5imsus<\/th>\n<td>1300W<\/td>\n<\/tr>\n<tr>\n<th>Nimipinge<\/th>\n<td>220\u2013240V~<\/td>\n<\/tr>\n<tr>\n<th>Sagedus<\/th>\n<td>50-60Hz<\/td>\n<\/tr>\n<tr>\n<th>Maksimaalne Mahutavus<\/th>\n<td>5.5L<\/td>\n<\/tr>\n<tr>\n<th>Temperatuurivahemik<\/th>\n<td>80-200\u00b0C<\/td>\n<\/tr>\n<tr>\n<th>Ajavahemik<\/th>\n<td>1-60min<\/td>\n<\/tr>\n<tr>\n<th>M\u00f5\u00f5tmed<\/th>\n<td>63 x 281 x 330mm<\/td>\n<\/tr>\n<\/tbody>\n<\/table>\n<\/div>\n","protected":false},"excerpt":{"rendered":"<p>Kuuma\u00f5hufrit\u00fc\u00fcr Deerma DEM-KZ130W Deerma DEM-KZ130W on rasvavaba \u00f5hufrit\u00fc\u00fcr, millel on suur 5,5-liitrine mahutavus, mis v\u00f5imaldab valmistada isegi terve kana. Seadmel on 6 programmi, mille temperatuurid ja k\u00fcpsetusajad on valitud vastavalt toidut\u00fc\u00fcbile. Saate neid soovi korral ka ise muuta. Frit\u00fc\u00fcr v\u00f5imaldab kogu protsessi j\u00e4lgida t\u00e4nu sisseehitatud klaasile &#8211; te ei pea enam seadet avama ega v\u00e4lja [&hellip;]<\/p>\n","protected":false},"featured_media":11879,"comment_status":"open","ping_status":"closed","template":"","meta":[],"product_brand":[],"product_cat":[814],"product_tag":[],"class_list":{"0":"post-11878","1":"product","2":"type-product","3":"status-publish","4":"has-post-thumbnail","6":"product_cat-kuumaohufrituurid","7":"product_shipping_class-innpro","9":"first","10":"instock","11":"sale","12":"taxable","13":"shipping-taxable","14":"purchasable","15":"product-type-simple"},"_links":{"self":[{"href":"https:\/\/blankpage.ee\/_ruumist-ruumi\/wp-json\/wp\/v2\/product\/11878","targetHints":{"allow":["GET"]}}],"collection":[{"href":"https:\/\/blankpage.ee\/_ruumist-ruumi\/wp-json\/wp\/v2\/product"}],"about":[{"href":"https:\/\/blankpage.ee\/_ruumist-ruumi\/wp-json\/wp\/v2\/types\/product"}],"replies":[{"embeddable":true,"href":"https:\/\/blankpage.ee\/_ruumist-ruumi\/wp-json\/wp\/v2\/comments?post=11878"}],"wp:featuredmedia":[{"embeddable":true,"href":"https:\/\/blankpage.ee\/_ruumist-ruumi\/wp-json\/wp\/v2\/media\/11879"}],"wp:attachment":[{"href":"https:\/\/blankpage.ee\/_ruumist-ruumi\/wp-json\/wp\/v2\/media?parent=11878"}],"wp:term":[{"taxonomy":"product_brand","embeddable":true,"href":"https:\/\/blankpage.ee\/_ruumist-ruumi\/wp-json\/wp\/v2\/product_brand?post=11878"},{"taxonomy":"product_cat","embeddable":true,"href":"https:\/\/blankpage.ee\/_ruumist-ruumi\/wp-json\/wp\/v2\/product_cat?post=11878"},{"taxonomy":"product_tag","embeddable":true,"href":"https:\/\/blankpage.ee\/_ruumist-ruumi\/wp-json\/wp\/v2\/product_tag?post=11878"}],"curies":[{"name":"wp","href":"https:\/\/api.w.org\/{rel}","templated":true}]}}