{"id":11902,"date":"2024-11-28T15:25:33","date_gmt":"2024-11-28T15:25:33","guid":{"rendered":"https:\/\/ruumistruumi.ee\/?post_type=product&#038;p=11902"},"modified":"2025-08-21T08:21:48","modified_gmt":"2025-08-21T08:21:48","slug":"kuumaohufrituur-leacco-af020-valge-45l","status":"publish","type":"product","link":"https:\/\/blankpage.ee\/_ruumist-ruumi\/pood\/kuumaohufrituur-leacco-af020-valge-45l\/","title":{"rendered":"Kuuma\u00f5hufrit\u00fc\u00fcr LEACCO AF020 (valge), 4,5L"},"content":{"rendered":"<h3>LEACCO 4,5L 1050W rasvavaba kuuma\u00f5hufrit\u00fc\u00fcr AF020 (valge)<\/h3>\n<p>Kuuma\u00f5hurit\u00fc\u00fcr on ideaalne lahendus inimestele, kes soovivad v\u00e4hendada tarbitava rasva hulka, loobumata oma lemmiktoitudest! Leacco AF020 frit\u00fc\u00fcr v\u00f5imaldab valmistada maitsvaid ja tervislikke toite, kasutades kuuma \u00f5hku. See v\u00f5imaldab valida kuni 8 t\u00f6\u00f6re\u017eiimi vahel, nii et saate h\u00f5lpsasti kohandada selle t\u00f6\u00f6d vastavalt oma vajadustele. Suur aken v\u00f5imaldab teil mugavalt j\u00e4lgida toiduvalmistamise protsessi ja puutetundlik paneel muudab seadme kasutamise lihtsamaks. Selle puhastamine ei ole teile v\u00e4ljakutse &#8211; saate pesta \u00fcksikuid komponente probleemideta, isegi n\u00f5udepesumasinas. Lase end kulinaarsetel katsetustel ja avasta, kui palju maitsvaid roogasid saad valmistada tervislikul ja t\u00f5husal viisil!<\/p>\n<p><img loading=\"lazy\" decoding=\"async\" class=\"alignnone size-medium_large wp-image-12106\" src=\"https:\/\/blankpage.ee\/_ruumist-ruumi\/wp-content\/uploads\/2024\/11\/Kuumaohufrituur-LEACCO-AF020-valge-1-768x489.webp\" alt=\"Kuuma\u00f5hufrit\u00fc\u00fcr LEACCO AF020 (valge)\" width=\"768\" height=\"489\" srcset=\"https:\/\/blankpage.ee\/_ruumist-ruumi\/wp-content\/uploads\/2024\/11\/Kuumaohufrituur-LEACCO-AF020-valge-1-768x489.webp 768w, https:\/\/blankpage.ee\/_ruumist-ruumi\/wp-content\/uploads\/2024\/11\/Kuumaohufrituur-LEACCO-AF020-valge-1-300x191.webp 300w, https:\/\/blankpage.ee\/_ruumist-ruumi\/wp-content\/uploads\/2024\/11\/Kuumaohufrituur-LEACCO-AF020-valge-1-400x255.webp 400w, https:\/\/blankpage.ee\/_ruumist-ruumi\/wp-content\/uploads\/2024\/11\/Kuumaohufrituur-LEACCO-AF020-valge-1-922x587.webp 922w, https:\/\/blankpage.ee\/_ruumist-ruumi\/wp-content\/uploads\/2024\/11\/Kuumaohufrituur-LEACCO-AF020-valge-1.webp 1000w\" sizes=\"auto, (max-width: 768px) 100vw, 768px\" \/><\/p>\n<h3>Toiduvalmistamine kontrolli all<\/h3>\n<p>Frit\u00fc\u00fcri nutikas disain suure aknaga v\u00f5imaldab teil j\u00e4lgida toiduvalmistamise protsessi. N\u00fc\u00fcd saate j\u00e4lgida, kuidas teie lemmikroad muutuvad kuldseks, ilma et peaksite kaant avama. Sisseehitatud ekraan muudab seadme kasutamise lihtsaks. Sellelt saate mugavalt muuta temperatuuri ja aega v\u00f5i valida saadaolevate toiduvalmistamisre\u017eiimide vahel. Lisaks on selle mahutavus 4,5 l, nii et saate edukalt valmistada s\u00f6\u00f6ki kogu perele.<\/p>\n<p><img loading=\"lazy\" decoding=\"async\" class=\"alignnone size-medium_large wp-image-12105\" src=\"https:\/\/blankpage.ee\/_ruumist-ruumi\/wp-content\/uploads\/2024\/11\/Kuumaohufrituur-LEACCO-AF020-valge-7-768x489.webp\" alt=\"Kuuma\u00f5hufrit\u00fc\u00fcr LEACCO AF020 (valge)\" width=\"768\" height=\"489\" srcset=\"https:\/\/blankpage.ee\/_ruumist-ruumi\/wp-content\/uploads\/2024\/11\/Kuumaohufrituur-LEACCO-AF020-valge-7-768x489.webp 768w, https:\/\/blankpage.ee\/_ruumist-ruumi\/wp-content\/uploads\/2024\/11\/Kuumaohufrituur-LEACCO-AF020-valge-7-300x191.webp 300w, https:\/\/blankpage.ee\/_ruumist-ruumi\/wp-content\/uploads\/2024\/11\/Kuumaohufrituur-LEACCO-AF020-valge-7-400x255.webp 400w, https:\/\/blankpage.ee\/_ruumist-ruumi\/wp-content\/uploads\/2024\/11\/Kuumaohufrituur-LEACCO-AF020-valge-7-922x587.webp 922w, https:\/\/blankpage.ee\/_ruumist-ruumi\/wp-content\/uploads\/2024\/11\/Kuumaohufrituur-LEACCO-AF020-valge-7.webp 1000w\" sizes=\"auto, (max-width: 768px) 100vw, 768px\" \/><\/p>\n<h3>Teie abiline k\u00f6\u00f6gis<\/h3>\n<p>AF020-l on koguni 8 toiduvalmistamisre\u017eiimi, mis v\u00f5imaldavad valmistada mitmesuguseid roogasid. Kas soovite praadida friikartuleid, r\u00f6stida kana, grillida k\u00f6\u00f6givilju v\u00f5i valmistada maitsvat magustoitu &#8211; Leacco frit\u00fc\u00fcriga saate valmistada peaaegu iga roa! Samuti saate seda kasutada toidu sulatamiseks v\u00f5i soojendamiseks. Lisaks saate spetsiaalse nupu abil vabalt reguleerida temperatuuri vahemikus 40\u00b0C-200\u00b0C.<\/p>\n<p><img loading=\"lazy\" decoding=\"async\" class=\"alignnone size-medium_large wp-image-12104\" src=\"https:\/\/blankpage.ee\/_ruumist-ruumi\/wp-content\/uploads\/2024\/11\/Kuumaohufrituur-LEACCO-AF020-valge-6-768x489.webp\" alt=\"Kuuma\u00f5hufrit\u00fc\u00fcr LEACCO AF020 (valge)\" width=\"768\" height=\"489\" srcset=\"https:\/\/blankpage.ee\/_ruumist-ruumi\/wp-content\/uploads\/2024\/11\/Kuumaohufrituur-LEACCO-AF020-valge-6-768x489.webp 768w, https:\/\/blankpage.ee\/_ruumist-ruumi\/wp-content\/uploads\/2024\/11\/Kuumaohufrituur-LEACCO-AF020-valge-6-300x191.webp 300w, https:\/\/blankpage.ee\/_ruumist-ruumi\/wp-content\/uploads\/2024\/11\/Kuumaohufrituur-LEACCO-AF020-valge-6-400x255.webp 400w, https:\/\/blankpage.ee\/_ruumist-ruumi\/wp-content\/uploads\/2024\/11\/Kuumaohufrituur-LEACCO-AF020-valge-6-922x587.webp 922w, https:\/\/blankpage.ee\/_ruumist-ruumi\/wp-content\/uploads\/2024\/11\/Kuumaohufrituur-LEACCO-AF020-valge-6.webp 1000w\" sizes=\"auto, (max-width: 768px) 100vw, 768px\" \/><\/p>\n<h3>Tervislikud toidud hetkega<\/h3>\n<p>N\u00fc\u00fcd saate nautida oma lemmikroogade maitset, muretsemata liigsete kalorite p\u00e4rast. Frit\u00fc\u00fcr kasutab kuuma \u00f5hu tsirkulatsiooni, et h\u00f5lbustada tervislikumate toitude valmistamist. See hoiab teie friikartulid kuldpruunid ja kr\u00f5bedad v\u00e4ljastpoolt, samal ajal kui need j\u00e4\u00e4vad seest mahlakaks. Kas soovite grillitud k\u00f6\u00f6givilju? Frit\u00fc\u00fcr AF020 saab selle \u00fclesandega suurep\u00e4raselt hakkama, andes neile isu\u00e4ratava v\u00e4limuse ja erilise maitse, ilma et oleks vaja lisada palju \u00f5li.<\/p>\n<p><img loading=\"lazy\" decoding=\"async\" class=\"alignnone size-medium_large wp-image-12103\" src=\"https:\/\/blankpage.ee\/_ruumist-ruumi\/wp-content\/uploads\/2024\/11\/Kuumaohufrituur-LEACCO-AF020-valge-3-768x489.webp\" alt=\"Kuuma\u00f5hufrit\u00fc\u00fcr LEACCO AF020 (valge)\" width=\"768\" height=\"489\" srcset=\"https:\/\/blankpage.ee\/_ruumist-ruumi\/wp-content\/uploads\/2024\/11\/Kuumaohufrituur-LEACCO-AF020-valge-3-768x489.webp 768w, https:\/\/blankpage.ee\/_ruumist-ruumi\/wp-content\/uploads\/2024\/11\/Kuumaohufrituur-LEACCO-AF020-valge-3-300x191.webp 300w, https:\/\/blankpage.ee\/_ruumist-ruumi\/wp-content\/uploads\/2024\/11\/Kuumaohufrituur-LEACCO-AF020-valge-3-400x255.webp 400w, https:\/\/blankpage.ee\/_ruumist-ruumi\/wp-content\/uploads\/2024\/11\/Kuumaohufrituur-LEACCO-AF020-valge-3-922x587.webp 922w, https:\/\/blankpage.ee\/_ruumist-ruumi\/wp-content\/uploads\/2024\/11\/Kuumaohufrituur-LEACCO-AF020-valge-3.webp 1000w\" sizes=\"auto, (max-width: 768px) 100vw, 768px\" \/><\/p>\n<h3>Komplektis:<\/h3>\n<ul class=\"list-disc\">\n<li>frit\u00fc\u00fcr<\/li>\n<li>kr\u00f5bedaks muutmise plaat<\/li>\n<li>kasutusjuhend<\/li>\n<\/ul>\n<div class=\"table-wrapper\">\n<h3><\/h3>\n<table>\n<tbody>\n<tr>\n<th>Tootja<\/th>\n<td>Leacco<\/td>\n<\/tr>\n<tr>\n<th>Mudel<\/th>\n<td>AF020<\/td>\n<\/tr>\n<tr>\n<th>V\u00e4rv<\/th>\n<td>Valge<\/td>\n<\/tr>\n<tr>\n<th>M\u00f5\u00f5tmed<\/th>\n<td>312 x 372 x 354 mm<\/td>\n<\/tr>\n<tr>\n<th>Mahutavus<\/th>\n<td>4,5 l<\/td>\n<\/tr>\n<tr>\n<th>Temperatuur<\/th>\n<td>40\u00b0C-200\u00b0C<\/td>\n<\/tr>\n<tr>\n<th>Sisendvool<\/th>\n<td>220V, 50\/60 Hz<\/td>\n<\/tr>\n<tr>\n<th>Nimiv\u00f5imsus<\/th>\n<td>1050 W<\/td>\n<\/tr>\n<tr>\n<th>Kiirus<\/th>\n<td>2500\u00b1200 rpm<\/td>\n<\/tr>\n<tr>\n<th>Kaal<\/th>\n<td>4,5 kg<\/td>\n<\/tr>\n<tr>\n<th>Materjal<\/th>\n<td>Kleepumisvastane keraamiline kate<\/td>\n<\/tr>\n<tr>\n<th>Re\u017eiimide arv<\/th>\n<td>8<\/td>\n<\/tr>\n<tr>\n<th>Toitejuhtme pikkus<\/th>\n<td>900 mm<\/td>\n<\/tr>\n<tr>\n<th>K\u00fctteviis<\/th>\n<td>K\u00fcttetoru<\/td>\n<\/tr>\n<\/tbody>\n<\/table>\n<\/div>\n","protected":false},"excerpt":{"rendered":"<p>LEACCO 4,5L 1050W rasvavaba kuuma\u00f5hufrit\u00fc\u00fcr AF020 (valge) Kuuma\u00f5hurit\u00fc\u00fcr on ideaalne lahendus inimestele, kes soovivad v\u00e4hendada tarbitava rasva hulka, loobumata oma lemmiktoitudest! Leacco AF020 frit\u00fc\u00fcr v\u00f5imaldab valmistada maitsvaid ja tervislikke toite, kasutades kuuma \u00f5hku. See v\u00f5imaldab valida kuni 8 t\u00f6\u00f6re\u017eiimi vahel, nii et saate h\u00f5lpsasti kohandada selle t\u00f6\u00f6d vastavalt oma vajadustele. Suur aken v\u00f5imaldab teil mugavalt [&hellip;]<\/p>\n","protected":false},"featured_media":11903,"comment_status":"open","ping_status":"closed","template":"","meta":[],"product_brand":[],"product_cat":[814],"product_tag":[],"class_list":{"0":"post-11902","1":"product","2":"type-product","3":"status-publish","4":"has-post-thumbnail","6":"product_cat-kuumaohufrituurid","7":"product_shipping_class-innpro","9":"first","10":"instock","11":"sale","12":"taxable","13":"shipping-taxable","14":"purchasable","15":"product-type-simple"},"_links":{"self":[{"href":"https:\/\/blankpage.ee\/_ruumist-ruumi\/wp-json\/wp\/v2\/product\/11902","targetHints":{"allow":["GET"]}}],"collection":[{"href":"https:\/\/blankpage.ee\/_ruumist-ruumi\/wp-json\/wp\/v2\/product"}],"about":[{"href":"https:\/\/blankpage.ee\/_ruumist-ruumi\/wp-json\/wp\/v2\/types\/product"}],"replies":[{"embeddable":true,"href":"https:\/\/blankpage.ee\/_ruumist-ruumi\/wp-json\/wp\/v2\/comments?post=11902"}],"wp:featuredmedia":[{"embeddable":true,"href":"https:\/\/blankpage.ee\/_ruumist-ruumi\/wp-json\/wp\/v2\/media\/11903"}],"wp:attachment":[{"href":"https:\/\/blankpage.ee\/_ruumist-ruumi\/wp-json\/wp\/v2\/media?parent=11902"}],"wp:term":[{"taxonomy":"product_brand","embeddable":true,"href":"https:\/\/blankpage.ee\/_ruumist-ruumi\/wp-json\/wp\/v2\/product_brand?post=11902"},{"taxonomy":"product_cat","embeddable":true,"href":"https:\/\/blankpage.ee\/_ruumist-ruumi\/wp-json\/wp\/v2\/product_cat?post=11902"},{"taxonomy":"product_tag","embeddable":true,"href":"https:\/\/blankpage.ee\/_ruumist-ruumi\/wp-json\/wp\/v2\/product_tag?post=11902"}],"curies":[{"name":"wp","href":"https:\/\/api.w.org\/{rel}","templated":true}]}}