{"id":11904,"date":"2024-11-28T15:25:33","date_gmt":"2024-11-28T15:25:33","guid":{"rendered":"https:\/\/ruumistruumi.ee\/?post_type=product&#038;p=11904"},"modified":"2025-08-21T08:21:48","modified_gmt":"2025-08-21T08:21:48","slug":"kuumaohufrituur-deerma-dem-kz30w","status":"publish","type":"product","link":"https:\/\/blankpage.ee\/_ruumist-ruumi\/pood\/kuumaohufrituur-deerma-dem-kz30w\/","title":{"rendered":"Kuuma\u00f5hufrit\u00fc\u00fcr Deerma DEM-KZ30W, 3L"},"content":{"rendered":"<h3>Deerma DEM-KZ30W rasvavaba kuuma\u00f5hufrit\u00fc\u00fcr.<\/h3>\n<p>Deerma DEM-KZ30W rasvavaba kuuma\u00f5hufrit\u00fc\u00fcr tagab ideaalselt kr\u00f5beda ja mahlase toidu. Seade kasutab k\u00f5rgetemperatuurilist \u00f5huringlust, et k\u00fcpsetada \u00fchtlaselt, s\u00e4ilitades samal ajal toidu loomuliku maitse ja mahlad. Intuitiivne juhtpaneel koos nupuga v\u00f5imaldab h\u00f5lpsalt reguleerida aega ja temperatuuri. L\u00e4bipaistev kaas aknaga v\u00f5imaldab j\u00e4lgida k\u00fcpsetusprotsessi ning 3-liitrine maht v\u00f5imaldab mugavalt valmistada toitu kogu perele. Lisaks tagavad automaatne v\u00e4ljal\u00fclitusfunktsioon, kui korv eemaldatakse, ja lihtne puhastamine kasutusmugavuse ja ohutuse.<\/p>\n<p><img loading=\"lazy\" decoding=\"async\" class=\"alignnone size-medium_large wp-image-12123\" src=\"https:\/\/blankpage.ee\/_ruumist-ruumi\/wp-content\/uploads\/2024\/11\/Kuumaohufrituur-Deerma-DEM-KZ30W-3-768x489.webp\" alt=\"Kuuma\u00f5hufrit\u00fc\u00fcr Deerma DEM-KZ30W\" width=\"768\" height=\"489\" srcset=\"https:\/\/blankpage.ee\/_ruumist-ruumi\/wp-content\/uploads\/2024\/11\/Kuumaohufrituur-Deerma-DEM-KZ30W-3-768x489.webp 768w, https:\/\/blankpage.ee\/_ruumist-ruumi\/wp-content\/uploads\/2024\/11\/Kuumaohufrituur-Deerma-DEM-KZ30W-3-300x191.webp 300w, https:\/\/blankpage.ee\/_ruumist-ruumi\/wp-content\/uploads\/2024\/11\/Kuumaohufrituur-Deerma-DEM-KZ30W-3-400x255.webp 400w, https:\/\/blankpage.ee\/_ruumist-ruumi\/wp-content\/uploads\/2024\/11\/Kuumaohufrituur-Deerma-DEM-KZ30W-3-922x587.webp 922w, https:\/\/blankpage.ee\/_ruumist-ruumi\/wp-content\/uploads\/2024\/11\/Kuumaohufrituur-Deerma-DEM-KZ30W-3.webp 1000w\" sizes=\"auto, (max-width: 768px) 100vw, 768px\" \/><\/p>\n<h3>Tervislik ja madala kalorsusega toiduvalmistamine<\/h3>\n<p>Juhi tervislikumat eluviisi, loobumata maitsva toidu nautimisest. Deerma DEM-KZ30W frit\u00fc\u00fcr v\u00e4listab vajaduse kasutada palju \u00f5li. Selles valmistatud toidud on madala kalorsusega, s\u00e4ilitades samas t\u00e4ieliku maitse. K\u00f5rge temperatuur tihendab t\u00f5husalt mahlad toidus, luues kr\u00f5beda kooriku ja mahlase sisemuse.<\/p>\n<p><img loading=\"lazy\" decoding=\"async\" class=\"alignnone size-medium_large wp-image-12128\" src=\"https:\/\/blankpage.ee\/_ruumist-ruumi\/wp-content\/uploads\/2024\/11\/Kuumaohufrituur-Deerma-DEM-KZ30W-2-768x489.webp\" alt=\"Kuuma\u00f5hufrit\u00fc\u00fcr Deerma DEM-KZ30W\" width=\"768\" height=\"489\" srcset=\"https:\/\/blankpage.ee\/_ruumist-ruumi\/wp-content\/uploads\/2024\/11\/Kuumaohufrituur-Deerma-DEM-KZ30W-2-768x489.webp 768w, https:\/\/blankpage.ee\/_ruumist-ruumi\/wp-content\/uploads\/2024\/11\/Kuumaohufrituur-Deerma-DEM-KZ30W-2-300x191.webp 300w, https:\/\/blankpage.ee\/_ruumist-ruumi\/wp-content\/uploads\/2024\/11\/Kuumaohufrituur-Deerma-DEM-KZ30W-2-400x255.webp 400w, https:\/\/blankpage.ee\/_ruumist-ruumi\/wp-content\/uploads\/2024\/11\/Kuumaohufrituur-Deerma-DEM-KZ30W-2-922x587.webp 922w, https:\/\/blankpage.ee\/_ruumist-ruumi\/wp-content\/uploads\/2024\/11\/Kuumaohufrituur-Deerma-DEM-KZ30W-2.webp 1000w\" sizes=\"auto, (max-width: 768px) 100vw, 768px\" \/><\/p>\n<h3>\u00dchtlane k\u00fcpsetamine<\/h3>\n<p>T\u00e4nu arenenud \u00f5huringluss\u00fcsteemile tagab seade 360-kraadise \u00fchtlase k\u00fcpsetamise, mille tulemuseks on ideaalselt pruunistunud toit. Frit\u00fc\u00fcr tagab t\u00e4iusliku kr\u00f5beduse v\u00e4ljast ja mahlakuse seest.<\/p>\n<p><img loading=\"lazy\" decoding=\"async\" class=\"alignnone size-medium_large wp-image-12125\" src=\"https:\/\/blankpage.ee\/_ruumist-ruumi\/wp-content\/uploads\/2024\/11\/Kuumaohufrituur-Deerma-DEM-KZ30W-5-768x489.webp\" alt=\"Kuuma\u00f5hufrit\u00fc\u00fcr Deerma DEM-KZ30W\" width=\"768\" height=\"489\" srcset=\"https:\/\/blankpage.ee\/_ruumist-ruumi\/wp-content\/uploads\/2024\/11\/Kuumaohufrituur-Deerma-DEM-KZ30W-5-768x489.webp 768w, https:\/\/blankpage.ee\/_ruumist-ruumi\/wp-content\/uploads\/2024\/11\/Kuumaohufrituur-Deerma-DEM-KZ30W-5-300x191.webp 300w, https:\/\/blankpage.ee\/_ruumist-ruumi\/wp-content\/uploads\/2024\/11\/Kuumaohufrituur-Deerma-DEM-KZ30W-5-400x255.webp 400w, https:\/\/blankpage.ee\/_ruumist-ruumi\/wp-content\/uploads\/2024\/11\/Kuumaohufrituur-Deerma-DEM-KZ30W-5-922x587.webp 922w, https:\/\/blankpage.ee\/_ruumist-ruumi\/wp-content\/uploads\/2024\/11\/Kuumaohufrituur-Deerma-DEM-KZ30W-5.webp 1000w\" sizes=\"auto, (max-width: 768px) 100vw, 768px\" \/><\/p>\n<h3>Kulinaarne inspiratsioon<\/h3>\n<p>Alusta oma kulinaarset seiklust Deerma DEM-KZ30W-ga &#8211; seade pakub mitmesuguseid juhiseid, mis aitavad valmistada uusi, maitsvaid suupisteid. T\u00e4nu frit\u00fc\u00fcri \u00fclaosas olevatele soovitustele saad katsetada, luues tervislikke ja maitsvaid roogasid igaks juhuks. Vali lihtsalt sobiv programm, et nautida valmistoite vaid hetkega.<\/p>\n<p><img loading=\"lazy\" decoding=\"async\" class=\"alignnone size-medium_large wp-image-12127\" src=\"https:\/\/blankpage.ee\/_ruumist-ruumi\/wp-content\/uploads\/2024\/11\/Kuumaohufrituur-Deerma-DEM-KZ30W-7-768x489.webp\" alt=\"Kuuma\u00f5hufrit\u00fc\u00fcr Deerma DEM-KZ30W\" width=\"768\" height=\"489\" srcset=\"https:\/\/blankpage.ee\/_ruumist-ruumi\/wp-content\/uploads\/2024\/11\/Kuumaohufrituur-Deerma-DEM-KZ30W-7-768x489.webp 768w, https:\/\/blankpage.ee\/_ruumist-ruumi\/wp-content\/uploads\/2024\/11\/Kuumaohufrituur-Deerma-DEM-KZ30W-7-300x191.webp 300w, https:\/\/blankpage.ee\/_ruumist-ruumi\/wp-content\/uploads\/2024\/11\/Kuumaohufrituur-Deerma-DEM-KZ30W-7-400x255.webp 400w, https:\/\/blankpage.ee\/_ruumist-ruumi\/wp-content\/uploads\/2024\/11\/Kuumaohufrituur-Deerma-DEM-KZ30W-7-922x587.webp 922w, https:\/\/blankpage.ee\/_ruumist-ruumi\/wp-content\/uploads\/2024\/11\/Kuumaohufrituur-Deerma-DEM-KZ30W-7.webp 1000w\" sizes=\"auto, (max-width: 768px) 100vw, 768px\" \/><\/p>\n<h3>Intuitiivne kasutamine ja multifunktsionaalsus<\/h3>\n<p>Reguleerimisnupp v\u00f5imaldab seadistada temperatuuri ja k\u00fcpsetusaega, nii et isegi algajad kokad saavad h\u00f5lpsalt maitsvaid toite valmistada. Frit\u00fc\u00fcr pakub ka mitmeid k\u00fcpsetusprogramme, mis v\u00f5imaldavad valmistada erinevaid roogasid alates friikartulitest kuni kookideni. Lisaks l\u00fclitub seade automaatselt v\u00e4lja, kui korv v\u00e4lja t\u00f5mmatakse, muutes selle kasutamise ohutumaks ja v\u00e4hendades p\u00f5letuste riski.<\/p>\n<p><img loading=\"lazy\" decoding=\"async\" class=\"alignnone size-medium_large wp-image-12124\" src=\"https:\/\/blankpage.ee\/_ruumist-ruumi\/wp-content\/uploads\/2024\/11\/Kuumaohufrituur-Deerma-DEM-KZ30W-4-768x489.webp\" alt=\"Kuuma\u00f5hufrit\u00fc\u00fcr Deerma DEM-KZ30W\" width=\"768\" height=\"489\" srcset=\"https:\/\/blankpage.ee\/_ruumist-ruumi\/wp-content\/uploads\/2024\/11\/Kuumaohufrituur-Deerma-DEM-KZ30W-4-768x489.webp 768w, https:\/\/blankpage.ee\/_ruumist-ruumi\/wp-content\/uploads\/2024\/11\/Kuumaohufrituur-Deerma-DEM-KZ30W-4-300x191.webp 300w, https:\/\/blankpage.ee\/_ruumist-ruumi\/wp-content\/uploads\/2024\/11\/Kuumaohufrituur-Deerma-DEM-KZ30W-4-400x255.webp 400w, https:\/\/blankpage.ee\/_ruumist-ruumi\/wp-content\/uploads\/2024\/11\/Kuumaohufrituur-Deerma-DEM-KZ30W-4-922x587.webp 922w, https:\/\/blankpage.ee\/_ruumist-ruumi\/wp-content\/uploads\/2024\/11\/Kuumaohufrituur-Deerma-DEM-KZ30W-4.webp 1000w\" sizes=\"auto, (max-width: 768px) 100vw, 768px\" \/><\/p>\n<h3>L\u00e4bim\u00f5eldud disain<\/h3>\n<p>K\u00fcpsetuskast ja -alus on valmistatud toiduga kokkupuutumiseks ohututest materjalidest. Frit\u00fc\u00fcri puhastamine ei tekita raskusi &#8211; selle osi saab h\u00f5lpsasti lahti v\u00f5tta toiduj\u00e4\u00e4kide eemaldamiseks. R\u00f6stimisaluse disain v\u00f5imaldab rasval ja \u00f5lil tilkuda toidust korvi p\u00f5hja, mis v\u00f5ib aidata v\u00e4hendada k\u00fcpsetatud toidu rasvasisaldust.<\/p>\n<p><img loading=\"lazy\" decoding=\"async\" class=\"alignnone size-medium_large wp-image-12126\" src=\"https:\/\/blankpage.ee\/_ruumist-ruumi\/wp-content\/uploads\/2024\/11\/Kuumaohufrituur-Deerma-DEM-KZ30W-6-768x489.webp\" alt=\"Kuuma\u00f5hufrit\u00fc\u00fcr Deerma DEM-KZ30W\" width=\"768\" height=\"489\" srcset=\"https:\/\/blankpage.ee\/_ruumist-ruumi\/wp-content\/uploads\/2024\/11\/Kuumaohufrituur-Deerma-DEM-KZ30W-6-768x489.webp 768w, https:\/\/blankpage.ee\/_ruumist-ruumi\/wp-content\/uploads\/2024\/11\/Kuumaohufrituur-Deerma-DEM-KZ30W-6-300x191.webp 300w, https:\/\/blankpage.ee\/_ruumist-ruumi\/wp-content\/uploads\/2024\/11\/Kuumaohufrituur-Deerma-DEM-KZ30W-6-400x255.webp 400w, https:\/\/blankpage.ee\/_ruumist-ruumi\/wp-content\/uploads\/2024\/11\/Kuumaohufrituur-Deerma-DEM-KZ30W-6-922x587.webp 922w, https:\/\/blankpage.ee\/_ruumist-ruumi\/wp-content\/uploads\/2024\/11\/Kuumaohufrituur-Deerma-DEM-KZ30W-6.webp 1000w\" sizes=\"auto, (max-width: 768px) 100vw, 768px\" \/><\/p>\n<h3>Komplektis:<\/h3>\n<ul class=\"list-disc\">\n<li>Deerma DEM-KZ30W rasvavaba frit\u00fc\u00fcr.<\/li>\n<li>K\u00fcpsetusalus<\/li>\n<li>Kasutusjuhend<\/li>\n<\/ul>\n<div class=\"table-wrapper\">\n<h3><\/h3>\n<table>\n<tbody>\n<tr>\n<th>Tootja<\/th>\n<td>Deerma<\/td>\n<\/tr>\n<tr>\n<th>Mudel<\/th>\n<td>DEM-KZ30W<\/td>\n<\/tr>\n<tr>\n<th>Nimipinge<\/th>\n<td>220-240V~<\/td>\n<\/tr>\n<tr>\n<th>Nimisagedus<\/th>\n<td>50-60Hz<\/td>\n<\/tr>\n<tr>\n<th>Nimiv\u00f5imsus<\/th>\n<td>1200 W<\/td>\n<\/tr>\n<tr>\n<th>Nimimaht<\/th>\n<td>3 l<\/td>\n<\/tr>\n<tr>\n<th>Kaal<\/th>\n<td>2.7 kg<\/td>\n<\/tr>\n<tr>\n<th>M\u00f5\u00f5tmed<\/th>\n<td>235 x 225 x 275 mm<\/td>\n<\/tr>\n<\/tbody>\n<\/table>\n<\/div>\n","protected":false},"excerpt":{"rendered":"<p>Deerma DEM-KZ30W rasvavaba kuuma\u00f5hufrit\u00fc\u00fcr. Deerma DEM-KZ30W rasvavaba kuuma\u00f5hufrit\u00fc\u00fcr tagab ideaalselt kr\u00f5beda ja mahlase toidu. Seade kasutab k\u00f5rgetemperatuurilist \u00f5huringlust, et k\u00fcpsetada \u00fchtlaselt, s\u00e4ilitades samal ajal toidu loomuliku maitse ja mahlad. Intuitiivne juhtpaneel koos nupuga v\u00f5imaldab h\u00f5lpsalt reguleerida aega ja temperatuuri. L\u00e4bipaistev kaas aknaga v\u00f5imaldab j\u00e4lgida k\u00fcpsetusprotsessi ning 3-liitrine maht v\u00f5imaldab mugavalt valmistada toitu kogu perele. Lisaks [&hellip;]<\/p>\n","protected":false},"featured_media":11905,"comment_status":"open","ping_status":"closed","template":"","meta":[],"product_brand":[],"product_cat":[814],"product_tag":[],"class_list":{"0":"post-11904","1":"product","2":"type-product","3":"status-publish","4":"has-post-thumbnail","6":"product_cat-kuumaohufrituurid","7":"product_shipping_class-innpro","9":"first","10":"instock","11":"sale","12":"taxable","13":"shipping-taxable","14":"purchasable","15":"product-type-simple"},"_links":{"self":[{"href":"https:\/\/blankpage.ee\/_ruumist-ruumi\/wp-json\/wp\/v2\/product\/11904","targetHints":{"allow":["GET"]}}],"collection":[{"href":"https:\/\/blankpage.ee\/_ruumist-ruumi\/wp-json\/wp\/v2\/product"}],"about":[{"href":"https:\/\/blankpage.ee\/_ruumist-ruumi\/wp-json\/wp\/v2\/types\/product"}],"replies":[{"embeddable":true,"href":"https:\/\/blankpage.ee\/_ruumist-ruumi\/wp-json\/wp\/v2\/comments?post=11904"}],"wp:featuredmedia":[{"embeddable":true,"href":"https:\/\/blankpage.ee\/_ruumist-ruumi\/wp-json\/wp\/v2\/media\/11905"}],"wp:attachment":[{"href":"https:\/\/blankpage.ee\/_ruumist-ruumi\/wp-json\/wp\/v2\/media?parent=11904"}],"wp:term":[{"taxonomy":"product_brand","embeddable":true,"href":"https:\/\/blankpage.ee\/_ruumist-ruumi\/wp-json\/wp\/v2\/product_brand?post=11904"},{"taxonomy":"product_cat","embeddable":true,"href":"https:\/\/blankpage.ee\/_ruumist-ruumi\/wp-json\/wp\/v2\/product_cat?post=11904"},{"taxonomy":"product_tag","embeddable":true,"href":"https:\/\/blankpage.ee\/_ruumist-ruumi\/wp-json\/wp\/v2\/product_tag?post=11904"}],"curies":[{"name":"wp","href":"https:\/\/api.w.org\/{rel}","templated":true}]}}