{"id":11907,"date":"2024-11-28T15:42:26","date_gmt":"2024-11-28T15:42:26","guid":{"rendered":"https:\/\/ruumistruumi.ee\/?post_type=product&#038;p=11907"},"modified":"2025-08-21T08:21:46","modified_gmt":"2025-08-21T08:21:46","slug":"toidublender-deerma-js100","status":"publish","type":"product","link":"https:\/\/blankpage.ee\/_ruumist-ruumi\/pood\/toidublender-deerma-js100\/","title":{"rendered":"Toidublender Deerma JS100"},"content":{"rendered":"<h3>Toidublender, mida vajate<\/h3>\n<p>Deerma JS100 on kompaktne elektriline toidublender, mis sobib ideaalselt mitte ainult igasse k\u00f6\u00f6ki, vaid ka reisil olles. T\u00e4nu mahukale akule saab seda \u00fche laadimisega kasutada kuni 30 korda. V\u00f5imas mootor tagab seadme k\u00f5rge efektiivsuse ja mugav nupp muudab selle kasutamise lihtsaks. Komplektis on ka v\u00e4ike kaabits, millega saate konteineri seinad p\u00f5hjalikult toiduj\u00e4\u00e4kidest puhastada.<\/p>\n<p><img loading=\"lazy\" decoding=\"async\" class=\"alignnone size-medium_large wp-image-49987\" src=\"https:\/\/blankpage.ee\/_ruumist-ruumi\/wp-content\/uploads\/2024\/11\/Toidublender-Deerma-JS100-1-768x489.jpg\" alt=\"Toidublender Deerma JS100\" width=\"768\" height=\"489\" srcset=\"https:\/\/blankpage.ee\/_ruumist-ruumi\/wp-content\/uploads\/2024\/11\/Toidublender-Deerma-JS100-1-768x489.jpg 768w, https:\/\/blankpage.ee\/_ruumist-ruumi\/wp-content\/uploads\/2024\/11\/Toidublender-Deerma-JS100-1-300x191.jpg 300w, https:\/\/blankpage.ee\/_ruumist-ruumi\/wp-content\/uploads\/2024\/11\/Toidublender-Deerma-JS100-1-400x255.jpg 400w, https:\/\/blankpage.ee\/_ruumist-ruumi\/wp-content\/uploads\/2024\/11\/Toidublender-Deerma-JS100-1-922x587.jpg 922w, https:\/\/blankpage.ee\/_ruumist-ruumi\/wp-content\/uploads\/2024\/11\/Toidublender-Deerma-JS100-1.jpg 1000w\" sizes=\"auto, (max-width: 768px) 100vw, 768px\" \/><\/p>\n<h3>Pikk aku t\u00f6\u00f6aeg<\/h3>\n<p>Blender on varustatud 1500 mAh akuga, mis tagab muljetavaldavalt pika t\u00f6\u00f6aja. Seadet saab mugavalt laadida USB-C kaabli abil &#8211; see v\u00f5tab aega vaid umbes 2 tundi! Te ei pea muretsema, et peate seda liiga sageli laadima. Deerma JS100 \u00fcllatab teid oma j\u00f5udlusega.<\/p>\n<p><img loading=\"lazy\" decoding=\"async\" class=\"alignnone size-medium_large wp-image-49988\" src=\"https:\/\/blankpage.ee\/_ruumist-ruumi\/wp-content\/uploads\/2024\/11\/Toidublender-Deerma-JS100-2-768x490.jpg\" alt=\"Toidublender Deerma JS100\" width=\"768\" height=\"490\" srcset=\"https:\/\/blankpage.ee\/_ruumist-ruumi\/wp-content\/uploads\/2024\/11\/Toidublender-Deerma-JS100-2-768x490.jpg 768w, https:\/\/blankpage.ee\/_ruumist-ruumi\/wp-content\/uploads\/2024\/11\/Toidublender-Deerma-JS100-2-300x191.jpg 300w, https:\/\/blankpage.ee\/_ruumist-ruumi\/wp-content\/uploads\/2024\/11\/Toidublender-Deerma-JS100-2-400x255.jpg 400w, https:\/\/blankpage.ee\/_ruumist-ruumi\/wp-content\/uploads\/2024\/11\/Toidublender-Deerma-JS100-2-922x588.jpg 922w, https:\/\/blankpage.ee\/_ruumist-ruumi\/wp-content\/uploads\/2024\/11\/Toidublender-Deerma-JS100-2.jpg 1000w\" sizes=\"auto, (max-width: 768px) 100vw, 768px\" \/><\/p>\n<h3>Mikserdab toitu v\u00e4ga kiiresti<\/h3>\n<p>JS100 mootor on v\u00e4ga v\u00f5imas. See suudab toitu blenderdada kuni 60 korda sekundis. Seega, olenemata sellest, mida soovite valmistada, teeb see funktsionaalne seade oma t\u00f6\u00f6 suurep\u00e4raselt. See mikserdab k\u00f6\u00f6giviljad, puuviljad v\u00f5i liha hetkega. Sellega saate kiiresti valmistada ka k\u00fc\u00fcslauku ja muid maitseaineid.<\/p>\n<p><img loading=\"lazy\" decoding=\"async\" class=\"alignnone size-medium_large wp-image-49989\" src=\"https:\/\/blankpage.ee\/_ruumist-ruumi\/wp-content\/uploads\/2024\/11\/Toidublender-Deerma-JS100-3-768x489.jpg\" alt=\"Toidublender Deerma JS100\" width=\"768\" height=\"489\" srcset=\"https:\/\/blankpage.ee\/_ruumist-ruumi\/wp-content\/uploads\/2024\/11\/Toidublender-Deerma-JS100-3-768x489.jpg 768w, https:\/\/blankpage.ee\/_ruumist-ruumi\/wp-content\/uploads\/2024\/11\/Toidublender-Deerma-JS100-3-300x191.jpg 300w, https:\/\/blankpage.ee\/_ruumist-ruumi\/wp-content\/uploads\/2024\/11\/Toidublender-Deerma-JS100-3-400x255.jpg 400w, https:\/\/blankpage.ee\/_ruumist-ruumi\/wp-content\/uploads\/2024\/11\/Toidublender-Deerma-JS100-3-922x587.jpg 922w, https:\/\/blankpage.ee\/_ruumist-ruumi\/wp-content\/uploads\/2024\/11\/Toidublender-Deerma-JS100-3.jpg 1000w\" sizes=\"auto, (max-width: 768px) 100vw, 768px\" \/><\/p>\n<h3>Lihtne kasutada<\/h3>\n<p>Seadme kasutamine on uskumatult lihtne. Paigaldage terad, asetage toit konteinerisse ja sulgege kaas. Seej\u00e4rel vajutage lihtsalt kaanel asuvat suurt nuppu. Kui mikserdamine on valmis, t\u00fchjendage see lihtsalt! Kaasasolev kaabits teeb selle teile lihtsamaks. See on k\u00f5ik, mida on vaja, et nautida iga p\u00e4ev t\u00e4iuslikult valmistatud toitu.<\/p>\n<p><img loading=\"lazy\" decoding=\"async\" class=\"alignnone size-medium_large wp-image-49990\" src=\"https:\/\/blankpage.ee\/_ruumist-ruumi\/wp-content\/uploads\/2024\/11\/Toidublender-Deerma-JS100-4-768x489.jpg\" alt=\"Toidublender Deerma JS100\" width=\"768\" height=\"489\" srcset=\"https:\/\/blankpage.ee\/_ruumist-ruumi\/wp-content\/uploads\/2024\/11\/Toidublender-Deerma-JS100-4-768x489.jpg 768w, https:\/\/blankpage.ee\/_ruumist-ruumi\/wp-content\/uploads\/2024\/11\/Toidublender-Deerma-JS100-4-300x191.jpg 300w, https:\/\/blankpage.ee\/_ruumist-ruumi\/wp-content\/uploads\/2024\/11\/Toidublender-Deerma-JS100-4-400x255.jpg 400w, https:\/\/blankpage.ee\/_ruumist-ruumi\/wp-content\/uploads\/2024\/11\/Toidublender-Deerma-JS100-4-922x587.jpg 922w, https:\/\/blankpage.ee\/_ruumist-ruumi\/wp-content\/uploads\/2024\/11\/Toidublender-Deerma-JS100-4.jpg 1000w\" sizes=\"auto, (max-width: 768px) 100vw, 768px\" \/><\/p>\n<h3>Ohutu kasutada<\/h3>\n<p>150 ml AS plastikust konteiner on l\u00e4bipaistev, nii et n\u00e4ete kogu aeg, mis teie toiduga toimub. Terad on valmistatud vastupidavast roostevabast terasest. M\u00f5lemad hakkija osad on t\u00e4iesti ohutud ja ei kujuta toiduga kokkupuutel ohtu. Neid saab ka voolava vee all pesta ja kuumusega desinfitseerida, et hoida see puhas ja ohutu. Hakkija on funktsionaalsuse ja kompaktsuse edukas kombinatsioon. Selle v\u00e4ikesed m\u00f5\u00f5tmed 90x90x112 mm t\u00e4hendavad, et see ei v\u00f5ta liiga palju ruumi. See muudab selle ideaalseks ka v\u00e4ikestesse k\u00f6\u00f6kidesse. See v\u00e4ike suurus koos kerge kaaluga t\u00e4hendab, et saate selle endaga kaasa v\u00f5tta kuhu iganes &#8211; puhkusele, piknikule v\u00f5i matkaautosse.<\/p>\n<p><img loading=\"lazy\" decoding=\"async\" class=\"alignnone size-medium_large wp-image-49991\" src=\"https:\/\/blankpage.ee\/_ruumist-ruumi\/wp-content\/uploads\/2024\/11\/Toidublender-Deerma-JS100-5-768x488.jpg\" alt=\"Toidublender Deerma JS100\" width=\"768\" height=\"488\" srcset=\"https:\/\/blankpage.ee\/_ruumist-ruumi\/wp-content\/uploads\/2024\/11\/Toidublender-Deerma-JS100-5-768x488.jpg 768w, https:\/\/blankpage.ee\/_ruumist-ruumi\/wp-content\/uploads\/2024\/11\/Toidublender-Deerma-JS100-5-300x191.jpg 300w, https:\/\/blankpage.ee\/_ruumist-ruumi\/wp-content\/uploads\/2024\/11\/Toidublender-Deerma-JS100-5-400x254.jpg 400w, https:\/\/blankpage.ee\/_ruumist-ruumi\/wp-content\/uploads\/2024\/11\/Toidublender-Deerma-JS100-5-922x586.jpg 922w, https:\/\/blankpage.ee\/_ruumist-ruumi\/wp-content\/uploads\/2024\/11\/Toidublender-Deerma-JS100-5.jpg 1000w\" sizes=\"auto, (max-width: 768px) 100vw, 768px\" \/><\/p>\n<div class=\"table-wrapper\">\n<table>\n<tbody>\n<tr>\n<th>Br\u00e4nd<\/th>\n<td>Deerma<\/td>\n<\/tr>\n<tr>\n<th>Mudel<\/th>\n<td>JS100<\/td>\n<\/tr>\n<tr>\n<th>V\u00f5imsuse tarbimine<\/th>\n<td>40W<\/td>\n<\/tr>\n<tr>\n<th>Toiteallikas<\/th>\n<td>DC 3.7V \/ 11A<\/td>\n<\/tr>\n<tr>\n<th>M\u00f5\u00f5tmed<\/th>\n<td>90 x 90 x 112 mm<\/td>\n<\/tr>\n<tr>\n<th>Mahutavus<\/th>\n<td>150ml<\/td>\n<\/tr>\n<tr>\n<th>Laadimisaeg<\/th>\n<td>Umbes 2h<\/td>\n<\/tr>\n<tr>\n<th>T\u00f6\u00f6aeg<\/th>\n<td>Kuni 30s<\/td>\n<\/tr>\n<tr>\n<th>Aku<\/th>\n<td>1500mAH<\/td>\n<\/tr>\n<\/tbody>\n<\/table>\n<\/div>\n","protected":false},"excerpt":{"rendered":"<p>Toidublender, mida vajate Deerma JS100 on kompaktne elektriline toidublender, mis sobib ideaalselt mitte ainult igasse k\u00f6\u00f6ki, vaid ka reisil olles. T\u00e4nu mahukale akule saab seda \u00fche laadimisega kasutada kuni 30 korda. V\u00f5imas mootor tagab seadme k\u00f5rge efektiivsuse ja mugav nupp muudab selle kasutamise lihtsaks. Komplektis on ka v\u00e4ike kaabits, millega saate konteineri seinad p\u00f5hjalikult toiduj\u00e4\u00e4kidest [&hellip;]<\/p>\n","protected":false},"featured_media":11908,"comment_status":"open","ping_status":"closed","template":"","meta":[],"product_brand":[],"product_cat":[816],"product_tag":[],"class_list":{"0":"post-11907","1":"product","2":"type-product","3":"status-publish","4":"has-post-thumbnail","6":"product_cat-blenderid","7":"product_shipping_class-innpro","9":"first","10":"instock","11":"sale","12":"taxable","13":"shipping-taxable","14":"purchasable","15":"product-type-simple"},"_links":{"self":[{"href":"https:\/\/blankpage.ee\/_ruumist-ruumi\/wp-json\/wp\/v2\/product\/11907","targetHints":{"allow":["GET"]}}],"collection":[{"href":"https:\/\/blankpage.ee\/_ruumist-ruumi\/wp-json\/wp\/v2\/product"}],"about":[{"href":"https:\/\/blankpage.ee\/_ruumist-ruumi\/wp-json\/wp\/v2\/types\/product"}],"replies":[{"embeddable":true,"href":"https:\/\/blankpage.ee\/_ruumist-ruumi\/wp-json\/wp\/v2\/comments?post=11907"}],"wp:featuredmedia":[{"embeddable":true,"href":"https:\/\/blankpage.ee\/_ruumist-ruumi\/wp-json\/wp\/v2\/media\/11908"}],"wp:attachment":[{"href":"https:\/\/blankpage.ee\/_ruumist-ruumi\/wp-json\/wp\/v2\/media?parent=11907"}],"wp:term":[{"taxonomy":"product_brand","embeddable":true,"href":"https:\/\/blankpage.ee\/_ruumist-ruumi\/wp-json\/wp\/v2\/product_brand?post=11907"},{"taxonomy":"product_cat","embeddable":true,"href":"https:\/\/blankpage.ee\/_ruumist-ruumi\/wp-json\/wp\/v2\/product_cat?post=11907"},{"taxonomy":"product_tag","embeddable":true,"href":"https:\/\/blankpage.ee\/_ruumist-ruumi\/wp-json\/wp\/v2\/product_tag?post=11907"}],"curies":[{"name":"wp","href":"https:\/\/api.w.org\/{rel}","templated":true}]}}