{"id":11917,"date":"2024-11-28T15:42:26","date_gmt":"2024-11-28T15:42:26","guid":{"rendered":"https:\/\/ruumistruumi.ee\/?post_type=product&#038;p=11917"},"modified":"2025-08-21T08:21:46","modified_gmt":"2025-08-21T08:21:46","slug":"blender-deerma-nu01-juhtmevaba","status":"publish","type":"product","link":"https:\/\/blankpage.ee\/_ruumist-ruumi\/pood\/blender-deerma-nu01-juhtmevaba\/","title":{"rendered":"Blender Deerma NU01 juhtmevaba"},"content":{"rendered":"<h3>Deerma NU01 juhtmevaba blender<\/h3>\n<p>Mitmefunktsionaalne Deerma NU01 juhtmevaba blender v\u00f5ib sind saata peaaegu k\u00f5ikjal &#8211; see kaalub vaid 360 g ja pole palju suurem kui nutitelefon. Sa ei saa mitte ainult valmistada maitsvaid mahlasid ja smuutisid, vaid ka p\u00fcreesid lastele. Pikaajaline aku tagab uskumatult pika t\u00f6\u00f6aja ootere\u017eiimis. Kvaliteetne mehhanism ja kuni 15 800 p\/min t\u00f6\u00f6tav mootor tagavad kiire ja p\u00f5hjaliku segamise.<\/p>\n<p><img loading=\"lazy\" decoding=\"async\" class=\"alignnone size-medium_large wp-image-12353\" src=\"https:\/\/blankpage.ee\/_ruumist-ruumi\/wp-content\/uploads\/2024\/11\/Blender-Deerma-NU01-juhtmevaba-4-768x489.jpg\" alt=\"Blender Deerma NU01 juhtmevaba\" width=\"768\" height=\"489\" srcset=\"https:\/\/blankpage.ee\/_ruumist-ruumi\/wp-content\/uploads\/2024\/11\/Blender-Deerma-NU01-juhtmevaba-4-768x489.jpg 768w, https:\/\/blankpage.ee\/_ruumist-ruumi\/wp-content\/uploads\/2024\/11\/Blender-Deerma-NU01-juhtmevaba-4-300x191.jpg 300w, https:\/\/blankpage.ee\/_ruumist-ruumi\/wp-content\/uploads\/2024\/11\/Blender-Deerma-NU01-juhtmevaba-4-1024x653.jpg 1024w, https:\/\/blankpage.ee\/_ruumist-ruumi\/wp-content\/uploads\/2024\/11\/Blender-Deerma-NU01-juhtmevaba-4-400x255.jpg 400w, https:\/\/blankpage.ee\/_ruumist-ruumi\/wp-content\/uploads\/2024\/11\/Blender-Deerma-NU01-juhtmevaba-4-922x588.jpg 922w, https:\/\/blankpage.ee\/_ruumist-ruumi\/wp-content\/uploads\/2024\/11\/Blender-Deerma-NU01-juhtmevaba-4.jpg 1100w\" sizes=\"auto, (max-width: 768px) 100vw, 768px\" \/><\/p>\n<h3>Mitmefunktsionaalne<\/h3>\n<p>See v\u00e4ike Deerma blender \u00fcllatab sind oma funktsionaalsusega. Selle abil saad valmistada mitte ainult v\u00e4rsket, v\u00e4rskendavat mahla, vaid ka \u00f5rna smuutit, maitsvat kokteili, toitvat p\u00fcreed beebile ja palju muid h\u00f5rgutisi. Proovi erinevaid retsepte ja valmista magus jook arbuusist v\u00f5i tervislik segu puuviljadest ja looduslikust jogurtist &#8211; sind piirab ainult sinu kujutlusv\u00f5ime!<\/p>\n<p><img loading=\"lazy\" decoding=\"async\" class=\"alignnone size-medium_large wp-image-12355\" src=\"https:\/\/blankpage.ee\/_ruumist-ruumi\/wp-content\/uploads\/2024\/11\/Blender-Deerma-NU01-juhtmevaba-7-768x489.jpg\" alt=\"Blender Deerma NU01 juhtmevaba\" width=\"768\" height=\"489\" srcset=\"https:\/\/blankpage.ee\/_ruumist-ruumi\/wp-content\/uploads\/2024\/11\/Blender-Deerma-NU01-juhtmevaba-7-768x489.jpg 768w, https:\/\/blankpage.ee\/_ruumist-ruumi\/wp-content\/uploads\/2024\/11\/Blender-Deerma-NU01-juhtmevaba-7-300x191.jpg 300w, https:\/\/blankpage.ee\/_ruumist-ruumi\/wp-content\/uploads\/2024\/11\/Blender-Deerma-NU01-juhtmevaba-7-1024x653.jpg 1024w, https:\/\/blankpage.ee\/_ruumist-ruumi\/wp-content\/uploads\/2024\/11\/Blender-Deerma-NU01-juhtmevaba-7-400x255.jpg 400w, https:\/\/blankpage.ee\/_ruumist-ruumi\/wp-content\/uploads\/2024\/11\/Blender-Deerma-NU01-juhtmevaba-7-922x588.jpg 922w, https:\/\/blankpage.ee\/_ruumist-ruumi\/wp-content\/uploads\/2024\/11\/Blender-Deerma-NU01-juhtmevaba-7.jpg 1100w\" sizes=\"auto, (max-width: 768px) 100vw, 768px\" \/><\/p>\n<h3>Alati kaasas<\/h3>\n<p>N\u00fc\u00fcd saad nautida maitsvat smuutit k\u00f5ikjal, kus oled. Deerma kaasaskantav blender on nii kerge ja k\u00e4ep\u00e4rane, et mahub h\u00f5lpsasti sinu k\u00e4ekotti ning saad selle kaasa v\u00f5tta j\u00f5usaali, reisile, t\u00f6\u00f6le v\u00f5i piknikule. Juhtmevaba disain t\u00e4hendab, et sa ei pea alati kaasas kandma ebapraktilisi kaableid. NU01 abil saad valmistada v\u00e4rskendavat apelsinimahla v\u00f5i maasikasmuutit, kus iganes soovid!<\/p>\n<p><img loading=\"lazy\" decoding=\"async\" class=\"alignnone size-medium_large wp-image-12354\" src=\"https:\/\/blankpage.ee\/_ruumist-ruumi\/wp-content\/uploads\/2024\/11\/Blender-Deerma-NU01-juhtmevaba-5-768x489.jpg\" alt=\"Blender Deerma NU01 juhtmevaba\" width=\"768\" height=\"489\" srcset=\"https:\/\/blankpage.ee\/_ruumist-ruumi\/wp-content\/uploads\/2024\/11\/Blender-Deerma-NU01-juhtmevaba-5-768x489.jpg 768w, https:\/\/blankpage.ee\/_ruumist-ruumi\/wp-content\/uploads\/2024\/11\/Blender-Deerma-NU01-juhtmevaba-5-300x191.jpg 300w, https:\/\/blankpage.ee\/_ruumist-ruumi\/wp-content\/uploads\/2024\/11\/Blender-Deerma-NU01-juhtmevaba-5-1024x653.jpg 1024w, https:\/\/blankpage.ee\/_ruumist-ruumi\/wp-content\/uploads\/2024\/11\/Blender-Deerma-NU01-juhtmevaba-5-400x255.jpg 400w, https:\/\/blankpage.ee\/_ruumist-ruumi\/wp-content\/uploads\/2024\/11\/Blender-Deerma-NU01-juhtmevaba-5-922x588.jpg 922w, https:\/\/blankpage.ee\/_ruumist-ruumi\/wp-content\/uploads\/2024\/11\/Blender-Deerma-NU01-juhtmevaba-5.jpg 1100w\" sizes=\"auto, (max-width: 768px) 100vw, 768px\" \/><\/p>\n<h3>\u00dcllatavalt t\u00f5hus<\/h3>\n<p>Mis veel teeb NU01 blenderi nii suurep\u00e4raseks liikvel olles? 1200mAh pikaajaline aku! T\u00e4islaetud aku suudab valmistada kuni 6 klaasi maitsvat mahla ja v\u00f5ib t\u00f6\u00f6tada ootere\u017eiimis kuni 300 p\u00e4eva. Blenderi laadimiseks \u00fchenda see lihtsalt toiteallikaga (nt seinalaadija, autolaadija v\u00f5i akupank) sisseehitatud USB-pordi kaudu &#8211; umbes 3 tunni p\u00e4rast on see taas kasutusvalmis!<\/p>\n<p><img loading=\"lazy\" decoding=\"async\" class=\"alignnone size-medium_large wp-image-12358\" src=\"https:\/\/blankpage.ee\/_ruumist-ruumi\/wp-content\/uploads\/2024\/11\/Blender-Deerma-NU01-juhtmevaba-16-768x488.jpg\" alt=\"Blender Deerma NU01 juhtmevaba\" width=\"768\" height=\"488\" srcset=\"https:\/\/blankpage.ee\/_ruumist-ruumi\/wp-content\/uploads\/2024\/11\/Blender-Deerma-NU01-juhtmevaba-16-768x488.jpg 768w, https:\/\/blankpage.ee\/_ruumist-ruumi\/wp-content\/uploads\/2024\/11\/Blender-Deerma-NU01-juhtmevaba-16-300x191.jpg 300w, https:\/\/blankpage.ee\/_ruumist-ruumi\/wp-content\/uploads\/2024\/11\/Blender-Deerma-NU01-juhtmevaba-16-1024x651.jpg 1024w, https:\/\/blankpage.ee\/_ruumist-ruumi\/wp-content\/uploads\/2024\/11\/Blender-Deerma-NU01-juhtmevaba-16-400x254.jpg 400w, https:\/\/blankpage.ee\/_ruumist-ruumi\/wp-content\/uploads\/2024\/11\/Blender-Deerma-NU01-juhtmevaba-16-922x586.jpg 922w, https:\/\/blankpage.ee\/_ruumist-ruumi\/wp-content\/uploads\/2024\/11\/Blender-Deerma-NU01-juhtmevaba-16.jpg 1100w\" sizes=\"auto, (max-width: 768px) 100vw, 768px\" \/><\/p>\n<h3>Valmista t\u00e4iuslik kokteil<\/h3>\n<p>Unusta kihilised kokteilid ja ebat\u00e4pselt segatud osakesed. NU01 loob segamise ajal tugevama sisemise p\u00f6\u00f6rise ja selle topelttera purustab t\u00e4pselt k\u00f5ik puu- ja k\u00f6\u00f6giviljad. Seade on varustatud v\u00f5imsa mootoriga, t\u00e4nu millele saab see suurep\u00e4raselt hakkama ka k\u00f5vade koostisosadega &#8211; see purustab isegi j\u00e4\u00e4kuubikud.<\/p>\n<p><img loading=\"lazy\" decoding=\"async\" class=\"alignnone size-medium_large wp-image-12359\" src=\"https:\/\/blankpage.ee\/_ruumist-ruumi\/wp-content\/uploads\/2024\/11\/Blender-Deerma-NU01-juhtmevaba-17-768x488.jpg\" alt=\"Blender Deerma NU01 juhtmevaba\" width=\"768\" height=\"488\" srcset=\"https:\/\/blankpage.ee\/_ruumist-ruumi\/wp-content\/uploads\/2024\/11\/Blender-Deerma-NU01-juhtmevaba-17-768x488.jpg 768w, https:\/\/blankpage.ee\/_ruumist-ruumi\/wp-content\/uploads\/2024\/11\/Blender-Deerma-NU01-juhtmevaba-17-300x191.jpg 300w, https:\/\/blankpage.ee\/_ruumist-ruumi\/wp-content\/uploads\/2024\/11\/Blender-Deerma-NU01-juhtmevaba-17-1024x651.jpg 1024w, https:\/\/blankpage.ee\/_ruumist-ruumi\/wp-content\/uploads\/2024\/11\/Blender-Deerma-NU01-juhtmevaba-17-400x254.jpg 400w, https:\/\/blankpage.ee\/_ruumist-ruumi\/wp-content\/uploads\/2024\/11\/Blender-Deerma-NU01-juhtmevaba-17-922x586.jpg 922w, https:\/\/blankpage.ee\/_ruumist-ruumi\/wp-content\/uploads\/2024\/11\/Blender-Deerma-NU01-juhtmevaba-17.jpg 1101w\" sizes=\"auto, (max-width: 768px) 100vw, 768px\" \/><\/p>\n<h3>Kiire j\u00f5udlus<\/h3>\n<p>Seadme kasutamine on imelihtne. Selle sissel\u00fclitamiseks tuleb toitenuppu kaks korda vajutada &#8211; see lahendus v\u00e4ldib blenderi juhuslikku k\u00e4ivitamist. Kui oled k\u00f5ik koostisosad \u00f5igesse kohta pannud, kulub vaid 45 sekundit, et valmistada maitsev, \u00f5rn smuuti v\u00f5i v\u00e4rskendav mahl. See tagab, et sinu k\u00f6\u00f6giviljad ja puuviljad ei kaota oma toitev\u00e4\u00e4rtust ning sa saad suurep\u00e4rast maitset nautida kiiresti!<\/p>\n<p><img loading=\"lazy\" decoding=\"async\" class=\"alignnone size-medium_large wp-image-12357\" src=\"https:\/\/blankpage.ee\/_ruumist-ruumi\/wp-content\/uploads\/2024\/11\/Blender-Deerma-NU01-juhtmevaba-11-768x488.jpg\" alt=\"Blender Deerma NU01 juhtmevaba\" width=\"768\" height=\"488\" srcset=\"https:\/\/blankpage.ee\/_ruumist-ruumi\/wp-content\/uploads\/2024\/11\/Blender-Deerma-NU01-juhtmevaba-11-768x488.jpg 768w, https:\/\/blankpage.ee\/_ruumist-ruumi\/wp-content\/uploads\/2024\/11\/Blender-Deerma-NU01-juhtmevaba-11-300x191.jpg 300w, https:\/\/blankpage.ee\/_ruumist-ruumi\/wp-content\/uploads\/2024\/11\/Blender-Deerma-NU01-juhtmevaba-11-1024x651.jpg 1024w, https:\/\/blankpage.ee\/_ruumist-ruumi\/wp-content\/uploads\/2024\/11\/Blender-Deerma-NU01-juhtmevaba-11-400x254.jpg 400w, https:\/\/blankpage.ee\/_ruumist-ruumi\/wp-content\/uploads\/2024\/11\/Blender-Deerma-NU01-juhtmevaba-11-922x586.jpg 922w, https:\/\/blankpage.ee\/_ruumist-ruumi\/wp-content\/uploads\/2024\/11\/Blender-Deerma-NU01-juhtmevaba-11.jpg 1100w\" sizes=\"auto, (max-width: 768px) 100vw, 768px\" \/><\/p>\n<h3>Ohutuse huvides<\/h3>\n<p>Deerma NU01 on samuti kasutaja ohutuse osas eeskujulik. Blender on varustatud kaitsetega mitmete levinud ohtude vastu. Seade on veekindel, mis kaitseb seda v\u00f5imaliku l\u00fchise eest. See ei leki. NU01 nutikas disain t\u00e4hendab, et juhusliku lahtiv\u00f5tmise oht on viidud miinimumini. Blender on kaitstud ka \u00fclelaadimise ja plahvatuse eest.<\/p>\n<p><img loading=\"lazy\" decoding=\"async\" class=\"alignnone size-medium_large wp-image-12356\" src=\"https:\/\/blankpage.ee\/_ruumist-ruumi\/wp-content\/uploads\/2024\/11\/Blender-Deerma-NU01-juhtmevaba-9-768x488.jpg\" alt=\"Blender Deerma NU01 juhtmevaba\" width=\"768\" height=\"488\" srcset=\"https:\/\/blankpage.ee\/_ruumist-ruumi\/wp-content\/uploads\/2024\/11\/Blender-Deerma-NU01-juhtmevaba-9-768x488.jpg 768w, https:\/\/blankpage.ee\/_ruumist-ruumi\/wp-content\/uploads\/2024\/11\/Blender-Deerma-NU01-juhtmevaba-9-300x191.jpg 300w, https:\/\/blankpage.ee\/_ruumist-ruumi\/wp-content\/uploads\/2024\/11\/Blender-Deerma-NU01-juhtmevaba-9-1024x651.jpg 1024w, https:\/\/blankpage.ee\/_ruumist-ruumi\/wp-content\/uploads\/2024\/11\/Blender-Deerma-NU01-juhtmevaba-9-400x254.jpg 400w, https:\/\/blankpage.ee\/_ruumist-ruumi\/wp-content\/uploads\/2024\/11\/Blender-Deerma-NU01-juhtmevaba-9-922x586.jpg 922w, https:\/\/blankpage.ee\/_ruumist-ruumi\/wp-content\/uploads\/2024\/11\/Blender-Deerma-NU01-juhtmevaba-9.jpg 1100w\" sizes=\"auto, (max-width: 768px) 100vw, 768px\" \/><\/p>\n<h3>T\u00e4iuslikult l\u00e4bim\u00f5eldud disain<\/h3>\n<p>Seade on valmistatud samadest materjalidest, mida kasutatakse beebipudelite tootmisel. PCTG-d saab kasutada toidu s\u00e4ilitamiseks ja see on tervisele ohutu. Veelgi enam, blenderil on \u00e4\u00e4rmiselt \u00f5hutihe disain. Saad selle h\u00f5lpsasti asetada laudlinale v\u00f5i kanda seljakotis, kartmata lekkeid! Laadimisport on lisaks kaitstud tolmukindla korgiga, mis takistab tolmu sattumist seadmesse.<\/p>\n<p><img loading=\"lazy\" decoding=\"async\" class=\"alignnone size-medium_large wp-image-12352\" src=\"https:\/\/blankpage.ee\/_ruumist-ruumi\/wp-content\/uploads\/2024\/11\/Blender-Deerma-NU01-juhtmevaba-3-768x489.jpg\" alt=\"Blender Deerma NU01 juhtmevaba\" width=\"768\" height=\"489\" srcset=\"https:\/\/blankpage.ee\/_ruumist-ruumi\/wp-content\/uploads\/2024\/11\/Blender-Deerma-NU01-juhtmevaba-3-768x489.jpg 768w, https:\/\/blankpage.ee\/_ruumist-ruumi\/wp-content\/uploads\/2024\/11\/Blender-Deerma-NU01-juhtmevaba-3-300x191.jpg 300w, https:\/\/blankpage.ee\/_ruumist-ruumi\/wp-content\/uploads\/2024\/11\/Blender-Deerma-NU01-juhtmevaba-3-1024x653.jpg 1024w, https:\/\/blankpage.ee\/_ruumist-ruumi\/wp-content\/uploads\/2024\/11\/Blender-Deerma-NU01-juhtmevaba-3-400x255.jpg 400w, https:\/\/blankpage.ee\/_ruumist-ruumi\/wp-content\/uploads\/2024\/11\/Blender-Deerma-NU01-juhtmevaba-3-922x588.jpg 922w, https:\/\/blankpage.ee\/_ruumist-ruumi\/wp-content\/uploads\/2024\/11\/Blender-Deerma-NU01-juhtmevaba-3.jpg 1100w\" sizes=\"auto, (max-width: 768px) 100vw, 768px\" \/><\/p>\n<h3>Kohandatud sinu vajadustele<\/h3>\n<p>Blender on kasutajas\u00f5bralik ja lihtne hooldada. K\u00f5iki selle komponente saab pesta jooksva vee all. Tera ja seadme korpuse sile pind teeb selle puhastamise imelihtsaks. Silikoonist rihm muudab NU01 k\u00e4sitsemise lihtsaks ja on \u00e4\u00e4rmiselt meeldiv puudutusele. Blenderi karikat saab kasutada ka praktilise 300ml tassina. Veelgi enam, kui sa lahti v\u00f5tad seadme selle t\u00f6\u00f6tamise ajal, l\u00fclitub see kohe v\u00e4lja, et tagada sinu ohutus.<\/p>\n<p><img loading=\"lazy\" decoding=\"async\" class=\"alignnone size-medium_large wp-image-12360\" src=\"https:\/\/blankpage.ee\/_ruumist-ruumi\/wp-content\/uploads\/2024\/11\/Blender-Deerma-NU01-juhtmevaba-18-768x488.jpg\" alt=\"Blender Deerma NU01 juhtmevaba\" width=\"768\" height=\"488\" srcset=\"https:\/\/blankpage.ee\/_ruumist-ruumi\/wp-content\/uploads\/2024\/11\/Blender-Deerma-NU01-juhtmevaba-18-768x488.jpg 768w, https:\/\/blankpage.ee\/_ruumist-ruumi\/wp-content\/uploads\/2024\/11\/Blender-Deerma-NU01-juhtmevaba-18-300x191.jpg 300w, https:\/\/blankpage.ee\/_ruumist-ruumi\/wp-content\/uploads\/2024\/11\/Blender-Deerma-NU01-juhtmevaba-18-1024x651.jpg 1024w, https:\/\/blankpage.ee\/_ruumist-ruumi\/wp-content\/uploads\/2024\/11\/Blender-Deerma-NU01-juhtmevaba-18-400x254.jpg 400w, https:\/\/blankpage.ee\/_ruumist-ruumi\/wp-content\/uploads\/2024\/11\/Blender-Deerma-NU01-juhtmevaba-18-922x586.jpg 922w, https:\/\/blankpage.ee\/_ruumist-ruumi\/wp-content\/uploads\/2024\/11\/Blender-Deerma-NU01-juhtmevaba-18.jpg 1101w\" sizes=\"auto, (max-width: 768px) 100vw, 768px\" \/><\/p>\n<h3>Komplektis:<\/h3>\n<ul>\n<li>Blender<\/li>\n<li>USB-kaabel<\/li>\n<li>Hari<\/li>\n<\/ul>\n<div class=\"table-wrapper\">\n<table>\n<tbody>\n<tr>\n<th>Br\u00e4nd<\/th>\n<td>Deerma<\/td>\n<\/tr>\n<tr>\n<th>Nimi<\/th>\n<td>Mini mahlablender<\/td>\n<\/tr>\n<tr>\n<th>Mudel<\/th>\n<td>DEM-NU01<\/td>\n<\/tr>\n<tr>\n<th>Laadimispinge<\/th>\n<td>5V<\/td>\n<\/tr>\n<tr>\n<th>T\u00f6\u00f6v\u00f5imsus<\/th>\n<td>45W<\/td>\n<\/tr>\n<tr>\n<th>Mootori kiirus<\/th>\n<td>Kuni 15 800 p\/min<\/td>\n<\/tr>\n<tr>\n<th>Akumaht<\/th>\n<td>1200mAh<\/td>\n<\/tr>\n<tr>\n<th>Laadimisaeg<\/th>\n<td>Umbes 3h<\/td>\n<\/tr>\n<tr>\n<th>Ootere\u017eiimi aeg<\/th>\n<td>Kuni 300 p\u00e4eva<\/td>\n<\/tr>\n<tr>\n<th>Mahutavus<\/th>\n<td>300ml<\/td>\n<\/tr>\n<tr>\n<th>M\u00f5\u00f5tmed<\/th>\n<td>77x77x178mm<\/td>\n<\/tr>\n<tr>\n<th>Kaal<\/th>\n<td>Umbes 360g<\/td>\n<\/tr>\n<\/tbody>\n<\/table>\n<\/div>\n","protected":false},"excerpt":{"rendered":"<p>Deerma NU01 juhtmevaba blender Mitmefunktsionaalne Deerma NU01 juhtmevaba blender v\u00f5ib sind saata peaaegu k\u00f5ikjal &#8211; see kaalub vaid 360 g ja pole palju suurem kui nutitelefon. Sa ei saa mitte ainult valmistada maitsvaid mahlasid ja smuutisid, vaid ka p\u00fcreesid lastele. Pikaajaline aku tagab uskumatult pika t\u00f6\u00f6aja ootere\u017eiimis. Kvaliteetne mehhanism ja kuni 15 800 p\/min t\u00f6\u00f6tav [&hellip;]<\/p>\n","protected":false},"featured_media":11918,"comment_status":"open","ping_status":"closed","template":"","meta":[],"product_brand":[],"product_cat":[816],"product_tag":[],"class_list":{"0":"post-11917","1":"product","2":"type-product","3":"status-publish","4":"has-post-thumbnail","6":"product_cat-blenderid","7":"product_shipping_class-innpro","9":"first","10":"instock","11":"sale","12":"taxable","13":"shipping-taxable","14":"purchasable","15":"product-type-simple"},"_links":{"self":[{"href":"https:\/\/blankpage.ee\/_ruumist-ruumi\/wp-json\/wp\/v2\/product\/11917","targetHints":{"allow":["GET"]}}],"collection":[{"href":"https:\/\/blankpage.ee\/_ruumist-ruumi\/wp-json\/wp\/v2\/product"}],"about":[{"href":"https:\/\/blankpage.ee\/_ruumist-ruumi\/wp-json\/wp\/v2\/types\/product"}],"replies":[{"embeddable":true,"href":"https:\/\/blankpage.ee\/_ruumist-ruumi\/wp-json\/wp\/v2\/comments?post=11917"}],"wp:featuredmedia":[{"embeddable":true,"href":"https:\/\/blankpage.ee\/_ruumist-ruumi\/wp-json\/wp\/v2\/media\/11918"}],"wp:attachment":[{"href":"https:\/\/blankpage.ee\/_ruumist-ruumi\/wp-json\/wp\/v2\/media?parent=11917"}],"wp:term":[{"taxonomy":"product_brand","embeddable":true,"href":"https:\/\/blankpage.ee\/_ruumist-ruumi\/wp-json\/wp\/v2\/product_brand?post=11917"},{"taxonomy":"product_cat","embeddable":true,"href":"https:\/\/blankpage.ee\/_ruumist-ruumi\/wp-json\/wp\/v2\/product_cat?post=11917"},{"taxonomy":"product_tag","embeddable":true,"href":"https:\/\/blankpage.ee\/_ruumist-ruumi\/wp-json\/wp\/v2\/product_tag?post=11917"}],"curies":[{"name":"wp","href":"https:\/\/api.w.org\/{rel}","templated":true}]}}