{"id":11926,"date":"2024-11-28T15:42:26","date_gmt":"2024-11-28T15:42:26","guid":{"rendered":"https:\/\/ruumistruumi.ee\/?post_type=product&#038;p=11926"},"modified":"2025-08-21T08:21:46","modified_gmt":"2025-08-21T08:21:46","slug":"blender-deerma-nu06-juhtmevaba","status":"publish","type":"product","link":"https:\/\/blankpage.ee\/_ruumist-ruumi\/pood\/blender-deerma-nu06-juhtmevaba\/","title":{"rendered":"Blender Deerma NU06 juhtmevaba"},"content":{"rendered":"<h3>Juhtmevaba mahlasegisti Deerma NU06<\/h3>\n<p>Maitsev smuuti t\u00f6\u00f6le? Toitev smuuti j\u00f5usaali? V\u00f5i \u00e4kki tervislik vaht teie lapsele? Blender Deerma NU06 segisti v\u00f5imaldab teil valmistada k\u00f5ike seda ja palju muud! Seade eristub kiirusega kuni 19 000 p\/min ja on varustatud kvaliteetsete teradega, mis purustavad igasuguseid koostisosi hetkega. See on ka \u00e4\u00e4rmiselt kerge ja kaasaskantav &#8211; saate seda alati endaga kaasas kanda. Veelgi enam, segisti on juhtmevaba &#8211; p\u00e4rast \u00fchte laadimist saate valmistada umbes 6-8 smuutit.<\/p>\n<p><img loading=\"lazy\" decoding=\"async\" class=\"alignnone size-medium_large wp-image-12342\" src=\"https:\/\/blankpage.ee\/_ruumist-ruumi\/wp-content\/uploads\/2024\/11\/Blender-Deerma-NU06-juhtmevaba-3-768x489.jpg\" alt=\"Blender Deerma NU06 juhtmevaba\" width=\"768\" height=\"489\" srcset=\"https:\/\/blankpage.ee\/_ruumist-ruumi\/wp-content\/uploads\/2024\/11\/Blender-Deerma-NU06-juhtmevaba-3-768x489.jpg 768w, https:\/\/blankpage.ee\/_ruumist-ruumi\/wp-content\/uploads\/2024\/11\/Blender-Deerma-NU06-juhtmevaba-3-300x191.jpg 300w, https:\/\/blankpage.ee\/_ruumist-ruumi\/wp-content\/uploads\/2024\/11\/Blender-Deerma-NU06-juhtmevaba-3-400x255.jpg 400w, https:\/\/blankpage.ee\/_ruumist-ruumi\/wp-content\/uploads\/2024\/11\/Blender-Deerma-NU06-juhtmevaba-3-922x587.jpg 922w, https:\/\/blankpage.ee\/_ruumist-ruumi\/wp-content\/uploads\/2024\/11\/Blender-Deerma-NU06-juhtmevaba-3.jpg 1000w\" sizes=\"auto, (max-width: 768px) 100vw, 768px\" \/><\/p>\n<h3>Alati k\u00e4ep\u00e4rast<\/h3>\n<p>Kas l\u00e4hete piknikule v\u00f5i j\u00f5usaali? V\u00f5i soovite endale t\u00f6\u00f6l maitsvat smuutit valmistada? Pole probleemi &#8211; t\u00e4nu kergele, kaasaskantavale ja juhtmevabale disainile saab segisti teid peaaegu k\u00f5ikjal saata. Seade on piisavalt k\u00e4ep\u00e4rane, et mahtuda h\u00f5lpsasti teie k\u00e4ekotti v\u00f5i seljakotti. V\u00f5tke see kaasa basseini, rattamatkale v\u00f5i mitmep\u00e4evasele reisile ja \u00e4rge loobuge oma igap\u00e4evasest vitamiinidoosist!<\/p>\n<p><img loading=\"lazy\" decoding=\"async\" class=\"alignnone size-medium_large wp-image-12344\" src=\"https:\/\/blankpage.ee\/_ruumist-ruumi\/wp-content\/uploads\/2024\/11\/Blender-Deerma-NU06-juhtmevaba-5-768x489.jpg\" alt=\"Blender Deerma NU06 juhtmevaba\" width=\"768\" height=\"489\" srcset=\"https:\/\/blankpage.ee\/_ruumist-ruumi\/wp-content\/uploads\/2024\/11\/Blender-Deerma-NU06-juhtmevaba-5-768x489.jpg 768w, https:\/\/blankpage.ee\/_ruumist-ruumi\/wp-content\/uploads\/2024\/11\/Blender-Deerma-NU06-juhtmevaba-5-300x191.jpg 300w, https:\/\/blankpage.ee\/_ruumist-ruumi\/wp-content\/uploads\/2024\/11\/Blender-Deerma-NU06-juhtmevaba-5-400x255.jpg 400w, https:\/\/blankpage.ee\/_ruumist-ruumi\/wp-content\/uploads\/2024\/11\/Blender-Deerma-NU06-juhtmevaba-5-922x587.jpg 922w, https:\/\/blankpage.ee\/_ruumist-ruumi\/wp-content\/uploads\/2024\/11\/Blender-Deerma-NU06-juhtmevaba-5.jpg 1000w\" sizes=\"auto, (max-width: 768px) 100vw, 768px\" \/><\/p>\n<h3>Maitsev smuuti m\u00f5ne hetkega<\/h3>\n<p>Blenderiga saate valmistada maitsva ja tervisliku smuuti, puuviljakokteili, sorbeti v\u00f5i vahu hetkega. Seade eristub kiirusega kuni 19 000 p\/min ja on varustatud topeltservaliste teradega. See v\u00f5imaldab puuvilju v\u00f5i k\u00f6\u00f6givilju v\u00e4ga kiiresti purustada. Valmistage maitsev, \u00f5rn smuuti ja unustage ebameeldivad, ebat\u00e4pselt segatud osakesed!<\/p>\n<p><img loading=\"lazy\" decoding=\"async\" class=\"alignnone size-medium_large wp-image-12346\" src=\"https:\/\/blankpage.ee\/_ruumist-ruumi\/wp-content\/uploads\/2024\/11\/Blender-Deerma-NU06-juhtmevaba-7-768x489.jpg\" alt=\"Blender Deerma NU06 juhtmevaba\" width=\"768\" height=\"489\" srcset=\"https:\/\/blankpage.ee\/_ruumist-ruumi\/wp-content\/uploads\/2024\/11\/Blender-Deerma-NU06-juhtmevaba-7-768x489.jpg 768w, https:\/\/blankpage.ee\/_ruumist-ruumi\/wp-content\/uploads\/2024\/11\/Blender-Deerma-NU06-juhtmevaba-7-300x191.jpg 300w, https:\/\/blankpage.ee\/_ruumist-ruumi\/wp-content\/uploads\/2024\/11\/Blender-Deerma-NU06-juhtmevaba-7-400x255.jpg 400w, https:\/\/blankpage.ee\/_ruumist-ruumi\/wp-content\/uploads\/2024\/11\/Blender-Deerma-NU06-juhtmevaba-7-922x587.jpg 922w, https:\/\/blankpage.ee\/_ruumist-ruumi\/wp-content\/uploads\/2024\/11\/Blender-Deerma-NU06-juhtmevaba-7.jpg 1000w\" sizes=\"auto, (max-width: 768px) 100vw, 768px\" \/><\/p>\n<h3>Juhtmevaba t\u00f6\u00f6<\/h3>\n<p>Vabanege juhtmetest ja saage v\u00f5imalus mugavalt smuutisid valmistada, kus iganes te olete. NU06 segisti t\u00f6\u00f6tab juhtmevabalt &#8211; see on varustatud v\u00f5imsa 1500 mAh akuga. T\u00e4islaadimisel v\u00f5imaldab seade valmistada umbes 6-8 klaasi jooki. Nii saate ise smuutisid valmistada v\u00f5i neid s\u00f5pradega jagada! Blenderi laadimiseks kulub vaid umbes 3 tundi. Spetsiaalne indikaator annab teile teada, kui aku on t\u00fchi.<\/p>\n<p><img loading=\"lazy\" decoding=\"async\" class=\"alignnone size-medium_large wp-image-12341\" src=\"https:\/\/blankpage.ee\/_ruumist-ruumi\/wp-content\/uploads\/2024\/11\/Blender-Deerma-NU06-juhtmevaba-8-768x489.jpg\" alt=\"Blender Deerma NU06 juhtmevaba\" width=\"768\" height=\"489\" srcset=\"https:\/\/blankpage.ee\/_ruumist-ruumi\/wp-content\/uploads\/2024\/11\/Blender-Deerma-NU06-juhtmevaba-8-768x489.jpg 768w, https:\/\/blankpage.ee\/_ruumist-ruumi\/wp-content\/uploads\/2024\/11\/Blender-Deerma-NU06-juhtmevaba-8-300x191.jpg 300w, https:\/\/blankpage.ee\/_ruumist-ruumi\/wp-content\/uploads\/2024\/11\/Blender-Deerma-NU06-juhtmevaba-8-400x255.jpg 400w, https:\/\/blankpage.ee\/_ruumist-ruumi\/wp-content\/uploads\/2024\/11\/Blender-Deerma-NU06-juhtmevaba-8-922x587.jpg 922w, https:\/\/blankpage.ee\/_ruumist-ruumi\/wp-content\/uploads\/2024\/11\/Blender-Deerma-NU06-juhtmevaba-8.jpg 1000w\" sizes=\"auto, (max-width: 768px) 100vw, 768px\" \/><\/p>\n<h3>Ohutu kasutamine<\/h3>\n<p>Blenderi k\u00e4ivitamiseks vajutage vastavat nuppu 2 korda &#8211; nii ei pea te muretsema, et seade transpordi ajal kogemata sisse l\u00fclitub. Toode on ka v\u00e4ga lekkekindel &#8211; \u00e4rge muretsege lekete p\u00e4rast. Selle t\u00e4iendav eelis on spetsiaalne valgusindikaator, mis annab teile teada, kas segisti on kasutamiseks korralikult ette valmistatud. Kui tass ei ole \u00f5igesti paigaldatud, ei k\u00e4ivitu seade.<\/p>\n<p><img loading=\"lazy\" decoding=\"async\" class=\"alignnone size-medium_large wp-image-12343\" src=\"https:\/\/blankpage.ee\/_ruumist-ruumi\/wp-content\/uploads\/2024\/11\/Blender-Deerma-NU06-juhtmevaba-4-768x489.jpg\" alt=\"Blender Deerma NU06 juhtmevaba\" width=\"768\" height=\"489\" srcset=\"https:\/\/blankpage.ee\/_ruumist-ruumi\/wp-content\/uploads\/2024\/11\/Blender-Deerma-NU06-juhtmevaba-4-768x489.jpg 768w, https:\/\/blankpage.ee\/_ruumist-ruumi\/wp-content\/uploads\/2024\/11\/Blender-Deerma-NU06-juhtmevaba-4-300x191.jpg 300w, https:\/\/blankpage.ee\/_ruumist-ruumi\/wp-content\/uploads\/2024\/11\/Blender-Deerma-NU06-juhtmevaba-4-400x255.jpg 400w, https:\/\/blankpage.ee\/_ruumist-ruumi\/wp-content\/uploads\/2024\/11\/Blender-Deerma-NU06-juhtmevaba-4-922x587.jpg 922w, https:\/\/blankpage.ee\/_ruumist-ruumi\/wp-content\/uploads\/2024\/11\/Blender-Deerma-NU06-juhtmevaba-4.jpg 1000w\" sizes=\"auto, (max-width: 768px) 100vw, 768px\" \/><\/p>\n<h3>Praktiline kaasasolev kaas<\/h3>\n<p>N\u00fc\u00fcd saate oma smuuti h\u00f5lpsasti j\u00f5usaali v\u00f5i t\u00f6\u00f6le kaasa v\u00f5tta. Blenderi tass toimib ka suurep\u00e4raselt kruusina ja sellega on kaasas praktiline joogiauguga kaas, millega saate selle h\u00f5lpsasti sulgeda. Nii saate seda mugavalt oma k\u00e4ekotis v\u00f5i seljakotis hoida! Kaas on samuti v\u00e4ga lekkekindel &#8211; \u00e4rge muretsege lekete p\u00e4rast. Lisaks on tass valmistatud kvaliteetsest PCTG plastikust, mis on tervisele ohutu, kerge, vastupidav ja lihtne puhastada.<\/p>\n<p><img loading=\"lazy\" decoding=\"async\" class=\"alignnone size-medium_large wp-image-12345\" src=\"https:\/\/blankpage.ee\/_ruumist-ruumi\/wp-content\/uploads\/2024\/11\/Blender-Deerma-NU06-juhtmevaba-6-768x489.jpg\" alt=\"Blender Deerma NU06 juhtmevaba\" width=\"768\" height=\"489\" srcset=\"https:\/\/blankpage.ee\/_ruumist-ruumi\/wp-content\/uploads\/2024\/11\/Blender-Deerma-NU06-juhtmevaba-6-768x489.jpg 768w, https:\/\/blankpage.ee\/_ruumist-ruumi\/wp-content\/uploads\/2024\/11\/Blender-Deerma-NU06-juhtmevaba-6-300x191.jpg 300w, https:\/\/blankpage.ee\/_ruumist-ruumi\/wp-content\/uploads\/2024\/11\/Blender-Deerma-NU06-juhtmevaba-6-400x255.jpg 400w, https:\/\/blankpage.ee\/_ruumist-ruumi\/wp-content\/uploads\/2024\/11\/Blender-Deerma-NU06-juhtmevaba-6-922x587.jpg 922w, https:\/\/blankpage.ee\/_ruumist-ruumi\/wp-content\/uploads\/2024\/11\/Blender-Deerma-NU06-juhtmevaba-6.jpg 1000w\" sizes=\"auto, (max-width: 768px) 100vw, 768px\" \/><\/p>\n<h3>Karbis<\/h3>\n<ul>\n<li>Segisti<\/li>\n<li>Kaas<\/li>\n<li>USB-kaabel<\/li>\n<li>Kasutusjuhend<\/li>\n<\/ul>\n<div class=\"table-wrapper\">\n<table>\n<tbody>\n<tr>\n<th>Br\u00e4nd<\/th>\n<td>Deerma<\/td>\n<\/tr>\n<tr>\n<th>Nimi<\/th>\n<td>Mini mahlasegisti<\/td>\n<\/tr>\n<tr>\n<th>Mudel<\/th>\n<td>DEM-NU06<\/td>\n<\/tr>\n<tr>\n<th>Kiirus<\/th>\n<td>U. 19 000 p\/min<\/td>\n<\/tr>\n<tr>\n<th>T\u00f6\u00f6v\u00f5imsus<\/th>\n<td>140 W<\/td>\n<\/tr>\n<tr>\n<th>T\u00f6\u00f6ping<\/th>\n<td>7,4 V<\/td>\n<\/tr>\n<tr>\n<th>Laadimispinge<\/th>\n<td>5 V<\/td>\n<\/tr>\n<tr>\n<th>Laadimisintensiivsus<\/th>\n<td>1 A<\/td>\n<\/tr>\n<tr>\n<th>Akumaht<\/th>\n<td>1500 mAh<\/td>\n<\/tr>\n<tr>\n<th>Laadimisaeg<\/th>\n<td>U. 3 h<\/td>\n<\/tr>\n<tr>\n<th>T\u00f6\u00f6aeg<\/th>\n<td>U. 15 p\u00e4eva \/ 6-8 tassi<\/td>\n<\/tr>\n<tr>\n<th>Mahutavus<\/th>\n<td>400 ml<\/td>\n<\/tr>\n<tr>\n<th>Materjal (tass)<\/th>\n<td>PCTG<\/td>\n<\/tr>\n<\/tbody>\n<\/table>\n<\/div>\n","protected":false},"excerpt":{"rendered":"<p>Juhtmevaba mahlasegisti Deerma NU06 Maitsev smuuti t\u00f6\u00f6le? Toitev smuuti j\u00f5usaali? V\u00f5i \u00e4kki tervislik vaht teie lapsele? Blender Deerma NU06 segisti v\u00f5imaldab teil valmistada k\u00f5ike seda ja palju muud! Seade eristub kiirusega kuni 19 000 p\/min ja on varustatud kvaliteetsete teradega, mis purustavad igasuguseid koostisosi hetkega. See on ka \u00e4\u00e4rmiselt kerge ja kaasaskantav &#8211; saate seda [&hellip;]<\/p>\n","protected":false},"featured_media":11927,"comment_status":"open","ping_status":"closed","template":"","meta":[],"product_brand":[],"product_cat":[816],"product_tag":[],"class_list":{"0":"post-11926","1":"product","2":"type-product","3":"status-publish","4":"has-post-thumbnail","6":"product_cat-blenderid","7":"product_shipping_class-innpro","9":"first","10":"instock","11":"sale","12":"taxable","13":"shipping-taxable","14":"purchasable","15":"product-type-simple"},"_links":{"self":[{"href":"https:\/\/blankpage.ee\/_ruumist-ruumi\/wp-json\/wp\/v2\/product\/11926","targetHints":{"allow":["GET"]}}],"collection":[{"href":"https:\/\/blankpage.ee\/_ruumist-ruumi\/wp-json\/wp\/v2\/product"}],"about":[{"href":"https:\/\/blankpage.ee\/_ruumist-ruumi\/wp-json\/wp\/v2\/types\/product"}],"replies":[{"embeddable":true,"href":"https:\/\/blankpage.ee\/_ruumist-ruumi\/wp-json\/wp\/v2\/comments?post=11926"}],"wp:featuredmedia":[{"embeddable":true,"href":"https:\/\/blankpage.ee\/_ruumist-ruumi\/wp-json\/wp\/v2\/media\/11927"}],"wp:attachment":[{"href":"https:\/\/blankpage.ee\/_ruumist-ruumi\/wp-json\/wp\/v2\/media?parent=11926"}],"wp:term":[{"taxonomy":"product_brand","embeddable":true,"href":"https:\/\/blankpage.ee\/_ruumist-ruumi\/wp-json\/wp\/v2\/product_brand?post=11926"},{"taxonomy":"product_cat","embeddable":true,"href":"https:\/\/blankpage.ee\/_ruumist-ruumi\/wp-json\/wp\/v2\/product_cat?post=11926"},{"taxonomy":"product_tag","embeddable":true,"href":"https:\/\/blankpage.ee\/_ruumist-ruumi\/wp-json\/wp\/v2\/product_tag?post=11926"}],"curies":[{"name":"wp","href":"https:\/\/api.w.org\/{rel}","templated":true}]}}