{"id":11938,"date":"2024-11-28T15:42:26","date_gmt":"2024-11-28T15:42:26","guid":{"rendered":"https:\/\/ruumistruumi.ee\/?post_type=product&#038;p=11938"},"modified":"2025-04-17T09:53:53","modified_gmt":"2025-04-17T09:53:53","slug":"hakkija-amzchef-hc-1229-hall","status":"publish","type":"product","link":"https:\/\/blankpage.ee\/_ruumist-ruumi\/pood\/hakkija-amzchef-hc-1229-hall\/","title":{"rendered":"Hakkija AMZCHEF HC-1229 (hall)"},"content":{"rendered":"<h3>Hakkija AMZCHEF HC-1229 (hall)<\/h3>\n<p>AMZCHEF HC-1229 hakkija on t\u00e4iuslik kombinatsioon v\u00f5imsusest ja funktsionaalsusest, olles h\u00e4davajalik igas kaasaegses k\u00f6\u00f6gis. 500-vatise koguv\u00f5imsusega suudab see kiiresti ja t\u00f5husalt hakkama saada erinevate toodetega &#8211; alates k\u00f6\u00f6giviljadest kuni p\u00e4hkliteni, tagades iga kord t\u00e4iusliku konsistentsi, kui valmistate oma lemmiktoite.<\/p>\n<p><img loading=\"lazy\" decoding=\"async\" class=\"alignnone size-medium_large wp-image-49997\" src=\"https:\/\/blankpage.ee\/_ruumist-ruumi\/wp-content\/uploads\/2024\/11\/Hakkija-AMZCHEF-HC-1229-hall-1-768x489.jpg\" alt=\"Hakkija AMZCHEF HC-1229 (hall)\" width=\"768\" height=\"489\" srcset=\"https:\/\/blankpage.ee\/_ruumist-ruumi\/wp-content\/uploads\/2024\/11\/Hakkija-AMZCHEF-HC-1229-hall-1-768x489.jpg 768w, https:\/\/blankpage.ee\/_ruumist-ruumi\/wp-content\/uploads\/2024\/11\/Hakkija-AMZCHEF-HC-1229-hall-1-300x191.jpg 300w, https:\/\/blankpage.ee\/_ruumist-ruumi\/wp-content\/uploads\/2024\/11\/Hakkija-AMZCHEF-HC-1229-hall-1-400x255.jpg 400w, https:\/\/blankpage.ee\/_ruumist-ruumi\/wp-content\/uploads\/2024\/11\/Hakkija-AMZCHEF-HC-1229-hall-1-922x587.jpg 922w, https:\/\/blankpage.ee\/_ruumist-ruumi\/wp-content\/uploads\/2024\/11\/Hakkija-AMZCHEF-HC-1229-hall-1.jpg 1000w\" sizes=\"auto, (max-width: 768px) 100vw, 768px\" \/><\/p>\n<h3>Kaks kiirusre\u017eiimi suuremaks kontrolliks<\/h3>\n<p>Kahte re\u017eiimi pakkudes annab AMZCHEF HC-1229 hakkija teile suurema kontrolli hakkimisprotsessi \u00fcle. Madalam kiirus sobib \u00f5rnemate toitude, nagu tomatid v\u00f5i sibulad, hakkimiseks. K\u00f5rgem kiirus v\u00f5imaldab aga kiiresti hakkama saada raskemate toodetega, nagu liha, k\u00f5rvits v\u00f5i p\u00e4hklid. See paindlikkus muudab HC-1229 mitmek\u00fclgseks ja sobivaks abivahendiks teie kulinaarseteks katsetusteks.<\/p>\n<p><img loading=\"lazy\" decoding=\"async\" class=\"alignnone size-medium_large wp-image-49995\" src=\"https:\/\/blankpage.ee\/_ruumist-ruumi\/wp-content\/uploads\/2024\/11\/Hakkija-AMZCHEF-HC-1229-hall-5-768x489.jpg\" alt=\"Hakkija AMZCHEF HC-1229 (hall)\" width=\"768\" height=\"489\" srcset=\"https:\/\/blankpage.ee\/_ruumist-ruumi\/wp-content\/uploads\/2024\/11\/Hakkija-AMZCHEF-HC-1229-hall-5-768x489.jpg 768w, https:\/\/blankpage.ee\/_ruumist-ruumi\/wp-content\/uploads\/2024\/11\/Hakkija-AMZCHEF-HC-1229-hall-5-300x191.jpg 300w, https:\/\/blankpage.ee\/_ruumist-ruumi\/wp-content\/uploads\/2024\/11\/Hakkija-AMZCHEF-HC-1229-hall-5-400x255.jpg 400w, https:\/\/blankpage.ee\/_ruumist-ruumi\/wp-content\/uploads\/2024\/11\/Hakkija-AMZCHEF-HC-1229-hall-5-922x587.jpg 922w, https:\/\/blankpage.ee\/_ruumist-ruumi\/wp-content\/uploads\/2024\/11\/Hakkija-AMZCHEF-HC-1229-hall-5.jpg 1000w\" sizes=\"auto, (max-width: 768px) 100vw, 768px\" \/><\/p>\n<h3>Mitmek\u00fclgne abimees<\/h3>\n<p>Olenemata sellest, kas valmistate s\u00f6\u00f6ki perele v\u00f5i korraldate pidu, on AMZCHEF HC-1229 hakkija mitmek\u00fclgne t\u00f6\u00f6riist, mis aitab teid igasuguste kulinaarsete v\u00e4ljakutsete korral. Oma v\u00f5imsa mootori ja nelja roostevabast terasest teraga kulub teil vaid 12 sekundit, et hakkida 250 grammi liha, ning valmistada sama kogus tomatisuppi vaid 5 sekundiga. Nautige t\u00f5husust, mis s\u00e4\u00e4stab nii aega kui energiat.<\/p>\n<p><img loading=\"lazy\" decoding=\"async\" class=\"alignnone size-medium_large wp-image-49996\" src=\"https:\/\/blankpage.ee\/_ruumist-ruumi\/wp-content\/uploads\/2024\/11\/Hakkija-AMZCHEF-HC-1229-hall-7-768x488.jpg\" alt=\"Hakkija AMZCHEF HC-1229 (hall)\" width=\"768\" height=\"488\" srcset=\"https:\/\/blankpage.ee\/_ruumist-ruumi\/wp-content\/uploads\/2024\/11\/Hakkija-AMZCHEF-HC-1229-hall-7-768x488.jpg 768w, https:\/\/blankpage.ee\/_ruumist-ruumi\/wp-content\/uploads\/2024\/11\/Hakkija-AMZCHEF-HC-1229-hall-7-300x191.jpg 300w, https:\/\/blankpage.ee\/_ruumist-ruumi\/wp-content\/uploads\/2024\/11\/Hakkija-AMZCHEF-HC-1229-hall-7-400x254.jpg 400w, https:\/\/blankpage.ee\/_ruumist-ruumi\/wp-content\/uploads\/2024\/11\/Hakkija-AMZCHEF-HC-1229-hall-7-922x586.jpg 922w, https:\/\/blankpage.ee\/_ruumist-ruumi\/wp-content\/uploads\/2024\/11\/Hakkija-AMZCHEF-HC-1229-hall-7.jpg 1000w\" sizes=\"auto, (max-width: 768px) 100vw, 768px\" \/><\/p>\n<h3>Vastupidavus ja ohutus<\/h3>\n<p>Valmistatud 304 roostevabast terasest ja varustatud puhtast vasest mootoriga, on AMZCHEF HC-1229 hakkija loodud vastupidavust ja ohutust silmas pidades. Roostevaba teras tagab vastupidavuse rooste ja korrosiooni suhtes, samas kui puhas vaskmootor tagab pikaajalise j\u00f5udluse ja t\u00f6\u00f6kindluse. Lisaks neelab kummimatt kausi p\u00f5hjas suurep\u00e4raselt l\u00f6\u00f6ke, v\u00e4listades kahjustuste ja kukkumiste riski.<\/p>\n<p><img loading=\"lazy\" decoding=\"async\" class=\"alignnone size-medium_large wp-image-49992\" src=\"https:\/\/blankpage.ee\/_ruumist-ruumi\/wp-content\/uploads\/2024\/11\/Hakkija-AMZCHEF-HC-1229-hall-2-768x489.jpg\" alt=\"Hakkija AMZCHEF HC-1229 (hall)\" width=\"768\" height=\"489\" srcset=\"https:\/\/blankpage.ee\/_ruumist-ruumi\/wp-content\/uploads\/2024\/11\/Hakkija-AMZCHEF-HC-1229-hall-2-768x489.jpg 768w, https:\/\/blankpage.ee\/_ruumist-ruumi\/wp-content\/uploads\/2024\/11\/Hakkija-AMZCHEF-HC-1229-hall-2-300x191.jpg 300w, https:\/\/blankpage.ee\/_ruumist-ruumi\/wp-content\/uploads\/2024\/11\/Hakkija-AMZCHEF-HC-1229-hall-2-400x255.jpg 400w, https:\/\/blankpage.ee\/_ruumist-ruumi\/wp-content\/uploads\/2024\/11\/Hakkija-AMZCHEF-HC-1229-hall-2-922x587.jpg 922w, https:\/\/blankpage.ee\/_ruumist-ruumi\/wp-content\/uploads\/2024\/11\/Hakkija-AMZCHEF-HC-1229-hall-2.jpg 1000w\" sizes=\"auto, (max-width: 768px) 100vw, 768px\" \/><\/p>\n<h3>Kiire ja lihtne puhastamine<\/h3>\n<p>AMZCHEF HC-1229 hakkijat on samuti lihtne puhastada, mis on oluline k\u00f6\u00f6gi h\u00fcgieeni s\u00e4ilitamiseks. Selle komponente saab kiiresti voolava vee all pesta, mis v\u00e4hendab oluliselt toiduvalmistamise j\u00e4rgset puhastusaega. Pealegi saate kaane, kausi ja terad probleemideta n\u00f5udepesumasinasse panna.<\/p>\n<p><img loading=\"lazy\" decoding=\"async\" class=\"alignnone size-medium_large wp-image-49994\" src=\"https:\/\/blankpage.ee\/_ruumist-ruumi\/wp-content\/uploads\/2024\/11\/Hakkija-AMZCHEF-HC-1229-hall-4-768x489.jpg\" alt=\"Hakkija AMZCHEF HC-1229 (hall)\" width=\"768\" height=\"489\" srcset=\"https:\/\/blankpage.ee\/_ruumist-ruumi\/wp-content\/uploads\/2024\/11\/Hakkija-AMZCHEF-HC-1229-hall-4-768x489.jpg 768w, https:\/\/blankpage.ee\/_ruumist-ruumi\/wp-content\/uploads\/2024\/11\/Hakkija-AMZCHEF-HC-1229-hall-4-300x191.jpg 300w, https:\/\/blankpage.ee\/_ruumist-ruumi\/wp-content\/uploads\/2024\/11\/Hakkija-AMZCHEF-HC-1229-hall-4-400x255.jpg 400w, https:\/\/blankpage.ee\/_ruumist-ruumi\/wp-content\/uploads\/2024\/11\/Hakkija-AMZCHEF-HC-1229-hall-4-922x587.jpg 922w, https:\/\/blankpage.ee\/_ruumist-ruumi\/wp-content\/uploads\/2024\/11\/Hakkija-AMZCHEF-HC-1229-hall-4.jpg 1000w\" sizes=\"auto, (max-width: 768px) 100vw, 768px\" \/><\/p>\n<h3>Kompaktne disain ja lihtne hoiustamine<\/h3>\n<p>Seade kaalub vaid 0,98 kg ja m\u00f5\u00f5tmed on 19,3 cm x 24 cm, muutes selle \u00e4\u00e4rmiselt mugavaks. Selle kompaktne disain v\u00f5imaldab h\u00f5lpsat hoiustamist ka v\u00e4ikestes ruumides, muutes selle ideaalseks valikuks k\u00f5igile, kes hindavad korda ja organiseeritust k\u00f6\u00f6gis.<\/p>\n<p><img loading=\"lazy\" decoding=\"async\" class=\"alignnone size-medium_large wp-image-49993\" src=\"https:\/\/blankpage.ee\/_ruumist-ruumi\/wp-content\/uploads\/2024\/11\/Hakkija-AMZCHEF-HC-1229-hall-3-768x489.jpg\" alt=\"Hakkija AMZCHEF HC-1229 (hall)\" width=\"768\" height=\"489\" srcset=\"https:\/\/blankpage.ee\/_ruumist-ruumi\/wp-content\/uploads\/2024\/11\/Hakkija-AMZCHEF-HC-1229-hall-3-768x489.jpg 768w, https:\/\/blankpage.ee\/_ruumist-ruumi\/wp-content\/uploads\/2024\/11\/Hakkija-AMZCHEF-HC-1229-hall-3-300x191.jpg 300w, https:\/\/blankpage.ee\/_ruumist-ruumi\/wp-content\/uploads\/2024\/11\/Hakkija-AMZCHEF-HC-1229-hall-3-400x255.jpg 400w, https:\/\/blankpage.ee\/_ruumist-ruumi\/wp-content\/uploads\/2024\/11\/Hakkija-AMZCHEF-HC-1229-hall-3-922x587.jpg 922w, https:\/\/blankpage.ee\/_ruumist-ruumi\/wp-content\/uploads\/2024\/11\/Hakkija-AMZCHEF-HC-1229-hall-3.jpg 1000w\" sizes=\"auto, (max-width: 768px) 100vw, 768px\" \/><\/p>\n<h3>Komplektis<\/h3>\n<ul>\n<li>Hakkija<\/li>\n<li>Kaan<\/li>\n<li>\u00dclemine tera<\/li>\n<li>P\u00f5hitera<\/li>\n<li>Roostevabast terasest kauss<\/li>\n<li>Kummist libisemiskindel r\u00f5ngas<\/li>\n<li>Juhised<\/li>\n<\/ul>\n<div class=\"table-wrapper\">\n<table>\n<tbody>\n<tr>\n<th>Tootja<\/th>\n<td>Amzchef<\/td>\n<\/tr>\n<tr>\n<th>Mudel<\/th>\n<td>HC-1229<\/td>\n<\/tr>\n<tr>\n<th>Nimiv\u00f5imsus<\/th>\n<td>200 W<\/td>\n<\/tr>\n<tr>\n<th>Koguv\u00f5imsus<\/th>\n<td>500 W<\/td>\n<\/tr>\n<tr>\n<th>Nimipinge \/ sagedus<\/th>\n<td>220-240 V \/ 50\/60 Hz<\/td>\n<\/tr>\n<tr>\n<th>Kiirusre\u017eiimide arv<\/th>\n<td>2<\/td>\n<\/tr>\n<tr>\n<th>Materjal<\/th>\n<td>304 roostevaba teras; puhas vaskmootor<\/td>\n<\/tr>\n<tr>\n<th>Mahutavus<\/th>\n<td>1,5 L<\/td>\n<\/tr>\n<tr>\n<th>Kaal<\/th>\n<td>0,98 kg<\/td>\n<\/tr>\n<tr>\n<th>M\u00f5\u00f5tmed<\/th>\n<td>19,3 cm x 24 cm<\/td>\n<\/tr>\n<tr>\n<th>Ohutussertifikaat<\/th>\n<td>CE<\/td>\n<\/tr>\n<\/tbody>\n<\/table>\n<\/div>\n","protected":false},"excerpt":{"rendered":"<p>Hakkija AMZCHEF HC-1229 (hall) AMZCHEF HC-1229 hakkija on t\u00e4iuslik kombinatsioon v\u00f5imsusest ja funktsionaalsusest, olles h\u00e4davajalik igas kaasaegses k\u00f6\u00f6gis. 500-vatise koguv\u00f5imsusega suudab see kiiresti ja t\u00f5husalt hakkama saada erinevate toodetega &#8211; alates k\u00f6\u00f6giviljadest kuni p\u00e4hkliteni, tagades iga kord t\u00e4iusliku konsistentsi, kui valmistate oma lemmiktoite. Kaks kiirusre\u017eiimi suuremaks kontrolliks Kahte re\u017eiimi pakkudes annab AMZCHEF HC-1229 hakkija teile [&hellip;]<\/p>\n","protected":false},"featured_media":11939,"comment_status":"open","ping_status":"closed","template":"","meta":[],"product_brand":[],"product_cat":[816],"product_tag":[],"class_list":{"0":"post-11938","1":"product","2":"type-product","3":"status-publish","4":"has-post-thumbnail","6":"product_cat-blenderid","7":"product_shipping_class-innpro","9":"first","10":"outofstock","11":"taxable","12":"shipping-taxable","13":"purchasable","14":"product-type-simple"},"_links":{"self":[{"href":"https:\/\/blankpage.ee\/_ruumist-ruumi\/wp-json\/wp\/v2\/product\/11938","targetHints":{"allow":["GET"]}}],"collection":[{"href":"https:\/\/blankpage.ee\/_ruumist-ruumi\/wp-json\/wp\/v2\/product"}],"about":[{"href":"https:\/\/blankpage.ee\/_ruumist-ruumi\/wp-json\/wp\/v2\/types\/product"}],"replies":[{"embeddable":true,"href":"https:\/\/blankpage.ee\/_ruumist-ruumi\/wp-json\/wp\/v2\/comments?post=11938"}],"wp:featuredmedia":[{"embeddable":true,"href":"https:\/\/blankpage.ee\/_ruumist-ruumi\/wp-json\/wp\/v2\/media\/11939"}],"wp:attachment":[{"href":"https:\/\/blankpage.ee\/_ruumist-ruumi\/wp-json\/wp\/v2\/media?parent=11938"}],"wp:term":[{"taxonomy":"product_brand","embeddable":true,"href":"https:\/\/blankpage.ee\/_ruumist-ruumi\/wp-json\/wp\/v2\/product_brand?post=11938"},{"taxonomy":"product_cat","embeddable":true,"href":"https:\/\/blankpage.ee\/_ruumist-ruumi\/wp-json\/wp\/v2\/product_cat?post=11938"},{"taxonomy":"product_tag","embeddable":true,"href":"https:\/\/blankpage.ee\/_ruumist-ruumi\/wp-json\/wp\/v2\/product_tag?post=11938"}],"curies":[{"name":"wp","href":"https:\/\/api.w.org\/{rel}","templated":true}]}}