{"id":11952,"date":"2024-11-28T15:42:26","date_gmt":"2024-11-28T15:42:26","guid":{"rendered":"https:\/\/ruumistruumi.ee\/?post_type=product&#038;p=11952"},"modified":"2025-08-21T08:21:47","modified_gmt":"2025-08-21T08:21:47","slug":"blender-gopower-elite-punane","status":"publish","type":"product","link":"https:\/\/blankpage.ee\/_ruumist-ruumi\/pood\/blender-gopower-elite-punane\/","title":{"rendered":"Blender Gopower Elite (punane)"},"content":{"rendered":"<h3>Cocinare GoPower Elite blender (punane).<\/h3>\n<p>Valmista maitsvaid smuutisid, proteiinikokteile ja isegi mandlipiima hetkega. Cocinare GoPower eLite blender on varustatud 6 titaanisulamist teraga. Seade eristub oma 1100-vatise v\u00f5imsuse ja 30 000 p\/min t\u00f6\u00f6kiirusega. Kaasaskantav 600 ml mahutavusega \u0161eiker tagab sulle mugava juurdep\u00e4\u00e4su toitainerikastele jookidele igal pool ning toote puhastamine ei ole vaev. Spetsiaalne turvas\u00fcsteem v\u00e4hendab blenderi kahjustamise riski.<\/p>\n<p><img loading=\"lazy\" decoding=\"async\" class=\"alignnone size-medium_large wp-image-12335\" src=\"https:\/\/blankpage.ee\/_ruumist-ruumi\/wp-content\/uploads\/2024\/11\/Blender-Gopower-Elite-punane-1-768x490.jpg\" alt=\"Blender Gopower Elite (punane)\" width=\"768\" height=\"490\" srcset=\"https:\/\/blankpage.ee\/_ruumist-ruumi\/wp-content\/uploads\/2024\/11\/Blender-Gopower-Elite-punane-1-768x490.jpg 768w, https:\/\/blankpage.ee\/_ruumist-ruumi\/wp-content\/uploads\/2024\/11\/Blender-Gopower-Elite-punane-1-300x191.jpg 300w, https:\/\/blankpage.ee\/_ruumist-ruumi\/wp-content\/uploads\/2024\/11\/Blender-Gopower-Elite-punane-1-400x255.jpg 400w, https:\/\/blankpage.ee\/_ruumist-ruumi\/wp-content\/uploads\/2024\/11\/Blender-Gopower-Elite-punane-1-922x588.jpg 922w, https:\/\/blankpage.ee\/_ruumist-ruumi\/wp-content\/uploads\/2024\/11\/Blender-Gopower-Elite-punane-1.jpg 1000w\" sizes=\"auto, (max-width: 768px) 100vw, 768px\" \/><\/p>\n<h3>T\u00f5hus t\u00f6\u00f6<\/h3>\n<p>Cocinare blender on varustatud v\u00f5imsa mootoriga, mis t\u00f6\u00f6tab kuni 1100-vatise v\u00f5imsusega ja 30 000 p\/min kiirusega. 6 titaanisulamist tera saavad suurep\u00e4raselt hakkama ka k\u00f5ige k\u00f5vemate koostisosadega. Seade purustab sekundi jooksul k\u00fclmutatud puuviljad, j\u00e4\u00e4kuubikud ja isegi p\u00e4hklid. Titaanpind s\u00e4ilitab toiduainete k\u00f5ik toitained.<\/p>\n<p><img loading=\"lazy\" decoding=\"async\" class=\"alignnone size-medium_large wp-image-12339\" src=\"https:\/\/blankpage.ee\/_ruumist-ruumi\/wp-content\/uploads\/2024\/11\/Blender-Gopower-Elite-punane-5-768x489.webp\" alt=\"Blender Gopower Elite (punane)\" width=\"768\" height=\"489\" srcset=\"https:\/\/blankpage.ee\/_ruumist-ruumi\/wp-content\/uploads\/2024\/11\/Blender-Gopower-Elite-punane-5-768x489.webp 768w, https:\/\/blankpage.ee\/_ruumist-ruumi\/wp-content\/uploads\/2024\/11\/Blender-Gopower-Elite-punane-5-300x191.webp 300w, https:\/\/blankpage.ee\/_ruumist-ruumi\/wp-content\/uploads\/2024\/11\/Blender-Gopower-Elite-punane-5-400x255.webp 400w, https:\/\/blankpage.ee\/_ruumist-ruumi\/wp-content\/uploads\/2024\/11\/Blender-Gopower-Elite-punane-5-922x587.webp 922w, https:\/\/blankpage.ee\/_ruumist-ruumi\/wp-content\/uploads\/2024\/11\/Blender-Gopower-Elite-punane-5.webp 1000w\" sizes=\"auto, (max-width: 768px) 100vw, 768px\" \/><\/p>\n<h3>Kaasaskantav \u0161eiker<\/h3>\n<p>Vali Cocinare pakkumine ja naudi mugavust, mida v\u00f5imaldab blenderi ja \u0161eikeri integreerimine. K\u00f5ik, mida pead tegema, on valitud koostisosad seadmesse lisama ja vajutama vastavat nuppu. Seej\u00e4rel saad 600 ml \u0161eikeri mugavalt lahti v\u00f5tta ja k\u00f5ikjale kaasa v\u00f5tta. Pudel on BPA-vaba, lekkekindel, purunemiskindel ja varustatud silikoonist libisemisvastase elemendiga lisamugavuseks.<\/p>\n<p><img loading=\"lazy\" decoding=\"async\" class=\"alignnone size-medium_large wp-image-12338\" src=\"https:\/\/blankpage.ee\/_ruumist-ruumi\/wp-content\/uploads\/2024\/11\/Blender-Gopower-Elite-punane-4-768x489.webp\" alt=\"Blender Gopower Elite (punane)\" width=\"768\" height=\"489\" srcset=\"https:\/\/blankpage.ee\/_ruumist-ruumi\/wp-content\/uploads\/2024\/11\/Blender-Gopower-Elite-punane-4-768x489.webp 768w, https:\/\/blankpage.ee\/_ruumist-ruumi\/wp-content\/uploads\/2024\/11\/Blender-Gopower-Elite-punane-4-300x191.webp 300w, https:\/\/blankpage.ee\/_ruumist-ruumi\/wp-content\/uploads\/2024\/11\/Blender-Gopower-Elite-punane-4-400x255.webp 400w, https:\/\/blankpage.ee\/_ruumist-ruumi\/wp-content\/uploads\/2024\/11\/Blender-Gopower-Elite-punane-4-922x587.webp 922w, https:\/\/blankpage.ee\/_ruumist-ruumi\/wp-content\/uploads\/2024\/11\/Blender-Gopower-Elite-punane-4.webp 1000w\" sizes=\"auto, (max-width: 768px) 100vw, 768px\" \/><\/p>\n<h3>L\u00e4bim\u00f5eldud lahendused<\/h3>\n<p>Tihend on valmistatud toidukvaliteediga silikoonist ja integreeritud terade alusesse, v\u00e4listades riski, et see v\u00f5iks \u00e4ra kukkuda ja sinu joogiga seguneda. Terad aktiveeruvad ainult siis, kui pudel on \u00f5igesti alusele asetatud &#8211; nii ei pea sa muretsema juhusliku aktiveerimise p\u00e4rast.<\/p>\n<p><img loading=\"lazy\" decoding=\"async\" class=\"alignnone size-medium_large wp-image-12340\" src=\"https:\/\/blankpage.ee\/_ruumist-ruumi\/wp-content\/uploads\/2024\/11\/Blender-Gopower-Elite-punane-7-768x489.webp\" alt=\"Blender Gopower Elite (punane)\" width=\"768\" height=\"489\" srcset=\"https:\/\/blankpage.ee\/_ruumist-ruumi\/wp-content\/uploads\/2024\/11\/Blender-Gopower-Elite-punane-7-768x489.webp 768w, https:\/\/blankpage.ee\/_ruumist-ruumi\/wp-content\/uploads\/2024\/11\/Blender-Gopower-Elite-punane-7-300x191.webp 300w, https:\/\/blankpage.ee\/_ruumist-ruumi\/wp-content\/uploads\/2024\/11\/Blender-Gopower-Elite-punane-7-400x255.webp 400w, https:\/\/blankpage.ee\/_ruumist-ruumi\/wp-content\/uploads\/2024\/11\/Blender-Gopower-Elite-punane-7-922x587.webp 922w, https:\/\/blankpage.ee\/_ruumist-ruumi\/wp-content\/uploads\/2024\/11\/Blender-Gopower-Elite-punane-7.webp 1000w\" sizes=\"auto, (max-width: 768px) 100vw, 768px\" \/><\/p>\n<h3>Mitmed turvafunktsioonid<\/h3>\n<p>T\u00e4nu termokaitsele ei pea sa muretsema seadme \u00fclekuumenemise p\u00e4rast. Blenderi kahjustuste ja potentsiaalse tuleohu v\u00e4ltimiseks on mootorisse integreeritud \u00fclekoormuskaitse, mis hoiab \u00e4ra \u00fclekoormuse v\u00f5i l\u00fchise t\u00f5ttu tekkiva \u00fclekoormuse. Seade l\u00fclitub h\u00e4daolukorras v\u00e4lja.<\/p>\n<p><img loading=\"lazy\" decoding=\"async\" class=\"alignnone size-medium_large wp-image-12336\" src=\"https:\/\/blankpage.ee\/_ruumist-ruumi\/wp-content\/uploads\/2024\/11\/Blender-Gopower-Elite-punane-2-768x489.webp\" alt=\"Blender Gopower Elite (punane)\" width=\"768\" height=\"489\" srcset=\"https:\/\/blankpage.ee\/_ruumist-ruumi\/wp-content\/uploads\/2024\/11\/Blender-Gopower-Elite-punane-2-768x489.webp 768w, https:\/\/blankpage.ee\/_ruumist-ruumi\/wp-content\/uploads\/2024\/11\/Blender-Gopower-Elite-punane-2-300x191.webp 300w, https:\/\/blankpage.ee\/_ruumist-ruumi\/wp-content\/uploads\/2024\/11\/Blender-Gopower-Elite-punane-2-400x255.webp 400w, https:\/\/blankpage.ee\/_ruumist-ruumi\/wp-content\/uploads\/2024\/11\/Blender-Gopower-Elite-punane-2-922x587.webp 922w, https:\/\/blankpage.ee\/_ruumist-ruumi\/wp-content\/uploads\/2024\/11\/Blender-Gopower-Elite-punane-2.webp 1000w\" sizes=\"auto, (max-width: 768px) 100vw, 768px\" \/><\/p>\n<h3>Lihtne puhastada<\/h3>\n<p>Cocinare seadme puhtana hoidmine ei ole sulle vaev. Saad terad lihtsalt lahti keerata ja puhastada nii neid kui ka pudelit jooksva vee all. Samuti v\u00f5id toodet muretult n\u00f5udepesumasinas puhastada. T\u00e4nu sellele lahendusele ei ole blenderi pesemine enam t\u00fclikas ja aegan\u00f5udev. Saad kiiresti ja lihtsalt eemaldada kogu mustuse ja bakterid ning sinu smuutid ja kokteilid on alati v\u00e4rsked ja maitsvad.<\/p>\n<p>&nbsp;<\/p>\n<p><img loading=\"lazy\" decoding=\"async\" class=\"alignnone size-medium_large wp-image-12337\" src=\"https:\/\/blankpage.ee\/_ruumist-ruumi\/wp-content\/uploads\/2024\/11\/Blender-Gopower-Elite-punane-3-768x489.webp\" alt=\"Blender Gopower Elite (punane)\" width=\"768\" height=\"489\" srcset=\"https:\/\/blankpage.ee\/_ruumist-ruumi\/wp-content\/uploads\/2024\/11\/Blender-Gopower-Elite-punane-3-768x489.webp 768w, https:\/\/blankpage.ee\/_ruumist-ruumi\/wp-content\/uploads\/2024\/11\/Blender-Gopower-Elite-punane-3-300x191.webp 300w, https:\/\/blankpage.ee\/_ruumist-ruumi\/wp-content\/uploads\/2024\/11\/Blender-Gopower-Elite-punane-3-400x255.webp 400w, https:\/\/blankpage.ee\/_ruumist-ruumi\/wp-content\/uploads\/2024\/11\/Blender-Gopower-Elite-punane-3-922x587.webp 922w, https:\/\/blankpage.ee\/_ruumist-ruumi\/wp-content\/uploads\/2024\/11\/Blender-Gopower-Elite-punane-3.webp 1000w\" sizes=\"auto, (max-width: 768px) 100vw, 768px\" \/><\/p>\n<h3>Komplektis<\/h3>\n<ul class=\"list-disc\">\n<li>Blender<\/li>\n<li>\u0160eiker<\/li>\n<li>Kasutusjuhend<\/li>\n<\/ul>\n<div class=\"table-wrapper\">\n<h3><\/h3>\n<table>\n<tbody>\n<tr>\n<th>Tootja<\/th>\n<td>Cocinare<\/td>\n<\/tr>\n<tr>\n<th>Mudel<\/th>\n<td>GoPower Elite<\/td>\n<\/tr>\n<tr>\n<th>\u0160eikeri mahutavus<\/th>\n<td>600 ml<\/td>\n<\/tr>\n<tr>\n<th>Nimiv\u00f5imsus<\/th>\n<td>550 W<\/td>\n<\/tr>\n<tr>\n<th>Tippv\u00f5imsus<\/th>\n<td>1100 W<\/td>\n<\/tr>\n<tr>\n<th>Kiirus<\/th>\n<td>30 000 p\/min<\/td>\n<\/tr>\n<tr>\n<th>Laius<\/th>\n<td>5 tolli<\/td>\n<\/tr>\n<tr>\n<th>K\u00f5rgus<\/th>\n<td>18,62 tolli<\/td>\n<\/tr>\n<tr>\n<th>Toiteallikas<\/th>\n<td>220V~50Hz<\/td>\n<\/tr>\n<tr>\n<th>V\u00e4rv<\/th>\n<td>punane<\/td>\n<\/tr>\n<\/tbody>\n<\/table>\n<\/div>\n","protected":false},"excerpt":{"rendered":"<p>Cocinare GoPower Elite blender (punane). Valmista maitsvaid smuutisid, proteiinikokteile ja isegi mandlipiima hetkega. Cocinare GoPower eLite blender on varustatud 6 titaanisulamist teraga. Seade eristub oma 1100-vatise v\u00f5imsuse ja 30 000 p\/min t\u00f6\u00f6kiirusega. Kaasaskantav 600 ml mahutavusega \u0161eiker tagab sulle mugava juurdep\u00e4\u00e4su toitainerikastele jookidele igal pool ning toote puhastamine ei ole vaev. Spetsiaalne turvas\u00fcsteem v\u00e4hendab blenderi [&hellip;]<\/p>\n","protected":false},"featured_media":11953,"comment_status":"open","ping_status":"closed","template":"","meta":[],"product_brand":[],"product_cat":[816],"product_tag":[],"class_list":{"0":"post-11952","1":"product","2":"type-product","3":"status-publish","4":"has-post-thumbnail","6":"product_cat-blenderid","7":"product_shipping_class-innpro","9":"first","10":"instock","11":"sale","12":"taxable","13":"shipping-taxable","14":"purchasable","15":"product-type-simple"},"_links":{"self":[{"href":"https:\/\/blankpage.ee\/_ruumist-ruumi\/wp-json\/wp\/v2\/product\/11952","targetHints":{"allow":["GET"]}}],"collection":[{"href":"https:\/\/blankpage.ee\/_ruumist-ruumi\/wp-json\/wp\/v2\/product"}],"about":[{"href":"https:\/\/blankpage.ee\/_ruumist-ruumi\/wp-json\/wp\/v2\/types\/product"}],"replies":[{"embeddable":true,"href":"https:\/\/blankpage.ee\/_ruumist-ruumi\/wp-json\/wp\/v2\/comments?post=11952"}],"wp:featuredmedia":[{"embeddable":true,"href":"https:\/\/blankpage.ee\/_ruumist-ruumi\/wp-json\/wp\/v2\/media\/11953"}],"wp:attachment":[{"href":"https:\/\/blankpage.ee\/_ruumist-ruumi\/wp-json\/wp\/v2\/media?parent=11952"}],"wp:term":[{"taxonomy":"product_brand","embeddable":true,"href":"https:\/\/blankpage.ee\/_ruumist-ruumi\/wp-json\/wp\/v2\/product_brand?post=11952"},{"taxonomy":"product_cat","embeddable":true,"href":"https:\/\/blankpage.ee\/_ruumist-ruumi\/wp-json\/wp\/v2\/product_cat?post=11952"},{"taxonomy":"product_tag","embeddable":true,"href":"https:\/\/blankpage.ee\/_ruumist-ruumi\/wp-json\/wp\/v2\/product_tag?post=11952"}],"curies":[{"name":"wp","href":"https:\/\/api.w.org\/{rel}","templated":true}]}}