{"id":11954,"date":"2024-11-28T15:42:26","date_gmt":"2024-11-28T15:42:26","guid":{"rendered":"https:\/\/ruumistruumi.ee\/?post_type=product&#038;p=11954"},"modified":"2025-08-21T08:21:47","modified_gmt":"2025-08-21T08:21:47","slug":"blender-deerma-dem-nu90-juhtmevaba","status":"publish","type":"product","link":"https:\/\/blankpage.ee\/_ruumist-ruumi\/pood\/blender-deerma-dem-nu90-juhtmevaba\/","title":{"rendered":"Blender Deerma DEM-NU90 juhtmevaba"},"content":{"rendered":"<h3>Deerma DEM-NU90 juhtmevaba blender.<\/h3>\n<p>Deerma DEM-NU90 \u00fchendab mahlapressi ja termokruusi funktsioonid, pakkudes kuni 6 tundi jahutust ja soojust. See on valmistatud roostevabast terasest ja komplektis on kaks kaant (segamiseks ja joomiseks). V\u00f5imas mootor saavutab kiiruse 18 000 p\/min, tagades usaldusv\u00e4\u00e4rse j\u00f5udluse. 300 ml maht v\u00f5imaldab \u00fche laadimisega valmistada kuni 8 tassi jooki. Kahekordne kl\u00f5psus\u00fcsteem kaitseb juhusliku aktiveerimise eest, nii et saate oma lemmikjooke nautida k\u00f5ikjal.<\/p>\n<p><img loading=\"lazy\" decoding=\"async\" class=\"alignnone size-medium_large wp-image-12334\" src=\"https:\/\/blankpage.ee\/_ruumist-ruumi\/wp-content\/uploads\/2024\/11\/Blender-Deerma-DEM-NU90-juhtmevaba-2-768x489.webp\" alt=\"Blender Deerma DEM-NU90 juhtmevaba\" width=\"768\" height=\"489\" srcset=\"https:\/\/blankpage.ee\/_ruumist-ruumi\/wp-content\/uploads\/2024\/11\/Blender-Deerma-DEM-NU90-juhtmevaba-2-768x489.webp 768w, https:\/\/blankpage.ee\/_ruumist-ruumi\/wp-content\/uploads\/2024\/11\/Blender-Deerma-DEM-NU90-juhtmevaba-2-300x191.webp 300w, https:\/\/blankpage.ee\/_ruumist-ruumi\/wp-content\/uploads\/2024\/11\/Blender-Deerma-DEM-NU90-juhtmevaba-2-400x255.webp 400w, https:\/\/blankpage.ee\/_ruumist-ruumi\/wp-content\/uploads\/2024\/11\/Blender-Deerma-DEM-NU90-juhtmevaba-2-922x587.webp 922w, https:\/\/blankpage.ee\/_ruumist-ruumi\/wp-content\/uploads\/2024\/11\/Blender-Deerma-DEM-NU90-juhtmevaba-2.webp 1000w\" sizes=\"auto, (max-width: 768px) 100vw, 768px\" \/><\/p>\n<h3>Jahutuse ja soojustuse tehnoloogia<\/h3>\n<p>Jahutuse ja soojenduse tehnoloogia kasutamine hoiab joogid kuumad\/k\u00fclmad 6 tundi. T\u00e4nu roostevabast terasest topeltseintele ja topeltvaakumtehnoloogiale blokeerib kruus t\u00f5husalt temperatuuri \u00fclekannet, hoides joogid v\u00e4rskena ja maitsekana. N\u00fc\u00fcd saate valmistada nii v\u00e4rskendavaid mahlu, et kuumadel p\u00e4evadel jahutada, kui ka kuumi jooke, et talve\u00f5htutel soojendada.<\/p>\n<p><img loading=\"lazy\" decoding=\"async\" class=\"alignnone size-medium_large wp-image-12328\" src=\"https:\/\/blankpage.ee\/_ruumist-ruumi\/wp-content\/uploads\/2024\/11\/Blender-Deerma-DEM-NU90-juhtmevaba-3-768x489.jpg\" alt=\"Blender Deerma DEM-NU90 juhtmevaba\" width=\"768\" height=\"489\" srcset=\"https:\/\/blankpage.ee\/_ruumist-ruumi\/wp-content\/uploads\/2024\/11\/Blender-Deerma-DEM-NU90-juhtmevaba-3-768x489.jpg 768w, https:\/\/blankpage.ee\/_ruumist-ruumi\/wp-content\/uploads\/2024\/11\/Blender-Deerma-DEM-NU90-juhtmevaba-3-300x191.jpg 300w, https:\/\/blankpage.ee\/_ruumist-ruumi\/wp-content\/uploads\/2024\/11\/Blender-Deerma-DEM-NU90-juhtmevaba-3-400x255.jpg 400w, https:\/\/blankpage.ee\/_ruumist-ruumi\/wp-content\/uploads\/2024\/11\/Blender-Deerma-DEM-NU90-juhtmevaba-3-922x587.jpg 922w, https:\/\/blankpage.ee\/_ruumist-ruumi\/wp-content\/uploads\/2024\/11\/Blender-Deerma-DEM-NU90-juhtmevaba-3.jpg 1000w\" sizes=\"auto, (max-width: 768px) 100vw, 768px\" \/><\/p>\n<h3>Vahetatavad kaaned<\/h3>\n<p>Deerma DEM-NU90 juhtmevaba blender pakub kahte vahetatavat kaant &#8211; segamiskaant ja joogikaant. Esimene on varustatud terasest teradega, mis segavad koostisosad p\u00f5hjalikult, s\u00e4ilitades nende t\u00e4ieliku maitse ja toitev\u00e4\u00e4rtuse. Joogikaan on aga usaldusv\u00e4\u00e4rne reisil, tagades joogi temperatuuri pikaajalise s\u00e4ilimise.<\/p>\n<p><img loading=\"lazy\" decoding=\"async\" class=\"alignnone size-medium_large wp-image-12329\" src=\"https:\/\/blankpage.ee\/_ruumist-ruumi\/wp-content\/uploads\/2024\/11\/Blender-Deerma-DEM-NU90-juhtmevaba-5-768x489.webp\" alt=\"Blender Deerma DEM-NU90 juhtmevaba\" width=\"768\" height=\"489\" srcset=\"https:\/\/blankpage.ee\/_ruumist-ruumi\/wp-content\/uploads\/2024\/11\/Blender-Deerma-DEM-NU90-juhtmevaba-5-768x489.webp 768w, https:\/\/blankpage.ee\/_ruumist-ruumi\/wp-content\/uploads\/2024\/11\/Blender-Deerma-DEM-NU90-juhtmevaba-5-300x191.webp 300w, https:\/\/blankpage.ee\/_ruumist-ruumi\/wp-content\/uploads\/2024\/11\/Blender-Deerma-DEM-NU90-juhtmevaba-5-400x255.webp 400w, https:\/\/blankpage.ee\/_ruumist-ruumi\/wp-content\/uploads\/2024\/11\/Blender-Deerma-DEM-NU90-juhtmevaba-5-922x587.webp 922w, https:\/\/blankpage.ee\/_ruumist-ruumi\/wp-content\/uploads\/2024\/11\/Blender-Deerma-DEM-NU90-juhtmevaba-5.webp 1000w\" sizes=\"auto, (max-width: 768px) 100vw, 768px\" \/><\/p>\n<h3>Turvalisus ja kasutusmugavus<\/h3>\n<p>Kahekordne kl\u00f5psus\u00fcsteem kaitseb seadme juhusliku aktiveerimise eest ja v\u00f5imaldab probleemivaba transporti. Segamisprotsess kestab vaid 40 sekundit, nii et saate kiiresti valmistada joogi t\u00e4iusliku konsistentsiga. Kui ts\u00fckkel on l\u00f5ppenud, l\u00fclitub seade automaatselt v\u00e4lja, tagades t\u00e4ieliku kasutusohutuse.<\/p>\n<p><img loading=\"lazy\" decoding=\"async\" class=\"alignnone size-medium_large wp-image-12331\" src=\"https:\/\/blankpage.ee\/_ruumist-ruumi\/wp-content\/uploads\/2024\/11\/Blender-Deerma-DEM-NU90-juhtmevaba-7-768x489.webp\" alt=\"Blender Deerma DEM-NU90 juhtmevaba\" width=\"768\" height=\"489\" srcset=\"https:\/\/blankpage.ee\/_ruumist-ruumi\/wp-content\/uploads\/2024\/11\/Blender-Deerma-DEM-NU90-juhtmevaba-7-768x489.webp 768w, https:\/\/blankpage.ee\/_ruumist-ruumi\/wp-content\/uploads\/2024\/11\/Blender-Deerma-DEM-NU90-juhtmevaba-7-300x191.webp 300w, https:\/\/blankpage.ee\/_ruumist-ruumi\/wp-content\/uploads\/2024\/11\/Blender-Deerma-DEM-NU90-juhtmevaba-7-400x255.webp 400w, https:\/\/blankpage.ee\/_ruumist-ruumi\/wp-content\/uploads\/2024\/11\/Blender-Deerma-DEM-NU90-juhtmevaba-7-922x587.webp 922w, https:\/\/blankpage.ee\/_ruumist-ruumi\/wp-content\/uploads\/2024\/11\/Blender-Deerma-DEM-NU90-juhtmevaba-7.webp 1000w\" sizes=\"auto, (max-width: 768px) 100vw, 768px\" \/><\/p>\n<h3>T\u00f5hus j\u00f5udlus<\/h3>\n<p>T\u00e4nu neljale usaldusv\u00e4\u00e4rsele terale ja mootorile, mis t\u00f6\u00f6tab 18 000 p\/min, on Deerma blender v\u00f5imeline puu- ja k\u00f6\u00f6givilju kiiresti \u00fchtlaseks massiks segama. Seade t\u00f6\u00f6tab juhtmevabalt &#8211; nii saate nautida t\u00e4ielikku kasutusvabadust k\u00f5ikjal.<\/p>\n<p><img loading=\"lazy\" decoding=\"async\" class=\"alignnone size-medium_large wp-image-12333\" src=\"https:\/\/blankpage.ee\/_ruumist-ruumi\/wp-content\/uploads\/2024\/11\/Blender-Deerma-DEM-NU90-juhtmevaba-1-768x489.webp\" alt=\"Blender Deerma DEM-NU90 juhtmevaba\" width=\"768\" height=\"489\" srcset=\"https:\/\/blankpage.ee\/_ruumist-ruumi\/wp-content\/uploads\/2024\/11\/Blender-Deerma-DEM-NU90-juhtmevaba-1-768x489.webp 768w, https:\/\/blankpage.ee\/_ruumist-ruumi\/wp-content\/uploads\/2024\/11\/Blender-Deerma-DEM-NU90-juhtmevaba-1-300x191.webp 300w, https:\/\/blankpage.ee\/_ruumist-ruumi\/wp-content\/uploads\/2024\/11\/Blender-Deerma-DEM-NU90-juhtmevaba-1-400x255.webp 400w, https:\/\/blankpage.ee\/_ruumist-ruumi\/wp-content\/uploads\/2024\/11\/Blender-Deerma-DEM-NU90-juhtmevaba-1-922x587.webp 922w, https:\/\/blankpage.ee\/_ruumist-ruumi\/wp-content\/uploads\/2024\/11\/Blender-Deerma-DEM-NU90-juhtmevaba-1.webp 1000w\" sizes=\"auto, (max-width: 768px) 100vw, 768px\" \/><\/p>\n<h3>Pikk t\u00f6\u00f6aeg<\/h3>\n<p>1500 mAh liitiumaku v\u00f5imaldab \u00fche laadimisega valmistada kuni 8 tassi jooki. Energiat\u00e4iendamise aeg USB-C kaabliga kestab 3 tundi. See valmistab blenderi t\u00f5husalt uuesti kasutamiseks ette.<\/p>\n<p><img loading=\"lazy\" decoding=\"async\" class=\"alignnone size-medium_large wp-image-12330\" src=\"https:\/\/blankpage.ee\/_ruumist-ruumi\/wp-content\/uploads\/2024\/11\/Blender-Deerma-DEM-NU90-juhtmevaba-6-768x489.webp\" alt=\"Blender Deerma DEM-NU90 juhtmevaba\" width=\"768\" height=\"489\" srcset=\"https:\/\/blankpage.ee\/_ruumist-ruumi\/wp-content\/uploads\/2024\/11\/Blender-Deerma-DEM-NU90-juhtmevaba-6-768x489.webp 768w, https:\/\/blankpage.ee\/_ruumist-ruumi\/wp-content\/uploads\/2024\/11\/Blender-Deerma-DEM-NU90-juhtmevaba-6-300x191.webp 300w, https:\/\/blankpage.ee\/_ruumist-ruumi\/wp-content\/uploads\/2024\/11\/Blender-Deerma-DEM-NU90-juhtmevaba-6-400x255.webp 400w, https:\/\/blankpage.ee\/_ruumist-ruumi\/wp-content\/uploads\/2024\/11\/Blender-Deerma-DEM-NU90-juhtmevaba-6-922x587.webp 922w, https:\/\/blankpage.ee\/_ruumist-ruumi\/wp-content\/uploads\/2024\/11\/Blender-Deerma-DEM-NU90-juhtmevaba-6.webp 1000w\" sizes=\"auto, (max-width: 768px) 100vw, 768px\" \/><\/p>\n<h3>Kvaliteetne disain<\/h3>\n<p>Stiilne gradientdisain sinise ja roosa toonides paistab silma. Lekkevaba disain hoiab \u00e4ra lekked ja v\u00e4ike tila v\u00e4hendab meigi m\u00e4\u00e4rimise riski joomise ajal. Deerma blenderi tootmisel kasutatud materjalid vastavad RoHS standarditele &#8211; nii saate oma lemmikjooke muretult nautida. Seadme m\u00f5\u00f5tmed on 91 x 91 x 200 mm ja see kaalub alla 0,6 kg, nii et saate oma lemmikjoogid alati kaasas kanda.<\/p>\n<p><img loading=\"lazy\" decoding=\"async\" class=\"alignnone size-medium_large wp-image-12332\" src=\"https:\/\/blankpage.ee\/_ruumist-ruumi\/wp-content\/uploads\/2024\/11\/Blender-Deerma-DEM-NU90-juhtmevaba-8-768x489.webp\" alt=\"Blender Deerma DEM-NU90 juhtmevaba\" width=\"768\" height=\"489\" srcset=\"https:\/\/blankpage.ee\/_ruumist-ruumi\/wp-content\/uploads\/2024\/11\/Blender-Deerma-DEM-NU90-juhtmevaba-8-768x489.webp 768w, https:\/\/blankpage.ee\/_ruumist-ruumi\/wp-content\/uploads\/2024\/11\/Blender-Deerma-DEM-NU90-juhtmevaba-8-300x191.webp 300w, https:\/\/blankpage.ee\/_ruumist-ruumi\/wp-content\/uploads\/2024\/11\/Blender-Deerma-DEM-NU90-juhtmevaba-8-400x255.webp 400w, https:\/\/blankpage.ee\/_ruumist-ruumi\/wp-content\/uploads\/2024\/11\/Blender-Deerma-DEM-NU90-juhtmevaba-8-922x587.webp 922w, https:\/\/blankpage.ee\/_ruumist-ruumi\/wp-content\/uploads\/2024\/11\/Blender-Deerma-DEM-NU90-juhtmevaba-8.webp 1000w\" sizes=\"auto, (max-width: 768px) 100vw, 768px\" \/><\/p>\n<h3>Komplektis:<\/h3>\n<ul class=\"list-disc\">\n<li>P\u00f5hiseade<\/li>\n<li>Kruus<\/li>\n<li>\u00dclemine kaas<\/li>\n<li>USB laadimiskaabel<\/li>\n<li>Kasutusjuhend<\/li>\n<\/ul>\n<div class=\"table-wrapper\">\n<h3><\/h3>\n<table>\n<tbody>\n<tr>\n<th>Tootja<\/th>\n<td>Deerma<\/td>\n<\/tr>\n<tr>\n<th>Mudel<\/th>\n<td>DEM-NU90<\/td>\n<\/tr>\n<tr>\n<th>T\u00f6\u00f6pinge<\/th>\n<td>50W<\/td>\n<\/tr>\n<tr>\n<th>T\u00f6\u00f6pinge<\/th>\n<td>3.7V<\/td>\n<\/tr>\n<tr>\n<th>Laadimispinge<\/th>\n<td>5V<\/td>\n<\/tr>\n<tr>\n<th>Laadimisintensiivsus<\/th>\n<td>1A<\/td>\n<\/tr>\n<tr>\n<th>Nimimaht<\/th>\n<td>300 ml<\/td>\n<\/tr>\n<tr>\n<th>T\u00fchik\u00e4igu kiirus<\/th>\n<td>18 000 p\/min<\/td>\n<\/tr>\n<tr>\n<th>Akumaht<\/th>\n<td>1500 mAh<\/td>\n<\/tr>\n<tr>\n<th>Kaal<\/th>\n<td>0.6 kg<\/td>\n<\/tr>\n<tr>\n<th>M\u00f5\u00f5tmed<\/th>\n<td>91 x 91 x 200 mm<\/td>\n<\/tr>\n<tr>\n<th>Materjal<\/th>\n<td>kruus: SUS304, \u00fclemine kaas: ABS<\/td>\n<\/tr>\n<tr>\n<th>V\u00e4rv<\/th>\n<td>sinine ja roosa (gradient)<\/td>\n<\/tr>\n<\/tbody>\n<\/table>\n<\/div>\n","protected":false},"excerpt":{"rendered":"<p>Deerma DEM-NU90 juhtmevaba blender. Deerma DEM-NU90 \u00fchendab mahlapressi ja termokruusi funktsioonid, pakkudes kuni 6 tundi jahutust ja soojust. See on valmistatud roostevabast terasest ja komplektis on kaks kaant (segamiseks ja joomiseks). V\u00f5imas mootor saavutab kiiruse 18 000 p\/min, tagades usaldusv\u00e4\u00e4rse j\u00f5udluse. 300 ml maht v\u00f5imaldab \u00fche laadimisega valmistada kuni 8 tassi jooki. Kahekordne kl\u00f5psus\u00fcsteem kaitseb [&hellip;]<\/p>\n","protected":false},"featured_media":11955,"comment_status":"open","ping_status":"closed","template":"","meta":[],"product_brand":[],"product_cat":[816],"product_tag":[],"class_list":{"0":"post-11954","1":"product","2":"type-product","3":"status-publish","4":"has-post-thumbnail","6":"product_cat-blenderid","7":"product_shipping_class-innpro","9":"first","10":"instock","11":"sale","12":"taxable","13":"shipping-taxable","14":"purchasable","15":"product-type-simple"},"_links":{"self":[{"href":"https:\/\/blankpage.ee\/_ruumist-ruumi\/wp-json\/wp\/v2\/product\/11954","targetHints":{"allow":["GET"]}}],"collection":[{"href":"https:\/\/blankpage.ee\/_ruumist-ruumi\/wp-json\/wp\/v2\/product"}],"about":[{"href":"https:\/\/blankpage.ee\/_ruumist-ruumi\/wp-json\/wp\/v2\/types\/product"}],"replies":[{"embeddable":true,"href":"https:\/\/blankpage.ee\/_ruumist-ruumi\/wp-json\/wp\/v2\/comments?post=11954"}],"wp:featuredmedia":[{"embeddable":true,"href":"https:\/\/blankpage.ee\/_ruumist-ruumi\/wp-json\/wp\/v2\/media\/11955"}],"wp:attachment":[{"href":"https:\/\/blankpage.ee\/_ruumist-ruumi\/wp-json\/wp\/v2\/media?parent=11954"}],"wp:term":[{"taxonomy":"product_brand","embeddable":true,"href":"https:\/\/blankpage.ee\/_ruumist-ruumi\/wp-json\/wp\/v2\/product_brand?post=11954"},{"taxonomy":"product_cat","embeddable":true,"href":"https:\/\/blankpage.ee\/_ruumist-ruumi\/wp-json\/wp\/v2\/product_cat?post=11954"},{"taxonomy":"product_tag","embeddable":true,"href":"https:\/\/blankpage.ee\/_ruumist-ruumi\/wp-json\/wp\/v2\/product_tag?post=11954"}],"curies":[{"name":"wp","href":"https:\/\/api.w.org\/{rel}","templated":true}]}}