{"id":120061,"date":"2025-01-01T12:34:27","date_gmt":"2025-01-01T12:34:27","guid":{"rendered":"https:\/\/ruumistruumi.ee\/pood\/taimekast-kasvuhoonekattega-rotangi-valimus-160-x-40-x-138-cm-2\/"},"modified":"2025-08-21T02:14:44","modified_gmt":"2025-08-21T02:14:44","slug":"taimekast-kasvuhoonekattega-rotangi-valimus-160-x-40-x-138-cm-2","status":"publish","type":"product","link":"https:\/\/blankpage.ee\/_ruumist-ruumi\/pood\/taimekast-kasvuhoonekattega-rotangi-valimus-160-x-40-x-138-cm-2\/","title":{"rendered":"Taimekast kasvuhoonekattega, rotangi v\u00e4limus, 160 x 40 x 138 cm"},"content":{"rendered":"<p>Kasvuhoonekattega k\u00f5rgendatud peenar pakub oma tugeva tugiraamiga palju kasvuruumi.Tugev konstruktsioon: pol\u00fcprop\u00fcleenist valmistatud k\u00f5rgendatud peenral on peal tugev rauast toruraam, mis v\u00f5imaldab taimedel kasvada ja sealt l\u00e4bi ronida.Funktsionaalne kate: taimekastil on vettpidav pol\u00fcet\u00fcleenkate, mis kaitseb teie taimi \u00e4\u00e4rmuslike temperatuuride eest ning hoiab eemal putukaid, linde ja v\u00e4ikeloomi.Praktiline disain: taimekastil on ventilatsiooniks lukud, mis v\u00f5imaldavad katet vastavalt vajadusele reguleerida. Lisaks on selle \u00fclaosas n\u00f6\u00f6rid, mis muudavad v\u00f5rgu toru k\u00fclge kinnitamise lihtsaks.Rotangiimitatsiooniga disain: rotangiimitatsiooniga k\u00f5rgendatud peenar lisab teie v\u00e4liruumile loomulikku v\u00f5lu.Lai kasutusala: taimekastis on k\u00fcllaldaselt ruumi taimede, k\u00f6\u00f6giviljade, maitsetaimede ja lillede jaoks. Saate seda kasutada aedades, sise\u00f5uedes, r\u00f5dudel jne.<\/p>\n<ul>\n<li>Taimelava v\u00e4rvus: helehall<\/li>\n<li>V\u00f5rgu v\u00e4rvus: roheline<\/li>\n<li>K\u00f5rgendatud peenra materjal: PP (pol\u00fcprop\u00fcleen)<\/li>\n<li>V\u00f5rgu materjal: PE (pol\u00fcet\u00fcleen)<\/li>\n<li>Toru materjal: raud<\/li>\n<li>K\u00f5rgendatud taimelava m\u00f5\u00f5dud: 160 x 40 x 38 cm (P x L x K)<\/li>\n<li>Kasvuhoone m\u00f5\u00f5dud: 160 x 40 x 110 cm (P x L x K)<\/li>\n<li>Terastoru m\u00f5\u00f5dud: 160 x 40 x 120 cm (P x L x K)<\/li>\n<li>\u00dcldm\u00f5\u00f5tmed: 160 x 40 x 138 cm (P x L x K)<\/li>\n<li>Vettpidava kasvuhoonekattega<\/li>\n<li>Vajalik kokkupanek: jah<\/li>\n<\/ul>\n","protected":false},"excerpt":{"rendered":"<p>Kasvuhoonekattega k\u00f5rgendatud peenar pakub oma tugeva tugiraamiga palju kasvuruumi.Tugev konstruktsioon: pol\u00fcprop\u00fcleenist valmistatud k\u00f5rgendatud peenral on peal tugev rauast toruraam, mis v\u00f5imaldab taimedel kasvada ja sealt l\u00e4bi ronida.Funktsionaalne kate: taimekastil on vettpidav pol\u00fcet\u00fcleenkate, mis kaitseb teie taimi \u00e4\u00e4rmuslike temperatuuride eest ning hoiab eemal putukaid, linde ja v\u00e4ikeloomi.Praktiline disain: taimekastil on ventilatsiooniks lukud, mis v\u00f5imaldavad katet vastavalt [&hellip;]<\/p>\n","protected":false},"featured_media":120062,"comment_status":"open","ping_status":"closed","template":"","meta":[],"product_brand":[],"product_cat":[1762],"product_tag":[],"class_list":{"0":"post-120061","1":"product","2":"type-product","3":"status-publish","4":"has-post-thumbnail","6":"product_cat-taimekastid-ja-potid","7":"product_shipping_class-vidaxl","8":"pa_varv-hall","10":"first","11":"outofstock","12":"taxable","13":"shipping-taxable","14":"purchasable","15":"product-type-simple"},"_links":{"self":[{"href":"https:\/\/blankpage.ee\/_ruumist-ruumi\/wp-json\/wp\/v2\/product\/120061","targetHints":{"allow":["GET"]}}],"collection":[{"href":"https:\/\/blankpage.ee\/_ruumist-ruumi\/wp-json\/wp\/v2\/product"}],"about":[{"href":"https:\/\/blankpage.ee\/_ruumist-ruumi\/wp-json\/wp\/v2\/types\/product"}],"replies":[{"embeddable":true,"href":"https:\/\/blankpage.ee\/_ruumist-ruumi\/wp-json\/wp\/v2\/comments?post=120061"}],"wp:featuredmedia":[{"embeddable":true,"href":"https:\/\/blankpage.ee\/_ruumist-ruumi\/wp-json\/wp\/v2\/media\/120062"}],"wp:attachment":[{"href":"https:\/\/blankpage.ee\/_ruumist-ruumi\/wp-json\/wp\/v2\/media?parent=120061"}],"wp:term":[{"taxonomy":"product_brand","embeddable":true,"href":"https:\/\/blankpage.ee\/_ruumist-ruumi\/wp-json\/wp\/v2\/product_brand?post=120061"},{"taxonomy":"product_cat","embeddable":true,"href":"https:\/\/blankpage.ee\/_ruumist-ruumi\/wp-json\/wp\/v2\/product_cat?post=120061"},{"taxonomy":"product_tag","embeddable":true,"href":"https:\/\/blankpage.ee\/_ruumist-ruumi\/wp-json\/wp\/v2\/product_tag?post=120061"}],"curies":[{"name":"wp","href":"https:\/\/api.w.org\/{rel}","templated":true}]}}