{"id":12072,"date":"2025-04-19T11:04:31","date_gmt":"2025-04-19T11:04:31","guid":{"rendered":"https:\/\/ruumistruumi.ee\/?post_type=product&#038;p=12072"},"modified":"2025-08-21T08:18:54","modified_gmt":"2025-08-21T08:18:54","slug":"intelligentne-isepuhastuv-kassiliivakast-catlink-pro-x-luxury","status":"publish","type":"product","link":"https:\/\/blankpage.ee\/_ruumist-ruumi\/pood\/intelligentne-isepuhastuv-kassiliivakast-catlink-pro-x-luxury\/","title":{"rendered":"Nutikas isepuhastuv kassiliivakast Catlink Pro-X Luxury (CL-08, Wi-Fi, 13 l)"},"content":{"rendered":"<h3>Nutikas isepuhastuv kassiliivakast Catlink Pro-X Luxury (CL-08, Wi-Fi, 13 l)<\/h3>\n<p>Nutikas kassiliivakast Catlink Pro-X Luxury on innovaatiline ja mugav valik igale kassipidajale. See seade hoolitseb liivakasti puhtuse eest automaatselt ning v\u00f5imaldab j\u00e4lgida lemmiku harjumusi mobiilirakenduse kaudu. Kassiliivakasti saad kohandada vastavalt oma vajadustele ja soovi korral saadetakse teavitused otse sinu nutitelefonile.<\/p>\n<p><img decoding=\"async\" src=\"https:\/\/blankpage.ee\/_ruumist-ruumi\/wp-content\/uploads\/2025\/04\/1-488.webp\" alt=\"Nutikas kassiliivakast Catlink Pro-X Luxury eestvaates, CATLINK logo ja juhtimine nutitelefoniga\" \/><\/p>\n<h3>Neli t\u00f6\u00f6re\u017eiimi t\u00e4iustatud mugavuseks<\/h3>\n<p>Catlink Pro-X Luxury pakub nelja erinevat t\u00f6\u00f6re\u017eiimi: manuaalne, automaatne, taimer ja t\u00fchjendus. Nende vahel saab h\u00f5lpsalt valida nii seadme nupust kui ka rakenduse abil. Nutikas kassiliivakast suudab automaatse puhastamise k\u00e4ivitada sinu seatud intervalli j\u00e4rgi, tagades seel\u00e4bi maksimaalse mugavuse igap\u00e4evaselt.<\/p>\n<p><img decoding=\"async\" src=\"https:\/\/blankpage.ee\/_ruumist-ruumi\/wp-content\/uploads\/2025\/04\/7-315.webp\" alt=\"Catlink Pro-X Luxury t\u00f6\u00f6re\u017eiimide juhtpaneel, kus \u00fclemisel nupul re\u017eiimide valik\" \/><\/p>\n<h3>L\u00e4bim\u00f5eldud disain igas suuruses kassile<\/h3>\n<p>Nutikal kassiliivakastil on sobiv disain v\u00e4ikestele ja suurtele kassidele (1,5\u201310 kg). Sisseehitatud valgustus garanteerib mugava kasutamise ka \u00f6\u00f6sel ja j\u00e4\u00e4tmete t\u00fchjendamine on lihtne ning kiire.<\/p>\n<p><img decoding=\"async\" src=\"https:\/\/blankpage.ee\/_ruumist-ruumi\/wp-content\/uploads\/2025\/04\/3-462.webp\" alt=\"Catlink Pro-X Luxury seestpoolt, avatud liivakasti ava ja sisukujundus\" \/><\/p>\n<h3>T\u00f5hus puhastuss\u00fcsteem ning steriliseerimine<\/h3>\n<p>Catlink Pro-X Luxury kasutab arenenud filtreerimis- ja steriliseerimiss\u00fcsteemi, mis tagab puhta ja l\u00f5hnavaba liiva. Suure, 13-liitrise j\u00e4\u00e4tmemahuti t\u00f5ttu on vaja puhastada ja t\u00fchjendada oluliselt harvem kui tavaliste liivakastide puhul.<\/p>\n<p><img decoding=\"async\" src=\"https:\/\/blankpage.ee\/_ruumist-ruumi\/wp-content\/uploads\/2025\/04\/13-8.webp\" alt=\"Catlink Pro-X Luxury 13-liitrine j\u00e4\u00e4tmemahuti ja selle lihtne eemaldamine\" \/><\/p>\n<h3>Usaldusv\u00e4\u00e4rne ohutus ja stabiilsus<\/h3>\n<p>Nutikas kassiliivakast Catlink Pro-X Luxury on varustatud kaasaegsete anduritega, mis tagavad kassi turvalisuse. Kassile liivakasti sisenedes peatub puhastustoiming automaatselt ning seade seisab kindlalt igal pinnal.<\/p>\n<p><img decoding=\"async\" src=\"https:\/\/blankpage.ee\/_ruumist-ruumi\/wp-content\/uploads\/2025\/04\/5-384.webp\" alt=\"Catlink Pro-X Luxury kassiliivakast ohutusanduritega\" \/><\/p>\n<h3>Mugav juhtimine CATLINK mobiilirakendusega<\/h3>\n<p>CATLINK ametliku \u00e4piga saad liivakasti juhtida ka distantsilt, j\u00e4lgida lemmiku terviseraporteid, muuta t\u00f6\u00f6re\u017eiime ning v\u00f5imaldada ligip\u00e4\u00e4su pere teistele liikmetele.<\/p>\n<p><img decoding=\"async\" src=\"https:\/\/blankpage.ee\/_ruumist-ruumi\/wp-content\/uploads\/2025\/04\/9-121.webp\" alt=\"CATLINK mobiilirakenduse juhtpaneelist nutikas kassiliivakasti funktsioonide seadistamine\" \/><\/p>\n<h3>Teavitused ja kasutusinfo reaalajas<\/h3>\n<p>Rakendus annab teada, kui liivakasti tuleb lisada uut liiva v\u00f5i j\u00e4\u00e4tmekonteiner vajab t\u00fchjendamist. Lisaks registreerib seade iga kasutuse \u2013 salvestades nii kassi kaalu kui ka ajad, et saaksid lemmiku harjumusi p\u00f5hjalikult j\u00e4lgida. T\u00f6\u00f6kindlust suurendavad temperatuuri- ja niiskusandurid.<\/p>\n<p><img decoding=\"async\" src=\"https:\/\/blankpage.ee\/_ruumist-ruumi\/wp-content\/uploads\/2025\/04\/8-167.webp\" alt=\"Rakenduse ekraanilt vaade liivakasti t\u00e4ituvuse n\u00e4itajatele\" \/><\/p>\n<div class=\"table-wrapper\">\n<table>\n<tbody>\n<tr>\n<th>Tootja<\/th>\n<td>Catlink<\/td>\n<\/tr>\n<tr>\n<th>Mudel<\/th>\n<td>CL-08<\/td>\n<\/tr>\n<tr>\n<th>Nimipinge<\/th>\n<td>12V \/ 2A<\/td>\n<\/tr>\n<tr>\n<th>Kassi kaal<\/th>\n<td>1,5\u201310 kg<\/td>\n<\/tr>\n<tr>\n<th>J\u00e4\u00e4tmemahuti maht<\/th>\n<td>13 l<\/td>\n<\/tr>\n<tr>\n<th>T\u00f6\u00f6re\u017eiimid<\/th>\n<td>Manuaalne, automaatne, taimer, t\u00fchjendus<\/td>\n<\/tr>\n<\/tbody>\n<\/table>\n<\/div>\n<p>Nutikas kassiliivakast Catlink Pro-X Luxury aitab tagada sinu kassile alati puhta ja turvalise wc-kogemuse ning teeb kassiomaniku elu lihtsamaks ja muretumaks.<\/p>\n","protected":false},"excerpt":{"rendered":"<p>Nutikas isepuhastuv kassiliivakast Catlink Pro-X Luxury (CL-08, Wi-Fi, 13 l) Nutikas kassiliivakast Catlink Pro-X Luxury on innovaatiline ja mugav valik igale kassipidajale. See seade hoolitseb liivakasti puhtuse eest automaatselt ning v\u00f5imaldab j\u00e4lgida lemmiku harjumusi mobiilirakenduse kaudu. Kassiliivakasti saad kohandada vastavalt oma vajadustele ja soovi korral saadetakse teavitused otse sinu nutitelefonile. Neli t\u00f6\u00f6re\u017eiimi t\u00e4iustatud mugavuseks Catlink [&hellip;]<\/p>\n","protected":false},"featured_media":173665,"comment_status":"open","ping_status":"open","template":"","meta":[],"product_brand":[3107],"product_cat":[817],"product_tag":[],"class_list":{"0":"post-12072","1":"product","2":"type-product","3":"status-publish","4":"has-post-thumbnail","6":"product_brand-catlink","7":"product_cat-elektroonilised-kassi-liivakastid","8":"product_shipping_class-innpro","10":"first","11":"instock","12":"sale","13":"taxable","14":"shipping-taxable","15":"purchasable","16":"product-type-simple"},"_links":{"self":[{"href":"https:\/\/blankpage.ee\/_ruumist-ruumi\/wp-json\/wp\/v2\/product\/12072","targetHints":{"allow":["GET"]}}],"collection":[{"href":"https:\/\/blankpage.ee\/_ruumist-ruumi\/wp-json\/wp\/v2\/product"}],"about":[{"href":"https:\/\/blankpage.ee\/_ruumist-ruumi\/wp-json\/wp\/v2\/types\/product"}],"replies":[{"embeddable":true,"href":"https:\/\/blankpage.ee\/_ruumist-ruumi\/wp-json\/wp\/v2\/comments?post=12072"}],"wp:featuredmedia":[{"embeddable":true,"href":"https:\/\/blankpage.ee\/_ruumist-ruumi\/wp-json\/wp\/v2\/media\/173665"}],"wp:attachment":[{"href":"https:\/\/blankpage.ee\/_ruumist-ruumi\/wp-json\/wp\/v2\/media?parent=12072"}],"wp:term":[{"taxonomy":"product_brand","embeddable":true,"href":"https:\/\/blankpage.ee\/_ruumist-ruumi\/wp-json\/wp\/v2\/product_brand?post=12072"},{"taxonomy":"product_cat","embeddable":true,"href":"https:\/\/blankpage.ee\/_ruumist-ruumi\/wp-json\/wp\/v2\/product_cat?post=12072"},{"taxonomy":"product_tag","embeddable":true,"href":"https:\/\/blankpage.ee\/_ruumist-ruumi\/wp-json\/wp\/v2\/product_tag?post=12072"}],"curies":[{"name":"wp","href":"https:\/\/api.w.org\/{rel}","templated":true}]}}