{"id":120722,"date":"2025-01-01T06:24:35","date_gmt":"2025-01-01T06:24:35","guid":{"rendered":"https:\/\/ruumistruumi.ee\/pood\/taimelava-tsingitud-teras-320-x-80-x-45-cm-roheline\/"},"modified":"2025-08-21T02:14:46","modified_gmt":"2025-08-21T02:14:46","slug":"taimelava-tsingitud-teras-320-x-80-x-45-cm-roheline","status":"publish","type":"product","link":"https:\/\/blankpage.ee\/_ruumist-ruumi\/pood\/taimelava-tsingitud-teras-320-x-80-x-45-cm-roheline\/","title":{"rendered":"Taimelava, tsingitud teras, 320 x 80 x 45 cm, roheline"},"content":{"rendered":"<p>Metallist taimelava on t\u00e4iuslik valik isetegijatele, millega oma aeda, r\u00f5du v\u00f5i verandat kaunistada. Taimekast on piisavalt s\u00fcgav ja lai, et mahutada suurt hulka mulda ning taimi, k\u00f6\u00f6givilju, maitsetaimi ja lilli. Tugevast tsingitud terasest valmistatud taimekast on ilmastikukindel ja \u00f5ues kasutamiseks v\u00e4ga praktiline. Taimekast tuleb ise kokku panna.<\/p>\n<ul>\n<li>V\u00e4rvus: roheline<\/li>\n<li>Materjal: tsingitud teras<\/li>\n<li>M\u00f5\u00f5tmed: 320 x 80 x 45 cm (P x L x K)<\/li>\n<li>Avatud alaosa<\/li>\n<\/ul>\n","protected":false},"excerpt":{"rendered":"<p>Metallist taimelava on t\u00e4iuslik valik isetegijatele, millega oma aeda, r\u00f5du v\u00f5i verandat kaunistada. Taimekast on piisavalt s\u00fcgav ja lai, et mahutada suurt hulka mulda ning taimi, k\u00f6\u00f6givilju, maitsetaimi ja lilli. Tugevast tsingitud terasest valmistatud taimekast on ilmastikukindel ja \u00f5ues kasutamiseks v\u00e4ga praktiline. Taimekast tuleb ise kokku panna. V\u00e4rvus: roheline Materjal: tsingitud teras M\u00f5\u00f5tmed: 320 x [&hellip;]<\/p>\n","protected":false},"featured_media":120723,"comment_status":"open","ping_status":"open","template":"","meta":[],"product_brand":[],"product_cat":[1762],"product_tag":[],"class_list":{"0":"post-120722","1":"product","2":"type-product","3":"status-publish","4":"has-post-thumbnail","6":"product_cat-taimekastid-ja-potid","7":"product_shipping_class-vidaxl","8":"pa_varv-roheline","10":"first","11":"outofstock","12":"taxable","13":"shipping-taxable","14":"purchasable","15":"product-type-simple"},"_links":{"self":[{"href":"https:\/\/blankpage.ee\/_ruumist-ruumi\/wp-json\/wp\/v2\/product\/120722","targetHints":{"allow":["GET"]}}],"collection":[{"href":"https:\/\/blankpage.ee\/_ruumist-ruumi\/wp-json\/wp\/v2\/product"}],"about":[{"href":"https:\/\/blankpage.ee\/_ruumist-ruumi\/wp-json\/wp\/v2\/types\/product"}],"replies":[{"embeddable":true,"href":"https:\/\/blankpage.ee\/_ruumist-ruumi\/wp-json\/wp\/v2\/comments?post=120722"}],"wp:featuredmedia":[{"embeddable":true,"href":"https:\/\/blankpage.ee\/_ruumist-ruumi\/wp-json\/wp\/v2\/media\/120723"}],"wp:attachment":[{"href":"https:\/\/blankpage.ee\/_ruumist-ruumi\/wp-json\/wp\/v2\/media?parent=120722"}],"wp:term":[{"taxonomy":"product_brand","embeddable":true,"href":"https:\/\/blankpage.ee\/_ruumist-ruumi\/wp-json\/wp\/v2\/product_brand?post=120722"},{"taxonomy":"product_cat","embeddable":true,"href":"https:\/\/blankpage.ee\/_ruumist-ruumi\/wp-json\/wp\/v2\/product_cat?post=120722"},{"taxonomy":"product_tag","embeddable":true,"href":"https:\/\/blankpage.ee\/_ruumist-ruumi\/wp-json\/wp\/v2\/product_tag?post=120722"}],"curies":[{"name":"wp","href":"https:\/\/api.w.org\/{rel}","templated":true}]}}