{"id":12076,"date":"2025-04-19T11:04:31","date_gmt":"2025-04-19T11:04:31","guid":{"rendered":"https:\/\/ruumistruumi.ee\/?post_type=product&#038;p=12076"},"modified":"2025-08-21T08:18:54","modified_gmt":"2025-08-21T08:18:54","slug":"intelligentne-isepuhastuv-kassiliivakast-catlink-pro-x-standard","status":"publish","type":"product","link":"https:\/\/blankpage.ee\/_ruumist-ruumi\/pood\/intelligentne-isepuhastuv-kassiliivakast-catlink-pro-x-standard\/","title":{"rendered":"Isepuhastuv nutikas kassiliivakast Catlink CL-07 (13L, \u00e4pijuhtimine)"},"content":{"rendered":"<h3>Nutikas kassiliivakast Catlink CL-07 \u2013 isepuhastuv mugavus<\/h3>\n<p>Nutikas kassiliivakast Catlink CL-07 pakub kassiomanikule v\u00f5imalust unustada k\u00e4sitsi liivakasti puhastamine. See kaasaegne kassiliivakast puhastab end automaatselt m\u00f5ne hetkega, hoides igap\u00e4evase hoolduse lihtsa ja mugavana. Suur, 13-liitrine j\u00e4\u00e4tmekonteiner ning kolmekihiline l\u00f5hna- ja steriliseerimiss\u00fcsteem aitavad hoida \u00f5hu v\u00e4rske ning liivakasti h\u00fcgieenilisena \u00f6\u00f6p\u00e4evaringselt.<\/p>\n<p>Liivakast sobib igas suuruses kassidele, kelle kaal j\u00e4\u00e4b vahemikku 1,5\u201310 kg. T\u00e4nu nutikale lahendusele saab liivakasti juhtida Catlinki rakenduse abil \u2013 rakendus v\u00f5imaldab j\u00e4lgida terviseraporteid, saada m\u00e4rguandeid ja jagada seadme kasutamist teiste pereliikmetega.<\/p>\n<p><img decoding=\"async\" src=\"https:\/\/blankpage.ee\/_ruumist-ruumi\/wp-content\/uploads\/2025\/04\/1-489.webp\" alt=\"Valge nutikas kassiliivakast Catlink CL-07 automaatika ja \u00e4pijuhtimisega\" \/><\/p>\n<h3>Neli t\u00f6\u00f6re\u017eiimi ja paindlik juhtimine<\/h3>\n<p>Nutikas kassiliivakast Catlink CL-07 pakub nelja t\u00f6\u00f6re\u017eiimi, mida saab valida nii rakendusest kui seadme juhtribalt:<\/p>\n<ul>\n<li><strong>K\u00e4sitsire\u017eiim<\/strong> \u2013 alustad v\u00f5i peatad puhastuse ise;<\/li>\n<li><strong>Taimere\u017eiim<\/strong> \u2013 seadista sobivad t\u00f6\u00f6ajad liivakastile;<\/li>\n<li><strong>Automaatre\u017eiim<\/strong> \u2013 vali, kui kaua p\u00e4rast kassi kasutamist liivakast ise puhastab (1, 3, 5, 10 v\u00f5i 30 minutit);<\/li>\n<li><strong>T\u00fchjendusre\u017eiim<\/strong> \u2013 v\u00f5imaldab j\u00e4\u00e4tmekonteineri lihtsalt ja kiiresti t\u00fchjendada.<\/li>\n<\/ul>\n<h3>T\u00f5husus ja turvalisus igas kodus<\/h3>\n<p>Seade tagab kiire ja p\u00f5hjaliku puhastuse ka mitme kassiga kodudes, kus lemmikud ei pea kunagi j\u00e4rjekorras ootama. Kassiliivakastil on edasij\u00f5udnud filtreerimiss\u00fcsteem, mis eraldab mustuse t\u00f5husalt. Kolmekihiline desodoreerimis- ja steriliseerimiss\u00fcsteem v\u00e4hendab ebameeldivaid l\u00f5hnu ning hoiab \u00f5hu v\u00e4rske. 13-liitrine j\u00e4\u00e4tmekonteiner vajab t\u00fchjendamist vaid umbes kord kahe n\u00e4dala jooksul, muutes hoolduse eriti lihtsaks.<\/p>\n<p><img decoding=\"async\" src=\"https:\/\/blankpage.ee\/_ruumist-ruumi\/wp-content\/uploads\/2025\/04\/10-46.webp\" alt=\"Automaatne kassiliivakasti filtris\u00fcsteem ja suur j\u00e4\u00e4tmekonteiner Catlink CL-07 mudelil\" \/><\/p>\n<h3>Lemmiklooma ohutus \u2013 mitmetasandiline kaitses\u00fcsteem<\/h3>\n<p>Nutikas kassiliivakast Catlink CL-07 on turvaline k\u00f5igile lemmikutele. Tundlikud andurid tuvastavad looma liikumise ja vajadusel peatavad puhastuse viivitamatult, tagades t\u00e4ieliku turvalisuse. Stabiilne konstruktsioon v\u00e4hendab \u00fcmberkukkumise riski ja muudab liivakasti kasutamise muretuks.<\/p>\n<p><img decoding=\"async\" src=\"https:\/\/blankpage.ee\/_ruumist-ruumi\/wp-content\/uploads\/2025\/04\/5-386.webp\" alt=\"Stabiilse, turvalise disainiga automaatne nutikas kassiliivakast\" \/><\/p>\n<h3>Targad funktsioonid Catlinki \u00e4pis<\/h3>\n<p>Catlinki mobiilirakendus muudab nutika kassiliivakasti kasutamise veelgi mugavamaks \u2013 seadista t\u00f6\u00f6re\u017eiime, j\u00e4lgi lemmiku tervisen\u00e4itajaid ja jaga juhtimist teiste pereliikmetega. K\u00f5ik vajalik on lihtsasti k\u00e4ttesaadav nutiseadmes.<\/p>\n<p><img decoding=\"async\" src=\"https:\/\/blankpage.ee\/_ruumist-ruumi\/wp-content\/uploads\/2025\/04\/9-122.webp\" alt=\"Catlink mobiilirakendus nutikas kassiliivakasti kaugjuhtimiseks\" \/><\/p>\n<div class=\"table-wrapper\">\n<table>\n<tbody>\n<tr>\n<th>Tootja<\/th>\n<td>Catlink<\/td>\n<\/tr>\n<tr>\n<th>Mudel<\/th>\n<td>CL-07<\/td>\n<\/tr>\n<tr>\n<th>Nimipinge<\/th>\n<td>12V \/ 2A<\/td>\n<\/tr>\n<tr>\n<th>Kasside kaal<\/th>\n<td>1,5\u201310 kg<\/td>\n<\/tr>\n<tr>\n<th>J\u00e4\u00e4tmekonteineri maht<\/th>\n<td>13 liitrit<\/td>\n<\/tr>\n<tr>\n<th>T\u00f6\u00f6re\u017eiimid<\/th>\n<td>K\u00e4sitsire\u017eiim, automaatre\u017eiim, taimer, t\u00fchjendus<\/td>\n<\/tr>\n<\/tbody>\n<\/table>\n<\/div>\n","protected":false},"excerpt":{"rendered":"<p>Nutikas kassiliivakast Catlink CL-07 \u2013 isepuhastuv mugavus Nutikas kassiliivakast Catlink CL-07 pakub kassiomanikule v\u00f5imalust unustada k\u00e4sitsi liivakasti puhastamine. See kaasaegne kassiliivakast puhastab end automaatselt m\u00f5ne hetkega, hoides igap\u00e4evase hoolduse lihtsa ja mugavana. Suur, 13-liitrine j\u00e4\u00e4tmekonteiner ning kolmekihiline l\u00f5hna- ja steriliseerimiss\u00fcsteem aitavad hoida \u00f5hu v\u00e4rske ning liivakasti h\u00fcgieenilisena \u00f6\u00f6p\u00e4evaringselt. Liivakast sobib igas suuruses kassidele, kelle kaal [&hellip;]<\/p>\n","protected":false},"featured_media":173703,"comment_status":"open","ping_status":"open","template":"","meta":[],"product_brand":[3107],"product_cat":[817],"product_tag":[],"class_list":{"0":"post-12076","1":"product","2":"type-product","3":"status-publish","4":"has-post-thumbnail","6":"product_brand-catlink","7":"product_cat-elektroonilised-kassi-liivakastid","8":"product_shipping_class-innpro","10":"first","11":"instock","12":"sale","13":"taxable","14":"shipping-taxable","15":"purchasable","16":"product-type-simple"},"_links":{"self":[{"href":"https:\/\/blankpage.ee\/_ruumist-ruumi\/wp-json\/wp\/v2\/product\/12076","targetHints":{"allow":["GET"]}}],"collection":[{"href":"https:\/\/blankpage.ee\/_ruumist-ruumi\/wp-json\/wp\/v2\/product"}],"about":[{"href":"https:\/\/blankpage.ee\/_ruumist-ruumi\/wp-json\/wp\/v2\/types\/product"}],"replies":[{"embeddable":true,"href":"https:\/\/blankpage.ee\/_ruumist-ruumi\/wp-json\/wp\/v2\/comments?post=12076"}],"wp:featuredmedia":[{"embeddable":true,"href":"https:\/\/blankpage.ee\/_ruumist-ruumi\/wp-json\/wp\/v2\/media\/173703"}],"wp:attachment":[{"href":"https:\/\/blankpage.ee\/_ruumist-ruumi\/wp-json\/wp\/v2\/media?parent=12076"}],"wp:term":[{"taxonomy":"product_brand","embeddable":true,"href":"https:\/\/blankpage.ee\/_ruumist-ruumi\/wp-json\/wp\/v2\/product_brand?post=12076"},{"taxonomy":"product_cat","embeddable":true,"href":"https:\/\/blankpage.ee\/_ruumist-ruumi\/wp-json\/wp\/v2\/product_cat?post=12076"},{"taxonomy":"product_tag","embeddable":true,"href":"https:\/\/blankpage.ee\/_ruumist-ruumi\/wp-json\/wp\/v2\/product_tag?post=12076"}],"curies":[{"name":"wp","href":"https:\/\/api.w.org\/{rel}","templated":true}]}}