{"id":12095,"date":"2025-04-19T20:52:44","date_gmt":"2025-04-19T20:52:44","guid":{"rendered":"https:\/\/ruumistruumi.ee\/?post_type=product&#038;p=12095"},"modified":"2025-08-21T08:18:27","modified_gmt":"2025-08-21T08:18:27","slug":"intelligentne-isepuhastuv-kassiliivakast-ubpet-c20","status":"publish","type":"product","link":"https:\/\/blankpage.ee\/_ruumist-ruumi\/pood\/intelligentne-isepuhastuv-kassiliivakast-ubpet-c20\/","title":{"rendered":"Nutikas isepuhastuv kassitualett UBPet UCAT C20 (WiFi, 38 dB, 3,3 l)"},"content":{"rendered":"<h3>Nutikas kassitualett UBPet UCAT C20<\/h3>\n<p>Nutikas kassitualett UBPet UCAT C20 pakub mugavat ja h\u00fcgieenilist lahendust igap\u00e4evase kassiliiva hoolduse jaoks. Automaatika abil eraldab nutikas kassitualett musta liiva puhtast ja suunab j\u00e4\u00e4tmed spetsiaalsesse kotti, mida tuleb aeg-ajalt vahetada. Seade on kassile ohutu, kuna varustatud 9 anduriga, mis tuvastavad looma kohalolu ja takistavad puhastusprotsessi k\u00e4ivitumist, kui kass on sees.<\/p>\n<p>Seadet saab juhtida mugavalt mobiilirakenduse kaudu \u2013 v\u00f5imalus on m\u00e4\u00e4rata puhastamisaega, valida sobiv t\u00f6\u00f6re\u017eiim ning j\u00e4lgida seadme t\u00f6\u00f6d reaalajas. Rakendus annab infot ka kassi harjumuste ja wc kasutamise sageduse kohta. T\u00e4nu targa j\u00e4lgimiss\u00fcsteemile sobib nutikas kassitualett suurep\u00e4raselt mitme kassiga peredele, sest v\u00f5imaldab j\u00e4lgida iga looma kasutusmustrid eraldi ning annab teada v\u00f5imalikest muudatustest k\u00e4itumises.<\/p>\n<p><img decoding=\"async\" src=\"https:\/\/blankpage.ee\/_ruumist-ruumi\/wp-content\/uploads\/2025\/04\/3-577.webp\" alt=\"UBPet UCAT C20 nutikas kassitualett esivaates\" \/><\/p>\n<h3>Mitmek\u00fclgne kasutus ja vaikne t\u00f6\u00f6 \u2013 automaatne kasti puhastus<\/h3>\n<p>UBPet UCAT C20 sobib kasutamiseks erinevate kassiliivadega \u2013 bentoniidi-, mineraal-, segatud, tofu- ja silikoonliiv (osakeste maksimaalne pikkus kuni 15 mm). Mahukas sisemine ruum (75 l) tagab kassile liikumisvabaduse ning tualeti v\u00e4ga madal m\u00fcratase (umbes 38 dB) ei h\u00e4iri looma kuulmist ega und.<\/p>\n<p>Kast sobib kassidele kehakaaluga 1,5\u201310 kg, kuid maksimaalne kandev\u00f5ime on kuni 20 kg, mis teeb toote ideaalseks ka mitmele kassile. L\u00f5hnakuubikud neutraliseerivad halva l\u00f5hna, tagades kodus v\u00e4rskuse ja puhtuse.<\/p>\n<p><img decoding=\"async\" src=\"https:\/\/blankpage.ee\/_ruumist-ruumi\/wp-content\/uploads\/2025\/04\/4-551.webp\" alt=\"Nutika kassitualeti juhtimine mobiilirakendusega UBPet UCAT C20\" \/><\/p>\n<h3>Komplektis<\/h3>\n<ul>\n<li>Kassitualetialus<\/li>\n<li>Toiteadapter<\/li>\n<li>Kasutusjuhend<\/li>\n<li>L\u00fchijuhend<\/li>\n<\/ul>\n<div class=\"table-wrapper\">\n<table>\n<tbody>\n<tr>\n<th>Tootja<\/th>\n<td>UBPet<\/td>\n<\/tr>\n<tr>\n<th>Mudel<\/th>\n<td>UCAT C20<\/td>\n<\/tr>\n<tr>\n<th>Nimipinge<\/th>\n<td>12 V \/ 1 A<\/td>\n<\/tr>\n<tr>\n<th>Nimiv\u00f5imsus<\/th>\n<td>12 W<\/td>\n<\/tr>\n<tr>\n<th>V\u00f5rgupinge<\/th>\n<td>100\u2013204 V<\/td>\n<\/tr>\n<tr>\n<th>Pistiku t\u00fc\u00fcp<\/th>\n<td>CN, EU, UK, US<\/td>\n<\/tr>\n<tr>\n<th>Materjal<\/th>\n<td>PP<\/td>\n<\/tr>\n<tr>\n<th>M\u00f5\u00f5dud<\/th>\n<td>50,6 \u00d7 49 \u00d7 54,7 cm<\/td>\n<\/tr>\n<tr>\n<th>Sissep\u00e4\u00e4su m\u00f5\u00f5t<\/th>\n<td>32 \u00d7 34,8 cm<\/td>\n<\/tr>\n<tr>\n<th>Sisem\u00f5\u00f5dud<\/th>\n<td>40 \u00d7 38 \u00d7 48,5 cm<\/td>\n<\/tr>\n<tr>\n<th>Kaal<\/th>\n<td>7,5 kg<\/td>\n<\/tr>\n<tr>\n<th>Trumli kaal<\/th>\n<td>4,9 kg<\/td>\n<\/tr>\n<tr>\n<th>Maksimaalne kandev\u00f5ime<\/th>\n<td>20 kg<\/td>\n<\/tr>\n<tr>\n<th>Soovitatav kassi kaal<\/th>\n<td>1,5\u201310 kg<\/td>\n<\/tr>\n<tr>\n<th>Liiva maksimaalne kogus<\/th>\n<td>3,3 l<\/td>\n<\/tr>\n<tr>\n<th>Lubatud liivat\u00fc\u00fcp<\/th>\n<td>K\u00f5ik t\u00fc\u00fcbid, mille osakeste pikkus on alla 15 mm<\/td>\n<\/tr>\n<tr>\n<th>M\u00fcratase<\/th>\n<td>~38 dB<\/td>\n<\/tr>\n<\/tbody>\n<\/table>\n<\/div>\n<p><!-- SEO m\u00e4rks\u00f5na 'nutikas kassitualett' on kasutatud pealkirjades ja tekstides loomulikult, s\u00fcnon\u00fc\u00fcmina kasutatakse \"automaatne kasti puhastus\" alampealkirjas. Alt-tekstides on m\u00e4rks\u00f5na maksimaalselt kahel korral, kolmandal seotud fraas. Esitatud faktid on t\u00e4psed ning laused lihtsad, ladusad ja eestikeelsele kliendile sobivad. --><\/p>\n","protected":false},"excerpt":{"rendered":"<p>Nutikas kassitualett UBPet UCAT C20 Nutikas kassitualett UBPet UCAT C20 pakub mugavat ja h\u00fcgieenilist lahendust igap\u00e4evase kassiliiva hoolduse jaoks. Automaatika abil eraldab nutikas kassitualett musta liiva puhtast ja suunab j\u00e4\u00e4tmed spetsiaalsesse kotti, mida tuleb aeg-ajalt vahetada. Seade on kassile ohutu, kuna varustatud 9 anduriga, mis tuvastavad looma kohalolu ja takistavad puhastusprotsessi k\u00e4ivitumist, kui kass on [&hellip;]<\/p>\n","protected":false},"featured_media":175073,"comment_status":"open","ping_status":"open","template":"","meta":[],"product_brand":[3119],"product_cat":[817],"product_tag":[],"class_list":{"0":"post-12095","1":"product","2":"type-product","3":"status-publish","4":"has-post-thumbnail","6":"product_brand-ubpet","7":"product_cat-elektroonilised-kassi-liivakastid","8":"product_shipping_class-innpro","10":"first","11":"outofstock","12":"sale","13":"taxable","14":"shipping-taxable","15":"purchasable","16":"product-type-simple"},"_links":{"self":[{"href":"https:\/\/blankpage.ee\/_ruumist-ruumi\/wp-json\/wp\/v2\/product\/12095","targetHints":{"allow":["GET"]}}],"collection":[{"href":"https:\/\/blankpage.ee\/_ruumist-ruumi\/wp-json\/wp\/v2\/product"}],"about":[{"href":"https:\/\/blankpage.ee\/_ruumist-ruumi\/wp-json\/wp\/v2\/types\/product"}],"replies":[{"embeddable":true,"href":"https:\/\/blankpage.ee\/_ruumist-ruumi\/wp-json\/wp\/v2\/comments?post=12095"}],"wp:featuredmedia":[{"embeddable":true,"href":"https:\/\/blankpage.ee\/_ruumist-ruumi\/wp-json\/wp\/v2\/media\/175073"}],"wp:attachment":[{"href":"https:\/\/blankpage.ee\/_ruumist-ruumi\/wp-json\/wp\/v2\/media?parent=12095"}],"wp:term":[{"taxonomy":"product_brand","embeddable":true,"href":"https:\/\/blankpage.ee\/_ruumist-ruumi\/wp-json\/wp\/v2\/product_brand?post=12095"},{"taxonomy":"product_cat","embeddable":true,"href":"https:\/\/blankpage.ee\/_ruumist-ruumi\/wp-json\/wp\/v2\/product_cat?post=12095"},{"taxonomy":"product_tag","embeddable":true,"href":"https:\/\/blankpage.ee\/_ruumist-ruumi\/wp-json\/wp\/v2\/product_tag?post=12095"}],"curies":[{"name":"wp","href":"https:\/\/api.w.org\/{rel}","templated":true}]}}