{"id":12100,"date":"2025-04-19T20:52:44","date_gmt":"2025-04-19T20:52:44","guid":{"rendered":"https:\/\/ruumistruumi.ee\/?post_type=product&#038;p=12100"},"modified":"2025-08-21T08:18:27","modified_gmt":"2025-08-21T08:18:27","slug":"intelligentne-isepuhastuv-kassiliivakast-ubpet-c10","status":"publish","type":"product","link":"https:\/\/blankpage.ee\/_ruumist-ruumi\/pood\/intelligentne-isepuhastuv-kassiliivakast-ubpet-c10\/","title":{"rendered":"Nutikas isepuhastuv kassiliivakast UBPet UCAT C10 (\u00e4pi juhitav, kuni 10 kg kassile)"},"content":{"rendered":"<h3>UBPet C10 nutikas isepuhastuv kassiliivakast<\/h3>\n<p>UBPet C10 on kaasaegne isepuhastuv kassiliivakast, mis on loodud Sinu ja kassi mugavust ning turvalisust silmas pidades. Automaatne puhastuss\u00fcsteem eraldab ise puhta liiva mustast ning juhib j\u00e4\u00e4tmed mugavalt kogumiskotti \u2013 Sina ei pea igap\u00e4evaselt liivakasti puhastama. Kogu protsessi saad j\u00e4lgida ja juhtida spetsiaalse mobiilirakendusega. Nutikas kassiliivakast sobib kuni 10 kg kaaluvatele kassidele.<\/p>\n<p><img decoding=\"async\" src=\"https:\/\/blankpage.ee\/_ruumist-ruumi\/wp-content\/uploads\/2025\/04\/1-626.webp\" alt=\"Nutikas kassiliivakast UBPet C10 valge modernse disainiga\"\/><\/p>\n<h3>Lai sisemus ja madal sisenemisava \u2013 mugav ka eakale kassile<\/h3>\n<p>Liivakasti siseruum on avar ning sisenemisava k\u00f5rgus vaid 124 mm, mis v\u00f5imaldab ka vanematel ning v\u00e4hema liikuvusega kassidel kergesti sisse p\u00e4\u00e4seda. UBPet C10 tagab Sinu kassi igap\u00e4evase mugavuse ja turvalisuse.<\/p>\n<p><img decoding=\"async\" src=\"https:\/\/blankpage.ee\/_ruumist-ruumi\/wp-content\/uploads\/2025\/04\/2-609.webp\" alt=\"Avar sisemus v\u00f5imaldab kassil h\u00f5lpsasti isepuhastuvat liivakasti kasutada\"\/><\/p>\n<h3>Puhas ja v\u00e4rske \u00f5hk t\u00e4nu deodoriseerimiss\u00fcsteemile<\/h3>\n<p>Nutikas s\u00fcsteem juhib musta liiva otse j\u00e4\u00e4tmekotti, mida on lihtne vahetada. T\u00f5hus deodoriseerimiss\u00fcsteem neutraliseerib ebameeldivad l\u00f5hnad ning hoiab kodu v\u00e4rske ja puhtana.<\/p>\n<p><img decoding=\"async\" src=\"https:\/\/blankpage.ee\/_ruumist-ruumi\/wp-content\/uploads\/2025\/04\/8-201.webp\" alt=\"Kassiliivakasti deodoriseerimiss\u00fcsteem neutraliseerib k\u00f5ik l\u00f5hnad\"\/><\/p>\n<h3>K\u00f5ik andmed mugavalt \u00e4pis n\u00e4htavad<\/h3>\n<p>UBPet C10 v\u00f5imaldab liivakasti j\u00e4lgida ja juhtida \u00e4pi kaudu. \u00c4pist leiad info nagu kassi kaal, liivakasti k\u00fclastuste arv ja selles veedetud aeg. Tegemist on t\u00f5eliselt nutika kassiliivakasti lahendusega, mis aitab j\u00e4lgida lemmiku heaolu ka eemalt t\u00e4nu 2.4G \u00fchendusele.<\/p>\n<p><img decoding=\"async\" src=\"https:\/\/blankpage.ee\/_ruumist-ruumi\/wp-content\/uploads\/2025\/04\/3-578.webp\" alt=\"Kassi liivakasti juhtimine ja j\u00e4lgimine l\u00e4bi mobiilirakenduse\"\/><\/p>\n<h3>T\u00e4ielikult turvaline automaatne kassiliivakast<\/h3>\n<p>Kompaktne struktuur v\u00e4hendab vigastuste ohtu ning sisseehitatud andurid peatavad t\u00f6\u00f6, kui kass viibib liivakastis. See tagab Sinu lemmiku kaitstuse iga olukorra korral.<\/p>\n<p><img decoding=\"async\" src=\"https:\/\/blankpage.ee\/_ruumist-ruumi\/wp-content\/uploads\/2025\/04\/7-376.webp\" alt=\"Ohutu ja automaatne isepuhastuv kassiliivakast UBPet C10\"\/><\/p>\n<h3>Tehnilised andmed<\/h3>\n<table>\n<tr>\n<th>Tootja<\/th>\n<td>UBPet<\/td>\n<\/tr>\n<tr>\n<th>Mudel<\/th>\n<td>UCAT C10<\/td>\n<\/tr>\n<tr>\n<th>M\u00f5\u00f5tmed<\/th>\n<td>555 \u00d7 520 \u00d7 530 mm<\/td>\n<\/tr>\n<tr>\n<th>Kassi maksimaalne kaal<\/th>\n<td>Kuni 10 kg<\/td>\n<\/tr>\n<tr>\n<th>Integreeritud kaamera<\/th>\n<td>Ei<\/td>\n<\/tr>\n<\/table>\n<p>Nutikas kassiliivakast UBPet C10 teeb kassi hooldamise m\u00e4rksa lihtsamaks, h\u00fcgieenilisemaks ja mugavamaks igap\u00e4evaselt.<\/p>\n","protected":false},"excerpt":{"rendered":"<p>UBPet C10 nutikas isepuhastuv kassiliivakast UBPet C10 on kaasaegne isepuhastuv kassiliivakast, mis on loodud Sinu ja kassi mugavust ning turvalisust silmas pidades. Automaatne puhastuss\u00fcsteem eraldab ise puhta liiva mustast ning juhib j\u00e4\u00e4tmed mugavalt kogumiskotti \u2013 Sina ei pea igap\u00e4evaselt liivakasti puhastama. Kogu protsessi saad j\u00e4lgida ja juhtida spetsiaalse mobiilirakendusega. Nutikas kassiliivakast sobib kuni 10 kg [&hellip;]<\/p>\n","protected":false},"featured_media":175082,"comment_status":"open","ping_status":"open","template":"","meta":[],"product_brand":[3119],"product_cat":[817],"product_tag":[],"class_list":{"0":"post-12100","1":"product","2":"type-product","3":"status-publish","4":"has-post-thumbnail","6":"product_brand-ubpet","7":"product_cat-elektroonilised-kassi-liivakastid","8":"product_shipping_class-innpro","10":"first","11":"outofstock","12":"sale","13":"taxable","14":"shipping-taxable","15":"purchasable","16":"product-type-simple"},"_links":{"self":[{"href":"https:\/\/blankpage.ee\/_ruumist-ruumi\/wp-json\/wp\/v2\/product\/12100","targetHints":{"allow":["GET"]}}],"collection":[{"href":"https:\/\/blankpage.ee\/_ruumist-ruumi\/wp-json\/wp\/v2\/product"}],"about":[{"href":"https:\/\/blankpage.ee\/_ruumist-ruumi\/wp-json\/wp\/v2\/types\/product"}],"replies":[{"embeddable":true,"href":"https:\/\/blankpage.ee\/_ruumist-ruumi\/wp-json\/wp\/v2\/comments?post=12100"}],"wp:featuredmedia":[{"embeddable":true,"href":"https:\/\/blankpage.ee\/_ruumist-ruumi\/wp-json\/wp\/v2\/media\/175082"}],"wp:attachment":[{"href":"https:\/\/blankpage.ee\/_ruumist-ruumi\/wp-json\/wp\/v2\/media?parent=12100"}],"wp:term":[{"taxonomy":"product_brand","embeddable":true,"href":"https:\/\/blankpage.ee\/_ruumist-ruumi\/wp-json\/wp\/v2\/product_brand?post=12100"},{"taxonomy":"product_cat","embeddable":true,"href":"https:\/\/blankpage.ee\/_ruumist-ruumi\/wp-json\/wp\/v2\/product_cat?post=12100"},{"taxonomy":"product_tag","embeddable":true,"href":"https:\/\/blankpage.ee\/_ruumist-ruumi\/wp-json\/wp\/v2\/product_tag?post=12100"}],"curies":[{"name":"wp","href":"https:\/\/api.w.org\/{rel}","templated":true}]}}