{"id":12120,"date":"2025-04-19T22:49:47","date_gmt":"2025-04-19T22:49:47","guid":{"rendered":"https:\/\/ruumistruumi.ee\/?post_type=product&#038;p=12120"},"modified":"2025-08-21T08:18:18","modified_gmt":"2025-08-21T08:18:18","slug":"intelligentne-isepuhastuv-kassiliivakast-pro-hholove-cl-tyw","status":"publish","type":"product","link":"https:\/\/blankpage.ee\/_ruumist-ruumi\/pood\/intelligentne-isepuhastuv-kassiliivakast-pro-hholove-cl-tyw\/","title":{"rendered":"Isepuhastuv nutikas kassiliivakast HHOLove CL-TYW (Wi-Fi, 6 l)"},"content":{"rendered":"<h3>Isepuhastuv nutikas kassiliivakast HHOLove CL-TYW (Wi-Fi, 6 l)<\/h3>\n<p>Isepuhastuv kassiliivakast HHOLove CL-TYW on kaasaegne lahendus, mis muudab kassiomanike igap\u00e4eva lihtsamaks. T\u00e4nu automaatsele puhastuss\u00fcsteemile, sisseehitatud l\u00f5hnaeemaldajale ja v\u00f5imalusele j\u00e4lgida oma lemmiku tervisen\u00e4itajaid mobiilirakenduses, pole liivakasti hooldus enam t\u00fc\u00fctu. 6-liitrine j\u00e4\u00e4tmekonteiner pakub hooldusvabu p\u00e4evi kuni kaheks n\u00e4dalaks ning toode sobib suurep\u00e4raselt ka mitme kassiga peredele.<\/p>\n<p><img decoding=\"async\" src=\"https:\/\/blankpage.ee\/_ruumist-ruumi\/wp-content\/uploads\/2025\/04\/2-678.webp\" alt=\"Isepuhastuv kassiliivakast stiilse hall-valge disainiga\"\/><\/p>\n<h3>Automaatne puhastuss\u00fcsteem ja hermeetiline konteiner<\/h3>\n<p>Isepuhastuva kassiliivakasti mehhanism eemaldab j\u00e4\u00e4tmed peale iga kasutuskorda automaatselt ning kogub need suletud konteinerisse, mis hoiab ruumi puhtana ja v\u00e4hendab koristusvajadust.<\/p>\n<p><img decoding=\"async\" src=\"https:\/\/blankpage.ee\/_ruumist-ruumi\/wp-content\/uploads\/2025\/04\/3-636.webp\" alt=\"Nutika kassiliivakasti puhastatav j\u00e4\u00e4tmekonteiner\"\/><\/p>\n<h3>J\u00e4lgi kassi tervist reaalajas<\/h3>\n<p>HHOLove mobiilirakendus annab sulle \u00fclevaate sinu kassi k\u00fclastuskorrap\u00e4rast ja kaalust reaalajas. T\u00e4nu kaalup\u00f5hisele tuvastusele sobib see mitme kassiga leibkonda, v\u00f5imaldades j\u00e4lgida iga kassi harjumusi eraldi.<\/p>\n<p><img decoding=\"async\" src=\"https:\/\/blankpage.ee\/_ruumist-ruumi\/wp-content\/uploads\/2025\/04\/7-397.webp\" alt=\"Mobiilirakendus kassiliivakasti tervise j\u00e4lgimiseks\"\/><\/p>\n<h3>V\u00e4rske ja l\u00f5hnavaba kodu<\/h3>\n<p>L\u00f5hnaeemalduss\u00fcsteem neutraliseerib ebameeldivad l\u00f5hnad automaatselt iga kuue tunni j\u00e4rel, hoides kodu pidevalt v\u00e4rske ja meeldivana.<\/p>\n<p><img decoding=\"async\" src=\"https:\/\/blankpage.ee\/_ruumist-ruumi\/wp-content\/uploads\/2025\/04\/8-214.webp\" alt=\"Kassiliivakasti l\u00f5hna eemaldav s\u00fcsteem\"\/><\/p>\n<h3>Maksimaalne ohutus sinu lemmikule<\/h3>\n<p>Kassiliivakast on varustatud turvasensorite ja kaaluanduriga, mis peatavad seadme t\u00f6\u00f6, kui kass on kastis v\u00f5i selle l\u00e4hedal. Nii v\u00e4lditakse ohtlikke olukordi ning tagatakse maksimaalne turvalisus.<\/p>\n<p><img decoding=\"async\" src=\"https:\/\/blankpage.ee\/_ruumist-ruumi\/wp-content\/uploads\/2025\/04\/5-518.webp\" alt=\"Turvaanduritega isepuhastuva kassiliivakasti sisemus\"\/><\/p>\n<h3>Lihtne puhastada ja hooldada<\/h3>\n<p>K\u00f5ik eemaldatavad osad on kergesti pestavad. Liivakastiga kaasas olev matt p\u00fc\u00fcab kinni laiali pudeneva liiva, aidates hoida kodu puhtamana ja lihtsustades hooldust.<\/p>\n<p><img decoding=\"async\" src=\"https:\/\/blankpage.ee\/_ruumist-ruumi\/wp-content\/uploads\/2025\/04\/9-159.webp\" alt=\"Kassiliivakasti ette paigutatud puhastusmatt\"\/><\/p>\n<h3>\u00dchilduvus erinevate liivat\u00fc\u00fcpidega<\/h3>\n<p>Isepuhastuv kassiliivakast \u00fchildub enamike paakuvate kassiliivadega (v.a. silikoonliivad), andes paindlikkuse sobiva liiva valikul.<\/p>\n<p><img decoding=\"async\" src=\"https:\/\/blankpage.ee\/_ruumist-ruumi\/wp-content\/uploads\/2025\/04\/4-588.webp\" alt=\"Nutika liivakastiga sobivad erinevad paakuvad liivad\"\/><\/p>\n<h3>Mugav igas vanuses kassidele<\/h3>\n<p>Lai avaus ja madal k\u00fcnnis v\u00f5imaldavad isepuhastuvat kassiliivakasti kasutada nii v\u00e4ikestel kassipoegadel kui ka eakatel kassidel. Seade sobib 1\u201310 kg kaaluvatele lemmikutele.<\/p>\n<p><img decoding=\"async\" src=\"https:\/\/blankpage.ee\/_ruumist-ruumi\/wp-content\/uploads\/2025\/04\/1-706.webp\" alt=\"Hall t\u00e4iskasvanud kass kasutab nutikat isepuhastuvat kassiliivakasti\"\/><\/p>\n<h3>Komplektis:<\/h3>\n<ul>\n<li>Isepuhastuv kassiliivakast HHOLove CL-TYW<\/li>\n<li>Puhastusmatt<\/li>\n<li>L\u00f5hnakassetid x2<\/li>\n<li>Toiteadapter<\/li>\n<li>20 j\u00e4\u00e4tmekotti<\/li>\n<li>Kasutusjuhend ja kiirjuhend<\/li>\n<\/ul>\n<div class=\"table-wrapper\">\n<table>\n<tbody>\n<tr>\n<th>Tootja<\/th>\n<td>HHOLove<\/td>\n<\/tr>\n<tr>\n<th>Mudel<\/th>\n<td>CL-TYW<\/td>\n<\/tr>\n<tr>\n<th>M\u00f5\u00f5dud<\/th>\n<td>545 x 545 x 595 mm<\/td>\n<\/tr>\n<tr>\n<th>Kaal<\/th>\n<td>13,5 kg<\/td>\n<\/tr>\n<tr>\n<th>Sisemine maht<\/th>\n<td>60 l<\/td>\n<\/tr>\n<tr>\n<th>J\u00e4\u00e4tmekonteineri maht<\/th>\n<td>6 l<\/td>\n<\/tr>\n<tr>\n<th>Sobilik kassidele<\/th>\n<td>1\u201310 kg<\/td>\n<\/tr>\n<tr>\n<th>Materjal<\/th>\n<td>PP &#038; ABS, PC, kumm<\/td>\n<\/tr>\n<tr>\n<th>Toiteallikas<\/th>\n<td>12V = 2A<\/td>\n<\/tr>\n<tr>\n<th>Juhtmevaba \u00fchendus<\/th>\n<td>Wi-Fi 2.4 GHz<\/td>\n<\/tr>\n<\/tbody>\n<\/table>\n<\/div>\n","protected":false},"excerpt":{"rendered":"<p>Isepuhastuv nutikas kassiliivakast HHOLove CL-TYW (Wi-Fi, 6 l) Isepuhastuv kassiliivakast HHOLove CL-TYW on kaasaegne lahendus, mis muudab kassiomanike igap\u00e4eva lihtsamaks. T\u00e4nu automaatsele puhastuss\u00fcsteemile, sisseehitatud l\u00f5hnaeemaldajale ja v\u00f5imalusele j\u00e4lgida oma lemmiku tervisen\u00e4itajaid mobiilirakenduses, pole liivakasti hooldus enam t\u00fc\u00fctu. 6-liitrine j\u00e4\u00e4tmekonteiner pakub hooldusvabu p\u00e4evi kuni kaheks n\u00e4dalaks ning toode sobib suurep\u00e4raselt ka mitme kassiga peredele. Automaatne puhastuss\u00fcsteem [&hellip;]<\/p>\n","protected":false},"featured_media":175743,"comment_status":"open","ping_status":"open","template":"","meta":[],"product_brand":[3110],"product_cat":[817],"product_tag":[],"class_list":{"0":"post-12120","1":"product","2":"type-product","3":"status-publish","4":"has-post-thumbnail","6":"product_brand-hholove","7":"product_cat-elektroonilised-kassi-liivakastid","8":"product_shipping_class-innpro","10":"first","11":"instock","12":"sale","13":"taxable","14":"shipping-taxable","15":"purchasable","16":"product-type-simple"},"_links":{"self":[{"href":"https:\/\/blankpage.ee\/_ruumist-ruumi\/wp-json\/wp\/v2\/product\/12120","targetHints":{"allow":["GET"]}}],"collection":[{"href":"https:\/\/blankpage.ee\/_ruumist-ruumi\/wp-json\/wp\/v2\/product"}],"about":[{"href":"https:\/\/blankpage.ee\/_ruumist-ruumi\/wp-json\/wp\/v2\/types\/product"}],"replies":[{"embeddable":true,"href":"https:\/\/blankpage.ee\/_ruumist-ruumi\/wp-json\/wp\/v2\/comments?post=12120"}],"wp:featuredmedia":[{"embeddable":true,"href":"https:\/\/blankpage.ee\/_ruumist-ruumi\/wp-json\/wp\/v2\/media\/175743"}],"wp:attachment":[{"href":"https:\/\/blankpage.ee\/_ruumist-ruumi\/wp-json\/wp\/v2\/media?parent=12120"}],"wp:term":[{"taxonomy":"product_brand","embeddable":true,"href":"https:\/\/blankpage.ee\/_ruumist-ruumi\/wp-json\/wp\/v2\/product_brand?post=12120"},{"taxonomy":"product_cat","embeddable":true,"href":"https:\/\/blankpage.ee\/_ruumist-ruumi\/wp-json\/wp\/v2\/product_cat?post=12120"},{"taxonomy":"product_tag","embeddable":true,"href":"https:\/\/blankpage.ee\/_ruumist-ruumi\/wp-json\/wp\/v2\/product_tag?post=12120"}],"curies":[{"name":"wp","href":"https:\/\/api.w.org\/{rel}","templated":true}]}}